{"id":155,"date":"2014-12-11T11:13:31","date_gmt":"2014-12-11T11:13:31","guid":{"rendered":"https:\/\/borealisclima.com\/en\/?page_id=155"},"modified":"2025-06-23T13:28:12","modified_gmt":"2025-06-23T12:28:12","slug":"contact","status":"publish","type":"page","link":"https:\/\/borealisclima.com\/en\/contact\/","title":{"rendered":"Contact"},"content":{"rendered":"<div class=\"wpb-content-wrapper\"><p>[vc_row][vc_column][vc_column_text]<\/p>\n<h2>Contact with us<\/h2>\n<p>[\/vc_column_text][vc_raw_html css=&#8221;&#8221;]JTNDZGl2JTIwaWQlM0QlMjJodWJzcG90Rm9ybSUyMiUzRSUzQyUyRmRpdiUzRSUwQSUwQSUzQ3NjcmlwdCUyMHNyYyUzRCUyMiUyRiUyRmpzLWV1MS5oc2Zvcm1zLm5ldCUyRmZvcm1zJTJGZW1iZWQlMkZ2Mi5qcyUyMiUyMG9ubG9hZCUzRCUyMiUwQSUyMCUyMGhic3B0LmZvcm1zLmNyZWF0ZSUyOCU3QiUwQSUyMCUyMCUyMCUyMHBvcnRhbElkJTNBJTIwJTI3MjcxMDExMTIlMjclMkMlMEElMjAlMjAlMjAlMjBmb3JtSWQlM0ElMjAlMjc0Mjg5YjM3OS0xMmMyLTRlMmEtYjBmNy0xZTg4ZGIxZTFkNDclMjclMkMlMEElMjAlMjAlMjAlMjByZWdpb24lM0ElMjAlMjdldTElMjclMkMlMEElMjAlMjAlMjAlMjB0YXJnZXQlM0ElMjAlMjclMjNodWJzcG90Rm9ybSUyNyUwQSUyMCUyMCU3RCUyOSUzQiUwQSUyMiUzRSUzQyUyRnNjcmlwdCUzRQ==[\/vc_raw_html][\/vc_column][vc_column width=&#8221;1\/2&#8243;][vc_column_text]<\/p>\n<h4>BOREALIS ENERG\u00cdA T\u00c9RMICA S.L.<\/h4>\n<address style=\"padding-left: 30px;\"><strong>FACTORY ADDRESS<\/strong><\/address>\n<address style=\"padding-left: 30px;\">Pol\u00edgono Industrial Romica, Calle 2, No. 164<br \/>\n02007, Albacete (Spain)<\/address>\n<address style=\"padding-left: 30px;\">Telephone: (+34) 967 190 452\u00a0Fax: (+34) 967 191 048<\/address>\n<p>[\/vc_column_text][\/vc_column][vc_column width=&#8221;1\/2&#8243;][vc_column_text css=&#8221;&#8221;]<\/p>\n<address>\n<address style=\"padding-left: 30px;\"><strong>PERU BRANCH ADDRESS<\/strong><\/address>\n<address style=\"padding-left: 30px;\">Av. Jos\u00e9 Pardo 570, Suite 2309.<\/address>\n<address style=\"padding-left: 30px;\">Miraflores, Lima (Peru)<\/address>\n<address style=\"padding-left: 30px;\">Tel. (00511) 6440633<\/address>\n<address>\u00a0<\/address>\n<address style=\"padding-left: 30px;\"><a href=\"https:\/\/borealisclima.com\/en\" target=\"_blank\" rel=\"noopener noreferrer\">www.borealisclima.com\/en<\/a><\/address>\n<\/address>\n<p>[\/vc_column_text][\/vc_column][\/vc_row][vc_row full_width_row=&#8221;true&#8221;][vc_column][vc_raw_html]JTNDaWZyYW1lJTIwc3JjJTNEJTIyaHR0cHMlM0ElMkYlMkZ3d3cuZ29vZ2xlLmNvbSUyRm1hcHMlMkZlbWJlZCUzRnBiJTNEJTIxMW0xOCUyMTFtMTIlMjExbTMlMjExZDk5MTY3LjkyMjM4NzgyNjQyJTIxMmQtMS44NTY1NDc1MzA1MzI4NjM4JTIxM2QzOS4wMzgxNzQ3MjkyMTMwNyUyMTJtMyUyMTFmMCUyMTJmMCUyMTNmMCUyMTNtMiUyMTFpMTAyNCUyMTJpNzY4JTIxNGYxMy4xJTIxM20zJTIxMW0yJTIxMXMweGQ2NjVmNGQ2NDVkZWJkZCUyNTNBMHhkNDU5YzgwM2MzNWY3MGY1JTIxMnNDYWxsZSUyQlBvbC4lMkJJbmQuJTJCUm9taWNhJTI1MkMlMkIxNjQlMjUyQyUyQjAyMDA3JTJCQWxiYWNldGUlMjE1ZTAlMjEzbTIlMjExc2VzJTIxMnNlcyUyMTR2MTQxODI5NjQzOTM1MSUyMiUyMHdpZHRoJTNEJTIyMTAwJTI1JTIyJTIwaGVpZ2h0JTNEJTIyNDUwJTIyJTIwZnJhbWVib3JkZXIlM0QlMjIwJTIyJTIwc3R5bGUlM0QlMjJib3JkZXIlM0EwJTIyJTNFJTNDJTJGaWZyYW1lJTNF[\/vc_raw_html][\/vc_column][\/vc_row]<\/p>\n<\/div>","protected":false},"excerpt":{"rendered":"<p>[vc_row][vc_column][vc_column_text] Contact with us [\/vc_column_text][vc_raw_html css=&#8221;&#8221;]JTNDZGl2JTIwaWQlM0QlMjJodWJzcG90Rm9ybSUyMiUzRSUzQyUyRmRpdiUzRSUwQSUwQSUzQ3NjcmlwdCUyMHNyYyUzRCUyMiUyRiUyRmpzLWV1MS5oc2Zvcm1zLm5ldCUyRmZvcm1zJTJGZW1iZWQlMkZ2Mi5qcyUyMiUyMG9ubG9hZCUzRCUyMiUwQSUyMCUyMGhic3B0LmZvcm1zLmNyZWF0ZSUyOCU3QiUwQSUyMCUyMCUyMCUyMHBvcnRhbElkJTNBJTIwJTI3MjcxMDExMTIlMjclMkMlMEElMjAlMjAlMjAlMjBmb3JtSWQlM0ElMjAlMjc0Mjg5YjM3OS0xMmMyLTRlMmEtYjBmNy0xZTg4ZGIxZTFkNDclMjclMkMlMEElMjAlMjAlMjAlMjByZWdpb24lM0ElMjAlMjdldTElMjclMkMlMEElMjAlMjAlMjAlMjB0YXJnZXQlM0ElMjAlMjclMjNodWJzcG90Rm9ybSUyNyUwQSUyMCUyMCU3RCUyOSUzQiUwQSUyMiUzRSUzQyUyRnNjcmlwdCUzRQ==[\/vc_raw_html][\/vc_column][vc_column width=&#8221;1\/2&#8243;][vc_column_text] BOREALIS ENERG\u00cdA T\u00c9RMICA S.L. FACTORY ADDRESS Pol\u00edgono Industrial Romica, Calle 2, No. 164 02007, Albacete (Spain) Telephone: (+34) 967 190 452\u00a0Fax: (+34) 967 191 048 [\/vc_column_text][\/vc_column][vc_column width=&#8221;1\/2&#8243;][vc_column_text css=&#8221;&#8221;] PERU BRANCH ADDRESS Av. Jos\u00e9 Pardo 570, Suite 2309. Miraflores, Lima (Peru) Tel. (00511) 6440633 \u00a0 www.borealisclima.com\/en [\/vc_column_text][\/vc_column][\/vc_row][vc_row full_width_row=&#8221;true&#8221;][vc_column][vc_raw_html]JTNDaWZyYW1lJTIwc3JjJTNEJTIyaHR0cHMlM0ElMkYlMkZ3d3cuZ29vZ2xlLmNvbSUyRm1hcHMlMkZlbWJlZCUzRnBiJTNEJTIxMW0xOCUyMTFtMTIlMjExbTMlMjExZDk5MTY3LjkyMjM4NzgyNjQyJTIxMmQtMS44NTY1NDc1MzA1MzI4NjM4JTIxM2QzOS4wMzgxNzQ3MjkyMTMwNyUyMTJtMyUyMTFmMCUyMTJmMCUyMTNmMCUyMTNtMiUyMTFpMTAyNCUyMTJpNzY4JTIxNGYxMy4xJTIxM20zJTIxMW0yJTIxMXMweGQ2NjVmNGQ2NDVkZWJkZCUyNTNBMHhkNDU5YzgwM2MzNWY3MGY1JTIxMnNDYWxsZSUyQlBvbC4lMkJJbmQuJTJCUm9taWNhJTI1MkMlMkIxNjQlMjUyQyUyQjAyMDA3JTJCQWxiYWNldGUlMjE1ZTAlMjEzbTIlMjExc2VzJTIxMnNlcyUyMTR2MTQxODI5NjQzOTM1MSUyMiUyMHdpZHRoJTNEJTIyMTAwJTI1JTIyJTIwaGVpZ2h0JTNEJTIyNDUwJTIyJTIwZnJhbWVib3JkZXIlM0QlMjIwJTIyJTIwc3R5bGUlM0QlMjJib3JkZXIlM0EwJTIyJTNFJTNDJTJGaWZyYW1lJTNF[\/vc_raw_html][\/vc_column][\/vc_row]<\/p>\n","protected":false},"author":1,"featured_media":0,"parent":0,"menu_order":0,"comment_status":"closed","ping_status":"open","template":"","meta":{"footnotes":""},"class_list":["post-155","page","type-page","status-publish","hentry","description-off"],"yoast_head":"<!-- This site is optimized with the Yoast SEO plugin v27.3 - https:\/\/yoast.com\/product\/yoast-seo-wordpress\/ -->\n<title>Contact us | Borealis Energ\u00eda T\u00e9rmica | Campos Corporaci\u00f3n<\/title>\n<meta name=\"description\" content=\"Contact us, from Borealis we can offer you a wide range of solutions for swimming pool heating and energy saving.\" \/>\n<meta name=\"robots\" content=\"index, follow, max-snippet:-1, max-image-preview:large, max-video-preview:-1\" \/>\n<link rel=\"canonical\" href=\"https:\/\/borealisclima.com\/en\/contact\/\" \/>\n<meta property=\"og:locale\" content=\"en_GB\" \/>\n<meta property=\"og:type\" content=\"article\" \/>\n<meta property=\"og:title\" content=\"Contact us | Borealis Energ\u00eda T\u00e9rmica | Campos Corporaci\u00f3n\" \/>\n<meta property=\"og:description\" content=\"Contact us, from Borealis we can offer you a wide range of solutions for swimming pool heating and energy saving.\" \/>\n<meta property=\"og:url\" content=\"https:\/\/borealisclima.com\/en\/contact\/\" \/>\n<meta property=\"og:site_name\" content=\"Borealis | Thermal energy\" \/>\n<meta property=\"article:modified_time\" content=\"2025-06-23T12:28:12+00:00\" \/>\n<meta name=\"twitter:card\" content=\"summary_large_image\" \/>\n<meta name=\"twitter:label1\" content=\"Estimated reading time\" \/>\n\t<meta name=\"twitter:data1\" content=\"1 minute\" \/>\n<script type=\"application\/ld+json\" class=\"yoast-schema-graph\">{\"@context\":\"https:\\\/\\\/schema.org\",\"@graph\":[{\"@type\":\"WebPage\",\"@id\":\"https:\\\/\\\/borealisclima.com\\\/en\\\/contact\\\/\",\"url\":\"https:\\\/\\\/borealisclima.com\\\/en\\\/contact\\\/\",\"name\":\"Contact us | Borealis Energ\u00eda T\u00e9rmica | Campos Corporaci\u00f3n\",\"isPartOf\":{\"@id\":\"https:\\\/\\\/borealisclima.com\\\/en\\\/#website\"},\"datePublished\":\"2014-12-11T11:13:31+00:00\",\"dateModified\":\"2025-06-23T12:28:12+00:00\",\"description\":\"Contact us, from Borealis we can offer you a wide range of solutions for swimming pool heating and energy saving.\",\"breadcrumb\":{\"@id\":\"https:\\\/\\\/borealisclima.com\\\/en\\\/contact\\\/#breadcrumb\"},\"inLanguage\":\"en-GB\",\"potentialAction\":[{\"@type\":\"ReadAction\",\"target\":[\"https:\\\/\\\/borealisclima.com\\\/en\\\/contact\\\/\"]}]},{\"@type\":\"BreadcrumbList\",\"@id\":\"https:\\\/\\\/borealisclima.com\\\/en\\\/contact\\\/#breadcrumb\",\"itemListElement\":[{\"@type\":\"ListItem\",\"position\":1,\"name\":\"Portada\",\"item\":\"https:\\\/\\\/borealisclima.com\\\/en\\\/\"},{\"@type\":\"ListItem\",\"position\":2,\"name\":\"Contact\"}]},{\"@type\":\"WebSite\",\"@id\":\"https:\\\/\\\/borealisclima.com\\\/en\\\/#website\",\"url\":\"https:\\\/\\\/borealisclima.com\\\/en\\\/\",\"name\":\"Borealis | Thermal energy\",\"description\":\"Company of the Campos Corporaci\u00f3na group\",\"potentialAction\":[{\"@type\":\"SearchAction\",\"target\":{\"@type\":\"EntryPoint\",\"urlTemplate\":\"https:\\\/\\\/borealisclima.com\\\/en\\\/?s={search_term_string}\"},\"query-input\":{\"@type\":\"PropertyValueSpecification\",\"valueRequired\":true,\"valueName\":\"search_term_string\"}}],\"inLanguage\":\"en-GB\"}]}<\/script>\n<!-- \/ Yoast SEO plugin. -->","yoast_head_json":{"title":"Contact us | Borealis Energ\u00eda T\u00e9rmica | Campos Corporaci\u00f3n","description":"Contact us, from Borealis we can offer you a wide range of solutions for swimming pool heating and energy saving.","robots":{"index":"index","follow":"follow","max-snippet":"max-snippet:-1","max-image-preview":"max-image-preview:large","max-video-preview":"max-video-preview:-1"},"canonical":"https:\/\/borealisclima.com\/en\/contact\/","og_locale":"en_GB","og_type":"article","og_title":"Contact us | Borealis Energ\u00eda T\u00e9rmica | Campos Corporaci\u00f3n","og_description":"Contact us, from Borealis we can offer you a wide range of solutions for swimming pool heating and energy saving.","og_url":"https:\/\/borealisclima.com\/en\/contact\/","og_site_name":"Borealis | Thermal energy","article_modified_time":"2025-06-23T12:28:12+00:00","twitter_card":"summary_large_image","twitter_misc":{"Estimated reading time":"1 minute"},"schema":{"@context":"https:\/\/schema.org","@graph":[{"@type":"WebPage","@id":"https:\/\/borealisclima.com\/en\/contact\/","url":"https:\/\/borealisclima.com\/en\/contact\/","name":"Contact us | Borealis Energ\u00eda T\u00e9rmica | Campos Corporaci\u00f3n","isPartOf":{"@id":"https:\/\/borealisclima.com\/en\/#website"},"datePublished":"2014-12-11T11:13:31+00:00","dateModified":"2025-06-23T12:28:12+00:00","description":"Contact us, from Borealis we can offer you a wide range of solutions for swimming pool heating and energy saving.","breadcrumb":{"@id":"https:\/\/borealisclima.com\/en\/contact\/#breadcrumb"},"inLanguage":"en-GB","potentialAction":[{"@type":"ReadAction","target":["https:\/\/borealisclima.com\/en\/contact\/"]}]},{"@type":"BreadcrumbList","@id":"https:\/\/borealisclima.com\/en\/contact\/#breadcrumb","itemListElement":[{"@type":"ListItem","position":1,"name":"Portada","item":"https:\/\/borealisclima.com\/en\/"},{"@type":"ListItem","position":2,"name":"Contact"}]},{"@type":"WebSite","@id":"https:\/\/borealisclima.com\/en\/#website","url":"https:\/\/borealisclima.com\/en\/","name":"Borealis | Thermal energy","description":"Company of the Campos Corporaci\u00f3na group","potentialAction":[{"@type":"SearchAction","target":{"@type":"EntryPoint","urlTemplate":"https:\/\/borealisclima.com\/en\/?s={search_term_string}"},"query-input":{"@type":"PropertyValueSpecification","valueRequired":true,"valueName":"search_term_string"}}],"inLanguage":"en-GB"}]}},"_links":{"self":[{"href":"https:\/\/borealisclima.com\/en\/wp-json\/wp\/v2\/pages\/155","targetHints":{"allow":["GET"]}}],"collection":[{"href":"https:\/\/borealisclima.com\/en\/wp-json\/wp\/v2\/pages"}],"about":[{"href":"https:\/\/borealisclima.com\/en\/wp-json\/wp\/v2\/types\/page"}],"author":[{"embeddable":true,"href":"https:\/\/borealisclima.com\/en\/wp-json\/wp\/v2\/users\/1"}],"replies":[{"embeddable":true,"href":"https:\/\/borealisclima.com\/en\/wp-json\/wp\/v2\/comments?post=155"}],"version-history":[{"count":0,"href":"https:\/\/borealisclima.com\/en\/wp-json\/wp\/v2\/pages\/155\/revisions"}],"wp:attachment":[{"href":"https:\/\/borealisclima.com\/en\/wp-json\/wp\/v2\/media?parent=155"}],"curies":[{"name":"wp","href":"https:\/\/api.w.org\/{rel}","templated":true}]}}