{"id":155,"date":"2014-12-11T11:13:31","date_gmt":"2014-12-11T11:13:31","guid":{"rendered":"https:\/\/borealisclima.com\/fr\/?page_id=155"},"modified":"2025-06-23T13:25:58","modified_gmt":"2025-06-23T12:25:58","slug":"contact","status":"publish","type":"page","link":"https:\/\/borealisclima.com\/fr\/contact\/","title":{"rendered":"Contact"},"content":{"rendered":"<div class=\"wpb-content-wrapper\"><p>[vc_row][vc_column][vc_column_text]<\/p>\n<h2>Contactez-nous<\/h2>\n<p>[\/vc_column_text][vc_raw_html css=\u00a0\u00bb\u00a0\u00bb]JTNDZGl2JTIwaWQlM0QlMjJodWJzcG90Rm9ybSUyMiUzRSUzQyUyRmRpdiUzRSUwQSUwQSUzQ3NjcmlwdCUyMHNyYyUzRCUyMiUyRiUyRmpzLWV1MS5oc2Zvcm1zLm5ldCUyRmZvcm1zJTJGZW1iZWQlMkZ2Mi5qcyUyMiUyMG9ubG9hZCUzRCUyMiUwQSUyMCUyMGhic3B0LmZvcm1zLmNyZWF0ZSUyOCU3QiUwQSUyMCUyMCUyMCUyMHBvcnRhbElkJTNBJTIwJTI3MjcxMDExMTIlMjclMkMlMEElMjAlMjAlMjAlMjBmb3JtSWQlM0ElMjAlMjc3ZjcwNDU0MC0wYjc0LTQ0MjQtOTQ2Yy0zYjI3MWM5NThiNzYlMjclMkMlMEElMjAlMjAlMjAlMjByZWdpb24lM0ElMjAlMjdldTElMjclMkMlMEElMjAlMjAlMjAlMjB0YXJnZXQlM0ElMjAlMjclMjNodWJzcG90Rm9ybSUyNyUwQSUyMCUyMCU3RCUyOSUzQiUwQSUyMiUzRSUzQyUyRnNjcmlwdCUzRQ==[\/vc_raw_html][\/vc_column][vc_column width=\u00a0\u00bb1\/2&Prime;][vc_column_text css=\u00a0\u00bb\u00a0\u00bb]<\/p>\n<h4>BOREALIS \u00c9NERGIE THERMIQUE S.L.<\/h4>\n<address style=\"padding-left: 30px;\"><strong>ADRESSE DE L&rsquo;USINE<\/strong><\/address>\n<address style=\"padding-left: 30px;\">Zone Industrielle Romica, Rue Berlin, n\u00ba 73<br \/>\n02007, Albacete (Espagne)<\/address>\n<address style=\"padding-left: 30px;\">T\u00e9l\u00e9phone : <a href=\"tel:+34967190452\">(+34) 967 190 452<\/a>\u00a0Fax : <a href=\"fax:+34967191048\">(+34) 967 191 048<\/a><\/address>\n<address>\n<address style=\"padding-left: 30px;\"><a href=\"https:\/\/borealisclima.com\" target=\"_blank\" rel=\"noopener noreferrer\">www.borealisclima.com<\/a><\/address>\n<\/address>\n<p>[\/vc_column_text][\/vc_column][vc_column width=\u00a0\u00bb1\/2&Prime;][vc_column_text]<\/p>\n<address style=\"padding-left: 30px;\"><strong>ADRESSE DE LA SUCCURSALE AU P\u00c9ROU<\/strong><\/address>\n<address style=\"padding-left: 30px;\">Av. Jos\u00e9 Pardo 570, int 2309.<\/address>\n<address style=\"padding-left: 30px;\">Miraflores, Lima (P\u00e9rou)<\/address>\n<address style=\"padding-left: 30px;\">T\u00e9l. <a href=\"tel:005116440633\">(00511) 6440633<\/a><\/address>\n<p>[\/vc_column_text][\/vc_column][\/vc_row][vc_row full_width_row=\u00a0\u00bbtrue\u00a0\u00bb][vc_column][vc_raw_html css=\u00a0\u00bb\u00a0\u00bb]JTNDaWZyYW1lJTIwc3JjJTNEJTIyaHR0cHMlM0ElMkYlMkZ3d3cuZ29vZ2xlLmNvbSUyRm1hcHMlMkZlbWJlZCUzRnBiJTNEJTIxMW0xOCUyMTFtMTIlMjExbTMlMjExZDk5MTY3LjkyMjM4NzgyNjQyJTIxMmQtMS44NTY1NDc1MzA1MzI4NjM4JTIxM2QzOS4wMzgxNzQ3MjkyMTMwNyUyMTJtMyUyMTFmMCUyMTJmMCUyMTNmMCUyMTNtMiUyMTFpMTAyNCUyMTJpNzY4JTIxNGYxMy4xJTIxM20zJTIxMW0yJTIxMXMweGQ2NjVmNGQ2NDVkZWJkZCUyNTNBMHhkNDU5YzgwM2MzNWY3MGY1JTIxMnNDYWxsZSUyQlBvbC4lMkJJbmQuJTJCUm9taWNhJTI1MkMlMkIxNjQlMjUyQyUyQjAyMDA3JTJCQWxiYWNldGUlMjE1ZTAlMjEzbTIlMjExc2VzJTIxMnNlcyUyMTR2MTQxODI5NjQzOTM1MSUyMiUyMHdpZHRoJTNEJTIyMTAwJTI1JTIyJTIwaGVpZ2h0JTNEJTIyNDUwJTIyJTIwZnJhbWVib3JkZXIlM0QlMjIwJTIyJTIwc3R5bGUlM0QlMjJib3JkZXIlM0EwJTIyJTNFJTNDJTJGaWZyYW1lJTNF[\/vc_raw_html][\/vc_column][\/vc_row]<\/p>\n<\/div>","protected":false},"excerpt":{"rendered":"<p>[vc_row][vc_column][vc_column_text] Contactez-nous [\/vc_column_text][vc_raw_html css=\u00a0\u00bb\u00a0\u00bb]JTNDZGl2JTIwaWQlM0QlMjJodWJzcG90Rm9ybSUyMiUzRSUzQyUyRmRpdiUzRSUwQSUwQSUzQ3NjcmlwdCUyMHNyYyUzRCUyMiUyRiUyRmpzLWV1MS5oc2Zvcm1zLm5ldCUyRmZvcm1zJTJGZW1iZWQlMkZ2Mi5qcyUyMiUyMG9ubG9hZCUzRCUyMiUwQSUyMCUyMGhic3B0LmZvcm1zLmNyZWF0ZSUyOCU3QiUwQSUyMCUyMCUyMCUyMHBvcnRhbElkJTNBJTIwJTI3MjcxMDExMTIlMjclMkMlMEElMjAlMjAlMjAlMjBmb3JtSWQlM0ElMjAlMjc3ZjcwNDU0MC0wYjc0LTQ0MjQtOTQ2Yy0zYjI3MWM5NThiNzYlMjclMkMlMEElMjAlMjAlMjAlMjByZWdpb24lM0ElMjAlMjdldTElMjclMkMlMEElMjAlMjAlMjAlMjB0YXJnZXQlM0ElMjAlMjclMjNodWJzcG90Rm9ybSUyNyUwQSUyMCUyMCU3RCUyOSUzQiUwQSUyMiUzRSUzQyUyRnNjcmlwdCUzRQ==[\/vc_raw_html][\/vc_column][vc_column width=\u00a0\u00bb1\/2&Prime;][vc_column_text css=\u00a0\u00bb\u00a0\u00bb] BOREALIS \u00c9NERGIE THERMIQUE S.L. ADRESSE DE L&rsquo;USINE Zone Industrielle Romica, Rue Berlin, n\u00ba 73 02007, Albacete (Espagne) T\u00e9l\u00e9phone : (+34) 967 190 452\u00a0Fax : (+34) 967 191 048 www.borealisclima.com [\/vc_column_text][\/vc_column][vc_column width=\u00a0\u00bb1\/2&Prime;][vc_column_text] ADRESSE DE LA SUCCURSALE AU P\u00c9ROU Av. Jos\u00e9 Pardo 570, int 2309. Miraflores, Lima (P\u00e9rou) T\u00e9l. (00511) 6440633&hellip;<\/p>\n","protected":false},"author":1,"featured_media":0,"parent":0,"menu_order":0,"comment_status":"closed","ping_status":"open","template":"","meta":{"footnotes":""},"class_list":["post-155","page","type-page","status-publish","hentry","description-off"],"yoast_head":"<!-- This site is optimized with the Yoast SEO plugin v27.3 - https:\/\/yoast.com\/product\/yoast-seo-wordpress\/ -->\n<title>Contact us | Borealis Energ\u00eda T\u00e9rmica | Campos Corporaci\u00f3n<\/title>\n<meta name=\"description\" content=\"Contact us, from Borealis we can offer you a wide range of solutions for swimming pool heating and energy saving.\" \/>\n<meta name=\"robots\" content=\"index, follow, max-snippet:-1, max-image-preview:large, max-video-preview:-1\" \/>\n<link rel=\"canonical\" href=\"https:\/\/borealisclima.com\/fr\/contact\/\" \/>\n<meta property=\"og:locale\" content=\"fr_FR\" \/>\n<meta property=\"og:type\" content=\"article\" \/>\n<meta property=\"og:title\" content=\"Contact us | Borealis Energ\u00eda T\u00e9rmica | Campos Corporaci\u00f3n\" \/>\n<meta property=\"og:description\" content=\"Contact us, from Borealis we can offer you a wide range of solutions for swimming pool heating and energy saving.\" \/>\n<meta property=\"og:url\" content=\"https:\/\/borealisclima.com\/fr\/contact\/\" \/>\n<meta property=\"og:site_name\" content=\"Borealis | Energie thermique\" \/>\n<meta property=\"article:modified_time\" content=\"2025-06-23T12:25:58+00:00\" \/>\n<meta name=\"twitter:card\" content=\"summary_large_image\" \/>\n<meta name=\"twitter:label1\" content=\"Dur\u00e9e de lecture estim\u00e9e\" \/>\n\t<meta name=\"twitter:data1\" content=\"1 minute\" \/>\n<script type=\"application\/ld+json\" class=\"yoast-schema-graph\">{\"@context\":\"https:\\\/\\\/schema.org\",\"@graph\":[{\"@type\":\"WebPage\",\"@id\":\"https:\\\/\\\/borealisclima.com\\\/fr\\\/contact\\\/\",\"url\":\"https:\\\/\\\/borealisclima.com\\\/fr\\\/contact\\\/\",\"name\":\"Contact us | Borealis Energ\u00eda T\u00e9rmica | Campos Corporaci\u00f3n\",\"isPartOf\":{\"@id\":\"https:\\\/\\\/borealisclima.com\\\/fr\\\/#website\"},\"datePublished\":\"2014-12-11T11:13:31+00:00\",\"dateModified\":\"2025-06-23T12:25:58+00:00\",\"description\":\"Contact us, from Borealis we can offer you a wide range of solutions for swimming pool heating and energy saving.\",\"breadcrumb\":{\"@id\":\"https:\\\/\\\/borealisclima.com\\\/fr\\\/contact\\\/#breadcrumb\"},\"inLanguage\":\"fr-FR\",\"potentialAction\":[{\"@type\":\"ReadAction\",\"target\":[\"https:\\\/\\\/borealisclima.com\\\/fr\\\/contact\\\/\"]}]},{\"@type\":\"BreadcrumbList\",\"@id\":\"https:\\\/\\\/borealisclima.com\\\/fr\\\/contact\\\/#breadcrumb\",\"itemListElement\":[{\"@type\":\"ListItem\",\"position\":1,\"name\":\"Portada\",\"item\":\"https:\\\/\\\/borealisclima.com\\\/fr\\\/\"},{\"@type\":\"ListItem\",\"position\":2,\"name\":\"Contact\"}]},{\"@type\":\"WebSite\",\"@id\":\"https:\\\/\\\/borealisclima.com\\\/fr\\\/#website\",\"url\":\"https:\\\/\\\/borealisclima.com\\\/fr\\\/\",\"name\":\"Borealis | Energie thermique\",\"description\":\"Entreprise du groupe Campos Corporaci\u00f3na\",\"potentialAction\":[{\"@type\":\"SearchAction\",\"target\":{\"@type\":\"EntryPoint\",\"urlTemplate\":\"https:\\\/\\\/borealisclima.com\\\/fr\\\/?s={search_term_string}\"},\"query-input\":{\"@type\":\"PropertyValueSpecification\",\"valueRequired\":true,\"valueName\":\"search_term_string\"}}],\"inLanguage\":\"fr-FR\"}]}<\/script>\n<!-- \/ Yoast SEO plugin. -->","yoast_head_json":{"title":"Contact us | Borealis Energ\u00eda T\u00e9rmica | Campos Corporaci\u00f3n","description":"Contact us, from Borealis we can offer you a wide range of solutions for swimming pool heating and energy saving.","robots":{"index":"index","follow":"follow","max-snippet":"max-snippet:-1","max-image-preview":"max-image-preview:large","max-video-preview":"max-video-preview:-1"},"canonical":"https:\/\/borealisclima.com\/fr\/contact\/","og_locale":"fr_FR","og_type":"article","og_title":"Contact us | Borealis Energ\u00eda T\u00e9rmica | Campos Corporaci\u00f3n","og_description":"Contact us, from Borealis we can offer you a wide range of solutions for swimming pool heating and energy saving.","og_url":"https:\/\/borealisclima.com\/fr\/contact\/","og_site_name":"Borealis | Energie thermique","article_modified_time":"2025-06-23T12:25:58+00:00","twitter_card":"summary_large_image","twitter_misc":{"Dur\u00e9e de lecture estim\u00e9e":"1 minute"},"schema":{"@context":"https:\/\/schema.org","@graph":[{"@type":"WebPage","@id":"https:\/\/borealisclima.com\/fr\/contact\/","url":"https:\/\/borealisclima.com\/fr\/contact\/","name":"Contact us | Borealis Energ\u00eda T\u00e9rmica | Campos Corporaci\u00f3n","isPartOf":{"@id":"https:\/\/borealisclima.com\/fr\/#website"},"datePublished":"2014-12-11T11:13:31+00:00","dateModified":"2025-06-23T12:25:58+00:00","description":"Contact us, from Borealis we can offer you a wide range of solutions for swimming pool heating and energy saving.","breadcrumb":{"@id":"https:\/\/borealisclima.com\/fr\/contact\/#breadcrumb"},"inLanguage":"fr-FR","potentialAction":[{"@type":"ReadAction","target":["https:\/\/borealisclima.com\/fr\/contact\/"]}]},{"@type":"BreadcrumbList","@id":"https:\/\/borealisclima.com\/fr\/contact\/#breadcrumb","itemListElement":[{"@type":"ListItem","position":1,"name":"Portada","item":"https:\/\/borealisclima.com\/fr\/"},{"@type":"ListItem","position":2,"name":"Contact"}]},{"@type":"WebSite","@id":"https:\/\/borealisclima.com\/fr\/#website","url":"https:\/\/borealisclima.com\/fr\/","name":"Borealis | Energie thermique","description":"Entreprise du groupe Campos Corporaci\u00f3na","potentialAction":[{"@type":"SearchAction","target":{"@type":"EntryPoint","urlTemplate":"https:\/\/borealisclima.com\/fr\/?s={search_term_string}"},"query-input":{"@type":"PropertyValueSpecification","valueRequired":true,"valueName":"search_term_string"}}],"inLanguage":"fr-FR"}]}},"_links":{"self":[{"href":"https:\/\/borealisclima.com\/fr\/wp-json\/wp\/v2\/pages\/155","targetHints":{"allow":["GET"]}}],"collection":[{"href":"https:\/\/borealisclima.com\/fr\/wp-json\/wp\/v2\/pages"}],"about":[{"href":"https:\/\/borealisclima.com\/fr\/wp-json\/wp\/v2\/types\/page"}],"author":[{"embeddable":true,"href":"https:\/\/borealisclima.com\/fr\/wp-json\/wp\/v2\/users\/1"}],"replies":[{"embeddable":true,"href":"https:\/\/borealisclima.com\/fr\/wp-json\/wp\/v2\/comments?post=155"}],"version-history":[{"count":0,"href":"https:\/\/borealisclima.com\/fr\/wp-json\/wp\/v2\/pages\/155\/revisions"}],"wp:attachment":[{"href":"https:\/\/borealisclima.com\/fr\/wp-json\/wp\/v2\/media?parent=155"}],"curies":[{"name":"wp","href":"https:\/\/api.w.org\/{rel}","templated":true}]}}