{"id":19,"date":"2011-04-26T10:36:22","date_gmt":"2011-04-26T10:36:22","guid":{"rendered":"https:\/\/borealisclima.com\/fr\/?page_id=19"},"modified":"2025-08-01T08:29:37","modified_gmt":"2025-08-01T07:29:37","slug":"un-equipement-sur-mesure","status":"publish","type":"page","link":"https:\/\/borealisclima.com\/fr\/un-equipement-sur-mesure\/","title":{"rendered":"Un \u00e9quipement sur mesure"},"content":{"rendered":"<div class=\"wpb-content-wrapper\"><p>[vc_row][vc_column][vc_column_text]<\/p>\n<h1>\u00c9quipements Sur Mesure<\/h1>\n<p>&nbsp;<\/p>\n<h2>\u00c9quipements de R\u00e9frig\u00e9ration et HVAC, Con\u00e7us sur Mesure pour R\u00e9pondre aux Besoins des Clients<\/h2>\n<p>Parfois, les exigences d\u2019une installation ne peuvent pas \u00eatre satisfaites avec des \u00e9quipements standards disponibles sur le march\u00e9. Les raisons peuvent varier largement :<\/p>\n<ul>\n<li>Manque d\u2019espace pour l\u2019installation<\/li>\n<li>Difficult\u00e9s dans le transport ou le positionnement de l\u2019\u00e9quipement<\/li>\n<li>Les unit\u00e9s standards ne peuvent pas atteindre les performances n\u00e9cessaires<\/li>\n<li>Les unit\u00e9s standards ne r\u00e9pondent pas \u00e0 des exigences sp\u00e9cifiques en mati\u00e8re de s\u00e9curit\u00e9<\/li>\n<li>Besoins en niveaux sonores particuli\u00e8rement faibles<\/li>\n<li>Co\u00fbt \u00e9lev\u00e9 de l\u2019installation d\u2019une solution conventionnelle<\/li>\n<\/ul>\n<p>Dans ces cas, les \u00e9quipements con\u00e7us et construits sur mesure peuvent \u00eatre la solution optimale, la plus efficace et m\u00eame la plus \u00e9conomique. Quelques exemples incluent :<\/p>\n<ul>\n<li>Unit\u00e9s autonomes pour la ventilation par d\u00e9placement. Par exemple : ventilation sous plancher dans les auditoriums ou dans la zone occup\u00e9e des grands espaces.<br \/>\nUnit\u00e9s autonomes air-air pour refroidissement \u00e0 des temp\u00e9ratures int\u00e9rieures inf\u00e9rieures \u00e0 20\u00b0C<\/li>\n<li>Pompes \u00e0 chaleur r\u00e9versibles avec condenseurs distants ultra-silencieux<\/li>\n<li>Unit\u00e9s sur mesure con\u00e7ues pour s&rsquo;int\u00e9grer dans des espaces restreints ou des zones contraintes par l&rsquo;int\u00e9gration architecturale<\/li>\n<li>\u00c9quipements assembl\u00e9s sur site en raison d\u2019un acc\u00e8s limit\u00e9, garantis par le fabricant<\/li>\n<li>\u00c9quipements con\u00e7us pour des processus industriels n\u00e9cessitant une haute s\u00e9curit\u00e9 op\u00e9rationnelle et une fiabilit\u00e9 avec un co\u00fbt de maintenance r\u00e9duit<\/li>\n<\/ul>\n<p>Borealis peut r\u00e9aliser ces projets \u00e0 un co\u00fbt raisonnable, souvent inf\u00e9rieur \u00e0 celui d\u2019une solution construite avec des \u00e9quipements conventionnels. Il suffit de <a href=\"https:\/\/borealisclima.com\/fr\/contact\/\">nous contacter<\/a> pour en discuter davantage.<\/p>\n<h4>T\u00e9l\u00e9chargements<\/h4>\n<p><img loading=\"lazy\" decoding=\"async\" class=\"size-full wp-image-17\" style=\"margin-right: 10px;\" src=\"https:\/\/borealisclima.com\/fr\/wp-content\/uploads\/sites\/4\/2011\/04\/pdf-icon.jpg\" alt=\"\" width=\"24\" height=\"24\" align=\"absmiddle\" border=\"0\" \/><a href=\"https:\/\/drive.google.com\/file\/d\/1b36vkT3O2RbuNewUvvXFqP6REamgkXrA\/view?usp=drive_link\" target=\"_blank\" rel=\"noopener noreferrer\">T\u00e9l\u00e9charger le catalogue &lsquo;\u00c9quipements sur Mesure&rsquo; [PDF]<\/a><\/p>\n<p><img loading=\"lazy\" decoding=\"async\" class=\"size-full wp-image-17\" style=\"margin-right: 10px;\" src=\"https:\/\/borealisclima.com\/fr\/wp-content\/uploads\/sites\/4\/2011\/04\/pdf-icon.jpg\" alt=\"\" width=\"24\" height=\"24\" align=\"absmiddle\" border=\"0\" \/><a href=\"https:\/\/drive.google.com\/file\/d\/1KmWgFRx9Z_wvoqILSCsnUD9Bdqi1nNHC\/view?usp=drive_link\" target=\"_blank\" rel=\"noopener noreferrer\">T\u00e9l\u00e9charger le catalogue &lsquo;Nouvelles Gammes 2021&rsquo; [PDF]<\/a>[\/vc_column_text][\/vc_column][\/vc_row][vc_row margin_top=\u00a0\u00bb40px\u00a0\u00bb margin_bottom=\u00a0\u00bb40px\u00a0\u00bb][vc_column][vc_column_text]<br \/>\n<strong><em>Chez Borealis, nous offrons une large gamme de solutions pour <a href=\"https:\/\/borealisclima.com\/fr\/\">le chauffage des piscines et les \u00e9conomies d&rsquo;\u00e9nergie<\/a>.<\/em><\/strong>[\/vc_column_text][\/vc_column][\/vc_row]<\/p>\n<\/div>","protected":false},"excerpt":{"rendered":"<p>[vc_row][vc_column][vc_column_text] \u00c9quipements Sur Mesure &nbsp; \u00c9quipements de R\u00e9frig\u00e9ration et HVAC, Con\u00e7us sur Mesure pour R\u00e9pondre aux Besoins des Clients Parfois, les exigences d\u2019une installation ne peuvent pas \u00eatre satisfaites avec des \u00e9quipements standards disponibles sur le march\u00e9. Les raisons peuvent varier largement : Manque d\u2019espace pour l\u2019installation Difficult\u00e9s dans le transport ou le positionnement de&hellip;<\/p>\n","protected":false},"author":1,"featured_media":17,"parent":0,"menu_order":1,"comment_status":"closed","ping_status":"closed","template":"","meta":{"footnotes":""},"class_list":["post-19","page","type-page","status-publish","has-post-thumbnail","hentry","description-off"],"yoast_head":"<!-- This site is optimized with the Yoast SEO plugin v27.3 - https:\/\/yoast.com\/product\/yoast-seo-wordpress\/ -->\n<title>Un \u00e9quipement sur mesure - Borealis | Energie thermique<\/title>\n<meta name=\"description\" content=\"Refrigeration equipment for refrigeration and air conditioning designed according to the needs of the installation.\" \/>\n<meta name=\"robots\" content=\"index, follow, max-snippet:-1, max-image-preview:large, max-video-preview:-1\" \/>\n<link rel=\"canonical\" href=\"https:\/\/borealisclima.com\/fr\/un-equipement-sur-mesure\/\" \/>\n<meta property=\"og:locale\" content=\"fr_FR\" \/>\n<meta property=\"og:type\" content=\"article\" \/>\n<meta property=\"og:title\" content=\"Un \u00e9quipement sur mesure - Borealis | Energie thermique\" \/>\n<meta property=\"og:description\" content=\"Refrigeration equipment for refrigeration and air conditioning designed according to the needs of the installation.\" \/>\n<meta property=\"og:url\" content=\"https:\/\/borealisclima.com\/fr\/un-equipement-sur-mesure\/\" \/>\n<meta property=\"og:site_name\" content=\"Borealis | Energie thermique\" \/>\n<meta property=\"article:modified_time\" content=\"2025-08-01T07:29:37+00:00\" \/>\n<meta property=\"og:image\" content=\"https:\/\/borealisclima.com\/fr\/wp-content\/uploads\/sites\/4\/2011\/04\/pdf-icon.jpg\" \/>\n\t<meta property=\"og:image:width\" content=\"24\" \/>\n\t<meta property=\"og:image:height\" content=\"24\" \/>\n\t<meta property=\"og:image:type\" content=\"image\/jpeg\" \/>\n<meta name=\"twitter:card\" content=\"summary_large_image\" \/>\n<meta name=\"twitter:label1\" content=\"Dur\u00e9e de lecture estim\u00e9e\" \/>\n\t<meta name=\"twitter:data1\" content=\"3 minutes\" \/>\n<script type=\"application\/ld+json\" class=\"yoast-schema-graph\">{\"@context\":\"https:\\\/\\\/schema.org\",\"@graph\":[{\"@type\":\"WebPage\",\"@id\":\"https:\\\/\\\/borealisclima.com\\\/fr\\\/un-equipement-sur-mesure\\\/\",\"url\":\"https:\\\/\\\/borealisclima.com\\\/fr\\\/un-equipement-sur-mesure\\\/\",\"name\":\"Un \u00e9quipement sur mesure - Borealis | Energie thermique\",\"isPartOf\":{\"@id\":\"https:\\\/\\\/borealisclima.com\\\/fr\\\/#website\"},\"primaryImageOfPage\":{\"@id\":\"https:\\\/\\\/borealisclima.com\\\/fr\\\/un-equipement-sur-mesure\\\/#primaryimage\"},\"image\":{\"@id\":\"https:\\\/\\\/borealisclima.com\\\/fr\\\/un-equipement-sur-mesure\\\/#primaryimage\"},\"thumbnailUrl\":\"https:\\\/\\\/borealisclima.com\\\/fr\\\/wp-content\\\/uploads\\\/sites\\\/4\\\/2011\\\/04\\\/pdf-icon.jpg\",\"datePublished\":\"2011-04-26T10:36:22+00:00\",\"dateModified\":\"2025-08-01T07:29:37+00:00\",\"description\":\"Refrigeration equipment for refrigeration and air conditioning designed according to the needs of the installation.\",\"breadcrumb\":{\"@id\":\"https:\\\/\\\/borealisclima.com\\\/fr\\\/un-equipement-sur-mesure\\\/#breadcrumb\"},\"inLanguage\":\"fr-FR\",\"potentialAction\":[{\"@type\":\"ReadAction\",\"target\":[\"https:\\\/\\\/borealisclima.com\\\/fr\\\/un-equipement-sur-mesure\\\/\"]}]},{\"@type\":\"ImageObject\",\"inLanguage\":\"fr-FR\",\"@id\":\"https:\\\/\\\/borealisclima.com\\\/fr\\\/un-equipement-sur-mesure\\\/#primaryimage\",\"url\":\"https:\\\/\\\/borealisclima.com\\\/fr\\\/wp-content\\\/uploads\\\/sites\\\/4\\\/2011\\\/04\\\/pdf-icon.jpg\",\"contentUrl\":\"https:\\\/\\\/borealisclima.com\\\/fr\\\/wp-content\\\/uploads\\\/sites\\\/4\\\/2011\\\/04\\\/pdf-icon.jpg\",\"width\":24,\"height\":24},{\"@type\":\"BreadcrumbList\",\"@id\":\"https:\\\/\\\/borealisclima.com\\\/fr\\\/un-equipement-sur-mesure\\\/#breadcrumb\",\"itemListElement\":[{\"@type\":\"ListItem\",\"position\":1,\"name\":\"Portada\",\"item\":\"https:\\\/\\\/borealisclima.com\\\/fr\\\/\"},{\"@type\":\"ListItem\",\"position\":2,\"name\":\"Un \u00e9quipement sur mesure\"}]},{\"@type\":\"WebSite\",\"@id\":\"https:\\\/\\\/borealisclima.com\\\/fr\\\/#website\",\"url\":\"https:\\\/\\\/borealisclima.com\\\/fr\\\/\",\"name\":\"Borealis | Energie thermique\",\"description\":\"Entreprise du groupe Campos Corporaci\u00f3na\",\"potentialAction\":[{\"@type\":\"SearchAction\",\"target\":{\"@type\":\"EntryPoint\",\"urlTemplate\":\"https:\\\/\\\/borealisclima.com\\\/fr\\\/?s={search_term_string}\"},\"query-input\":{\"@type\":\"PropertyValueSpecification\",\"valueRequired\":true,\"valueName\":\"search_term_string\"}}],\"inLanguage\":\"fr-FR\"}]}<\/script>\n<!-- \/ Yoast SEO plugin. -->","yoast_head_json":{"title":"Un \u00e9quipement sur mesure - Borealis | Energie thermique","description":"Refrigeration equipment for refrigeration and air conditioning designed according to the needs of the installation.","robots":{"index":"index","follow":"follow","max-snippet":"max-snippet:-1","max-image-preview":"max-image-preview:large","max-video-preview":"max-video-preview:-1"},"canonical":"https:\/\/borealisclima.com\/fr\/un-equipement-sur-mesure\/","og_locale":"fr_FR","og_type":"article","og_title":"Un \u00e9quipement sur mesure - Borealis | Energie thermique","og_description":"Refrigeration equipment for refrigeration and air conditioning designed according to the needs of the installation.","og_url":"https:\/\/borealisclima.com\/fr\/un-equipement-sur-mesure\/","og_site_name":"Borealis | Energie thermique","article_modified_time":"2025-08-01T07:29:37+00:00","og_image":[{"width":24,"height":24,"url":"https:\/\/borealisclima.com\/fr\/wp-content\/uploads\/sites\/4\/2011\/04\/pdf-icon.jpg","type":"image\/jpeg"}],"twitter_card":"summary_large_image","twitter_misc":{"Dur\u00e9e de lecture estim\u00e9e":"3 minutes"},"schema":{"@context":"https:\/\/schema.org","@graph":[{"@type":"WebPage","@id":"https:\/\/borealisclima.com\/fr\/un-equipement-sur-mesure\/","url":"https:\/\/borealisclima.com\/fr\/un-equipement-sur-mesure\/","name":"Un \u00e9quipement sur mesure - Borealis | Energie thermique","isPartOf":{"@id":"https:\/\/borealisclima.com\/fr\/#website"},"primaryImageOfPage":{"@id":"https:\/\/borealisclima.com\/fr\/un-equipement-sur-mesure\/#primaryimage"},"image":{"@id":"https:\/\/borealisclima.com\/fr\/un-equipement-sur-mesure\/#primaryimage"},"thumbnailUrl":"https:\/\/borealisclima.com\/fr\/wp-content\/uploads\/sites\/4\/2011\/04\/pdf-icon.jpg","datePublished":"2011-04-26T10:36:22+00:00","dateModified":"2025-08-01T07:29:37+00:00","description":"Refrigeration equipment for refrigeration and air conditioning designed according to the needs of the installation.","breadcrumb":{"@id":"https:\/\/borealisclima.com\/fr\/un-equipement-sur-mesure\/#breadcrumb"},"inLanguage":"fr-FR","potentialAction":[{"@type":"ReadAction","target":["https:\/\/borealisclima.com\/fr\/un-equipement-sur-mesure\/"]}]},{"@type":"ImageObject","inLanguage":"fr-FR","@id":"https:\/\/borealisclima.com\/fr\/un-equipement-sur-mesure\/#primaryimage","url":"https:\/\/borealisclima.com\/fr\/wp-content\/uploads\/sites\/4\/2011\/04\/pdf-icon.jpg","contentUrl":"https:\/\/borealisclima.com\/fr\/wp-content\/uploads\/sites\/4\/2011\/04\/pdf-icon.jpg","width":24,"height":24},{"@type":"BreadcrumbList","@id":"https:\/\/borealisclima.com\/fr\/un-equipement-sur-mesure\/#breadcrumb","itemListElement":[{"@type":"ListItem","position":1,"name":"Portada","item":"https:\/\/borealisclima.com\/fr\/"},{"@type":"ListItem","position":2,"name":"Un \u00e9quipement sur mesure"}]},{"@type":"WebSite","@id":"https:\/\/borealisclima.com\/fr\/#website","url":"https:\/\/borealisclima.com\/fr\/","name":"Borealis | Energie thermique","description":"Entreprise du groupe Campos Corporaci\u00f3na","potentialAction":[{"@type":"SearchAction","target":{"@type":"EntryPoint","urlTemplate":"https:\/\/borealisclima.com\/fr\/?s={search_term_string}"},"query-input":{"@type":"PropertyValueSpecification","valueRequired":true,"valueName":"search_term_string"}}],"inLanguage":"fr-FR"}]}},"_links":{"self":[{"href":"https:\/\/borealisclima.com\/fr\/wp-json\/wp\/v2\/pages\/19","targetHints":{"allow":["GET"]}}],"collection":[{"href":"https:\/\/borealisclima.com\/fr\/wp-json\/wp\/v2\/pages"}],"about":[{"href":"https:\/\/borealisclima.com\/fr\/wp-json\/wp\/v2\/types\/page"}],"author":[{"embeddable":true,"href":"https:\/\/borealisclima.com\/fr\/wp-json\/wp\/v2\/users\/1"}],"replies":[{"embeddable":true,"href":"https:\/\/borealisclima.com\/fr\/wp-json\/wp\/v2\/comments?post=19"}],"version-history":[{"count":0,"href":"https:\/\/borealisclima.com\/fr\/wp-json\/wp\/v2\/pages\/19\/revisions"}],"wp:featuredmedia":[{"embeddable":true,"href":"https:\/\/borealisclima.com\/fr\/wp-json\/wp\/v2\/media\/17"}],"wp:attachment":[{"href":"https:\/\/borealisclima.com\/fr\/wp-json\/wp\/v2\/media?parent=19"}],"curies":[{"name":"wp","href":"https:\/\/api.w.org\/{rel}","templated":true}]}}