{"id":27,"date":"2011-04-27T11:14:04","date_gmt":"2011-04-27T11:14:04","guid":{"rendered":"https:\/\/borealisclima.com\/fr\/?page_id=27"},"modified":"2025-08-01T08:55:14","modified_gmt":"2025-08-01T07:55:14","slug":"telecharger-les-documents","status":"publish","type":"page","link":"https:\/\/borealisclima.com\/fr\/telecharger-les-documents\/","title":{"rendered":"T\u00e9l\u00e9charger les documents"},"content":{"rendered":"<div class=\"wpb-content-wrapper\"><p>[vc_row][vc_column][vc_column_text]<\/p>\n<h4>Liste<\/h4>\n<p style=\"padding-left: 30px;\"><a href=\"https:\/\/borealisclima.com\/fr\/wp-content\/uploads\/sites\/4\/2011\/04\/pdf_informacion_util.pdf\"><br \/>\n<img loading=\"lazy\" decoding=\"async\" class=\"size-full wp-image-17\" style=\"margin-right: 10px;\" src=\"https:\/\/borealisclima.com\/fr\/wp-content\/uploads\/sites\/4\/2011\/04\/pdf-icon.jpg\" alt=\"\" width=\"24\" height=\"24\" align=\"absmiddle\" border=\"0\" \/><\/a><a href=\"https:\/\/drive.google.com\/file\/d\/1RziYIRHCSYlrbWBCA5GdSiFjGC_-bWem\/view?usp=drive_link\" target=\"_blank\" rel=\"noopener\">Brochure Borealis [PDF]<\/a><\/p>\n<p style=\"padding-left: 30px;\"><img loading=\"lazy\" decoding=\"async\" class=\"size-full wp-image-17\" style=\"margin-right: 10px;\" src=\"https:\/\/borealisclima.com\/fr\/wp-content\/uploads\/sites\/4\/2011\/04\/pdf-icon.jpg\" alt=\"\" width=\"24\" height=\"24\" align=\"absmiddle\" border=\"0\" \/><a href=\"https:\/\/drive.google.com\/file\/d\/1NdkvZEJyNbirE60aXrAMI2smaLIw8e1v\/view?usp=drive_link\" target=\"_blank\" rel=\"noopener\">\u00c9conomies d&rsquo;\u00c9nergie dans les Piscines avec Borealis HR [PDF]<\/a><\/p>\n<p style=\"padding-left: 30px;\"><img loading=\"lazy\" decoding=\"async\" class=\"size-full wp-image-17\" style=\"margin-right: 10px;\" src=\"https:\/\/borealisclima.com\/fr\/wp-content\/uploads\/sites\/4\/2011\/04\/pdf-icon.jpg\" alt=\"\" width=\"24\" height=\"24\" align=\"absmiddle\" border=\"0\" \/><a href=\"https:\/\/drive.google.com\/file\/d\/1raaNWk-1assO63I_endKDLfr0sfuB2mb\/view?usp=drive_link\" target=\"_blank\" rel=\"noopener\">R\u00e9duction des \u00c9missions de CO2 avec Borealis HR [PDF]<\/a><\/p>\n<p style=\"padding-left: 30px;\"><img loading=\"lazy\" decoding=\"async\" class=\"size-full wp-image-17\" style=\"margin-right: 10px;\" src=\"https:\/\/borealisclima.com\/fr\/wp-content\/uploads\/sites\/4\/2011\/04\/pdf-icon.jpg\" alt=\"\" width=\"24\" height=\"24\" align=\"absmiddle\" border=\"0\" \/><a href=\"https:\/\/drive.google.com\/file\/d\/1BumAjyA7y6PVmwqH87y-FLSOKc2v4YH6\/view?usp=drive_link\" target=\"_blank\" rel=\"noopener\">\u00c9quipements pour Usage Agricole [PDF]<\/a><\/p>\n<p style=\"padding-left: 30px;\"><img loading=\"lazy\" decoding=\"async\" class=\"size-full wp-image-17\" style=\"margin-right: 10px;\" src=\"https:\/\/borealisclima.com\/fr\/wp-content\/uploads\/sites\/4\/2011\/04\/pdf-icon.jpg\" alt=\"\" width=\"24\" height=\"24\" align=\"absmiddle\" border=\"0\" \/><a href=\"https:\/\/drive.google.com\/file\/d\/1hmikqtSsCDtD8-7mZpQ8qc_aTCMwlFZq\/view?usp=drive_link\" target=\"_blank\" rel=\"noopener\">Unit\u00e9s de Traitement d&rsquo;Air Primaire ACE [PDF]<\/a><\/p>\n<p style=\"padding-left: 30px;\"><img loading=\"lazy\" decoding=\"async\" class=\"size-full wp-image-17\" style=\"margin-right: 10px;\" src=\"https:\/\/borealisclima.com\/fr\/wp-content\/uploads\/sites\/4\/2011\/04\/pdf-icon.jpg\" alt=\"\" width=\"24\" height=\"24\" align=\"absmiddle\" border=\"0\" \/><a href=\"https:\/\/drive.google.com\/file\/d\/15SUruGLF74vQbE87fBzyXHkd9VFsypss\/view?usp=drive_link\" target=\"_blank\" rel=\"noopener\">Informations Utiles [PDF]<\/a><\/p>\n<p style=\"padding-left: 30px;\"><img loading=\"lazy\" decoding=\"async\" class=\"size-full wp-image-17\" style=\"margin-right: 10px;\" src=\"https:\/\/borealisclima.com\/fr\/wp-content\/uploads\/sites\/4\/2011\/04\/pdf-icon.jpg\" alt=\"\" width=\"24\" height=\"24\" align=\"absmiddle\" border=\"0\" \/><a href=\"https:\/\/drive.google.com\/file\/d\/1HXjhfeLUCVnhZHcl1MRgAkoQ0BamibB_\/view?usp=drive_link\" target=\"_blank\" rel=\"noopener\">Politique Int\u00e9gr\u00e9e Qualit\u00e9, Environnement et Sant\u00e9-S\u00e9curit\u00e9 au Travail [PDF]<\/a><\/p>\n<p style=\"padding-left: 30px;\"><img loading=\"lazy\" decoding=\"async\" class=\"size-full wp-image-17\" style=\"margin-right: 10px;\" src=\"https:\/\/borealisclima.com\/fr\/wp-content\/uploads\/sites\/4\/2011\/04\/pdf-icon.jpg\" alt=\"\" width=\"24\" height=\"24\" align=\"absmiddle\" border=\"0\" \/><a href=\"https:\/\/drive.google.com\/file\/d\/19ndKtY4SbSd7CyIC3D6GgI90GeD82HMg\/view?usp=drive_link\" target=\"_blank\" rel=\"noopener\">Certificat ISO 9001:2015 &#8211; Gestion de la Qualit\u00e9 [PDF]<\/a><\/p>\n<p style=\"padding-left: 30px;\"><img loading=\"lazy\" decoding=\"async\" class=\"size-full wp-image-17\" style=\"margin-right: 10px;\" src=\"https:\/\/borealisclima.com\/fr\/wp-content\/uploads\/sites\/4\/2011\/04\/pdf-icon.jpg\" alt=\"\" width=\"24\" height=\"24\" align=\"absmiddle\" border=\"0\" \/><a href=\"https:\/\/drive.google.com\/file\/d\/11Aqeo9Suan6vUK241rHwU-OaYrlhfs6K\/view?usp=drive_link\" target=\"_blank\" rel=\"noopener\">Certificat ISO 14001:2015 &#8211; Gestion Environnementale [PDF]<\/a><\/p>\n<p><strong><em>Chez Borealis, nous proposons une large gamme de solutions et d&rsquo;\u00e9quipements pour <a href=\"https:\/\/borealisclima.com\/fr\/\">le CVC des piscines et les \u00e9conomies d&rsquo;\u00e9nergie<\/a>.<\/em><\/strong>[\/vc_column_text][\/vc_column][\/vc_row]<\/p>\n<\/div>","protected":false},"excerpt":{"rendered":"<p>[vc_row][vc_column][vc_column_text] Liste Brochure Borealis [PDF] \u00c9conomies d&rsquo;\u00c9nergie dans les Piscines avec Borealis HR [PDF] R\u00e9duction des \u00c9missions de CO2 avec Borealis HR [PDF] \u00c9quipements pour Usage Agricole [PDF] Unit\u00e9s de Traitement d&rsquo;Air Primaire ACE [PDF] Informations Utiles [PDF] Politique Int\u00e9gr\u00e9e Qualit\u00e9, Environnement et Sant\u00e9-S\u00e9curit\u00e9 au Travail [PDF] Certificat ISO 9001:2015 &#8211; Gestion de la Qualit\u00e9&hellip;<\/p>\n","protected":false},"author":1,"featured_media":17,"parent":0,"menu_order":1,"comment_status":"closed","ping_status":"closed","template":"","meta":{"footnotes":""},"class_list":["post-27","page","type-page","status-publish","has-post-thumbnail","hentry","description-off"],"yoast_head":"<!-- This site is optimized with the Yoast SEO plugin v27.3 - https:\/\/yoast.com\/product\/yoast-seo-wordpress\/ -->\n<title>T\u00e9l\u00e9charger les documents - Borealis | Energie thermique<\/title>\n<meta name=\"description\" content=\"Download Borealis Thermal Energy documents\" \/>\n<meta name=\"robots\" content=\"index, follow, max-snippet:-1, max-image-preview:large, max-video-preview:-1\" \/>\n<link rel=\"canonical\" href=\"https:\/\/borealisclima.com\/fr\/telecharger-les-documents\/\" \/>\n<meta property=\"og:locale\" content=\"fr_FR\" \/>\n<meta property=\"og:type\" content=\"article\" \/>\n<meta property=\"og:title\" content=\"T\u00e9l\u00e9charger les documents - Borealis | Energie thermique\" \/>\n<meta property=\"og:description\" content=\"Download Borealis Thermal Energy documents\" \/>\n<meta property=\"og:url\" content=\"https:\/\/borealisclima.com\/fr\/telecharger-les-documents\/\" \/>\n<meta property=\"og:site_name\" content=\"Borealis | Energie thermique\" \/>\n<meta property=\"article:modified_time\" content=\"2025-08-01T07:55:14+00:00\" \/>\n<meta property=\"og:image\" content=\"https:\/\/borealisclima.com\/fr\/wp-content\/uploads\/sites\/4\/2011\/04\/pdf-icon.jpg\" \/>\n\t<meta property=\"og:image:width\" content=\"24\" \/>\n\t<meta property=\"og:image:height\" content=\"24\" \/>\n\t<meta property=\"og:image:type\" content=\"image\/jpeg\" \/>\n<meta name=\"twitter:card\" content=\"summary_large_image\" \/>\n<meta name=\"twitter:label1\" content=\"Dur\u00e9e de lecture estim\u00e9e\" \/>\n\t<meta name=\"twitter:data1\" content=\"3 minutes\" \/>\n<script type=\"application\/ld+json\" class=\"yoast-schema-graph\">{\"@context\":\"https:\\\/\\\/schema.org\",\"@graph\":[{\"@type\":\"WebPage\",\"@id\":\"https:\\\/\\\/borealisclima.com\\\/fr\\\/telecharger-les-documents\\\/\",\"url\":\"https:\\\/\\\/borealisclima.com\\\/fr\\\/telecharger-les-documents\\\/\",\"name\":\"T\u00e9l\u00e9charger les documents - Borealis | Energie thermique\",\"isPartOf\":{\"@id\":\"https:\\\/\\\/borealisclima.com\\\/fr\\\/#website\"},\"primaryImageOfPage\":{\"@id\":\"https:\\\/\\\/borealisclima.com\\\/fr\\\/telecharger-les-documents\\\/#primaryimage\"},\"image\":{\"@id\":\"https:\\\/\\\/borealisclima.com\\\/fr\\\/telecharger-les-documents\\\/#primaryimage\"},\"thumbnailUrl\":\"https:\\\/\\\/borealisclima.com\\\/fr\\\/wp-content\\\/uploads\\\/sites\\\/4\\\/2011\\\/04\\\/pdf-icon.jpg\",\"datePublished\":\"2011-04-27T11:14:04+00:00\",\"dateModified\":\"2025-08-01T07:55:14+00:00\",\"description\":\"Download Borealis Thermal Energy documents\",\"breadcrumb\":{\"@id\":\"https:\\\/\\\/borealisclima.com\\\/fr\\\/telecharger-les-documents\\\/#breadcrumb\"},\"inLanguage\":\"fr-FR\",\"potentialAction\":[{\"@type\":\"ReadAction\",\"target\":[\"https:\\\/\\\/borealisclima.com\\\/fr\\\/telecharger-les-documents\\\/\"]}]},{\"@type\":\"ImageObject\",\"inLanguage\":\"fr-FR\",\"@id\":\"https:\\\/\\\/borealisclima.com\\\/fr\\\/telecharger-les-documents\\\/#primaryimage\",\"url\":\"https:\\\/\\\/borealisclima.com\\\/fr\\\/wp-content\\\/uploads\\\/sites\\\/4\\\/2011\\\/04\\\/pdf-icon.jpg\",\"contentUrl\":\"https:\\\/\\\/borealisclima.com\\\/fr\\\/wp-content\\\/uploads\\\/sites\\\/4\\\/2011\\\/04\\\/pdf-icon.jpg\",\"width\":24,\"height\":24},{\"@type\":\"BreadcrumbList\",\"@id\":\"https:\\\/\\\/borealisclima.com\\\/fr\\\/telecharger-les-documents\\\/#breadcrumb\",\"itemListElement\":[{\"@type\":\"ListItem\",\"position\":1,\"name\":\"Portada\",\"item\":\"https:\\\/\\\/borealisclima.com\\\/fr\\\/\"},{\"@type\":\"ListItem\",\"position\":2,\"name\":\"T\u00e9l\u00e9charger les documents\"}]},{\"@type\":\"WebSite\",\"@id\":\"https:\\\/\\\/borealisclima.com\\\/fr\\\/#website\",\"url\":\"https:\\\/\\\/borealisclima.com\\\/fr\\\/\",\"name\":\"Borealis | Energie thermique\",\"description\":\"Entreprise du groupe Campos Corporaci\u00f3na\",\"potentialAction\":[{\"@type\":\"SearchAction\",\"target\":{\"@type\":\"EntryPoint\",\"urlTemplate\":\"https:\\\/\\\/borealisclima.com\\\/fr\\\/?s={search_term_string}\"},\"query-input\":{\"@type\":\"PropertyValueSpecification\",\"valueRequired\":true,\"valueName\":\"search_term_string\"}}],\"inLanguage\":\"fr-FR\"}]}<\/script>\n<!-- \/ Yoast SEO plugin. -->","yoast_head_json":{"title":"T\u00e9l\u00e9charger les documents - Borealis | Energie thermique","description":"Download Borealis Thermal Energy documents","robots":{"index":"index","follow":"follow","max-snippet":"max-snippet:-1","max-image-preview":"max-image-preview:large","max-video-preview":"max-video-preview:-1"},"canonical":"https:\/\/borealisclima.com\/fr\/telecharger-les-documents\/","og_locale":"fr_FR","og_type":"article","og_title":"T\u00e9l\u00e9charger les documents - Borealis | Energie thermique","og_description":"Download Borealis Thermal Energy documents","og_url":"https:\/\/borealisclima.com\/fr\/telecharger-les-documents\/","og_site_name":"Borealis | Energie thermique","article_modified_time":"2025-08-01T07:55:14+00:00","og_image":[{"width":24,"height":24,"url":"https:\/\/borealisclima.com\/fr\/wp-content\/uploads\/sites\/4\/2011\/04\/pdf-icon.jpg","type":"image\/jpeg"}],"twitter_card":"summary_large_image","twitter_misc":{"Dur\u00e9e de lecture estim\u00e9e":"3 minutes"},"schema":{"@context":"https:\/\/schema.org","@graph":[{"@type":"WebPage","@id":"https:\/\/borealisclima.com\/fr\/telecharger-les-documents\/","url":"https:\/\/borealisclima.com\/fr\/telecharger-les-documents\/","name":"T\u00e9l\u00e9charger les documents - Borealis | Energie thermique","isPartOf":{"@id":"https:\/\/borealisclima.com\/fr\/#website"},"primaryImageOfPage":{"@id":"https:\/\/borealisclima.com\/fr\/telecharger-les-documents\/#primaryimage"},"image":{"@id":"https:\/\/borealisclima.com\/fr\/telecharger-les-documents\/#primaryimage"},"thumbnailUrl":"https:\/\/borealisclima.com\/fr\/wp-content\/uploads\/sites\/4\/2011\/04\/pdf-icon.jpg","datePublished":"2011-04-27T11:14:04+00:00","dateModified":"2025-08-01T07:55:14+00:00","description":"Download Borealis Thermal Energy documents","breadcrumb":{"@id":"https:\/\/borealisclima.com\/fr\/telecharger-les-documents\/#breadcrumb"},"inLanguage":"fr-FR","potentialAction":[{"@type":"ReadAction","target":["https:\/\/borealisclima.com\/fr\/telecharger-les-documents\/"]}]},{"@type":"ImageObject","inLanguage":"fr-FR","@id":"https:\/\/borealisclima.com\/fr\/telecharger-les-documents\/#primaryimage","url":"https:\/\/borealisclima.com\/fr\/wp-content\/uploads\/sites\/4\/2011\/04\/pdf-icon.jpg","contentUrl":"https:\/\/borealisclima.com\/fr\/wp-content\/uploads\/sites\/4\/2011\/04\/pdf-icon.jpg","width":24,"height":24},{"@type":"BreadcrumbList","@id":"https:\/\/borealisclima.com\/fr\/telecharger-les-documents\/#breadcrumb","itemListElement":[{"@type":"ListItem","position":1,"name":"Portada","item":"https:\/\/borealisclima.com\/fr\/"},{"@type":"ListItem","position":2,"name":"T\u00e9l\u00e9charger les documents"}]},{"@type":"WebSite","@id":"https:\/\/borealisclima.com\/fr\/#website","url":"https:\/\/borealisclima.com\/fr\/","name":"Borealis | Energie thermique","description":"Entreprise du groupe Campos Corporaci\u00f3na","potentialAction":[{"@type":"SearchAction","target":{"@type":"EntryPoint","urlTemplate":"https:\/\/borealisclima.com\/fr\/?s={search_term_string}"},"query-input":{"@type":"PropertyValueSpecification","valueRequired":true,"valueName":"search_term_string"}}],"inLanguage":"fr-FR"}]}},"_links":{"self":[{"href":"https:\/\/borealisclima.com\/fr\/wp-json\/wp\/v2\/pages\/27","targetHints":{"allow":["GET"]}}],"collection":[{"href":"https:\/\/borealisclima.com\/fr\/wp-json\/wp\/v2\/pages"}],"about":[{"href":"https:\/\/borealisclima.com\/fr\/wp-json\/wp\/v2\/types\/page"}],"author":[{"embeddable":true,"href":"https:\/\/borealisclima.com\/fr\/wp-json\/wp\/v2\/users\/1"}],"replies":[{"embeddable":true,"href":"https:\/\/borealisclima.com\/fr\/wp-json\/wp\/v2\/comments?post=27"}],"version-history":[{"count":0,"href":"https:\/\/borealisclima.com\/fr\/wp-json\/wp\/v2\/pages\/27\/revisions"}],"wp:featuredmedia":[{"embeddable":true,"href":"https:\/\/borealisclima.com\/fr\/wp-json\/wp\/v2\/media\/17"}],"wp:attachment":[{"href":"https:\/\/borealisclima.com\/fr\/wp-json\/wp\/v2\/media?parent=27"}],"curies":[{"name":"wp","href":"https:\/\/api.w.org\/{rel}","templated":true}]}}