{"id":332,"date":"2015-01-27T10:46:26","date_gmt":"2015-01-27T10:46:26","guid":{"rendered":"https:\/\/borealisclima.com\/fr\/?page_id=332"},"modified":"2025-01-14T12:12:00","modified_gmt":"2025-01-14T11:12:00","slug":"a-propos-de-nous","status":"publish","type":"page","link":"https:\/\/borealisclima.com\/fr\/a-propos-de-nous\/","title":{"rendered":"A propos de nous"},"content":{"rendered":"<div class=\"wpb-content-wrapper\"><p>[vc_row][vc_column][vc_column_text]<\/p>\n<h2>Nous concevons et fabriquons des syst\u00e8mes de CVC et de r\u00e9frig\u00e9ration ax\u00e9s sur les \u00e9conomies d&rsquo;\u00e9nergie, la r\u00e9duction des co\u00fbts d&rsquo;installation et l&rsquo;int\u00e9gration industrielle et architecturale.<\/h2>\n<p>[\/vc_column_text]<div class=\"gap\" style=\"line-height: 30px; height: 30px;\"><\/div>[\/vc_column][\/vc_row][vc_row][vc_column][vc_single_image image=\u00a0\u00bb313&Prime; img_size=\u00a0\u00bblarge\u00a0\u00bb css_animation=\u00a0\u00bbtop-to-bottom\u00a0\u00bb]<div class=\"gap\" style=\"line-height: 30px; height: 30px;\"><\/div>[\/vc_column][\/vc_row][vc_row][vc_column][vc_column_text]<span style=\"color: #261534;\">Nous fournissons des solutions techniques de pointe \u00e0 une multitude d&rsquo;installations, garantissant une satisfaction totale de nos clients. Certains des avantages de nos \u00e9quipements incluent leur qualit\u00e9 technique, leur faible niveau sonore, leur haute efficacit\u00e9, leur \u00e9volution technologique constante et leur flexibilit\u00e9.<\/span><\/p>\n<p>N&rsquo;h\u00e9sitez pas \u00e0 nous contacter pour toute question concernant le <a href=\"https:\/\/borealisclima.com\/fr\/\">CVC pour piscines<\/a> ou l&rsquo;installation d&rsquo;un <a href=\"https:\/\/borealisclima.com\/fr\/categoria-producto\/deshumidificateurs-pour-piscines-interieures\/\">d\u00e9shumidificateur pour piscine int\u00e9rieure<\/a>.[\/vc_column_text]<div class=\"gap\" style=\"line-height: 30px; height: 30px;\"><\/div>[vc_single_image image=\u00a0\u00bb4023&Prime; img_size=\u00a0\u00bblarge\u00a0\u00bb alignment=\u00a0\u00bbcenter\u00a0\u00bb css_animation=\u00a0\u00bbtop-to-bottom\u00a0\u00bb]<div class=\"gap\" style=\"line-height: 30px; height: 30px;\"><\/div>[vc_column_text]<span style=\"color: #261534;\">Borealis est une marque de Campos, une entreprise locale avec une port\u00e9e internationale, op\u00e9rant dans quatre principaux domaines d&rsquo;activit\u00e9 : t\u00e9l\u00e9communications, construction, CVC et \u00e9nergie. Plus d&rsquo;informations sur <a href=\"https:\/\/camposcorporacion.com\/\" target=\"_blank\" rel=\"noopener\">www.camposcorporacion.com.<\/a><\/span><\/p>\n<p><span style=\"color: #261534;\">Gr\u00e2ce \u00e0 Campos, le groupe d&rsquo;entreprises auquel Borealis appartient, nous avons d\u00e9velopp\u00e9 un <strong>Syst\u00e8me de Gestion Int\u00e9gr\u00e9<\/strong> pour r\u00e9pondre aux besoins actuels et futurs de toutes nos parties prenantes, renfor\u00e7ant ainsi nos engagements en mati\u00e8re de <strong>qualit\u00e9, gestion environnementale, sant\u00e9 et s\u00e9curit\u00e9 au travail (SST) et s\u00e9curit\u00e9 de l&rsquo;information.<\/strong><\/span><\/p>\n<p><span style=\"color: #261534;\">Ainsi, nous promouvons un <strong>d\u00e9veloppement durable<\/strong> et nous nous engageons \u00e0 fournir un service ax\u00e9 sur la satisfaction compl\u00e8te du client. Tout cela est r\u00e9alis\u00e9 tout en favorisant le d\u00e9veloppement des employ\u00e9s, en renfor\u00e7ant leur sentiment d&rsquo;appartenance \u00e0 l&rsquo;organisation, en optimisant les ressources, en g\u00e9rant les processus et en analysant les risques.<\/span>[\/vc_column_text][\/vc_column][\/vc_row][vc_row][vc_column][vc_column_text][\/vc_column_text][\/vc_column][\/vc_row]<\/p>\n<\/div>","protected":false},"excerpt":{"rendered":"<p>[vc_row][vc_column][vc_column_text] Nous concevons et fabriquons des syst\u00e8mes de CVC et de r\u00e9frig\u00e9ration ax\u00e9s sur les \u00e9conomies d&rsquo;\u00e9nergie, la r\u00e9duction des co\u00fbts d&rsquo;installation et l&rsquo;int\u00e9gration industrielle et architecturale. [\/vc_column_text][\/vc_column][\/vc_row][vc_row][vc_column][vc_single_image image=\u00a0\u00bb313&Prime; img_size=\u00a0\u00bblarge\u00a0\u00bb css_animation=\u00a0\u00bbtop-to-bottom\u00a0\u00bb][\/vc_column][\/vc_row][vc_row][vc_column][vc_column_text]Nous fournissons des solutions techniques de pointe \u00e0 une multitude d&rsquo;installations, garantissant une satisfaction totale de nos clients. Certains des avantages de nos \u00e9quipements incluent&hellip;<\/p>\n","protected":false},"author":1,"featured_media":0,"parent":0,"menu_order":0,"comment_status":"closed","ping_status":"closed","template":"","meta":{"footnotes":""},"class_list":["post-332","page","type-page","status-publish","hentry","description-off"],"yoast_head":"<!-- This site is optimized with the Yoast SEO plugin v27.3 - https:\/\/yoast.com\/product\/yoast-seo-wordpress\/ -->\n<title>A propos de nous - Borealis | Energie thermique<\/title>\n<meta name=\"description\" content=\"We design and manufacture air conditioning and refrigeration equipment oriented towards energy saving, installation cost reduction and industrial and architectural integration.\" \/>\n<meta name=\"robots\" content=\"index, follow, max-snippet:-1, max-image-preview:large, max-video-preview:-1\" \/>\n<link rel=\"canonical\" href=\"https:\/\/borealisclima.com\/fr\/a-propos-de-nous\/\" \/>\n<meta property=\"og:locale\" content=\"fr_FR\" \/>\n<meta property=\"og:type\" content=\"article\" \/>\n<meta property=\"og:title\" content=\"A propos de nous - Borealis | Energie thermique\" \/>\n<meta property=\"og:description\" content=\"We design and manufacture air conditioning and refrigeration equipment oriented towards energy saving, installation cost reduction and industrial and architectural integration.\" \/>\n<meta property=\"og:url\" content=\"https:\/\/borealisclima.com\/fr\/a-propos-de-nous\/\" \/>\n<meta property=\"og:site_name\" content=\"Borealis | Energie thermique\" \/>\n<meta property=\"article:modified_time\" content=\"2025-01-14T11:12:00+00:00\" \/>\n<meta name=\"twitter:card\" content=\"summary_large_image\" \/>\n<meta name=\"twitter:label1\" content=\"Dur\u00e9e de lecture estim\u00e9e\" \/>\n\t<meta name=\"twitter:data1\" content=\"2 minutes\" \/>\n<script type=\"application\/ld+json\" class=\"yoast-schema-graph\">{\"@context\":\"https:\\\/\\\/schema.org\",\"@graph\":[{\"@type\":\"WebPage\",\"@id\":\"https:\\\/\\\/borealisclima.com\\\/fr\\\/a-propos-de-nous\\\/\",\"url\":\"https:\\\/\\\/borealisclima.com\\\/fr\\\/a-propos-de-nous\\\/\",\"name\":\"A propos de nous - Borealis | Energie thermique\",\"isPartOf\":{\"@id\":\"https:\\\/\\\/borealisclima.com\\\/fr\\\/#website\"},\"datePublished\":\"2015-01-27T10:46:26+00:00\",\"dateModified\":\"2025-01-14T11:12:00+00:00\",\"description\":\"We design and manufacture air conditioning and refrigeration equipment oriented towards energy saving, installation cost reduction and industrial and architectural integration.\",\"breadcrumb\":{\"@id\":\"https:\\\/\\\/borealisclima.com\\\/fr\\\/a-propos-de-nous\\\/#breadcrumb\"},\"inLanguage\":\"fr-FR\",\"potentialAction\":[{\"@type\":\"ReadAction\",\"target\":[\"https:\\\/\\\/borealisclima.com\\\/fr\\\/a-propos-de-nous\\\/\"]}]},{\"@type\":\"BreadcrumbList\",\"@id\":\"https:\\\/\\\/borealisclima.com\\\/fr\\\/a-propos-de-nous\\\/#breadcrumb\",\"itemListElement\":[{\"@type\":\"ListItem\",\"position\":1,\"name\":\"Portada\",\"item\":\"https:\\\/\\\/borealisclima.com\\\/fr\\\/\"},{\"@type\":\"ListItem\",\"position\":2,\"name\":\"A propos de nous\"}]},{\"@type\":\"WebSite\",\"@id\":\"https:\\\/\\\/borealisclima.com\\\/fr\\\/#website\",\"url\":\"https:\\\/\\\/borealisclima.com\\\/fr\\\/\",\"name\":\"Borealis | Energie thermique\",\"description\":\"Entreprise du groupe Campos Corporaci\u00f3na\",\"potentialAction\":[{\"@type\":\"SearchAction\",\"target\":{\"@type\":\"EntryPoint\",\"urlTemplate\":\"https:\\\/\\\/borealisclima.com\\\/fr\\\/?s={search_term_string}\"},\"query-input\":{\"@type\":\"PropertyValueSpecification\",\"valueRequired\":true,\"valueName\":\"search_term_string\"}}],\"inLanguage\":\"fr-FR\"}]}<\/script>\n<!-- \/ Yoast SEO plugin. -->","yoast_head_json":{"title":"A propos de nous - Borealis | Energie thermique","description":"We design and manufacture air conditioning and refrigeration equipment oriented towards energy saving, installation cost reduction and industrial and architectural integration.","robots":{"index":"index","follow":"follow","max-snippet":"max-snippet:-1","max-image-preview":"max-image-preview:large","max-video-preview":"max-video-preview:-1"},"canonical":"https:\/\/borealisclima.com\/fr\/a-propos-de-nous\/","og_locale":"fr_FR","og_type":"article","og_title":"A propos de nous - Borealis | Energie thermique","og_description":"We design and manufacture air conditioning and refrigeration equipment oriented towards energy saving, installation cost reduction and industrial and architectural integration.","og_url":"https:\/\/borealisclima.com\/fr\/a-propos-de-nous\/","og_site_name":"Borealis | Energie thermique","article_modified_time":"2025-01-14T11:12:00+00:00","twitter_card":"summary_large_image","twitter_misc":{"Dur\u00e9e de lecture estim\u00e9e":"2 minutes"},"schema":{"@context":"https:\/\/schema.org","@graph":[{"@type":"WebPage","@id":"https:\/\/borealisclima.com\/fr\/a-propos-de-nous\/","url":"https:\/\/borealisclima.com\/fr\/a-propos-de-nous\/","name":"A propos de nous - Borealis | Energie thermique","isPartOf":{"@id":"https:\/\/borealisclima.com\/fr\/#website"},"datePublished":"2015-01-27T10:46:26+00:00","dateModified":"2025-01-14T11:12:00+00:00","description":"We design and manufacture air conditioning and refrigeration equipment oriented towards energy saving, installation cost reduction and industrial and architectural integration.","breadcrumb":{"@id":"https:\/\/borealisclima.com\/fr\/a-propos-de-nous\/#breadcrumb"},"inLanguage":"fr-FR","potentialAction":[{"@type":"ReadAction","target":["https:\/\/borealisclima.com\/fr\/a-propos-de-nous\/"]}]},{"@type":"BreadcrumbList","@id":"https:\/\/borealisclima.com\/fr\/a-propos-de-nous\/#breadcrumb","itemListElement":[{"@type":"ListItem","position":1,"name":"Portada","item":"https:\/\/borealisclima.com\/fr\/"},{"@type":"ListItem","position":2,"name":"A propos de nous"}]},{"@type":"WebSite","@id":"https:\/\/borealisclima.com\/fr\/#website","url":"https:\/\/borealisclima.com\/fr\/","name":"Borealis | Energie thermique","description":"Entreprise du groupe Campos Corporaci\u00f3na","potentialAction":[{"@type":"SearchAction","target":{"@type":"EntryPoint","urlTemplate":"https:\/\/borealisclima.com\/fr\/?s={search_term_string}"},"query-input":{"@type":"PropertyValueSpecification","valueRequired":true,"valueName":"search_term_string"}}],"inLanguage":"fr-FR"}]}},"_links":{"self":[{"href":"https:\/\/borealisclima.com\/fr\/wp-json\/wp\/v2\/pages\/332","targetHints":{"allow":["GET"]}}],"collection":[{"href":"https:\/\/borealisclima.com\/fr\/wp-json\/wp\/v2\/pages"}],"about":[{"href":"https:\/\/borealisclima.com\/fr\/wp-json\/wp\/v2\/types\/page"}],"author":[{"embeddable":true,"href":"https:\/\/borealisclima.com\/fr\/wp-json\/wp\/v2\/users\/1"}],"replies":[{"embeddable":true,"href":"https:\/\/borealisclima.com\/fr\/wp-json\/wp\/v2\/comments?post=332"}],"version-history":[{"count":0,"href":"https:\/\/borealisclima.com\/fr\/wp-json\/wp\/v2\/pages\/332\/revisions"}],"wp:attachment":[{"href":"https:\/\/borealisclima.com\/fr\/wp-json\/wp\/v2\/media?parent=332"}],"curies":[{"name":"wp","href":"https:\/\/api.w.org\/{rel}","templated":true}]}}