{"id":458,"date":"2015-03-05T11:04:07","date_gmt":"2015-03-05T11:04:07","guid":{"rendered":"https:\/\/borealisclima.com\/fr\/?page_id=458"},"modified":"2025-05-23T14:33:03","modified_gmt":"2025-05-23T13:33:03","slug":"politique-cookies","status":"publish","type":"page","link":"https:\/\/borealisclima.com\/fr\/politique-cookies\/","title":{"rendered":"Politique des cookies"},"content":{"rendered":"<p>Par le biais de cette politique, nous vous informons de l&rsquo;utilisation des cookies sur le site <a href=\"https:\/\/borealisclima.com\/en\">www.atborealis.com\/en<\/a> ainsi que de la possibilit\u00e9 de configurer les cookies tiers pouvant \u00eatre utilis\u00e9s sur ce site.<\/p>\n<p><strong>Que sont les cookies<\/strong><\/p>\n<p>Les cookies sont de petits fichiers de donn\u00e9es que les sites web placent sur votre appareil afin, par exemple, de permettre leur fonctionnement, d\u2019analyser comment vous acc\u00e9dez au site et naviguez dessus, et d\u2019am\u00e9liorer votre exp\u00e9rience lors de visites futures. En naviguant sur ce site, des cookies de session et des cookies persistants sont utilis\u00e9s, qui peuvent \u00eatre des cookies propri\u00e9taires ou tiers.<\/p>\n<p><strong>Types de cookies<\/strong><\/p>\n<p>Les \u00ab\u00a0cookies\u00a0\u00bb sont class\u00e9s selon plusieurs crit\u00e8res : par origine, par dur\u00e9e et par finalit\u00e9.<\/p>\n<p>Par origine :<\/p>\n<ol>\n<li>Cookies propri\u00e9taires : Ceux envoy\u00e9s \u00e0 votre appareil ou terminal depuis notre site web.<\/li>\n<li>Cookies tiers : Ceux envoy\u00e9s \u00e0 votre appareil ou terminal depuis un domaine ou site web qui n\u2019est pas g\u00e9r\u00e9 par nous mais par une autre entit\u00e9 traitant les donn\u00e9es obtenues via les cookies.<\/li>\n<\/ol>\n<p>Par dur\u00e9e :<\/p>\n<ol>\n<li>Cookies de session : Con\u00e7us pour recueillir et stocker des donn\u00e9es pendant que vous acc\u00e9dez \u00e0 un site web. Ils sont g\u00e9n\u00e9ralement utilis\u00e9s pour stocker des informations pour une seule demande de service.<\/li>\n<li>Cookies persistants : Type de cookie dont les donn\u00e9es restent stock\u00e9es sur l\u2019appareil et peuvent \u00eatre consult\u00e9es et trait\u00e9es pendant une p\u00e9riode d\u00e9finie par le propri\u00e9taire du cookie, allant de quelques minutes \u00e0 plusieurs ann\u00e9es.<\/li>\n<\/ol>\n<p>Par finalit\u00e9 :<\/p>\n<ol>\n<li>Cookies fonctionnels\/techniques : Permettent \u00e0 l\u2019utilisateur de naviguer sur un site web, une plateforme ou une application et d\u2019utiliser les diff\u00e9rentes options ou services disponibles.<\/li>\n<li>Cookies de personnalisation : Permettent l\u2019acc\u00e8s \u00e0 un service avec des caract\u00e9ristiques g\u00e9n\u00e9rales pr\u00e9d\u00e9finies selon certains crit\u00e8res du terminal de l\u2019utilisateur, comme la langue, le type de navigateur ou la configuration r\u00e9gionale.<\/li>\n<li>Cookies analytiques : G\u00e9r\u00e9s par nous ou par des tiers, ceux-ci nous permettent de quantifier les utilisateurs et d\u2019analyser leur utilisation pour am\u00e9liorer nos services.<\/li>\n<li>Cookies publicitaires : Permettent la gestion efficace des espaces publicitaires selon le contenu \u00e9dit\u00e9 ou le comportement de l\u2019utilisateur, permettant une publicit\u00e9 personnalis\u00e9e bas\u00e9e sur les habitudes de navigation.<\/li>\n<\/ol>\n<p><strong>Utilisation des cookies<\/strong><\/p>\n<p>Notre site web utilise \u00e0 la fois des cookies propri\u00e9taires et des cookies tiers :<\/p>\n<p><strong>Cookies propri\u00e9taires<\/strong> :<\/p>\n<ul>\n<li><u>Cookies fonctionnels\/techniques<\/u> : N\u00e9cessaires pour afficher correctement le site web et assurer son bon fonctionnement. Ils permettent la navigation et l\u2019utilisation des diff\u00e9rentes options et services. Par exemple, ils contr\u00f4lent le trafic et la communication des donn\u00e9es, vous identifient pendant une session, donnent acc\u00e8s aux zones restreintes et activent les \u00e9l\u00e9ments de s\u00e9curit\u00e9 pendant la navigation.<\/li>\n<\/ul>\n<p><strong>Cookies tiers :<\/strong><\/p>\n<p>Ils sont g\u00e9r\u00e9s et contr\u00f4l\u00e9s par des tiers afin de fournir des fonctionnalit\u00e9s, des analyses de navigation, de la personnalisation et de la publicit\u00e9 externe.<\/p>\n<ul>\n<li><u>Cookies fonctionnels\/techniques<\/u> : Ils permettent la navigation sur notre site, l\u2019utilisation d\u2019options comme le partage de contenu via les r\u00e9seaux sociaux ou l\u2019acc\u00e8s \u00e0 notre localisation via Google Maps.<\/li>\n<\/ul>\n<ul>\n<li><u>Cookies analytiques<\n\n\n\n\n<table width=\"519\">\n<tbody>\n<tr>\n\u00a0 <\/p>\n<td width=\"206\">Propri\u00e9taire tiers<\/td>\n<p>\u00a0 <\/p>\n<td width=\"313\">Informations sur l&rsquo;utilisation et la finalit\u00e9<\/td>\n<\/tr>\n<tr>\n\u00a0 <\/p>\n<td width=\"206\">Google<\/td>\n<p>\u00a0 <\/p>\n<td width=\"313\"><a href=\"https:\/\/www.google.com\/intl\/es\/policies\/privacy\/\">https:\/\/www.google.com\/intl\/es\/policies\/privacy\/<\/a><\/td>\n<\/tr>\n<\/tbody>\n<\/table>\n<ul>\n\u00a0 <\/p>\n<li>Cookies publicitaires\u00a0: g\u00e8rent les espaces publicitaires sur notre site web en fonction de crit\u00e8res tels que le contenu ou la fr\u00e9quence des publicit\u00e9s.<\/li>\n<\/ul>\n<style>\n<p>    .table-container {\n      overflow-x: auto; \/* This is the key for horizontal scrolling *\/\n      -webkit-overflow-scrolling: touch; \/* For smoother scrolling on iOS *\/\n      margin: 20px 0;\n    }\n    table {\n      width: 100%;\n      border-collapse: collapse;\n      min-width: 600px; \/* Optional: ensures table has a minimum width before scrolling *\/\n    }\n    th, td {\n      border: 1px solid #ddd;\n      padding: 8px;\n      text-align: left;\n      white-space: nowrap; \/* Prevents text from wrapping within cells *\/\n    }\n    th {\n      background-color: #f2f2f2;\n      font-weight: bold;\n    }\n    tr:nth-child(even) {\n      background-color: #f9f9f9;\n    }\n    tr:hover {\n      background-color: #f1f1f1;\n    }\n  <\/style>\n<div class='table-container'>\n<table border='1'>\n<thead>\n<tr>\n<th>CookieName<\/th>\n<th>Expire<\/th>\n<th>Type<\/th>\n<th>Domain<\/th>\n<th>Vendorname<\/th>\n<th>VendorURL<\/th>\n<\/tr>\n<\/thead>\n<tbody>\n<tr>\n<td>__cmpcccu*<\/td>\n<td>365 days<\/td>\n<td>Function<\/td>\n<td>*.consentmanager.net<\/td>\n<td>consentmanager<\/td>\n<td>https:\/\/www.consentmanager.net\/en\/privacy\/<\/td>\n<\/tr>\n<tr>\n<td>__cmpconsent*<\/td>\n<td>90 days<\/td>\n<td>Function<\/td>\n<td>*.consentmanager.net<\/td>\n<td>consentmanager<\/td>\n<td>https:\/\/www.consentmanager.net\/en\/privacy\/<\/td>\n<\/tr>\n<tr>\n<td>IDE<\/td>\n<td>Session<\/td>\n<td>Marketing<\/td>\n<td>*.doubleclick.net<\/td>\n<td>Google Advertising Products<\/td>\n<td>https:\/\/business.safety.google\/privacy\/<\/td>\n<\/tr>\n<tr>\n<td>test_cookie*<\/td>\n<td>15 minutes<\/td>\n<td>Marketing<\/td>\n<td>*.doubleclick.net<\/td>\n<td>Google Advertising Products<\/td>\n<td>https:\/\/business.safety.google\/privacy\/<\/td>\n<\/tr>\n<tr>\n<td>__cf_bm<\/td>\n<td>Session<\/td>\n<td>Marketing<\/td>\n<td>*.hubspot.com<\/td>\n<td>Cloudflare<\/td>\n<td>https:\/\/www.cloudflare.com\/security-policy\/<\/td>\n<\/tr>\n<tr>\n<td>_cfuvid<\/td>\n<td>Session<\/td>\n<td>Marketing<\/td>\n<td>*.hubspot.com<\/td>\n<td>Hubspot<\/td>\n<td>https:\/\/legal.hubspot.com\/de\/privacy-policy<\/td>\n<\/tr>\n<tr>\n<td>test<\/td>\n<td>Persistent<\/td>\n<td>Marketing<\/td>\n<td>*.hubspot.com<\/td>\n<td>Hubspot<\/td>\n<td>https:\/\/legal.hubspot.com\/de\/privacy-policy<\/td>\n<\/tr>\n<tr>\n<td>VISITOR_INFO1_LIVE<\/td>\n<td>Session<\/td>\n<td>Measurement<\/td>\n<td>*.youtube.com<\/td>\n<td>YouTube<\/td>\n<td>https:\/\/business.safety.google\/privacy\/<\/td>\n<\/tr>\n<tr>\n<td>VISITOR_PRIVACY_METADATA<\/td>\n<td>395 days<\/td>\n<td>Marketing<\/td>\n<td>*.youtube.com<\/td>\n<td>YouTube<\/td>\n<td>https:\/\/business.safety.google\/privacy\/<\/td>\n<\/tr>\n<tr>\n<td>YSC<\/td>\n<td>Session<\/td>\n<td>Marketing<\/td>\n<td>*.youtube.com<\/td>\n<td>YouTube<\/td>\n<td>https:\/\/business.safety.google\/privacy\/<\/td>\n<\/tr>\n<tr>\n<td>__Secure-ROLLOUT_TOKEN<\/td>\n<td>180 days<\/td>\n<td>Other<\/td>\n<td>*.youtube.com<\/td>\n<td>YouTube<\/td>\n<td>https:\/\/business.safety.google\/privacy\/<\/td>\n<\/tr>\n<tr>\n<td>remote_sid<\/td>\n<td>Session<\/td>\n<td>Measurement<\/td>\n<td>*.youtube.com<\/td>\n<td>YouTube<\/td>\n<td>https:\/\/business.safety.google\/privacy\/<\/td>\n<\/tr>\n<tr>\n<td>__cmpcccu*<\/td>\n<td>Persistent<\/td>\n<td>Function<\/td>\n<td>borealisclima.com<\/td>\n<td>consentmanager<\/td>\n<td>https:\/\/www.consentmanager.net\/en\/privacy\/<\/td>\n<\/tr>\n<tr>\n<td>__cmpcccu*<\/td>\n<td>Session<\/td>\n<td>Function<\/td>\n<td>borealisclima.com<\/td>\n<td>consentmanager<\/td>\n<td>https:\/\/www.consentmanager.net\/en\/privacy\/<\/td>\n<\/tr>\n<tr>\n<td>__cmpconsent*<\/td>\n<td>Persistent<\/td>\n<td>Function<\/td>\n<td>borealisclima.com<\/td>\n<td>consentmanager<\/td>\n<td>https:\/\/www.consentmanager.net\/en\/privacy\/<\/td>\n<\/tr>\n<tr>\n<td>__cmpconsent*<\/td>\n<td>Session<\/td>\n<td>Function<\/td>\n<td>borealisclima.com<\/td>\n<td>consentmanager<\/td>\n<td>https:\/\/www.consentmanager.net\/en\/privacy\/<\/td>\n<\/tr>\n<tr>\n<td>_ga_*<\/td>\n<td>730 days<\/td>\n<td>Measurement<\/td>\n<td>borealisclima.com<\/td>\n<td>Google Analytics<\/td>\n<td>https:\/\/business.safety.google\/privacy\/<\/td>\n<\/tr>\n<tr>\n<td>_ga<\/td>\n<td>730 days<\/td>\n<td>Measurement<\/td>\n<td>borealisclima.com<\/td>\n<td>[unknown]<\/td>\n<td><\/td>\n<\/tr>\n<tr>\n<td>_gat<\/td>\n<td>1 minutes<\/td>\n<td>Measurement<\/td>\n<td>borealisclima.com<\/td>\n<td>[unknown]<\/td>\n<td><\/td>\n<\/tr>\n<tr>\n<td>_gcl_au<\/td>\n<td>90 days<\/td>\n<td>Measurement<\/td>\n<td>borealisclima.com<\/td>\n<td>[unknown]<\/td>\n<td><\/td>\n<\/tr>\n<tr>\n<td>_gcl_ls<\/td>\n<td>Persistent<\/td>\n<td>Measurement<\/td>\n<td>borealisclima.com<\/td>\n<td>[unknown]<\/td>\n<td><\/td>\n<\/tr>\n<tr>\n<td>_gid<\/td>\n<td>1 days<\/td>\n<td>Marketing<\/td>\n<td>borealisclima.com<\/td>\n<td>[unknown]<\/td>\n<td><\/td>\n<\/tr>\n<tr>\n<td>__cmpcccu*<\/td>\n<td>Persistent<\/td>\n<td>Function<\/td>\n<td>cdn.consentmanager.net<\/td>\n<td>consentmanager<\/td>\n<td>https:\/\/www.consentmanager.net\/en\/privacy\/<\/td>\n<\/tr>\n<tr>\n<td>__cmpconsent*<\/td>\n<td>Persistent<\/td>\n<td>Function<\/td>\n<td>cdn.consentmanager.net<\/td>\n<td>consentmanager<\/td>\n<td>https:\/\/www.consentmanager.net\/en\/privacy\/<\/td>\n<\/tr>\n<tr>\n<td>__cf_bm<\/td>\n<td>30 minutes<\/td>\n<td>Marketing<\/td>\n<td>hsappstatic.net<\/td>\n<td>Cloudflare<\/td>\n<td>https:\/\/www.cloudflare.com\/security-policy\/<\/td>\n<\/tr>\n<tr>\n<td>__cf_bm<\/td>\n<td>29 minutes<\/td>\n<td>Marketing<\/td>\n<td>hsforms.com<\/td>\n<td>Cloudflare<\/td>\n<td>https:\/\/www.cloudflare.com\/security-policy\/<\/td>\n<\/tr>\n<tr>\n<td>_cfuvid<\/td>\n<td>Session<\/td>\n<td>Marketing<\/td>\n<td>hsforms.com<\/td>\n<td>Hubspot<\/td>\n<td>https:\/\/legal.hubspot.com\/de\/privacy-policy<\/td>\n<\/tr>\n<tr>\n<td>__cf_bm<\/td>\n<td>30 minutes<\/td>\n<td>Marketing<\/td>\n<td>hsforms.net<\/td>\n<td>Cloudflare<\/td>\n<td>https:\/\/www.cloudflare.com\/security-policy\/<\/td>\n<\/tr>\n<tr>\n<td>_GRECAPTCHA<\/td>\n<td>Session<\/td>\n<td>Function<\/td>\n<td>www.google.com<\/td>\n<td>Google General<\/td>\n<td>https:\/\/business.safety.google\/privacy\/<\/td>\n<\/tr>\n<tr>\n<td>rc::a<\/td>\n<td>Persistent<\/td>\n<td>Function<\/td>\n<td>www.google.com<\/td>\n<td>Google Recaptcha<\/td>\n<td>https:\/\/business.safety.google\/privacy\/<\/td>\n<\/tr>\n<tr>\n<td>rc::d-*<\/td>\n<td>Persistent<\/td>\n<td>Function<\/td>\n<td>www.google.com<\/td>\n<td>Google Recaptcha<\/td>\n<td>https:\/\/business.safety.google\/privacy\/<\/td>\n<\/tr>\n<tr>\n<td>rc::f<\/td>\n<td>Persistent<\/td>\n<td>Function<\/td>\n<td>www.google.com<\/td>\n<td>Google Recaptcha<\/td>\n<td>https:\/\/business.safety.google\/privacy\/<\/td>\n<\/tr>\n<tr>\n<td>LAST_RESULT_ENTRY_KEY<\/td>\n<td>Session<\/td>\n<td>Measurement<\/td>\n<td>www.youtube.com<\/td>\n<td>YouTube<\/td>\n<td>https:\/\/business.safety.google\/privacy\/<\/td>\n<\/tr>\n<tr>\n<td>TESTCOOKIESENABLED<\/td>\n<td>1 minutes<\/td>\n<td>Marketing<\/td>\n<td>www.youtube.com<\/td>\n<td>YouTube<\/td>\n<td>https:\/\/business.safety.google\/privacy\/<\/td>\n<\/tr>\n<tr>\n<td>__sak<\/td>\n<td>Persistent<\/td>\n<td>Marketing<\/td>\n<td>www.youtube.com<\/td>\n<td>YouTube<\/td>\n<td>https:\/\/business.safety.google\/privacy\/<\/td>\n<\/tr>\n<tr>\n<td>yt-remote-connected-devices<\/td>\n<td>Persistent<\/td>\n<td>Marketing<\/td>\n<td>www.youtube.com<\/td>\n<td>YouTube<\/td>\n<td>https:\/\/business.safety.google\/privacy\/<\/td>\n<\/tr>\n<tr>\n<td>yt-remote-device-id<\/td>\n<td>Persistent<\/td>\n<td>Marketing<\/td>\n<td>www.youtube.com<\/td>\n<td>YouTube<\/td>\n<td>https:\/\/business.safety.google\/privacy\/<\/td>\n<\/tr>\n<tr>\n<td>ytidb::LAST_RESULT_ENTRY_KEY<\/td>\n<td>Persistent<\/td>\n<td>Marketing<\/td>\n<td>www.youtube.com<\/td>\n<td>YouTube<\/td>\n<td>https:\/\/business.safety.google\/privacy\/<\/td>\n<\/tr>\n<\/tbody>\n<\/table><\/div>\n<p><strong>Param\u00e8tres des cookies<\/strong><\/p>\n<p>Cliquer sur le bouton \u00ab\u00a0Accepter tous les cookies\u00a0\u00bb nous autorise automatiquement \u00e0 placer tous les cookies d\u00e9crits dans la pr\u00e9sente Politique sur votre appareil. Sinon, s\u00e9lectionner \u00ab\u00a0Rejeter et configurer\u00a0\u00bb permet d&rsquo;acc\u00e9der au Panneau de configuration, o\u00f9 vous pouvez choisir les cat\u00e9gories de cookies \u00e0 autoriser.<\/p>\n<p><strong>Configuration des cookies dans les navigateurs<\/strong><\/p>\n<p>Vous pouvez bloquer les cookies via les outils de param\u00e8tres de votre navigateur ou le configurer pour qu&rsquo;il vous alerte lorsqu&rsquo;un serveur souhaite enregistrer un cookie\u00a0:<\/p>\n<ul>\n\u00a0 <\/p>\n<li>Si vous utilisez Microsoft Internet Explorer\u00a0: allez dans Outils &gt; Options Internet &gt; Confidentialit\u00e9 &gt; Param\u00e8tres. Plus d&rsquo;infos\u00a0: <a href=\"https:\/\/windows.microsoft.com\/es-es\/\">https:\/\/windows.microsoft.com\/es-es\/<\/a><\/li>\n<p>\u00a0 <\/p>\n<li>Si vous utilisez Firefox\u00a0: allez dans Outils &gt; Options &gt; Vie priv\u00e9e &gt; Cookies. Plus d&rsquo;infos\u00a0: <a href=\"https:\/\/support.mozilla.org\/es\/kb\/habilitar-y-deshabilitar-Cookies-que-los-sitios-we\">https:\/\/support.mozilla.org\/es\/kb\/habilitar-y-deshabilitar-Cookies-que-los-sitios-we<\/a><\/li>\n<p>\u00a0 <\/p>\n<li>Si vous utilisez Chrome\u00a0: allez dans Options &gt; Avanc\u00e9 &gt; Confidentialit\u00e9. Plus d&rsquo;infos\u00a0: <a href=\"https:\/\/support.google.com\/accounts\/answer\/61416?hl=en\">https:\/\/support.google.com\/accounts\/answer\/61416?hl=en<\/a><\/li>\n<p>\u00a0 <\/p>\n<li>Si vous utilisez Opera\u00a0: allez dans S\u00e9curit\u00e9 et confidentialit\u00e9. Plus d&rsquo;infos\u00a0: <a href=\"https:\/\/help.opera.com\/Windows\/11.50\/es-ES\/cookies.html\">https:\/\/help.opera.com\/Windows\/11.50\/es-ES\/cookies.html<\/a><\/li>\n<p>\u00a0 <\/p>\n<li>Si vous utilisez Safari\u00a0: allez dans Pr\u00e9f\u00e9rences &gt; Confidentialit\u00e9. Plus d&rsquo;infos\u00a0: <a href=\"https:\/\/support.apple.com\/kb\/HT1677?viewlocale=es_ES\">https:\/\/support.apple.com\/kb\/HT1677?viewlocale=es_ES<\/a><\/li>\n<\/ul>\n<p><strong>Updated 10 April 2025<\/strong><\/p>\n","protected":false},"excerpt":{"rendered":"<p>Par le biais de cette politique, nous vous informons de l&rsquo;utilisation des cookies sur le site www.atborealis.com\/en ainsi que de la possibilit\u00e9 de configurer les cookies tiers pouvant \u00eatre utilis\u00e9s sur ce site. Que sont les cookies Les cookies sont de petits fichiers de donn\u00e9es que les sites web placent sur votre appareil afin, par&hellip;<\/p>\n","protected":false},"author":1,"featured_media":0,"parent":0,"menu_order":0,"comment_status":"closed","ping_status":"closed","template":"","meta":{"footnotes":""},"class_list":["post-458","page","type-page","status-publish","hentry","description-off"],"yoast_head":"<!-- This site is optimized with the Yoast SEO plugin v27.3 - https:\/\/yoast.com\/product\/yoast-seo-wordpress\/ -->\n<title>Politique des cookies - Borealis | Energie thermique<\/title>\n<meta name=\"robots\" content=\"noindex, nofollow\" \/>\n<meta property=\"og:locale\" content=\"fr_FR\" \/>\n<meta property=\"og:type\" content=\"article\" \/>\n<meta property=\"og:title\" content=\"Politique des cookies - Borealis | Energie thermique\" \/>\n<meta property=\"og:description\" content=\"Par le biais de cette politique, nous vous informons de l&rsquo;utilisation des cookies sur le site www.atborealis.com\/en ainsi que de la possibilit\u00e9 de configurer les cookies tiers pouvant \u00eatre utilis\u00e9s sur ce site. Que sont les cookies Les cookies sont de petits fichiers de donn\u00e9es que les sites web placent sur votre appareil afin, par&hellip;\" \/>\n<meta property=\"og:url\" content=\"https:\/\/borealisclima.com\/fr\/politique-cookies\/\" \/>\n<meta property=\"og:site_name\" content=\"Borealis | Energie thermique\" \/>\n<meta property=\"article:modified_time\" content=\"2025-05-23T13:33:03+00:00\" \/>\n<meta name=\"twitter:card\" content=\"summary_large_image\" \/>\n<meta name=\"twitter:label1\" content=\"Dur\u00e9e de lecture estim\u00e9e\" \/>\n\t<meta name=\"twitter:data1\" content=\"6 minutes\" \/>\n<script type=\"application\/ld+json\" class=\"yoast-schema-graph\">{\"@context\":\"https:\\\/\\\/schema.org\",\"@graph\":[{\"@type\":\"WebPage\",\"@id\":\"https:\\\/\\\/borealisclima.com\\\/fr\\\/politique-cookies\\\/\",\"url\":\"https:\\\/\\\/borealisclima.com\\\/fr\\\/politique-cookies\\\/\",\"name\":\"Politique des cookies - Borealis | Energie thermique\",\"isPartOf\":{\"@id\":\"https:\\\/\\\/borealisclima.com\\\/fr\\\/#website\"},\"datePublished\":\"2015-03-05T11:04:07+00:00\",\"dateModified\":\"2025-05-23T13:33:03+00:00\",\"breadcrumb\":{\"@id\":\"https:\\\/\\\/borealisclima.com\\\/fr\\\/politique-cookies\\\/#breadcrumb\"},\"inLanguage\":\"fr-FR\",\"potentialAction\":[{\"@type\":\"ReadAction\",\"target\":[\"https:\\\/\\\/borealisclima.com\\\/fr\\\/politique-cookies\\\/\"]}]},{\"@type\":\"BreadcrumbList\",\"@id\":\"https:\\\/\\\/borealisclima.com\\\/fr\\\/politique-cookies\\\/#breadcrumb\",\"itemListElement\":[{\"@type\":\"ListItem\",\"position\":1,\"name\":\"Portada\",\"item\":\"https:\\\/\\\/borealisclima.com\\\/fr\\\/\"},{\"@type\":\"ListItem\",\"position\":2,\"name\":\"Politique des cookies\"}]},{\"@type\":\"WebSite\",\"@id\":\"https:\\\/\\\/borealisclima.com\\\/fr\\\/#website\",\"url\":\"https:\\\/\\\/borealisclima.com\\\/fr\\\/\",\"name\":\"Borealis | Energie thermique\",\"description\":\"Entreprise du groupe Campos Corporaci\u00f3na\",\"potentialAction\":[{\"@type\":\"SearchAction\",\"target\":{\"@type\":\"EntryPoint\",\"urlTemplate\":\"https:\\\/\\\/borealisclima.com\\\/fr\\\/?s={search_term_string}\"},\"query-input\":{\"@type\":\"PropertyValueSpecification\",\"valueRequired\":true,\"valueName\":\"search_term_string\"}}],\"inLanguage\":\"fr-FR\"}]}<\/script>\n<!-- \/ Yoast SEO plugin. -->","yoast_head_json":{"title":"Politique des cookies - Borealis | Energie thermique","robots":{"index":"noindex","follow":"nofollow"},"og_locale":"fr_FR","og_type":"article","og_title":"Politique des cookies - Borealis | Energie thermique","og_description":"Par le biais de cette politique, nous vous informons de l&rsquo;utilisation des cookies sur le site www.atborealis.com\/en ainsi que de la possibilit\u00e9 de configurer les cookies tiers pouvant \u00eatre utilis\u00e9s sur ce site. Que sont les cookies Les cookies sont de petits fichiers de donn\u00e9es que les sites web placent sur votre appareil afin, par&hellip;","og_url":"https:\/\/borealisclima.com\/fr\/politique-cookies\/","og_site_name":"Borealis | Energie thermique","article_modified_time":"2025-05-23T13:33:03+00:00","twitter_card":"summary_large_image","twitter_misc":{"Dur\u00e9e de lecture estim\u00e9e":"6 minutes"},"schema":{"@context":"https:\/\/schema.org","@graph":[{"@type":"WebPage","@id":"https:\/\/borealisclima.com\/fr\/politique-cookies\/","url":"https:\/\/borealisclima.com\/fr\/politique-cookies\/","name":"Politique des cookies - Borealis | Energie thermique","isPartOf":{"@id":"https:\/\/borealisclima.com\/fr\/#website"},"datePublished":"2015-03-05T11:04:07+00:00","dateModified":"2025-05-23T13:33:03+00:00","breadcrumb":{"@id":"https:\/\/borealisclima.com\/fr\/politique-cookies\/#breadcrumb"},"inLanguage":"fr-FR","potentialAction":[{"@type":"ReadAction","target":["https:\/\/borealisclima.com\/fr\/politique-cookies\/"]}]},{"@type":"BreadcrumbList","@id":"https:\/\/borealisclima.com\/fr\/politique-cookies\/#breadcrumb","itemListElement":[{"@type":"ListItem","position":1,"name":"Portada","item":"https:\/\/borealisclima.com\/fr\/"},{"@type":"ListItem","position":2,"name":"Politique des cookies"}]},{"@type":"WebSite","@id":"https:\/\/borealisclima.com\/fr\/#website","url":"https:\/\/borealisclima.com\/fr\/","name":"Borealis | Energie thermique","description":"Entreprise du groupe Campos Corporaci\u00f3na","potentialAction":[{"@type":"SearchAction","target":{"@type":"EntryPoint","urlTemplate":"https:\/\/borealisclima.com\/fr\/?s={search_term_string}"},"query-input":{"@type":"PropertyValueSpecification","valueRequired":true,"valueName":"search_term_string"}}],"inLanguage":"fr-FR"}]}},"_links":{"self":[{"href":"https:\/\/borealisclima.com\/fr\/wp-json\/wp\/v2\/pages\/458","targetHints":{"allow":["GET"]}}],"collection":[{"href":"https:\/\/borealisclima.com\/fr\/wp-json\/wp\/v2\/pages"}],"about":[{"href":"https:\/\/borealisclima.com\/fr\/wp-json\/wp\/v2\/types\/page"}],"author":[{"embeddable":true,"href":"https:\/\/borealisclima.com\/fr\/wp-json\/wp\/v2\/users\/1"}],"replies":[{"embeddable":true,"href":"https:\/\/borealisclima.com\/fr\/wp-json\/wp\/v2\/comments?post=458"}],"version-history":[{"count":0,"href":"https:\/\/borealisclima.com\/fr\/wp-json\/wp\/v2\/pages\/458\/revisions"}],"wp:attachment":[{"href":"https:\/\/borealisclima.com\/fr\/wp-json\/wp\/v2\/media?parent=458"}],"curies":[{"name":"wp","href":"https:\/\/api.w.org\/{rel}","templated":true}]}}