{"id":666,"date":"2017-03-20T18:04:38","date_gmt":"2017-03-20T18:04:38","guid":{"rendered":"https:\/\/borealisclima.com\/fr\/?page_id=666"},"modified":"2025-06-18T07:27:04","modified_gmt":"2025-06-18T06:27:04","slug":"calculateur-de-deshumidification-couverture-de-piscine","status":"publish","type":"page","link":"https:\/\/borealisclima.com\/fr\/calculateur-de-deshumidification-couverture-de-piscine\/","title":{"rendered":"Calculateur de chauffage et de d\u00e9shumidification des piscines int\u00e9rieures"},"content":{"rendered":"<div class=\"wpb-content-wrapper\"><p>[vc_row][vc_column][vc_column_text]<div id=\"globalmens\"><\/div><div id=\"contenido\"><div class=\"cargando\"><img loading=\"lazy\" decoding=\"async\" src=\"\/wp-content\/plugins\/indepc\/img\/loading.gif\" width=\"32\" height=\"32\" border=\"0\" alt=\"Cargando...\"><\/div><\/div>[\/vc_column_text][\/vc_column][\/vc_row][vc_row][vc_column][vc_column_text css=\u00a0\u00bb\u00a0\u00bb]<\/p>\n<h3>Calculez la d\u00e9shumidification et le chauffage n\u00e9cessaires pour votre piscine<\/h3>\n<p>Chez Borealis, nous vous proposons une large gamme de solutions et <em><a href=\"https:\/\/borealisclima.com\/fr\">d\u2019\u00e9quipements pour la climatisation de piscines<\/a><\/em> et pour l\u2019\u00e9conomie d\u2019\u00e9nergie[\/vc_column_text]<style type=\"text\/css\" data-type=\"the7_shortcodes-inline-css\">#default-btn-5d323cccdc8837da0129a0b23bffa51c.ico-right-side > i {\n  margin-right: 0px;\n  margin-left: 8px;\n}\n#default-btn-5d323cccdc8837da0129a0b23bffa51c > i {\n  margin-right: 8px;\n}\n<\/style><div class=\"btn-align-center\"><a href=\"https:\/\/borealisclima.com\/fr\/contact\/\" class=\"default-btn-shortcode dt-btn dt-btn-l link-hover-off \" id=\"default-btn-5d323cccdc8837da0129a0b23bffa51c\" title=\"Contacto\"><span>Conseil technique<\/span><\/a><\/div>[\/vc_column][\/vc_row]<\/p>\n<\/div>","protected":false},"excerpt":{"rendered":"<p>[vc_row][vc_column][vc_column_text][\/vc_column_text][\/vc_column][\/vc_row][vc_row][vc_column][vc_column_text css=\u00a0\u00bb\u00a0\u00bb] Calculez la d\u00e9shumidification et le chauffage n\u00e9cessaires pour votre piscine Chez Borealis, nous vous proposons une large gamme de solutions et d\u2019\u00e9quipements pour la climatisation de piscines et pour l\u2019\u00e9conomie d\u2019\u00e9nergie[\/vc_column_text][\/vc_column][\/vc_row]<\/p>\n","protected":false},"author":2,"featured_media":0,"parent":0,"menu_order":0,"comment_status":"closed","ping_status":"closed","template":"","meta":{"footnotes":""},"class_list":["post-666","page","type-page","status-publish","hentry","description-off"],"yoast_head":"<!-- This site is optimized with the Yoast SEO plugin v27.3 - https:\/\/yoast.com\/product\/yoast-seo-wordpress\/ -->\n<title>Calculateur de chauffage et de d\u00e9shumidification des piscines int\u00e9rieures<\/title>\n<meta name=\"description\" content=\"Calcul de la d\u00e9shumidification de l&#039;environnement de la piscine int\u00e9rieure de mani\u00e8re simple et adapt\u00e9e aux exigences des r\u00e9glementations en vigueur.\" \/>\n<meta name=\"robots\" content=\"index, follow, max-snippet:-1, max-image-preview:large, max-video-preview:-1\" \/>\n<link rel=\"canonical\" href=\"https:\/\/borealisclima.com\/fr\/calculateur-de-deshumidification-couverture-de-piscine\/\" \/>\n<meta property=\"og:locale\" content=\"fr_FR\" \/>\n<meta property=\"og:type\" content=\"article\" \/>\n<meta property=\"og:title\" content=\"Calculateur de chauffage et de d\u00e9shumidification des piscines int\u00e9rieures\" \/>\n<meta property=\"og:description\" content=\"Calcul de la d\u00e9shumidification de l&#039;environnement de la piscine int\u00e9rieure de mani\u00e8re simple et adapt\u00e9e aux exigences des r\u00e9glementations en vigueur.\" \/>\n<meta property=\"og:url\" content=\"https:\/\/borealisclima.com\/fr\/calculateur-de-deshumidification-couverture-de-piscine\/\" \/>\n<meta property=\"og:site_name\" content=\"Borealis | Energie thermique\" \/>\n<meta property=\"article:modified_time\" content=\"2025-06-18T06:27:04+00:00\" \/>\n<meta name=\"twitter:card\" content=\"summary_large_image\" \/>\n<meta name=\"twitter:label1\" content=\"Dur\u00e9e de lecture estim\u00e9e\" \/>\n\t<meta name=\"twitter:data1\" content=\"1 minute\" \/>\n<script type=\"application\/ld+json\" class=\"yoast-schema-graph\">{\"@context\":\"https:\\\/\\\/schema.org\",\"@graph\":[{\"@type\":\"WebPage\",\"@id\":\"https:\\\/\\\/borealisclima.com\\\/fr\\\/calculateur-de-deshumidification-couverture-de-piscine\\\/\",\"url\":\"https:\\\/\\\/borealisclima.com\\\/fr\\\/calculateur-de-deshumidification-couverture-de-piscine\\\/\",\"name\":\"Calculateur de chauffage et de d\u00e9shumidification des piscines int\u00e9rieures\",\"isPartOf\":{\"@id\":\"https:\\\/\\\/borealisclima.com\\\/fr\\\/#website\"},\"datePublished\":\"2017-03-20T18:04:38+00:00\",\"dateModified\":\"2025-06-18T06:27:04+00:00\",\"description\":\"Calcul de la d\u00e9shumidification de l'environnement de la piscine int\u00e9rieure de mani\u00e8re simple et adapt\u00e9e aux exigences des r\u00e9glementations en vigueur.\",\"breadcrumb\":{\"@id\":\"https:\\\/\\\/borealisclima.com\\\/fr\\\/calculateur-de-deshumidification-couverture-de-piscine\\\/#breadcrumb\"},\"inLanguage\":\"fr-FR\",\"potentialAction\":[{\"@type\":\"ReadAction\",\"target\":[\"https:\\\/\\\/borealisclima.com\\\/fr\\\/calculateur-de-deshumidification-couverture-de-piscine\\\/\"]}]},{\"@type\":\"BreadcrumbList\",\"@id\":\"https:\\\/\\\/borealisclima.com\\\/fr\\\/calculateur-de-deshumidification-couverture-de-piscine\\\/#breadcrumb\",\"itemListElement\":[{\"@type\":\"ListItem\",\"position\":1,\"name\":\"Portada\",\"item\":\"https:\\\/\\\/borealisclima.com\\\/fr\\\/\"},{\"@type\":\"ListItem\",\"position\":2,\"name\":\"Calculateur de chauffage et de d\u00e9shumidification des piscines int\u00e9rieures\"}]},{\"@type\":\"WebSite\",\"@id\":\"https:\\\/\\\/borealisclima.com\\\/fr\\\/#website\",\"url\":\"https:\\\/\\\/borealisclima.com\\\/fr\\\/\",\"name\":\"Borealis | Energie thermique\",\"description\":\"Entreprise du groupe Campos Corporaci\u00f3na\",\"potentialAction\":[{\"@type\":\"SearchAction\",\"target\":{\"@type\":\"EntryPoint\",\"urlTemplate\":\"https:\\\/\\\/borealisclima.com\\\/fr\\\/?s={search_term_string}\"},\"query-input\":{\"@type\":\"PropertyValueSpecification\",\"valueRequired\":true,\"valueName\":\"search_term_string\"}}],\"inLanguage\":\"fr-FR\"}]}<\/script>\n<!-- \/ Yoast SEO plugin. -->","yoast_head_json":{"title":"Calculateur de chauffage et de d\u00e9shumidification des piscines int\u00e9rieures","description":"Calcul de la d\u00e9shumidification de l'environnement de la piscine int\u00e9rieure de mani\u00e8re simple et adapt\u00e9e aux exigences des r\u00e9glementations en vigueur.","robots":{"index":"index","follow":"follow","max-snippet":"max-snippet:-1","max-image-preview":"max-image-preview:large","max-video-preview":"max-video-preview:-1"},"canonical":"https:\/\/borealisclima.com\/fr\/calculateur-de-deshumidification-couverture-de-piscine\/","og_locale":"fr_FR","og_type":"article","og_title":"Calculateur de chauffage et de d\u00e9shumidification des piscines int\u00e9rieures","og_description":"Calcul de la d\u00e9shumidification de l'environnement de la piscine int\u00e9rieure de mani\u00e8re simple et adapt\u00e9e aux exigences des r\u00e9glementations en vigueur.","og_url":"https:\/\/borealisclima.com\/fr\/calculateur-de-deshumidification-couverture-de-piscine\/","og_site_name":"Borealis | Energie thermique","article_modified_time":"2025-06-18T06:27:04+00:00","twitter_card":"summary_large_image","twitter_misc":{"Dur\u00e9e de lecture estim\u00e9e":"1 minute"},"schema":{"@context":"https:\/\/schema.org","@graph":[{"@type":"WebPage","@id":"https:\/\/borealisclima.com\/fr\/calculateur-de-deshumidification-couverture-de-piscine\/","url":"https:\/\/borealisclima.com\/fr\/calculateur-de-deshumidification-couverture-de-piscine\/","name":"Calculateur de chauffage et de d\u00e9shumidification des piscines int\u00e9rieures","isPartOf":{"@id":"https:\/\/borealisclima.com\/fr\/#website"},"datePublished":"2017-03-20T18:04:38+00:00","dateModified":"2025-06-18T06:27:04+00:00","description":"Calcul de la d\u00e9shumidification de l'environnement de la piscine int\u00e9rieure de mani\u00e8re simple et adapt\u00e9e aux exigences des r\u00e9glementations en vigueur.","breadcrumb":{"@id":"https:\/\/borealisclima.com\/fr\/calculateur-de-deshumidification-couverture-de-piscine\/#breadcrumb"},"inLanguage":"fr-FR","potentialAction":[{"@type":"ReadAction","target":["https:\/\/borealisclima.com\/fr\/calculateur-de-deshumidification-couverture-de-piscine\/"]}]},{"@type":"BreadcrumbList","@id":"https:\/\/borealisclima.com\/fr\/calculateur-de-deshumidification-couverture-de-piscine\/#breadcrumb","itemListElement":[{"@type":"ListItem","position":1,"name":"Portada","item":"https:\/\/borealisclima.com\/fr\/"},{"@type":"ListItem","position":2,"name":"Calculateur de chauffage et de d\u00e9shumidification des piscines int\u00e9rieures"}]},{"@type":"WebSite","@id":"https:\/\/borealisclima.com\/fr\/#website","url":"https:\/\/borealisclima.com\/fr\/","name":"Borealis | Energie thermique","description":"Entreprise du groupe Campos Corporaci\u00f3na","potentialAction":[{"@type":"SearchAction","target":{"@type":"EntryPoint","urlTemplate":"https:\/\/borealisclima.com\/fr\/?s={search_term_string}"},"query-input":{"@type":"PropertyValueSpecification","valueRequired":true,"valueName":"search_term_string"}}],"inLanguage":"fr-FR"}]}},"_links":{"self":[{"href":"https:\/\/borealisclima.com\/fr\/wp-json\/wp\/v2\/pages\/666","targetHints":{"allow":["GET"]}}],"collection":[{"href":"https:\/\/borealisclima.com\/fr\/wp-json\/wp\/v2\/pages"}],"about":[{"href":"https:\/\/borealisclima.com\/fr\/wp-json\/wp\/v2\/types\/page"}],"author":[{"embeddable":true,"href":"https:\/\/borealisclima.com\/fr\/wp-json\/wp\/v2\/users\/2"}],"replies":[{"embeddable":true,"href":"https:\/\/borealisclima.com\/fr\/wp-json\/wp\/v2\/comments?post=666"}],"version-history":[{"count":0,"href":"https:\/\/borealisclima.com\/fr\/wp-json\/wp\/v2\/pages\/666\/revisions"}],"wp:attachment":[{"href":"https:\/\/borealisclima.com\/fr\/wp-json\/wp\/v2\/media?parent=666"}],"curies":[{"name":"wp","href":"https:\/\/api.w.org\/{rel}","templated":true}]}}