{"id":1891,"date":"2015-01-24T10:15:44","date_gmt":"2015-01-24T10:15:44","guid":{"rendered":"https:\/\/borealisclima.com\/fr\/?post_type=product&#038;p=1891"},"modified":"2025-08-01T08:39:36","modified_gmt":"2025-08-01T07:39:36","slug":"deshumidificateurs-hs-hv","status":"publish","type":"product","link":"https:\/\/borealisclima.com\/fr\/producto\/deshumidificateurs-hs-hv\/","title":{"rendered":"D\u00e9shumidificateurs HS\/HV"},"content":{"rendered":"<h1>D\u00e9shumidificateurs \u00e0 pompe \u00e0 chaleur avec une capacit\u00e9 de 4 \u00e0 28 kg\/h<\/h1>\n<p>Gamme d&rsquo;unit\u00e9s de d\u00e9shumidification\/climatisation pour piscines int\u00e9rieures de petite \u00e0 moyenne taille, adapt\u00e9es \u00e0 une installation en ext\u00e9rieur ou en int\u00e9rieur, disponibles en deux formats : HV (vertical) et HS (horizontal avec hauteur r\u00e9duite).<\/p>\n<p>Leur bo\u00eetier, fabriqu\u00e9 \u00e0 partir de panneaux sandwich avec finition laqu\u00e9e int\u00e9rieure et ext\u00e9rieure, ainsi que des profils \u00e0 haute \u00e9tanch\u00e9it\u00e9 avec rupture de pont thermique, r\u00e9duit les niveaux de bruit et les pertes thermiques, permettant une installation en ext\u00e9rieur.<\/p>\n<p>Les performances de refroidissement et de ventilation des mod\u00e8les HV et HS sont identiques pour toutes les tailles disponibles. La seule diff\u00e9rence r\u00e9side dans le format physique : vertical pour le HV et horizontal pour le HS.<\/p>\n<p>De plus, les deux formats peuvent \u00eatre \u00e9quip\u00e9s des m\u00eames types d&rsquo;accessoires et d&rsquo;options : section de m\u00e9lange avec ventilateur de reprise, bo\u00eete de m\u00e9lange, \u00e9changeur de chaleur air-air, condenseur \u00e0 eau, plug-fan, etc.<\/p>\n<p>Le syst\u00e8me de contr\u00f4le \u00e9lectronique standard inclut la r\u00e9gulation de la temp\u00e9rature et de l&rsquo;humidit\u00e9. Des options de r\u00e9gulation plus avanc\u00e9es sont disponibles, directement connectables au web et au Modbus, et int\u00e9grables dans un BMS.<\/p>\n<p>Les gammes HV et HS sont l&rsquo;alternative professionnelle pour le contr\u00f4le climatique des spas et piscines int\u00e9rieures de taille moyenne.<\/p>\n<p>Structure r\u00e9alis\u00e9e avec des profils en aluminium anodis\u00e9 avec rupture de pont thermique et panneaux de fermeture amovibles de type sandwich, compos\u00e9s de deux feuilles d&rsquo;acier galvanis\u00e9 laqu\u00e9 avec un noyau d&rsquo;isolation thermo-acoustique en PIR, d&rsquo;une \u00e9paisseur standard de 45 mm. Finition int\u00e9rieure laqu\u00e9e. Bac \u00e0 condensats en acier inoxydable.<\/p>\n<p>Unit\u00e9 frigorifique \u00e9quip\u00e9e de compresseurs scroll dans un circuit frigorifique. Batteries r\u00e9alis\u00e9es avec des tubes en cuivre et des ailettes en alliage aluminium-magn\u00e9sium r\u00e9sistantes \u00e0 la corrosion. Comprend une batterie de support standard pour une utilisation avec chaudi\u00e8re, \u00e9quip\u00e9e d&rsquo;une vanne \u00e0 deux ou trois voies, int\u00e9gr\u00e9e au syst\u00e8me de contr\u00f4le. Tableau \u00e9lectrique avec d\u00e9tecteur de s\u00e9quence de phases, protection thermique-magn\u00e9tique et disjoncteurs pour chaque moteur.<\/p>\n<p>Filtration standard : G4 en reprise. Filtres haute efficacit\u00e9 disponibles en option.<\/p>\n<p>Ventilateur centrifuge avec transmission r\u00e9glable \u00e0 courroie et haute pression disponible.<\/p>\n<p>Contr\u00f4le via thermostat \u00e9lectronique et hygrom\u00e8tre int\u00e9gr\u00e9s \u00e0 l&rsquo;unit\u00e9. Contr\u00f4le DDC disponible en option.<\/p>\n<p>&nbsp;<\/p>\n<p><img loading=\"lazy\" decoding=\"async\" class=\"size-full wp-image-17\" style=\"margin-right: 10px;\" src=\"https:\/\/borealisclima.com\/fr\/wp-content\/uploads\/sites\/4\/2011\/04\/pdf-icon.jpg\" alt=\"\" width=\"24\" height=\"24\" align=\"absmiddle\" border=\"0\" \/><a href=\"https:\/\/drive.google.com\/file\/d\/1xGTTIIpJBkpdkaFl3uDzR_wEHp9HIRaM\/view?usp=drive_link\" target=\"_blank\" rel=\"noopener noreferrer\">T\u00e9l\u00e9charger le catalogue &lsquo;D\u00e9shumidificateurs HS\/HV&rsquo; [PDF]<\/a><\/p>\n","protected":false},"excerpt":{"rendered":"<p><strong>HS\/HV &#8211; D\u00e9shumidificateurs \u00e0 pompe \u00e0 chaleur avec une capacit\u00e9 de 4 \u00e0 28 kg\/h<\/strong><\/p>\n<p>Les gammes de d\u00e9shumidificateurs Borealis HS et HV sont con\u00e7ues selon les m\u00eames normes que nos unit\u00e9s HH de plus grande taille. Cela permet aux installations de piscines de petite \u00e0 moyenne taille et aux spas d&rsquo;\u00eatre \u00e9quip\u00e9s de machines de haute qualit\u00e9 r\u00e9pondant aux besoins de performance des projets et installations professionnels.<\/p>\n","protected":false},"featured_media":3976,"comment_status":"closed","ping_status":"closed","template":"","meta":[],"product_brand":[],"product_cat":[29],"product_tag":[58,35,113,125,59,114,33,57,115,112,126,128],"class_list":{"0":"post-1891","1":"product","2":"type-product","3":"status-publish","4":"has-post-thumbnail","6":"product_cat-deshumidificateurs-pour-piscines-interieures","7":"product_tag-air-conditioner","8":"product_tag-air-conditioning","9":"product_tag-climate","10":"product_tag-dehumidification","11":"product_tag-dehumidifiers","12":"product_tag-equipment","13":"product_tag-heat-pumps","14":"product_tag-indoor-swimming-pools","15":"product_tag-installations","16":"product_tag-machine","17":"product_tag-spa","18":"product_tag-swimming-pools","19":"description-off","21":"first","22":"instock","23":"shipping-taxable","24":"product-type-simple"},"yoast_head":"<!-- This site is optimized with the Yoast SEO plugin v27.3 - https:\/\/yoast.com\/product\/yoast-seo-wordpress\/ -->\n<title>D\u00e9shumidificateurs HS\/HV - Borealis | Energie thermique<\/title>\n<meta name=\"description\" content=\"D\u00e9shumidificateurs pour piscines int\u00e9rieures de petite\/moyenne taille. Technologie conventionnelle.\" \/>\n<meta name=\"robots\" content=\"index, follow, max-snippet:-1, max-image-preview:large, max-video-preview:-1\" \/>\n<link rel=\"canonical\" href=\"https:\/\/borealisclima.com\/fr\/producto\/deshumidificateurs-hs-hv\/\" \/>\n<meta property=\"og:locale\" content=\"fr_FR\" \/>\n<meta property=\"og:type\" content=\"article\" \/>\n<meta property=\"og:title\" content=\"D\u00e9shumidificateurs HS\/HV - Borealis | Energie thermique\" \/>\n<meta property=\"og:description\" content=\"D\u00e9shumidificateurs pour piscines int\u00e9rieures de petite\/moyenne taille. Technologie conventionnelle.\" \/>\n<meta property=\"og:url\" content=\"https:\/\/borealisclima.com\/fr\/producto\/deshumidificateurs-hs-hv\/\" \/>\n<meta property=\"og:site_name\" content=\"Borealis | Energie thermique\" \/>\n<meta property=\"article:modified_time\" content=\"2025-08-01T07:39:36+00:00\" \/>\n<meta property=\"og:image\" content=\"https:\/\/borealisclima.com\/fr\/wp-content\/uploads\/sites\/4\/2015\/01\/Deshumidificadoras-HS-HV.jpg\" \/>\n\t<meta property=\"og:image:width\" content=\"2004\" \/>\n\t<meta property=\"og:image:height\" content=\"1899\" \/>\n\t<meta property=\"og:image:type\" content=\"image\/jpeg\" \/>\n<meta name=\"twitter:card\" content=\"summary_large_image\" \/>\n<meta name=\"twitter:label1\" content=\"Dur\u00e9e de lecture estim\u00e9e\" \/>\n\t<meta name=\"twitter:data1\" content=\"3 minutes\" \/>\n<script type=\"application\/ld+json\" class=\"yoast-schema-graph\">{\"@context\":\"https:\\\/\\\/schema.org\",\"@graph\":[{\"@type\":\"WebPage\",\"@id\":\"https:\\\/\\\/borealisclima.com\\\/fr\\\/producto\\\/deshumidificateurs-hs-hv\\\/\",\"url\":\"https:\\\/\\\/borealisclima.com\\\/fr\\\/producto\\\/deshumidificateurs-hs-hv\\\/\",\"name\":\"D\u00e9shumidificateurs HS\\\/HV - Borealis | Energie thermique\",\"isPartOf\":{\"@id\":\"https:\\\/\\\/borealisclima.com\\\/fr\\\/#website\"},\"primaryImageOfPage\":{\"@id\":\"https:\\\/\\\/borealisclima.com\\\/fr\\\/producto\\\/deshumidificateurs-hs-hv\\\/#primaryimage\"},\"image\":{\"@id\":\"https:\\\/\\\/borealisclima.com\\\/fr\\\/producto\\\/deshumidificateurs-hs-hv\\\/#primaryimage\"},\"thumbnailUrl\":\"https:\\\/\\\/borealisclima.com\\\/fr\\\/wp-content\\\/uploads\\\/sites\\\/4\\\/2015\\\/01\\\/Deshumidificadoras-HS-HV.jpg\",\"datePublished\":\"2015-01-24T10:15:44+00:00\",\"dateModified\":\"2025-08-01T07:39:36+00:00\",\"description\":\"D\u00e9shumidificateurs pour piscines int\u00e9rieures de petite\\\/moyenne taille. Technologie conventionnelle.\",\"breadcrumb\":{\"@id\":\"https:\\\/\\\/borealisclima.com\\\/fr\\\/producto\\\/deshumidificateurs-hs-hv\\\/#breadcrumb\"},\"inLanguage\":\"fr-FR\",\"potentialAction\":[{\"@type\":\"ReadAction\",\"target\":[\"https:\\\/\\\/borealisclima.com\\\/fr\\\/producto\\\/deshumidificateurs-hs-hv\\\/\"]}]},{\"@type\":\"ImageObject\",\"inLanguage\":\"fr-FR\",\"@id\":\"https:\\\/\\\/borealisclima.com\\\/fr\\\/producto\\\/deshumidificateurs-hs-hv\\\/#primaryimage\",\"url\":\"https:\\\/\\\/borealisclima.com\\\/fr\\\/wp-content\\\/uploads\\\/sites\\\/4\\\/2015\\\/01\\\/Deshumidificadoras-HS-HV.jpg\",\"contentUrl\":\"https:\\\/\\\/borealisclima.com\\\/fr\\\/wp-content\\\/uploads\\\/sites\\\/4\\\/2015\\\/01\\\/Deshumidificadoras-HS-HV.jpg\",\"width\":2004,\"height\":1899},{\"@type\":\"BreadcrumbList\",\"@id\":\"https:\\\/\\\/borealisclima.com\\\/fr\\\/producto\\\/deshumidificateurs-hs-hv\\\/#breadcrumb\",\"itemListElement\":[{\"@type\":\"ListItem\",\"position\":1,\"name\":\"Portada\",\"item\":\"https:\\\/\\\/borealisclima.com\\\/fr\\\/\"},{\"@type\":\"ListItem\",\"position\":2,\"name\":\"Magasin\",\"item\":\"https:\\\/\\\/borealisclima.com\\\/fr\\\/magasin\\\/\"},{\"@type\":\"ListItem\",\"position\":3,\"name\":\"D\u00e9shumidificateurs HS\\\/HV\"}]},{\"@type\":\"WebSite\",\"@id\":\"https:\\\/\\\/borealisclima.com\\\/fr\\\/#website\",\"url\":\"https:\\\/\\\/borealisclima.com\\\/fr\\\/\",\"name\":\"Borealis | Energie thermique\",\"description\":\"Entreprise du groupe Campos Corporaci\u00f3na\",\"potentialAction\":[{\"@type\":\"SearchAction\",\"target\":{\"@type\":\"EntryPoint\",\"urlTemplate\":\"https:\\\/\\\/borealisclima.com\\\/fr\\\/?s={search_term_string}\"},\"query-input\":{\"@type\":\"PropertyValueSpecification\",\"valueRequired\":true,\"valueName\":\"search_term_string\"}}],\"inLanguage\":\"fr-FR\"}]}<\/script>\n<!-- \/ Yoast SEO plugin. -->","yoast_head_json":{"title":"D\u00e9shumidificateurs HS\/HV - Borealis | Energie thermique","description":"D\u00e9shumidificateurs pour piscines int\u00e9rieures de petite\/moyenne taille. Technologie conventionnelle.","robots":{"index":"index","follow":"follow","max-snippet":"max-snippet:-1","max-image-preview":"max-image-preview:large","max-video-preview":"max-video-preview:-1"},"canonical":"https:\/\/borealisclima.com\/fr\/producto\/deshumidificateurs-hs-hv\/","og_locale":"fr_FR","og_type":"article","og_title":"D\u00e9shumidificateurs HS\/HV - Borealis | Energie thermique","og_description":"D\u00e9shumidificateurs pour piscines int\u00e9rieures de petite\/moyenne taille. Technologie conventionnelle.","og_url":"https:\/\/borealisclima.com\/fr\/producto\/deshumidificateurs-hs-hv\/","og_site_name":"Borealis | Energie thermique","article_modified_time":"2025-08-01T07:39:36+00:00","og_image":[{"width":2004,"height":1899,"url":"https:\/\/borealisclima.com\/fr\/wp-content\/uploads\/sites\/4\/2015\/01\/Deshumidificadoras-HS-HV.jpg","type":"image\/jpeg"}],"twitter_card":"summary_large_image","twitter_misc":{"Dur\u00e9e de lecture estim\u00e9e":"3 minutes"},"schema":{"@context":"https:\/\/schema.org","@graph":[{"@type":"WebPage","@id":"https:\/\/borealisclima.com\/fr\/producto\/deshumidificateurs-hs-hv\/","url":"https:\/\/borealisclima.com\/fr\/producto\/deshumidificateurs-hs-hv\/","name":"D\u00e9shumidificateurs HS\/HV - Borealis | Energie thermique","isPartOf":{"@id":"https:\/\/borealisclima.com\/fr\/#website"},"primaryImageOfPage":{"@id":"https:\/\/borealisclima.com\/fr\/producto\/deshumidificateurs-hs-hv\/#primaryimage"},"image":{"@id":"https:\/\/borealisclima.com\/fr\/producto\/deshumidificateurs-hs-hv\/#primaryimage"},"thumbnailUrl":"https:\/\/borealisclima.com\/fr\/wp-content\/uploads\/sites\/4\/2015\/01\/Deshumidificadoras-HS-HV.jpg","datePublished":"2015-01-24T10:15:44+00:00","dateModified":"2025-08-01T07:39:36+00:00","description":"D\u00e9shumidificateurs pour piscines int\u00e9rieures de petite\/moyenne taille. Technologie conventionnelle.","breadcrumb":{"@id":"https:\/\/borealisclima.com\/fr\/producto\/deshumidificateurs-hs-hv\/#breadcrumb"},"inLanguage":"fr-FR","potentialAction":[{"@type":"ReadAction","target":["https:\/\/borealisclima.com\/fr\/producto\/deshumidificateurs-hs-hv\/"]}]},{"@type":"ImageObject","inLanguage":"fr-FR","@id":"https:\/\/borealisclima.com\/fr\/producto\/deshumidificateurs-hs-hv\/#primaryimage","url":"https:\/\/borealisclima.com\/fr\/wp-content\/uploads\/sites\/4\/2015\/01\/Deshumidificadoras-HS-HV.jpg","contentUrl":"https:\/\/borealisclima.com\/fr\/wp-content\/uploads\/sites\/4\/2015\/01\/Deshumidificadoras-HS-HV.jpg","width":2004,"height":1899},{"@type":"BreadcrumbList","@id":"https:\/\/borealisclima.com\/fr\/producto\/deshumidificateurs-hs-hv\/#breadcrumb","itemListElement":[{"@type":"ListItem","position":1,"name":"Portada","item":"https:\/\/borealisclima.com\/fr\/"},{"@type":"ListItem","position":2,"name":"Magasin","item":"https:\/\/borealisclima.com\/fr\/magasin\/"},{"@type":"ListItem","position":3,"name":"D\u00e9shumidificateurs HS\/HV"}]},{"@type":"WebSite","@id":"https:\/\/borealisclima.com\/fr\/#website","url":"https:\/\/borealisclima.com\/fr\/","name":"Borealis | Energie thermique","description":"Entreprise du groupe Campos Corporaci\u00f3na","potentialAction":[{"@type":"SearchAction","target":{"@type":"EntryPoint","urlTemplate":"https:\/\/borealisclima.com\/fr\/?s={search_term_string}"},"query-input":{"@type":"PropertyValueSpecification","valueRequired":true,"valueName":"search_term_string"}}],"inLanguage":"fr-FR"}]}},"_links":{"self":[{"href":"https:\/\/borealisclima.com\/fr\/wp-json\/wp\/v2\/product\/1891","targetHints":{"allow":["GET"]}}],"collection":[{"href":"https:\/\/borealisclima.com\/fr\/wp-json\/wp\/v2\/product"}],"about":[{"href":"https:\/\/borealisclima.com\/fr\/wp-json\/wp\/v2\/types\/product"}],"replies":[{"embeddable":true,"href":"https:\/\/borealisclima.com\/fr\/wp-json\/wp\/v2\/comments?post=1891"}],"wp:featuredmedia":[{"embeddable":true,"href":"https:\/\/borealisclima.com\/fr\/wp-json\/wp\/v2\/media\/3976"}],"wp:attachment":[{"href":"https:\/\/borealisclima.com\/fr\/wp-json\/wp\/v2\/media?parent=1891"}],"wp:term":[{"taxonomy":"product_brand","embeddable":true,"href":"https:\/\/borealisclima.com\/fr\/wp-json\/wp\/v2\/product_brand?post=1891"},{"taxonomy":"product_cat","embeddable":true,"href":"https:\/\/borealisclima.com\/fr\/wp-json\/wp\/v2\/product_cat?post=1891"},{"taxonomy":"product_tag","embeddable":true,"href":"https:\/\/borealisclima.com\/fr\/wp-json\/wp\/v2\/product_tag?post=1891"}],"curies":[{"name":"wp","href":"https:\/\/api.w.org\/{rel}","templated":true}]}}