{"id":2045,"date":"2021-07-15T14:40:27","date_gmt":"2021-07-15T14:40:27","guid":{"rendered":"https:\/\/borealisclima.com\/fr\/?post_type=product&#038;p=2045"},"modified":"2025-06-26T12:07:43","modified_gmt":"2025-06-26T11:07:43","slug":"cta-centrales-de-traitement-de-lair","status":"publish","type":"product","link":"https:\/\/borealisclima.com\/fr\/producto\/cta-centrales-de-traitement-de-lair\/","title":{"rendered":"CTA &#8211; Centrales de traitement de l&rsquo;air"},"content":{"rendered":"<div class=\"wpb-content-wrapper\"><p>[vc_row margin_top=\u00a0\u00bb50px\u00a0\u00bb][vc_column][vc_accordion active_tab=\u00a0\u00bbfalse\u00a0\u00bb title_size=\u00a0\u00bbh3&Prime; style=\u00a0\u00bb3&Prime; top_margin=\u00a0\u00bbpage_margin_top\u00a0\u00bb][vc_accordion_tab title=\u00a0\u00bbLOGICIEL ET SERVICE DE S\u00c9LECTION\u00a0\u00bb tab_id=\u00a0\u00bb1621736-1-75&Prime;][vc_column_text]Borealis a int\u00e9gr\u00e9 un logiciel de s\u00e9lection complet pour les unit\u00e9s de traitement d&rsquo;air, permettant \u00e0 nos \u00e9quipes commerciales et techniques de concevoir les climatiseurs appropri\u00e9s pour leurs installations de mani\u00e8re rapide, pr\u00e9cise et compl\u00e8te.[\/vc_column_text][\/vc_accordion_tab][vc_accordion_tab title=\u00a0\u00bbVERSATILIT\u00c9 DANS LES CONDITIONS PR\u00c9-CON\u00c7UES ET MODULAIRES\u00a0\u00bb tab_id=\u00a0\u00bb16211736-1-75&Prime;][vc_column_text]Notre gamme de climatiseurs offre de nombreuses options d&rsquo;int\u00e9gration et de conception, y compris des composants standard et en option. Les configurations de base peuvent \u00eatre compl\u00e9t\u00e9es par une grande vari\u00e9t\u00e9 d&rsquo;accessoires, tels que des \u00e9tapes de filtration haute efficacit\u00e9 suppl\u00e9mentaires, des types d&rsquo;\u00e9changeurs de chaleur s\u00e9lectionnables par le client, des modules de refroidissement adiabatique, des modules germicides, etc.[\/vc_column_text][\/vc_accordion_tab][vc_accordion_tab title=\u00a0\u00bbFLEXIBILIT\u00c9 DANS LA FABRICATION\u00a0\u00bb tab_id=\u00a0\u00bb16219436-1-75&Prime;][vc_column_text]Depuis sa cr\u00e9ation, Borealis est reconnue pour sa capacit\u00e9 \u00e0 s&rsquo;adapter aux besoins de ses clients. Dans la mesure du possible techniquement, nous pouvons personnaliser votre commande pour r\u00e9pondre \u00e0 vos exigences sp\u00e9cifiques.[\/vc_column_text][\/vc_accordion_tab][vc_accordion_tab title=\u00a0\u00bbUNIT\u00c9S PERSONNALIS\u00c9ES POUR LES ESPACES CONFIN\u00c9S OU L&rsquo;INT\u00c9GRATION ARCHITECTURALE\u00a0\u00bb tab_id=\u00a0\u00bb21941736-1-75&Prime;][vc_column_text]Parfois, la modularit\u00e9 est insuffisante pour adapter un climatiseur \u00e0 l&rsquo;espace ou aux autres conditions impos\u00e9es par le projet. Dans de tels cas, Borealis dispose de la flexibilit\u00e9 en conception et fabrication, ainsi que de l&rsquo;engagement en mati\u00e8re de service client, pour cr\u00e9er un design sur mesure \u00e0 un co\u00fbt suppl\u00e9mentaire tr\u00e8s faible.[\/vc_column_text][\/vc_accordion_tab][vc_accordion_tab title=\u00a0\u00bbCOMPOSANTS DE HAUTE QUALIT\u00c9 AVEC CERTIFICATION EUROVENT\u00a0\u00bb tab_id=\u00a0\u00bb162194173-75&Prime;][vc_column_text]<\/p>\n<div class=\"page\" title=\"Page 2\">\n<div class=\"section\">\n<div class=\"layoutArea\">\n<div class=\"column\">\n<p>Les composants des unit\u00e9s de traitement d&rsquo;air Borealis proviennent de marques leaders et ont \u00e9t\u00e9 certifi\u00e9s par l&rsquo;organisme de contr\u00f4le le plus reconnu.<\/p>\n<\/div>\n<\/div>\n<\/div>\n<\/div>\n<p>[\/vc_column_text][\/vc_accordion_tab][vc_accordion_tab title=\u00a0\u00bbSYST\u00c8ME DE CONTR\u00d4LE INT\u00c9GR\u00c9 EN USINE AVEC CONFIGURATIONS LOGICIELLES STANDARD OU PERSONNALIS\u00c9ES\u00a0\u00bb tab_id=\u00a0\u00bb16241736-1-75&Prime;][vc_column_text]Optionnellement, nos unit\u00e9s de traitement d&rsquo;air peuvent \u00eatre \u00e9quip\u00e9es de syst\u00e8mes de contr\u00f4le bas\u00e9s sur des microprocesseurs DDC pouvant communiquer avec le BMS du b\u00e2timent. Nous offrons plusieurs configurations de contr\u00f4le standard, mais Borealis peut \u00e9galement fournir une programmation personnalis\u00e9e pour r\u00e9pondre aux besoins du client \u00e0 un co\u00fbt tr\u00e8s raisonnable.[\/vc_column_text][\/vc_accordion_tab][vc_accordion_tab title=\u00a0\u00bbCAISSON DE HAUTE QUALIT\u00c9 AVEC ISOLATION, \u00c9TANCH\u00c9IT\u00c9 ET RUPTURE DE PONT THERMIQUE COMPL\u00c8TE\u00a0\u00bb tab_id=\u00a0\u00bb16241736-1-75&Prime;][vc_column_text]Le caisson des unit\u00e9s Borealis AHU offre les normes les plus \u00e9lev\u00e9es en mati\u00e8re d&rsquo;isolation, d&rsquo;\u00e9tanch\u00e9it\u00e9 et de protection contre les ponts thermiques. Le panneau sandwich est extr\u00eamement compact mais l\u00e9ger, avec le mat\u00e9riau isolant uniform\u00e9ment r\u00e9parti \u00e0 l&rsquo;int\u00e9rieur.<\/p>\n<p>Les panneaux fixes sont attach\u00e9s sans vis \u00e0 l&rsquo;aide de joints garantissant une \u00e9tanch\u00e9it\u00e9 sup\u00e9rieure. Ce syst\u00e8me permet \u00e9galement un d\u00e9montage facile si n\u00e9cessaire pour un entretien sp\u00e9cifique.<\/p>\n<p>Les registres sont scell\u00e9s avec des joints de haute qualit\u00e9 \u00e0 double bord. Ils s&rsquo;ouvrent avec des charni\u00e8res \u00e0 double action permettant une ouverture des deux c\u00f4t\u00e9s ou un retrait complet du panneau.<\/p>\n<p>Les unit\u00e9s de traitement d&rsquo;air Borealis int\u00e8grent des ruptures de pont thermique dans les panneaux fixes et accessibles ainsi que dans la structure en aluminium elle-m\u00eame. Toute la structure est thermiquement isol\u00e9e.<\/p>\n<p>Les panneaux sandwich Borealis pr\u00e9sentent un ext\u00e9rieur enduit d&rsquo;\u00e9poxy et une doublure int\u00e9rieure Granite HDX\u00ae, garantissant une r\u00e9sistance \u00e9lev\u00e9e \u00e0 la corrosion.<\/p>\n<p>Borealis propose une option int\u00e9rieure enti\u00e8rement laqu\u00e9e pour le caisson, les cadres de base et les profils en aluminium. De plus, les panneaux de fermeture peuvent \u00eatre fabriqu\u00e9s dans d&rsquo;autres mat\u00e9riaux, tels que l&rsquo;acier inoxydable ou l&rsquo;aluminium, avec diff\u00e9rents types d&rsquo;isolation.[\/vc_column_text][\/vc_accordion_tab][vc_accordion_tab title=\u00a0\u00bbCONSTRUCTIONS SP\u00c9CIALES POUR LA FABRICATION, L&rsquo;INDUSTRIE ALIMENTAIRE ET AUTRES SECTEURS\u00a0\u00bb tab_id=\u00a0\u00bb16241736-1-75&Prime;][vc_column_text]Depuis des ann\u00e9es, la fabrication sur mesure d&rsquo;unit\u00e9s frigorifiques est l&rsquo;un des points forts de Borealis, et les unit\u00e9s de traitement d&rsquo;air ne font pas exception. Nous travaillons en \u00e9troite collaboration avec le client pour r\u00e9pondre \u00e0 tous les besoins sp\u00e9cifiques li\u00e9s aux climatiseurs utilis\u00e9s dans des applications au-del\u00e0 du contr\u00f4le climatique (industrie, alimentation, laboratoires, etc.), en offrant la meilleure solution adapt\u00e9e \u00e0 leurs besoins.[\/vc_column_text][\/vc_accordion_tab][\/vc_accordion][\/vc_column][\/vc_row][vc_row margin_top=\u00a0\u00bb70px\u00a0\u00bb][vc_column][vc_column_text]<img loading=\"lazy\" decoding=\"async\" class=\" size-full wp-image-17\" src=\"https:\/\/borealisclima.com\/fr\/wp-content\/uploads\/sites\/4\/2011\/04\/pdf-icon.jpg\" alt=\"\" width=\"24\" height=\"24\" align=\"absmiddle\" border=\"0\" \/> <a href=\"https:\/\/drive.google.com\/file\/d\/1R8b-_eQ-utd-MAqHSHbN7blkg6qo0KTg\/view?usp=drive_link\" target=\"_blank\" rel=\"noopener\">T\u00e9l\u00e9charger le catalogue &lsquo;AHUs &#8211; Unit\u00e9s de traitement d&rsquo;air Borealis&rsquo;<\/a>[\/vc_column_text][\/vc_column][\/vc_row]<\/p>\n<\/div>","protected":false},"excerpt":{"rendered":"<p><strong>CTA &#8211; Centrales de traitement d&rsquo;air<\/strong><\/p>\n<p>Les CTA (unit\u00e9s de traitement de l&rsquo;air) et les r\u00e9cup\u00e9rateurs sont charg\u00e9s de fournir de l&rsquo;air trait\u00e9 et de la ventilation aux lieux climatis\u00e9s, leur objectif \u00e9tant de garantir la qualit\u00e9 de l&rsquo;environnement. Ces unit\u00e9s contr\u00f4lent le renouvellement et l&rsquo;\u00e9puration de l&rsquo;air, la temp\u00e9rature, l&rsquo;humidit\u00e9 et le d\u00e9bit d&rsquo;air, entre autres param\u00e8tres.<\/p>\n<p>Notre gamme de climatiseurs offre de nombreuses possibilit\u00e9s d&rsquo;int\u00e9gration et de conception, tant en termes de composants standard que d&rsquo;options. Les configurations de base peuvent \u00eatre compl\u00e9t\u00e9es par une grande vari\u00e9t\u00e9 d&rsquo;accessoires, tels que des \u00e9tages suppl\u00e9mentaires de filtres \u00e0 haute efficacit\u00e9, des \u00e9changeurs de diff\u00e9rents types au choix du client, des modules de refroidissement adiabatique, des germicides, etc.<\/p>\n","protected":false},"featured_media":3980,"comment_status":"closed","ping_status":"closed","template":"","meta":[],"product_brand":[],"product_cat":[176],"product_tag":[],"class_list":{"0":"post-2045","1":"product","2":"type-product","3":"status-publish","4":"has-post-thumbnail","6":"product_cat-climatiseurs-et-recuperateurs","7":"description-off","9":"first","10":"instock","11":"shipping-taxable","12":"product-type-simple"},"yoast_head":"<!-- This site is optimized with the Yoast SEO plugin v27.3 - https:\/\/yoast.com\/product\/yoast-seo-wordpress\/ -->\n<title>CTA - Centrales de Traitement d&#039;Air | Borealis<\/title>\n<meta name=\"description\" content=\"Gamme de climatiseurs offrant de nombreuses possibilit\u00e9s d&#039;int\u00e9gration et de conception, tant en termes de composants standard que d&#039;options.\" \/>\n<meta name=\"robots\" content=\"index, follow, max-snippet:-1, max-image-preview:large, max-video-preview:-1\" \/>\n<link rel=\"canonical\" href=\"https:\/\/borealisclima.com\/fr\/producto\/cta-centrales-de-traitement-de-lair\/\" \/>\n<meta property=\"og:locale\" content=\"fr_FR\" \/>\n<meta property=\"og:type\" content=\"article\" \/>\n<meta property=\"og:title\" content=\"CTA - Centrales de Traitement d&#039;Air | Borealis\" \/>\n<meta property=\"og:description\" content=\"Gamme de climatiseurs offrant de nombreuses possibilit\u00e9s d&#039;int\u00e9gration et de conception, tant en termes de composants standard que d&#039;options.\" \/>\n<meta property=\"og:url\" content=\"https:\/\/borealisclima.com\/fr\/producto\/cta-centrales-de-traitement-de-lair\/\" \/>\n<meta property=\"og:site_name\" content=\"Borealis | Energie thermique\" \/>\n<meta property=\"article:modified_time\" content=\"2025-06-26T11:07:43+00:00\" \/>\n<meta property=\"og:image\" content=\"https:\/\/borealisclima.com\/fr\/wp-content\/uploads\/sites\/4\/2021\/07\/UTAs-\u2013-Unidades-de-tratamiento-de-aire.jpg\" \/>\n\t<meta property=\"og:image:width\" content=\"2004\" \/>\n\t<meta property=\"og:image:height\" content=\"1899\" \/>\n\t<meta property=\"og:image:type\" content=\"image\/jpeg\" \/>\n<meta name=\"twitter:card\" content=\"summary_large_image\" \/>\n<meta name=\"twitter:label1\" content=\"Dur\u00e9e de lecture estim\u00e9e\" \/>\n\t<meta name=\"twitter:data1\" content=\"4 minutes\" \/>\n<script type=\"application\/ld+json\" class=\"yoast-schema-graph\">{\"@context\":\"https:\\\/\\\/schema.org\",\"@graph\":[{\"@type\":\"WebPage\",\"@id\":\"https:\\\/\\\/borealisclima.com\\\/fr\\\/producto\\\/cta-centrales-de-traitement-de-lair\\\/\",\"url\":\"https:\\\/\\\/borealisclima.com\\\/fr\\\/producto\\\/cta-centrales-de-traitement-de-lair\\\/\",\"name\":\"CTA - Centrales de Traitement d'Air | Borealis\",\"isPartOf\":{\"@id\":\"https:\\\/\\\/borealisclima.com\\\/fr\\\/#website\"},\"primaryImageOfPage\":{\"@id\":\"https:\\\/\\\/borealisclima.com\\\/fr\\\/producto\\\/cta-centrales-de-traitement-de-lair\\\/#primaryimage\"},\"image\":{\"@id\":\"https:\\\/\\\/borealisclima.com\\\/fr\\\/producto\\\/cta-centrales-de-traitement-de-lair\\\/#primaryimage\"},\"thumbnailUrl\":\"https:\\\/\\\/borealisclima.com\\\/fr\\\/wp-content\\\/uploads\\\/sites\\\/4\\\/2021\\\/07\\\/UTAs-\u2013-Unidades-de-tratamiento-de-aire.jpg\",\"datePublished\":\"2021-07-15T14:40:27+00:00\",\"dateModified\":\"2025-06-26T11:07:43+00:00\",\"description\":\"Gamme de climatiseurs offrant de nombreuses possibilit\u00e9s d'int\u00e9gration et de conception, tant en termes de composants standard que d'options.\",\"breadcrumb\":{\"@id\":\"https:\\\/\\\/borealisclima.com\\\/fr\\\/producto\\\/cta-centrales-de-traitement-de-lair\\\/#breadcrumb\"},\"inLanguage\":\"fr-FR\",\"potentialAction\":[{\"@type\":\"ReadAction\",\"target\":[\"https:\\\/\\\/borealisclima.com\\\/fr\\\/producto\\\/cta-centrales-de-traitement-de-lair\\\/\"]}]},{\"@type\":\"ImageObject\",\"inLanguage\":\"fr-FR\",\"@id\":\"https:\\\/\\\/borealisclima.com\\\/fr\\\/producto\\\/cta-centrales-de-traitement-de-lair\\\/#primaryimage\",\"url\":\"https:\\\/\\\/borealisclima.com\\\/fr\\\/wp-content\\\/uploads\\\/sites\\\/4\\\/2021\\\/07\\\/UTAs-\u2013-Unidades-de-tratamiento-de-aire.jpg\",\"contentUrl\":\"https:\\\/\\\/borealisclima.com\\\/fr\\\/wp-content\\\/uploads\\\/sites\\\/4\\\/2021\\\/07\\\/UTAs-\u2013-Unidades-de-tratamiento-de-aire.jpg\",\"width\":2004,\"height\":1899},{\"@type\":\"BreadcrumbList\",\"@id\":\"https:\\\/\\\/borealisclima.com\\\/fr\\\/producto\\\/cta-centrales-de-traitement-de-lair\\\/#breadcrumb\",\"itemListElement\":[{\"@type\":\"ListItem\",\"position\":1,\"name\":\"Portada\",\"item\":\"https:\\\/\\\/borealisclima.com\\\/fr\\\/\"},{\"@type\":\"ListItem\",\"position\":2,\"name\":\"Magasin\",\"item\":\"https:\\\/\\\/borealisclima.com\\\/fr\\\/magasin\\\/\"},{\"@type\":\"ListItem\",\"position\":3,\"name\":\"CTA &#8211; Centrales de traitement de l&#8217;air\"}]},{\"@type\":\"WebSite\",\"@id\":\"https:\\\/\\\/borealisclima.com\\\/fr\\\/#website\",\"url\":\"https:\\\/\\\/borealisclima.com\\\/fr\\\/\",\"name\":\"Borealis | Energie thermique\",\"description\":\"Entreprise du groupe Campos Corporaci\u00f3na\",\"potentialAction\":[{\"@type\":\"SearchAction\",\"target\":{\"@type\":\"EntryPoint\",\"urlTemplate\":\"https:\\\/\\\/borealisclima.com\\\/fr\\\/?s={search_term_string}\"},\"query-input\":{\"@type\":\"PropertyValueSpecification\",\"valueRequired\":true,\"valueName\":\"search_term_string\"}}],\"inLanguage\":\"fr-FR\"}]}<\/script>\n<!-- \/ Yoast SEO plugin. -->","yoast_head_json":{"title":"CTA - Centrales de Traitement d'Air | Borealis","description":"Gamme de climatiseurs offrant de nombreuses possibilit\u00e9s d'int\u00e9gration et de conception, tant en termes de composants standard que d'options.","robots":{"index":"index","follow":"follow","max-snippet":"max-snippet:-1","max-image-preview":"max-image-preview:large","max-video-preview":"max-video-preview:-1"},"canonical":"https:\/\/borealisclima.com\/fr\/producto\/cta-centrales-de-traitement-de-lair\/","og_locale":"fr_FR","og_type":"article","og_title":"CTA - Centrales de Traitement d'Air | Borealis","og_description":"Gamme de climatiseurs offrant de nombreuses possibilit\u00e9s d'int\u00e9gration et de conception, tant en termes de composants standard que d'options.","og_url":"https:\/\/borealisclima.com\/fr\/producto\/cta-centrales-de-traitement-de-lair\/","og_site_name":"Borealis | Energie thermique","article_modified_time":"2025-06-26T11:07:43+00:00","og_image":[{"width":2004,"height":1899,"url":"https:\/\/borealisclima.com\/fr\/wp-content\/uploads\/sites\/4\/2021\/07\/UTAs-\u2013-Unidades-de-tratamiento-de-aire.jpg","type":"image\/jpeg"}],"twitter_card":"summary_large_image","twitter_misc":{"Dur\u00e9e de lecture estim\u00e9e":"4 minutes"},"schema":{"@context":"https:\/\/schema.org","@graph":[{"@type":"WebPage","@id":"https:\/\/borealisclima.com\/fr\/producto\/cta-centrales-de-traitement-de-lair\/","url":"https:\/\/borealisclima.com\/fr\/producto\/cta-centrales-de-traitement-de-lair\/","name":"CTA - Centrales de Traitement d'Air | Borealis","isPartOf":{"@id":"https:\/\/borealisclima.com\/fr\/#website"},"primaryImageOfPage":{"@id":"https:\/\/borealisclima.com\/fr\/producto\/cta-centrales-de-traitement-de-lair\/#primaryimage"},"image":{"@id":"https:\/\/borealisclima.com\/fr\/producto\/cta-centrales-de-traitement-de-lair\/#primaryimage"},"thumbnailUrl":"https:\/\/borealisclima.com\/fr\/wp-content\/uploads\/sites\/4\/2021\/07\/UTAs-\u2013-Unidades-de-tratamiento-de-aire.jpg","datePublished":"2021-07-15T14:40:27+00:00","dateModified":"2025-06-26T11:07:43+00:00","description":"Gamme de climatiseurs offrant de nombreuses possibilit\u00e9s d'int\u00e9gration et de conception, tant en termes de composants standard que d'options.","breadcrumb":{"@id":"https:\/\/borealisclima.com\/fr\/producto\/cta-centrales-de-traitement-de-lair\/#breadcrumb"},"inLanguage":"fr-FR","potentialAction":[{"@type":"ReadAction","target":["https:\/\/borealisclima.com\/fr\/producto\/cta-centrales-de-traitement-de-lair\/"]}]},{"@type":"ImageObject","inLanguage":"fr-FR","@id":"https:\/\/borealisclima.com\/fr\/producto\/cta-centrales-de-traitement-de-lair\/#primaryimage","url":"https:\/\/borealisclima.com\/fr\/wp-content\/uploads\/sites\/4\/2021\/07\/UTAs-\u2013-Unidades-de-tratamiento-de-aire.jpg","contentUrl":"https:\/\/borealisclima.com\/fr\/wp-content\/uploads\/sites\/4\/2021\/07\/UTAs-\u2013-Unidades-de-tratamiento-de-aire.jpg","width":2004,"height":1899},{"@type":"BreadcrumbList","@id":"https:\/\/borealisclima.com\/fr\/producto\/cta-centrales-de-traitement-de-lair\/#breadcrumb","itemListElement":[{"@type":"ListItem","position":1,"name":"Portada","item":"https:\/\/borealisclima.com\/fr\/"},{"@type":"ListItem","position":2,"name":"Magasin","item":"https:\/\/borealisclima.com\/fr\/magasin\/"},{"@type":"ListItem","position":3,"name":"CTA &#8211; Centrales de traitement de l&#8217;air"}]},{"@type":"WebSite","@id":"https:\/\/borealisclima.com\/fr\/#website","url":"https:\/\/borealisclima.com\/fr\/","name":"Borealis | Energie thermique","description":"Entreprise du groupe Campos Corporaci\u00f3na","potentialAction":[{"@type":"SearchAction","target":{"@type":"EntryPoint","urlTemplate":"https:\/\/borealisclima.com\/fr\/?s={search_term_string}"},"query-input":{"@type":"PropertyValueSpecification","valueRequired":true,"valueName":"search_term_string"}}],"inLanguage":"fr-FR"}]}},"_links":{"self":[{"href":"https:\/\/borealisclima.com\/fr\/wp-json\/wp\/v2\/product\/2045","targetHints":{"allow":["GET"]}}],"collection":[{"href":"https:\/\/borealisclima.com\/fr\/wp-json\/wp\/v2\/product"}],"about":[{"href":"https:\/\/borealisclima.com\/fr\/wp-json\/wp\/v2\/types\/product"}],"replies":[{"embeddable":true,"href":"https:\/\/borealisclima.com\/fr\/wp-json\/wp\/v2\/comments?post=2045"}],"wp:featuredmedia":[{"embeddable":true,"href":"https:\/\/borealisclima.com\/fr\/wp-json\/wp\/v2\/media\/3980"}],"wp:attachment":[{"href":"https:\/\/borealisclima.com\/fr\/wp-json\/wp\/v2\/media?parent=2045"}],"wp:term":[{"taxonomy":"product_brand","embeddable":true,"href":"https:\/\/borealisclima.com\/fr\/wp-json\/wp\/v2\/product_brand?post=2045"},{"taxonomy":"product_cat","embeddable":true,"href":"https:\/\/borealisclima.com\/fr\/wp-json\/wp\/v2\/product_cat?post=2045"},{"taxonomy":"product_tag","embeddable":true,"href":"https:\/\/borealisclima.com\/fr\/wp-json\/wp\/v2\/product_tag?post=2045"}],"curies":[{"name":"wp","href":"https:\/\/api.w.org\/{rel}","templated":true}]}}