{"id":2051,"date":"2021-07-14T15:16:18","date_gmt":"2021-07-14T15:16:18","guid":{"rendered":"https:\/\/borealisclima.com\/fr\/?post_type=product&#038;p=2051"},"modified":"2025-08-01T09:46:30","modified_gmt":"2025-08-01T08:46:30","slug":"rh-recuperateurs-denergie-a-flux-croises","status":"publish","type":"product","link":"https:\/\/borealisclima.com\/fr\/producto\/rh-recuperateurs-denergie-a-flux-croises\/","title":{"rendered":"RH &#8211; R\u00e9cup\u00e9rateurs d&rsquo;\u00e9nergie \u00e0 flux crois\u00e9s"},"content":{"rendered":"<div class=\"wpb-content-wrapper\"><p>[vc_row][vc_column][vc_column_text]Les unit\u00e9s de r\u00e9cup\u00e9ration de chaleur RH sont des unit\u00e9s compactes de r\u00e9cup\u00e9ration qui incluent un \u00e9changeur de chaleur haute efficacit\u00e9 (jusqu&rsquo;\u00e0 85 %) et des ventilateurs EC, r\u00e9pondant aux exigences de la directive europ\u00e9enne Ecodesign.<\/p>\n<p>Ces unit\u00e9s sont utilis\u00e9es dans des installations de confort pour renouveler l&rsquo;air int\u00e9rieur et r\u00e9cup\u00e9rer l&rsquo;\u00e9nergie pr\u00e9c\u00e9demment utilis\u00e9e pour conditionner l&rsquo;int\u00e9rieur du b\u00e2timent. La gamme RH comprend plusieurs mod\u00e8les, allant de 900 m3\/h \u00e0 6 000 m3\/h.[\/vc_column_text][\/vc_column][\/vc_row][vc_row margin_top=\u00a0\u00bb50px\u00a0\u00bb][vc_column][vc_accordion active_tab=\u00a0\u00bbfalse\u00a0\u00bb title_size=\u00a0\u00bbh3&Prime; style=\u00a0\u00bb3&Prime; top_margin=\u00a0\u00bbpage_margin_top\u00a0\u00bb][vc_accordion_tab title=\u00a0\u00bbCARACT\u00c9RISTIQUES DE L&rsquo;\u00c9QUIPEMENT\u00a0\u00bb tab_id=\u00a0\u00bb1621736-1-75&Prime;][vc_column_text]<\/p>\n<ul>\n<li>Structure r\u00e9alis\u00e9e avec des profils en aluminium anodis\u00e9 avec rupture de pont thermique et panneaux de fermeture amovibles de type sandwich compos\u00e9s de deux t\u00f4les d&rsquo;acier galvanis\u00e9 laqu\u00e9 avec un noyau d&rsquo;isolation thermo-acoustique PIR, \u00e9paisseur standard de 45 mm. Int\u00e9rieur des panneaux laqu\u00e9. Bac \u00e0 condensats en acier inoxydable.<\/li>\n<li>Circuit interne : ventilateurs plug-fan EC \u00e0 roue libre en standard.<\/li>\n<li>\u00c9changeur statique \u00e0 contre-courant haute efficacit\u00e9, s\u00e9lectionn\u00e9 selon les normes ErP 2018.<\/li>\n<li>Filtration G4+F7 en standard. Des filtres \u00e0 efficacit\u00e9 sup\u00e9rieure peuvent \u00eatre install\u00e9s en option.<\/li>\n<li>Tableau \u00e9lectrique avec interrupteur d&rsquo;entr\u00e9e, protections des ventilateurs, bornier et logement pour le contr\u00f4le \u00e9lectronique.<\/li>\n<li>R\u00e9gulation \u00e9lectronique via microprocesseur. T\u00e9l\u00e9commande avec \u00e9cran LCD r\u00e9tro\u00e9clair\u00e9, ic\u00f4nes de mode de fonctionnement, contr\u00f4le des ventilateurs, free cooling et capteurs de temp\u00e9rature avec affichage \u00e0 l&rsquo;\u00e9cran.<\/li>\n<li>Connexion MODBUS en standard.<\/li>\n<li>Contr\u00f4le de pression et contr\u00f4le du CO2 en option.<\/li>\n<\/ul>\n<p>[\/vc_column_text][\/vc_accordion_tab][vc_accordion_tab title=\u00a0\u00bbCOMPOSANTS\u00a0\u00bb tab_id=\u00a0\u00bb16211736-1-75&Prime;][vc_column_text]<img loading=\"lazy\" decoding=\"async\" class=\"aligncenter\" src=\"https:\/\/borealisclima.com\/fr\/wp-content\/uploads\/sites\/4\/2024\/11\/FR-RH-componentes.jpg\" width=\"617\" height=\"393\" \/><\/p>\n<p>[\/vc_column_text][\/vc_accordion_tab][\/vc_accordion][\/vc_column][\/vc_row][vc_row margin_top=\u00a0\u00bb80px\u00a0\u00bb][vc_column][vc_column_text]<img loading=\"lazy\" decoding=\"async\" class=\" size-full wp-image-17\" src=\"https:\/\/borealisclima.com\/fr\/wp-content\/uploads\/sites\/4\/2011\/04\/pdf-icon.jpg\" alt=\"\" width=\"24\" height=\"24\" align=\"absmiddle\" border=\"0\" \/> <a href=\"https:\/\/drive.google.com\/file\/d\/17VNvj0_1CjRIGl4UNvrSk3XP-1uoh2U0\/view?usp=drive_link\">T\u00e9l\u00e9charger le catalogue &lsquo;Unit\u00e9s de r\u00e9cup\u00e9ration d&rsquo;\u00e9nergie Borealis&rsquo;<\/a>[\/vc_column_text][\/vc_column][\/vc_row]<\/p>\n<\/div>","protected":false},"excerpt":{"rendered":"<p><strong>RH &#8211; Unit\u00e9s de r\u00e9cup\u00e9ration d&rsquo;\u00e9nergie \u00e0 flux crois\u00e9s<\/strong><\/p>\n<p>\u00c9quipements utilis\u00e9s dans les installations de confort pour renouveler l&rsquo;air int\u00e9rieur et r\u00e9cup\u00e9rer l&rsquo;\u00e9nergie pr\u00e9c\u00e9demment utilis\u00e9e pour climatiser l&rsquo;int\u00e9rieur du b\u00e2timent.<\/p>\n","protected":false},"featured_media":3979,"comment_status":"closed","ping_status":"closed","template":"","meta":[],"product_brand":[],"product_cat":[176],"product_tag":[],"class_list":{"0":"post-2051","1":"product","2":"type-product","3":"status-publish","4":"has-post-thumbnail","6":"product_cat-climatiseurs-et-recuperateurs","7":"description-off","9":"first","10":"instock","11":"shipping-taxable","12":"product-type-simple"},"yoast_head":"<!-- This site is optimized with the Yoast SEO plugin v27.3 - https:\/\/yoast.com\/product\/yoast-seo-wordpress\/ -->\n<title>RH - R\u00e9cup\u00e9rateurs d&#039;\u00e9nergie \u00e0 flux crois\u00e9s<\/title>\n<meta name=\"description\" content=\"Les r\u00e9cup\u00e9rateurs de chaleur RH sont des unit\u00e9s de r\u00e9cup\u00e9ration de chaleur compactes qui int\u00e8grent un \u00e9changeur de chaleur \u00e0 haut rendement (jusqu&#039;\u00e0 85 %).\" \/>\n<meta name=\"robots\" content=\"index, follow, max-snippet:-1, max-image-preview:large, max-video-preview:-1\" \/>\n<link rel=\"canonical\" href=\"https:\/\/borealisclima.com\/fr\/producto\/rh-recuperateurs-denergie-a-flux-croises\/\" \/>\n<meta property=\"og:locale\" content=\"fr_FR\" \/>\n<meta property=\"og:type\" content=\"article\" \/>\n<meta property=\"og:title\" content=\"RH - R\u00e9cup\u00e9rateurs d&#039;\u00e9nergie \u00e0 flux crois\u00e9s\" \/>\n<meta property=\"og:description\" content=\"Les r\u00e9cup\u00e9rateurs de chaleur RH sont des unit\u00e9s de r\u00e9cup\u00e9ration de chaleur compactes qui int\u00e8grent un \u00e9changeur de chaleur \u00e0 haut rendement (jusqu&#039;\u00e0 85 %).\" \/>\n<meta property=\"og:url\" content=\"https:\/\/borealisclima.com\/fr\/producto\/rh-recuperateurs-denergie-a-flux-croises\/\" \/>\n<meta property=\"og:site_name\" content=\"Borealis | Energie thermique\" \/>\n<meta property=\"article:modified_time\" content=\"2025-08-01T08:46:30+00:00\" \/>\n<meta property=\"og:image\" content=\"https:\/\/borealisclima.com\/fr\/wp-content\/uploads\/sites\/4\/2021\/07\/RH-\u2013-Recuperadores-de-energia-de-flujos-cruzados.jpg\" \/>\n\t<meta property=\"og:image:width\" content=\"2004\" \/>\n\t<meta property=\"og:image:height\" content=\"1899\" \/>\n\t<meta property=\"og:image:type\" content=\"image\/jpeg\" \/>\n<meta name=\"twitter:card\" content=\"summary_large_image\" \/>\n<meta name=\"twitter:label1\" content=\"Dur\u00e9e de lecture estim\u00e9e\" \/>\n\t<meta name=\"twitter:data1\" content=\"2 minutes\" \/>\n<script type=\"application\/ld+json\" class=\"yoast-schema-graph\">{\"@context\":\"https:\\\/\\\/schema.org\",\"@graph\":[{\"@type\":\"WebPage\",\"@id\":\"https:\\\/\\\/borealisclima.com\\\/fr\\\/producto\\\/rh-recuperateurs-denergie-a-flux-croises\\\/\",\"url\":\"https:\\\/\\\/borealisclima.com\\\/fr\\\/producto\\\/rh-recuperateurs-denergie-a-flux-croises\\\/\",\"name\":\"RH - R\u00e9cup\u00e9rateurs d'\u00e9nergie \u00e0 flux crois\u00e9s\",\"isPartOf\":{\"@id\":\"https:\\\/\\\/borealisclima.com\\\/fr\\\/#website\"},\"primaryImageOfPage\":{\"@id\":\"https:\\\/\\\/borealisclima.com\\\/fr\\\/producto\\\/rh-recuperateurs-denergie-a-flux-croises\\\/#primaryimage\"},\"image\":{\"@id\":\"https:\\\/\\\/borealisclima.com\\\/fr\\\/producto\\\/rh-recuperateurs-denergie-a-flux-croises\\\/#primaryimage\"},\"thumbnailUrl\":\"https:\\\/\\\/borealisclima.com\\\/fr\\\/wp-content\\\/uploads\\\/sites\\\/4\\\/2021\\\/07\\\/RH-\u2013-Recuperadores-de-energia-de-flujos-cruzados.jpg\",\"datePublished\":\"2021-07-14T15:16:18+00:00\",\"dateModified\":\"2025-08-01T08:46:30+00:00\",\"description\":\"Les r\u00e9cup\u00e9rateurs de chaleur RH sont des unit\u00e9s de r\u00e9cup\u00e9ration de chaleur compactes qui int\u00e8grent un \u00e9changeur de chaleur \u00e0 haut rendement (jusqu'\u00e0 85 %).\",\"breadcrumb\":{\"@id\":\"https:\\\/\\\/borealisclima.com\\\/fr\\\/producto\\\/rh-recuperateurs-denergie-a-flux-croises\\\/#breadcrumb\"},\"inLanguage\":\"fr-FR\",\"potentialAction\":[{\"@type\":\"ReadAction\",\"target\":[\"https:\\\/\\\/borealisclima.com\\\/fr\\\/producto\\\/rh-recuperateurs-denergie-a-flux-croises\\\/\"]}]},{\"@type\":\"ImageObject\",\"inLanguage\":\"fr-FR\",\"@id\":\"https:\\\/\\\/borealisclima.com\\\/fr\\\/producto\\\/rh-recuperateurs-denergie-a-flux-croises\\\/#primaryimage\",\"url\":\"https:\\\/\\\/borealisclima.com\\\/fr\\\/wp-content\\\/uploads\\\/sites\\\/4\\\/2021\\\/07\\\/RH-\u2013-Recuperadores-de-energia-de-flujos-cruzados.jpg\",\"contentUrl\":\"https:\\\/\\\/borealisclima.com\\\/fr\\\/wp-content\\\/uploads\\\/sites\\\/4\\\/2021\\\/07\\\/RH-\u2013-Recuperadores-de-energia-de-flujos-cruzados.jpg\",\"width\":2004,\"height\":1899},{\"@type\":\"BreadcrumbList\",\"@id\":\"https:\\\/\\\/borealisclima.com\\\/fr\\\/producto\\\/rh-recuperateurs-denergie-a-flux-croises\\\/#breadcrumb\",\"itemListElement\":[{\"@type\":\"ListItem\",\"position\":1,\"name\":\"Portada\",\"item\":\"https:\\\/\\\/borealisclima.com\\\/fr\\\/\"},{\"@type\":\"ListItem\",\"position\":2,\"name\":\"Magasin\",\"item\":\"https:\\\/\\\/borealisclima.com\\\/fr\\\/magasin\\\/\"},{\"@type\":\"ListItem\",\"position\":3,\"name\":\"RH &#8211; R\u00e9cup\u00e9rateurs d&#8217;\u00e9nergie \u00e0 flux crois\u00e9s\"}]},{\"@type\":\"WebSite\",\"@id\":\"https:\\\/\\\/borealisclima.com\\\/fr\\\/#website\",\"url\":\"https:\\\/\\\/borealisclima.com\\\/fr\\\/\",\"name\":\"Borealis | Energie thermique\",\"description\":\"Entreprise du groupe Campos Corporaci\u00f3na\",\"potentialAction\":[{\"@type\":\"SearchAction\",\"target\":{\"@type\":\"EntryPoint\",\"urlTemplate\":\"https:\\\/\\\/borealisclima.com\\\/fr\\\/?s={search_term_string}\"},\"query-input\":{\"@type\":\"PropertyValueSpecification\",\"valueRequired\":true,\"valueName\":\"search_term_string\"}}],\"inLanguage\":\"fr-FR\"}]}<\/script>\n<!-- \/ Yoast SEO plugin. -->","yoast_head_json":{"title":"RH - R\u00e9cup\u00e9rateurs d'\u00e9nergie \u00e0 flux crois\u00e9s","description":"Les r\u00e9cup\u00e9rateurs de chaleur RH sont des unit\u00e9s de r\u00e9cup\u00e9ration de chaleur compactes qui int\u00e8grent un \u00e9changeur de chaleur \u00e0 haut rendement (jusqu'\u00e0 85 %).","robots":{"index":"index","follow":"follow","max-snippet":"max-snippet:-1","max-image-preview":"max-image-preview:large","max-video-preview":"max-video-preview:-1"},"canonical":"https:\/\/borealisclima.com\/fr\/producto\/rh-recuperateurs-denergie-a-flux-croises\/","og_locale":"fr_FR","og_type":"article","og_title":"RH - R\u00e9cup\u00e9rateurs d'\u00e9nergie \u00e0 flux crois\u00e9s","og_description":"Les r\u00e9cup\u00e9rateurs de chaleur RH sont des unit\u00e9s de r\u00e9cup\u00e9ration de chaleur compactes qui int\u00e8grent un \u00e9changeur de chaleur \u00e0 haut rendement (jusqu'\u00e0 85 %).","og_url":"https:\/\/borealisclima.com\/fr\/producto\/rh-recuperateurs-denergie-a-flux-croises\/","og_site_name":"Borealis | Energie thermique","article_modified_time":"2025-08-01T08:46:30+00:00","og_image":[{"width":2004,"height":1899,"url":"https:\/\/borealisclima.com\/fr\/wp-content\/uploads\/sites\/4\/2021\/07\/RH-\u2013-Recuperadores-de-energia-de-flujos-cruzados.jpg","type":"image\/jpeg"}],"twitter_card":"summary_large_image","twitter_misc":{"Dur\u00e9e de lecture estim\u00e9e":"2 minutes"},"schema":{"@context":"https:\/\/schema.org","@graph":[{"@type":"WebPage","@id":"https:\/\/borealisclima.com\/fr\/producto\/rh-recuperateurs-denergie-a-flux-croises\/","url":"https:\/\/borealisclima.com\/fr\/producto\/rh-recuperateurs-denergie-a-flux-croises\/","name":"RH - R\u00e9cup\u00e9rateurs d'\u00e9nergie \u00e0 flux crois\u00e9s","isPartOf":{"@id":"https:\/\/borealisclima.com\/fr\/#website"},"primaryImageOfPage":{"@id":"https:\/\/borealisclima.com\/fr\/producto\/rh-recuperateurs-denergie-a-flux-croises\/#primaryimage"},"image":{"@id":"https:\/\/borealisclima.com\/fr\/producto\/rh-recuperateurs-denergie-a-flux-croises\/#primaryimage"},"thumbnailUrl":"https:\/\/borealisclima.com\/fr\/wp-content\/uploads\/sites\/4\/2021\/07\/RH-\u2013-Recuperadores-de-energia-de-flujos-cruzados.jpg","datePublished":"2021-07-14T15:16:18+00:00","dateModified":"2025-08-01T08:46:30+00:00","description":"Les r\u00e9cup\u00e9rateurs de chaleur RH sont des unit\u00e9s de r\u00e9cup\u00e9ration de chaleur compactes qui int\u00e8grent un \u00e9changeur de chaleur \u00e0 haut rendement (jusqu'\u00e0 85 %).","breadcrumb":{"@id":"https:\/\/borealisclima.com\/fr\/producto\/rh-recuperateurs-denergie-a-flux-croises\/#breadcrumb"},"inLanguage":"fr-FR","potentialAction":[{"@type":"ReadAction","target":["https:\/\/borealisclima.com\/fr\/producto\/rh-recuperateurs-denergie-a-flux-croises\/"]}]},{"@type":"ImageObject","inLanguage":"fr-FR","@id":"https:\/\/borealisclima.com\/fr\/producto\/rh-recuperateurs-denergie-a-flux-croises\/#primaryimage","url":"https:\/\/borealisclima.com\/fr\/wp-content\/uploads\/sites\/4\/2021\/07\/RH-\u2013-Recuperadores-de-energia-de-flujos-cruzados.jpg","contentUrl":"https:\/\/borealisclima.com\/fr\/wp-content\/uploads\/sites\/4\/2021\/07\/RH-\u2013-Recuperadores-de-energia-de-flujos-cruzados.jpg","width":2004,"height":1899},{"@type":"BreadcrumbList","@id":"https:\/\/borealisclima.com\/fr\/producto\/rh-recuperateurs-denergie-a-flux-croises\/#breadcrumb","itemListElement":[{"@type":"ListItem","position":1,"name":"Portada","item":"https:\/\/borealisclima.com\/fr\/"},{"@type":"ListItem","position":2,"name":"Magasin","item":"https:\/\/borealisclima.com\/fr\/magasin\/"},{"@type":"ListItem","position":3,"name":"RH &#8211; R\u00e9cup\u00e9rateurs d&#8217;\u00e9nergie \u00e0 flux crois\u00e9s"}]},{"@type":"WebSite","@id":"https:\/\/borealisclima.com\/fr\/#website","url":"https:\/\/borealisclima.com\/fr\/","name":"Borealis | Energie thermique","description":"Entreprise du groupe Campos Corporaci\u00f3na","potentialAction":[{"@type":"SearchAction","target":{"@type":"EntryPoint","urlTemplate":"https:\/\/borealisclima.com\/fr\/?s={search_term_string}"},"query-input":{"@type":"PropertyValueSpecification","valueRequired":true,"valueName":"search_term_string"}}],"inLanguage":"fr-FR"}]}},"_links":{"self":[{"href":"https:\/\/borealisclima.com\/fr\/wp-json\/wp\/v2\/product\/2051","targetHints":{"allow":["GET"]}}],"collection":[{"href":"https:\/\/borealisclima.com\/fr\/wp-json\/wp\/v2\/product"}],"about":[{"href":"https:\/\/borealisclima.com\/fr\/wp-json\/wp\/v2\/types\/product"}],"replies":[{"embeddable":true,"href":"https:\/\/borealisclima.com\/fr\/wp-json\/wp\/v2\/comments?post=2051"}],"wp:featuredmedia":[{"embeddable":true,"href":"https:\/\/borealisclima.com\/fr\/wp-json\/wp\/v2\/media\/3979"}],"wp:attachment":[{"href":"https:\/\/borealisclima.com\/fr\/wp-json\/wp\/v2\/media?parent=2051"}],"wp:term":[{"taxonomy":"product_brand","embeddable":true,"href":"https:\/\/borealisclima.com\/fr\/wp-json\/wp\/v2\/product_brand?post=2051"},{"taxonomy":"product_cat","embeddable":true,"href":"https:\/\/borealisclima.com\/fr\/wp-json\/wp\/v2\/product_cat?post=2051"},{"taxonomy":"product_tag","embeddable":true,"href":"https:\/\/borealisclima.com\/fr\/wp-json\/wp\/v2\/product_tag?post=2051"}],"curies":[{"name":"wp","href":"https:\/\/api.w.org\/{rel}","templated":true}]}}