{"id":303,"date":"2015-01-25T08:59:23","date_gmt":"2015-01-25T08:59:23","guid":{"rendered":"https:\/\/borealisclima.com\/fr\/?post_type=product&#038;p=303"},"modified":"2025-08-01T08:30:56","modified_gmt":"2025-08-01T07:30:56","slug":"deshumidificateurs-horizontaux-hh","status":"publish","type":"product","link":"https:\/\/borealisclima.com\/fr\/producto\/deshumidificateurs-horizontaux-hh\/","title":{"rendered":"D\u00e9shumidificateurs horizontaux HH"},"content":{"rendered":"<div class=\"wpb-content-wrapper\"><h1>Pompes \u00e0 chaleur horizontales pour la d\u00e9shumidification et le contr\u00f4le climatique des piscines int\u00e9rieures moyennes \u00e0 grandes<\/h1>\n<p>Unit\u00e9 de d\u00e9shumidification\/climatisation \u00e0 haute efficacit\u00e9 pour piscines int\u00e9rieures, adapt\u00e9e \u00e0 une installation en ext\u00e9rieur ou en int\u00e9rieur.<\/p>\n<p>Structure r\u00e9alis\u00e9e avec des profils en aluminium anodis\u00e9 avec rupture de pont thermique et panneaux de fermeture amovibles de type sandwich, compos\u00e9s de deux feuilles d&rsquo;acier galvanis\u00e9 laqu\u00e9 avec un noyau d&rsquo;isolation thermo-acoustique en PIR, d&rsquo;une \u00e9paisseur standard de 45 mm. Bac \u00e0 condensats en acier inoxydable.<\/p>\n<p>Unit\u00e9 de r\u00e9frig\u00e9ration \u00e9quip\u00e9e de compresseurs scroll dans un ou plusieurs circuits frigorifiques. Batteries r\u00e9alis\u00e9es avec des tubes en cuivre et des ailettes en alliage aluminium-magn\u00e9sium r\u00e9sistant \u00e0 la corrosion. Batterie de support standard pour chaudi\u00e8re avec vanne \u00e0 deux ou trois voies, int\u00e9gr\u00e9e dans le syst\u00e8me de commande.<\/p>\n<p>Tableau \u00e9lectrique avec d\u00e9tecteur de s\u00e9quence de phases, protection thermique-magn\u00e9tique et disjoncteurs pour chaque moteur.<\/p>\n<p>Filtration standard : F8 en soufflage et G4 en reprise et prise d&rsquo;air ext\u00e9rieur.<\/p>\n<p>Ventilateur standard EC plug-fan dans la section de soufflage avec r\u00e9gulation int\u00e9gr\u00e9e de la pression et du d\u00e9bit dans le syst\u00e8me de commande de l&rsquo;unit\u00e9.<\/p>\n<p><strong>Version \u00ab\u00a0R\u00a0\u00bb<\/strong> avec une section de m\u00e9lange \u00e9quip\u00e9e d&rsquo;un \u00e9changeur de chaleur air-air statique en aluminium avec protection acrylique, pour 100 % du d\u00e9bit nominal de la machine. Ventilateur EC plug-fan standard avec r\u00e9gulation int\u00e9gr\u00e9e de la pression et du d\u00e9bit dans le syst\u00e8me de commande.<\/p>\n<p><strong>Version \u00ab\u00a0M\u00a0\u00bb<\/strong> avec une section de m\u00e9lange \u00e0 trois registres (sans \u00e9changeur de chaleur air-air) et ventilateur centrifuge \u00e0 transmission. Plug-fan en option.<\/p>\n<p><strong>Version \u00ab\u00a0S\u00a0\u00bb<\/strong>, sans section de m\u00e9lange. Syst\u00e8me de contr\u00f4le proportionnel librement programmable avec affichage graphique pour une installation locale ou \u00e0 distance. Menus en espagnol. Connectivit\u00e9 IP et MODBUS standard. Serveur web int\u00e9gr\u00e9.<\/p>\n<p>[vc_row margin_top=\u00a0\u00bb50px\u00a0\u00bb][vc_column][vc_accordion top_margin=\u00a0\u00bbpage_margin_top\u00a0\u00bb title_size=\u00a0\u00bbh3&Prime; style=\u00a0\u00bb3&Prime; active_tab=\u00a0\u00bbfalse\u00a0\u00bb]<\/p>\n<p>[vc_accordion_tab title=\u00a0\u00bbNOUVELLE G\u00c9N\u00c9RATION\u00a0\u00bb tab_id=\u00a0\u00bb1621736-1-75&Prime;][vc_column_text]<\/p>\n<p>La gamme de d\u00e9shumidificateurs Borealis HH repr\u00e9sente l&rsquo;alternative technologique de r\u00e9frig\u00e9ration traditionnelle de Borealis pour les piscines int\u00e9rieures moyennes et grandes. Cela ne signifie pas qu&rsquo;il s&rsquo;agit d&rsquo;une machine ordinaire, car elle int\u00e8gre des \u00e9l\u00e9ments et des solutions innovants qui am\u00e9liorent les performances et la fiabilit\u00e9 de l&rsquo;unit\u00e9, tout en r\u00e9duisant les co\u00fbts d&rsquo;installation et d&rsquo;entretien. La nouvelle g\u00e9n\u00e9ration de d\u00e9shumidificateurs HH a fait l&rsquo;objet d&rsquo;une refonte en profondeur avec des am\u00e9liorations significatives, fruit de plusieurs ann\u00e9es d&rsquo;exp\u00e9rience sur le march\u00e9.<\/p>\n<p>[\/vc_column_text][\/vc_accordion_tab][vc_accordion_tab title=\u00a0\u00bbVARIANTES\u00a0\u00bb tab_id=\u00a0\u00bb16211736-1-75&Prime;][vc_column_text]<\/p>\n<p>La gamme HH est propos\u00e9e dans ces variantes :<\/p>\n<ul>\n<li>\u201cR\u201d, avec module de retour \u00e9quip\u00e9 d\u2019un \u00e9changeur de chaleur air-air pour 100 % du d\u00e9bit ;<br \/>\n\u201cM\u201d, avec module de m\u00e9lange et ventilateur de retour, sans \u00e9changeur de chaleur ;<br \/>\n\u201cS\u201d, sans module de m\u00e9lange ;<br \/>\n\u201cQ\u201d, avec r\u00e9cup\u00e9ration active et ventilateurs plug-fan.<\/li>\n<\/ul>\n<p>Dans toutes les variantes, les unit\u00e9s HH sont \u00e9quip\u00e9es en standard d&rsquo;un ventilateur EC plug-fan en soufflage avec variateur de fr\u00e9quence et haute pression statique, r\u00e9glable depuis le syst\u00e8me de commande de l&rsquo;unit\u00e9. Pour maximiser l&rsquo;efficacit\u00e9, les versions \u201cR\u201d sont \u00e9galement \u00e9quip\u00e9es en standard d&rsquo;un ventilateur EC plug-fan en reprise.<\/p>\n<p>Le d\u00e9bit de l&rsquo;\u00e9changeur de chaleur air-air dans les versions \u201cR\u201d est automatiquement r\u00e9gul\u00e9 entre 0 et 100 % du d\u00e9bit nominal de l&rsquo;unit\u00e9, permettant d&rsquo;utiliser la m\u00eame unit\u00e9 pour diff\u00e9rents cas tout en assurant un \u00e9change d&rsquo;air et une d\u00e9shumidification efficaces via l&rsquo;air ext\u00e9rieur.<\/p>\n<p>[\/vc_column_text][\/vc_accordion_tab][vc_accordion_tab title=\u00a0\u00bbREPENS\u00c9\u00a0\u00bb tab_id=\u00a0\u00bb16219436-1-75&Prime;][vc_column_text]<\/p>\n<p>Les objectifs suppl\u00e9mentaires atteints avec la refonte des unit\u00e9s Borealis HH incluent :<\/p>\n<ul>\n<li>\u00c9viter que les ventilateurs EC et les compresseurs frigorifiques ne soient expos\u00e9s \u00e0 des temp\u00e9ratures \u00e9lev\u00e9es provenant de la batterie d&rsquo;eau chaude auxiliaire et du condenseur \u00e0 air.<\/li>\n<li>Simplifier et rendre plus propres les raccordements des gaines, en r\u00e9duisant le nombre d&rsquo;ouvertures et en offrant une plus grande polyvalence dans leur emplacement.<\/li>\n<li>Assurer une circulation d&rsquo;air plus uniforme \u00e0 travers les batteries et r\u00e9duire le facteur de bypass.<\/li>\n<li>Fournir des compresseurs \u00e0 inverter en option permettant des fonctions suppl\u00e9mentaires telles que la r\u00e9duction nocturne.<\/li>\n<\/ul>\n<p>[\/vc_column_text][\/vc_accordion_tab][vc_accordion_tab title=\u00a0\u00bbCONTR\u00d4LE AVANC\u00c9\u00a0\u00bb tab_id=\u00a0\u00bb162194173-75&Prime;][vc_column_text]<\/p>\n<p>Une autre nouveaut\u00e9 dans la gamme HH est le nouveau syst\u00e8me de contr\u00f4le, librement programmable et avec communication int\u00e9gr\u00e9e, permettant un contr\u00f4le complet de l&rsquo;unit\u00e9 depuis un BMS ou tout appareil connect\u00e9 \u00e0 Internet. Les principales fonctionnalit\u00e9s incluent :<\/p>\n<ul>\n<li>Nouvelle interface avec des ic\u00f4nes et messages mis \u00e0 jour en espagnol pour une meilleure compr\u00e9hension.<\/li>\n<li>M\u00e9lange proportionnel (\u00ab free cooling \u00bb) au lieu du mode marche\/arr\u00eat, activ\u00e9 par comparaison de l&rsquo;humidit\u00e9 absolue avec correction thermique.<\/li>\n<li>D\u00e9shumidification via l&rsquo;air ext\u00e9rieur.<\/li>\n<li>Fonctions suppl\u00e9mentaires : r\u00e9duction du d\u00e9bit d&rsquo;air nocturne, d\u00e9sactivation des compresseurs, recirculation totale, fonction calendrier, etc.<\/li>\n<li>Communication standard via TCP\/IP et Modbus, avec passerelles optionnelles pour d&rsquo;autres protocoles BMS.<\/li>\n<\/ul>\n<p>La gamme HH offre aux concepteurs et installateurs les meilleures performances de sa cat\u00e9gorie, dans un package complet avec une technologie moderne mais accessible.<\/p>\n<p style=\"text-align: left;\"><a class=\"dt-single-image\" href=\"https:\/\/borealisclima.com\/fr\/wp-content\/uploads\/sites\/4\/2015\/01\/hh2.jpg\" data-dt-img-description=\"\"><img loading=\"lazy\" decoding=\"async\" class=\"size-medium wp-image-1920 aligncenter\" src=\"https:\/\/borealisclima.com\/fr\/wp-content\/uploads\/sites\/4\/2015\/01\/hh2-300x138.jpg\" alt=\"\" width=\"300\" height=\"138\" srcset=\"https:\/\/borealisclima.com\/fr\/wp-content\/uploads\/sites\/4\/2015\/01\/hh2-300x138.jpg 300w, https:\/\/borealisclima.com\/fr\/wp-content\/uploads\/sites\/4\/2015\/01\/hh2-450x207.jpg 450w, https:\/\/borealisclima.com\/fr\/wp-content\/uploads\/sites\/4\/2015\/01\/hh2-768x353.jpg 768w, https:\/\/borealisclima.com\/fr\/wp-content\/uploads\/sites\/4\/2015\/01\/hh2.jpg 993w\" sizes=\"auto, (max-width: 300px) 100vw, 300px\" \/><\/a><\/p>\n<p>&nbsp;<\/p>\n<p>[\/vc_column_text][\/vc_accordion_tab]<\/p>\n<p>[\/vc_accordion][\/vc_column][\/vc_row]<\/p>\n<p>&nbsp;<\/p>\n<p>&nbsp;<\/p>\n<p><img loading=\"lazy\" decoding=\"async\" class=\" size-full wp-image-17\" style=\"margin-right: 10px;\" src=\"https:\/\/borealisclima.com\/fr\/wp-content\/uploads\/sites\/4\/2011\/04\/pdf-icon.jpg\" alt=\"\" width=\"24\" height=\"24\" align=\"absmiddle\" border=\"0\" \/><a href=\"https:\/\/drive.google.com\/file\/d\/1TVCSXzjlTRRtXJtWJBhb7bMmjPAB1I6s\/view?usp=drive_link\" target=\"_blank\" rel=\"noopener noreferrer\">T\u00e9l\u00e9charger le catalogue &lsquo;D\u00e9shumidificateurs HH Horizontaux&rsquo; [PDF]<\/a><\/p>\n<\/div>","protected":false},"excerpt":{"rendered":"<p><strong>HH &#8211; Pompes \u00e0 chaleur horizontales pour la d\u00e9shumidification et le contr\u00f4le climatique des piscines int\u00e9rieures moyennes \u00e0 grandes<\/strong><\/p>\n<p>La gamme de d\u00e9shumidificateurs Borealis HH repr\u00e9sente l&rsquo;alternative technologique traditionnelle de r\u00e9frig\u00e9ration de Borealis pour les piscines int\u00e9rieures moyennes et grandes. Ce n&rsquo;est pas une machine ordinaire, car elle int\u00e8gre des \u00e9l\u00e9ments et des solutions innovants qui am\u00e9liorent les performances et la fiabilit\u00e9 de l&rsquo;unit\u00e9, tout en r\u00e9duisant les co\u00fbts d&rsquo;installation et d&rsquo;entretien.<\/p>\n<p>La nouvelle g\u00e9n\u00e9ration de d\u00e9shumidificateurs HH a fait l&rsquo;objet d&rsquo;une refonte profonde, avec des am\u00e9liorations significatives issues de nombreuses ann\u00e9es d&rsquo;exp\u00e9rience sur le march\u00e9.<\/p>\n","protected":false},"featured_media":3972,"comment_status":"closed","ping_status":"closed","template":"","meta":[],"product_brand":[],"product_cat":[29],"product_tag":[58,35,113,125,59,114,33,57,115,112,129,126,128],"class_list":{"0":"post-303","1":"product","2":"type-product","3":"status-publish","4":"has-post-thumbnail","6":"product_cat-deshumidificateurs-pour-piscines-interieures","7":"product_tag-air-conditioner","8":"product_tag-air-conditioning","9":"product_tag-climate","10":"product_tag-dehumidification","11":"product_tag-dehumidifiers","12":"product_tag-equipment","13":"product_tag-heat-pumps","14":"product_tag-indoor-swimming-pools","15":"product_tag-installations","16":"product_tag-machine","17":"product_tag-roofing","18":"product_tag-spa","19":"product_tag-swimming-pools","20":"description-off","22":"first","23":"instock","24":"shipping-taxable","25":"product-type-simple"},"yoast_head":"<!-- This site is optimized with the Yoast SEO plugin v27.3 - https:\/\/yoast.com\/product\/yoast-seo-wordpress\/ -->\n<title>D\u00e9shumidificateurs horizontaux HH - Borealis | Energie thermique<\/title>\n<meta name=\"description\" content=\"Pompes \u00e0 chaleur horizontales pour la d\u00e9shumidification et la climatisation de piscines int\u00e9rieures de taille moyenne \u00e0 grande.\" \/>\n<meta name=\"robots\" content=\"index, follow, max-snippet:-1, max-image-preview:large, max-video-preview:-1\" \/>\n<link rel=\"canonical\" href=\"https:\/\/borealisclima.com\/fr\/producto\/deshumidificateurs-horizontaux-hh\/\" \/>\n<meta property=\"og:locale\" content=\"fr_FR\" \/>\n<meta property=\"og:type\" content=\"article\" \/>\n<meta property=\"og:title\" content=\"D\u00e9shumidificateurs horizontaux HH - Borealis | Energie thermique\" \/>\n<meta property=\"og:description\" content=\"Pompes \u00e0 chaleur horizontales pour la d\u00e9shumidification et la climatisation de piscines int\u00e9rieures de taille moyenne \u00e0 grande.\" \/>\n<meta property=\"og:url\" content=\"https:\/\/borealisclima.com\/fr\/producto\/deshumidificateurs-horizontaux-hh\/\" \/>\n<meta property=\"og:site_name\" content=\"Borealis | Energie thermique\" \/>\n<meta property=\"article:modified_time\" content=\"2025-08-01T07:30:56+00:00\" \/>\n<meta property=\"og:image\" content=\"https:\/\/borealisclima.com\/fr\/wp-content\/uploads\/sites\/4\/2015\/01\/Deshumidificadoras-horizontales-HH.jpg\" \/>\n\t<meta property=\"og:image:width\" content=\"2004\" \/>\n\t<meta property=\"og:image:height\" content=\"1899\" \/>\n\t<meta property=\"og:image:type\" content=\"image\/jpeg\" \/>\n<meta name=\"twitter:card\" content=\"summary_large_image\" \/>\n<meta name=\"twitter:label1\" content=\"Dur\u00e9e de lecture estim\u00e9e\" \/>\n\t<meta name=\"twitter:data1\" content=\"5 minutes\" \/>\n<script type=\"application\/ld+json\" class=\"yoast-schema-graph\">{\"@context\":\"https:\\\/\\\/schema.org\",\"@graph\":[{\"@type\":\"WebPage\",\"@id\":\"https:\\\/\\\/borealisclima.com\\\/fr\\\/producto\\\/deshumidificateurs-horizontaux-hh\\\/\",\"url\":\"https:\\\/\\\/borealisclima.com\\\/fr\\\/producto\\\/deshumidificateurs-horizontaux-hh\\\/\",\"name\":\"D\u00e9shumidificateurs horizontaux HH - Borealis | Energie thermique\",\"isPartOf\":{\"@id\":\"https:\\\/\\\/borealisclima.com\\\/fr\\\/#website\"},\"primaryImageOfPage\":{\"@id\":\"https:\\\/\\\/borealisclima.com\\\/fr\\\/producto\\\/deshumidificateurs-horizontaux-hh\\\/#primaryimage\"},\"image\":{\"@id\":\"https:\\\/\\\/borealisclima.com\\\/fr\\\/producto\\\/deshumidificateurs-horizontaux-hh\\\/#primaryimage\"},\"thumbnailUrl\":\"https:\\\/\\\/borealisclima.com\\\/fr\\\/wp-content\\\/uploads\\\/sites\\\/4\\\/2015\\\/01\\\/Deshumidificadoras-horizontales-HH.jpg\",\"datePublished\":\"2015-01-25T08:59:23+00:00\",\"dateModified\":\"2025-08-01T07:30:56+00:00\",\"description\":\"Pompes \u00e0 chaleur horizontales pour la d\u00e9shumidification et la climatisation de piscines int\u00e9rieures de taille moyenne \u00e0 grande.\",\"breadcrumb\":{\"@id\":\"https:\\\/\\\/borealisclima.com\\\/fr\\\/producto\\\/deshumidificateurs-horizontaux-hh\\\/#breadcrumb\"},\"inLanguage\":\"fr-FR\",\"potentialAction\":[{\"@type\":\"ReadAction\",\"target\":[\"https:\\\/\\\/borealisclima.com\\\/fr\\\/producto\\\/deshumidificateurs-horizontaux-hh\\\/\"]}]},{\"@type\":\"ImageObject\",\"inLanguage\":\"fr-FR\",\"@id\":\"https:\\\/\\\/borealisclima.com\\\/fr\\\/producto\\\/deshumidificateurs-horizontaux-hh\\\/#primaryimage\",\"url\":\"https:\\\/\\\/borealisclima.com\\\/fr\\\/wp-content\\\/uploads\\\/sites\\\/4\\\/2015\\\/01\\\/Deshumidificadoras-horizontales-HH.jpg\",\"contentUrl\":\"https:\\\/\\\/borealisclima.com\\\/fr\\\/wp-content\\\/uploads\\\/sites\\\/4\\\/2015\\\/01\\\/Deshumidificadoras-horizontales-HH.jpg\",\"width\":2004,\"height\":1899},{\"@type\":\"BreadcrumbList\",\"@id\":\"https:\\\/\\\/borealisclima.com\\\/fr\\\/producto\\\/deshumidificateurs-horizontaux-hh\\\/#breadcrumb\",\"itemListElement\":[{\"@type\":\"ListItem\",\"position\":1,\"name\":\"Portada\",\"item\":\"https:\\\/\\\/borealisclima.com\\\/fr\\\/\"},{\"@type\":\"ListItem\",\"position\":2,\"name\":\"Magasin\",\"item\":\"https:\\\/\\\/borealisclima.com\\\/fr\\\/magasin\\\/\"},{\"@type\":\"ListItem\",\"position\":3,\"name\":\"D\u00e9shumidificateurs horizontaux HH\"}]},{\"@type\":\"WebSite\",\"@id\":\"https:\\\/\\\/borealisclima.com\\\/fr\\\/#website\",\"url\":\"https:\\\/\\\/borealisclima.com\\\/fr\\\/\",\"name\":\"Borealis | Energie thermique\",\"description\":\"Entreprise du groupe Campos Corporaci\u00f3na\",\"potentialAction\":[{\"@type\":\"SearchAction\",\"target\":{\"@type\":\"EntryPoint\",\"urlTemplate\":\"https:\\\/\\\/borealisclima.com\\\/fr\\\/?s={search_term_string}\"},\"query-input\":{\"@type\":\"PropertyValueSpecification\",\"valueRequired\":true,\"valueName\":\"search_term_string\"}}],\"inLanguage\":\"fr-FR\"}]}<\/script>\n<!-- \/ Yoast SEO plugin. -->","yoast_head_json":{"title":"D\u00e9shumidificateurs horizontaux HH - Borealis | Energie thermique","description":"Pompes \u00e0 chaleur horizontales pour la d\u00e9shumidification et la climatisation de piscines int\u00e9rieures de taille moyenne \u00e0 grande.","robots":{"index":"index","follow":"follow","max-snippet":"max-snippet:-1","max-image-preview":"max-image-preview:large","max-video-preview":"max-video-preview:-1"},"canonical":"https:\/\/borealisclima.com\/fr\/producto\/deshumidificateurs-horizontaux-hh\/","og_locale":"fr_FR","og_type":"article","og_title":"D\u00e9shumidificateurs horizontaux HH - Borealis | Energie thermique","og_description":"Pompes \u00e0 chaleur horizontales pour la d\u00e9shumidification et la climatisation de piscines int\u00e9rieures de taille moyenne \u00e0 grande.","og_url":"https:\/\/borealisclima.com\/fr\/producto\/deshumidificateurs-horizontaux-hh\/","og_site_name":"Borealis | Energie thermique","article_modified_time":"2025-08-01T07:30:56+00:00","og_image":[{"width":2004,"height":1899,"url":"https:\/\/borealisclima.com\/fr\/wp-content\/uploads\/sites\/4\/2015\/01\/Deshumidificadoras-horizontales-HH.jpg","type":"image\/jpeg"}],"twitter_card":"summary_large_image","twitter_misc":{"Dur\u00e9e de lecture estim\u00e9e":"5 minutes"},"schema":{"@context":"https:\/\/schema.org","@graph":[{"@type":"WebPage","@id":"https:\/\/borealisclima.com\/fr\/producto\/deshumidificateurs-horizontaux-hh\/","url":"https:\/\/borealisclima.com\/fr\/producto\/deshumidificateurs-horizontaux-hh\/","name":"D\u00e9shumidificateurs horizontaux HH - Borealis | Energie thermique","isPartOf":{"@id":"https:\/\/borealisclima.com\/fr\/#website"},"primaryImageOfPage":{"@id":"https:\/\/borealisclima.com\/fr\/producto\/deshumidificateurs-horizontaux-hh\/#primaryimage"},"image":{"@id":"https:\/\/borealisclima.com\/fr\/producto\/deshumidificateurs-horizontaux-hh\/#primaryimage"},"thumbnailUrl":"https:\/\/borealisclima.com\/fr\/wp-content\/uploads\/sites\/4\/2015\/01\/Deshumidificadoras-horizontales-HH.jpg","datePublished":"2015-01-25T08:59:23+00:00","dateModified":"2025-08-01T07:30:56+00:00","description":"Pompes \u00e0 chaleur horizontales pour la d\u00e9shumidification et la climatisation de piscines int\u00e9rieures de taille moyenne \u00e0 grande.","breadcrumb":{"@id":"https:\/\/borealisclima.com\/fr\/producto\/deshumidificateurs-horizontaux-hh\/#breadcrumb"},"inLanguage":"fr-FR","potentialAction":[{"@type":"ReadAction","target":["https:\/\/borealisclima.com\/fr\/producto\/deshumidificateurs-horizontaux-hh\/"]}]},{"@type":"ImageObject","inLanguage":"fr-FR","@id":"https:\/\/borealisclima.com\/fr\/producto\/deshumidificateurs-horizontaux-hh\/#primaryimage","url":"https:\/\/borealisclima.com\/fr\/wp-content\/uploads\/sites\/4\/2015\/01\/Deshumidificadoras-horizontales-HH.jpg","contentUrl":"https:\/\/borealisclima.com\/fr\/wp-content\/uploads\/sites\/4\/2015\/01\/Deshumidificadoras-horizontales-HH.jpg","width":2004,"height":1899},{"@type":"BreadcrumbList","@id":"https:\/\/borealisclima.com\/fr\/producto\/deshumidificateurs-horizontaux-hh\/#breadcrumb","itemListElement":[{"@type":"ListItem","position":1,"name":"Portada","item":"https:\/\/borealisclima.com\/fr\/"},{"@type":"ListItem","position":2,"name":"Magasin","item":"https:\/\/borealisclima.com\/fr\/magasin\/"},{"@type":"ListItem","position":3,"name":"D\u00e9shumidificateurs horizontaux HH"}]},{"@type":"WebSite","@id":"https:\/\/borealisclima.com\/fr\/#website","url":"https:\/\/borealisclima.com\/fr\/","name":"Borealis | Energie thermique","description":"Entreprise du groupe Campos Corporaci\u00f3na","potentialAction":[{"@type":"SearchAction","target":{"@type":"EntryPoint","urlTemplate":"https:\/\/borealisclima.com\/fr\/?s={search_term_string}"},"query-input":{"@type":"PropertyValueSpecification","valueRequired":true,"valueName":"search_term_string"}}],"inLanguage":"fr-FR"}]}},"_links":{"self":[{"href":"https:\/\/borealisclima.com\/fr\/wp-json\/wp\/v2\/product\/303","targetHints":{"allow":["GET"]}}],"collection":[{"href":"https:\/\/borealisclima.com\/fr\/wp-json\/wp\/v2\/product"}],"about":[{"href":"https:\/\/borealisclima.com\/fr\/wp-json\/wp\/v2\/types\/product"}],"replies":[{"embeddable":true,"href":"https:\/\/borealisclima.com\/fr\/wp-json\/wp\/v2\/comments?post=303"}],"wp:featuredmedia":[{"embeddable":true,"href":"https:\/\/borealisclima.com\/fr\/wp-json\/wp\/v2\/media\/3972"}],"wp:attachment":[{"href":"https:\/\/borealisclima.com\/fr\/wp-json\/wp\/v2\/media?parent=303"}],"wp:term":[{"taxonomy":"product_brand","embeddable":true,"href":"https:\/\/borealisclima.com\/fr\/wp-json\/wp\/v2\/product_brand?post=303"},{"taxonomy":"product_cat","embeddable":true,"href":"https:\/\/borealisclima.com\/fr\/wp-json\/wp\/v2\/product_cat?post=303"},{"taxonomy":"product_tag","embeddable":true,"href":"https:\/\/borealisclima.com\/fr\/wp-json\/wp\/v2\/product_tag?post=303"}],"curies":[{"name":"wp","href":"https:\/\/api.w.org\/{rel}","templated":true}]}}