{"id":348,"date":"2015-01-27T11:17:34","date_gmt":"2015-01-27T11:17:34","guid":{"rendered":"https:\/\/borealisclima.com\/fr\/producto\/bombas-de-calor-ace\/"},"modified":"2025-06-18T07:28:32","modified_gmt":"2025-06-18T06:28:32","slug":"pompes-a-chaleur-ace","status":"publish","type":"product","link":"https:\/\/borealisclima.com\/fr\/producto\/pompes-a-chaleur-ace\/","title":{"rendered":"Pompes \u00e0 chaleur ACE"},"content":{"rendered":"<div class=\"wpb-content-wrapper\"><p>Borealis ACE : pompe \u00e0 chaleur r\u00e9versible autonome pour le traitement de l&rsquo;air primaire (100 % air ext\u00e9rieur) avec double r\u00e9cup\u00e9ration d&rsquo;\u00e9nergie : r\u00e9cup\u00e9ration statique en flux crois\u00e9 et r\u00e9cup\u00e9ration frigorifique, \u00e9quip\u00e9e de compresseurs \u00e0 inverter pour une temp\u00e9rature de soufflage constante.<\/p>\n<p>Structure r\u00e9alis\u00e9e avec des profil\u00e9s en aluminium anodis\u00e9 avec rupture de pont thermique et panneaux de fermeture sandwich amovibles, compos\u00e9s de deux feuilles d&rsquo;acier galvanis\u00e9 laqu\u00e9 avec un noyau isolant thermo-acoustique en PIR, \u00e9paisseur standard de 45 mm. Int\u00e9rieur des panneaux laqu\u00e9. Bac \u00e0 condensats en acier inoxydable. Unit\u00e9 frigorifique \u00e9quip\u00e9e de compresseurs scroll \u00e0 inverter en standard. Batteries r\u00e9alis\u00e9es avec des tubes en cuivre et des ailettes en alliage aluminium-magn\u00e9sium r\u00e9sistantes \u00e0 la corrosion.<\/p>\n<p>Ventilateurs EC plug-fan standard avec r\u00e9gulation de pression et de d\u00e9bit int\u00e9gr\u00e9e dans le syst\u00e8me de commande de l&rsquo;unit\u00e9.<\/p>\n<p>\u00c9changeur de chaleur statique air-air haute performance en aluminium avec certification Eurovent. Tableau \u00e9lectrique avec d\u00e9tecteur de s\u00e9quence de phases, protection thermique et magn\u00e9tique, et disjoncteurs pour chaque moteur, d\u00e9tecteur de s\u00e9quence de phases.<\/p>\n<p>Filtration standard : G4 en extraction et en entr\u00e9e d&rsquo;air ext\u00e9rieur. En option, filtres haute efficacit\u00e9.<\/p>\n<p>Commande proportionnelle communicable avec connectivit\u00e9 IP et MODBUS. Passerelles de communication vers d&rsquo;autres syst\u00e8mes de gestion technique disponibles sur demande. Programmation propri\u00e9taire avec mises \u00e0 jour p\u00e9riodiques disponibles. Optionnellement, commande marche\/arr\u00eat.<\/p>\n<p>[vc_row margin_top=\u00a0\u00bb50px\u00a0\u00bb][vc_column][vc_accordion top_margin=\u00a0\u00bbpage_margin_top\u00a0\u00bb title_size=\u00a0\u00bbh3&Prime; style=\u00a0\u00bb3&Prime; active_tab=\u00a0\u00bbfalse\u00a0\u00bb]<\/p>\n<p>[vc_accordion_tab title=\u00a0\u00bb\u00c9QUIPEMENT ENTI\u00c8REMENT AUTONOME\u00a0\u00bb tab_id=\u00a0\u00bb1621736-1-75&Prime;][vc_column_text]<\/p>\n<p>Les unit\u00e9s ACE sont des syst\u00e8mes autonomes, ce qui signifie qu&rsquo;elles n&rsquo;ont pas besoin d&rsquo;\u00eatre connect\u00e9es \u00e0 des tuyaux d&rsquo;eau de chaudi\u00e8re ou de refroidisseur ni \u00e0 des conduites de r\u00e9frig\u00e9rant. Elles sont \u00e9quip\u00e9es de leur propre syst\u00e8me de commande et peuvent \u00eatre install\u00e9es sur des toits ou \u00e0 l&rsquo;int\u00e9rieur.<\/p>\n<p>Leur compl\u00e8te ind\u00e9pendance et leur grande efficacit\u00e9 les rendent adapt\u00e9es \u00e0 fonctionner en compl\u00e9ment de tout syst\u00e8me principal de contr\u00f4le climatique, qu&rsquo;il s&rsquo;agisse de chauffage par chaudi\u00e8re et radiateurs ou de syst\u00e8mes \u00e0 d\u00e9bit de r\u00e9frig\u00e9rant variable.<\/p>\n<p>[\/vc_column_text][\/vc_accordion_tab][vc_accordion_tab title=\u00a0\u00bbUNIQUE AVEC TECHNOLOGIE INVERTER\u00a0\u00bb tab_id=\u00a0\u00bb16211736-1-75&Prime;][vc_column_text]<\/p>\n<p>Lors de la conception d&rsquo;un projet avec des unit\u00e9s d&rsquo;air primaire, il est essentiel de maintenir une temp\u00e9rature de soufflage aussi constante que possible pour \u00e9viter tout inconfort pour les utilisateurs. Si l&rsquo;unit\u00e9 d&rsquo;air primaire n&rsquo;est pas \u00e9quip\u00e9e d&rsquo;un inverter, la temp\u00e9rature de soufflage variera consid\u00e9rablement lorsque le compresseur s&rsquo;allume et s&rsquo;\u00e9teint pour atteindre la temp\u00e9rature de consigne. Pour les unit\u00e9s d&rsquo;air primaire, ces variations peuvent \u00eatre importantes et abruptes, et elles se produisent hors synchronisation avec le mode de fonctionnement de la machine ; par exemple, lorsque le compresseur est \u00e9teint en hiver, la temp\u00e9rature de soufflage baisse, et inversement.<\/p>\n<p>Pour \u00e9viter cet effet, Borealis \u00e9quipe les unit\u00e9s ACE de compresseurs \u00e0 technologie inverter en standard. Cela permet un contr\u00f4le tr\u00e8s pr\u00e9cis de la puissance des compresseurs, \u00e9vitant les fluctuations et maintenant une temp\u00e9rature de soufflage constante, tout en r\u00e9duisant les co\u00fbts de fonctionnement.<\/p>\n<p>[\/vc_column_text][\/vc_accordion_tab][vc_accordion_tab title=\u00a0\u00bbR\u00c9CUP\u00c9RATION DE LA CHALEUR DE CONDENSATION\u00a0\u00bb tab_id=\u00a0\u00bb16219436-1-75&Prime;][vc_column_text]<\/p>\n<p>Optionnellement, les unit\u00e9s ACE peuvent \u00eatre \u00e9quip\u00e9es de syst\u00e8mes de r\u00e9cup\u00e9ration de chaleur de condensation, capables de r\u00e9cup\u00e9rer entre 10 % et 100 % de la capacit\u00e9 frigorifique de l&rsquo;unit\u00e9. Cette chaleur r\u00e9cup\u00e9r\u00e9e en mode \u00e9t\u00e9 peut \u00eatre utilis\u00e9e pour pr\u00e9chauffer l&rsquo;ECS sans co\u00fbt suppl\u00e9mentaire, et en tant qu&rsquo;\u00e9nergie r\u00e9siduelle, elle permet une r\u00e9duction de la taille du syst\u00e8me de production d&rsquo;\u00e9nergie renouvelable du b\u00e2timent (solaire, etc.).<\/p>\n<p>[\/vc_column_text][\/vc_accordion_tab][vc_accordion_tab title=\u00a0\u00bbFONCTIONNEMENT \u00c0 DES TEMP\u00c9RATURES EXTR\u00caMES ET HAUTES PERFORMANCES\u00a0\u00bb tab_id=\u00a0\u00bb16219436-1-75&Prime;][vc_column_text]<\/p>\n<p>Le syst\u00e8me frigorifique r\u00e9g\u00e9n\u00e9ratif, dans lequel l&rsquo;\u00e9changeur de chaleur air-air est combin\u00e9 avec le syst\u00e8me de r\u00e9frig\u00e9ration, r\u00e9cup\u00e8re une grande partie de l&rsquo;\u00e9nergie de l&rsquo;air extrait, le rendant beaucoup moins affect\u00e9 par des temp\u00e9ratures extr\u00eames que les autres syst\u00e8mes frigorifiques. Cela se traduit par des performances de premier ordre (SCOP, ESEER).<\/p>\n<p><img loading=\"lazy\" decoding=\"async\" class=\"\" src=\"https:\/\/borealisclima.com\/fr\/wp-content\/uploads\/sites\/4\/2024\/11\/ace3-FR.jpg\" width=\"523\" height=\"324\" \/>[\/vc_column_text][\/vc_accordion_tab][vc_accordion_tab title=\u00a0\u00bbSYST\u00c8ME DE CONTR\u00d4LE AUTONOME\u00a0\u00bb tab_id=\u00a0\u00bb16219436-1-75&Prime;][vc_column_text]<\/p>\n<p>Les unit\u00e9s ACE autonomes pour l&rsquo;air primaire sont \u00e9quip\u00e9es de contr\u00f4le iPro en standard, programm\u00e9 par Borealis pour cette application sp\u00e9cifique. iPro est un mat\u00e9riel fabriqu\u00e9 par le groupe Emerson avec un contr\u00f4le proportionnel et une communication IP et MODBUS int\u00e9gr\u00e9e. Il inclut un serveur web avec une page o\u00f9 les param\u00e8tres de fonctionnement de la machine peuvent \u00eatre visualis\u00e9s et modifi\u00e9s. Il peut \u00eatre connect\u00e9 directement au routeur du b\u00e2timent, n\u00e9cessitant uniquement le c\u00e2ble de connexion, et surveill\u00e9 depuis tout ordinateur ou appareil mobile (t\u00e9l\u00e9phone, tablette, etc.).<\/p>\n<p>[\/vc_column_text][\/vc_accordion_tab][vc_accordion_tab title=\u00a0\u00bb\u00c9QUIPEMENT COMPLET ET FLEXIBLE\u00a0\u00bb tab_id=\u00a0\u00bb16219436-1-75&Prime;][vc_column_text]<\/p>\n<p>Les unit\u00e9s ACE peuvent \u00eatre \u00e9quip\u00e9es de diff\u00e9rents types de filtres, humidificateurs, silencieux, batteries de st\u00e9rilisation UV, bypass pour le free-cooling et d&rsquo;autres accessoires.<\/p>\n<p>[\/vc_column_text][\/vc_accordion_tab][vc_accordion_tab title=\u00a0\u00bbVARIANT ACR\u00a0\u00bb tab_id=\u00a0\u00bb16219436-1-75&Prime;][vc_column_text]<\/p>\n<p>Borealis propose un mod\u00e8le sp\u00e9cial sur mesure, l&rsquo;ACR, similaire au design de l&rsquo;ACE mais \u00e9quip\u00e9 d&rsquo;\u00e9changeurs de chaleur rotatifs :<\/p>\n<ul>\n<li><strong>Chaleur sensible<\/strong> : Fonctionne de mani\u00e8re similaire aux \u00e9changeurs statiques, en r\u00e9cup\u00e9rant principalement la chaleur sensible de l&rsquo;air extrait mais avec une efficacit\u00e9 plus \u00e9lev\u00e9e.<\/li>\n<li><strong>Type enthalpique<\/strong> : \u00c9change \u00e0 la fois la chaleur sensible et latente, avec un transfert d&rsquo;humidit\u00e9 vers le flux d&rsquo;air souffl\u00e9.<\/li>\n<li><strong>Type sorption<\/strong> : Avec une efficacit\u00e9 thermique sup\u00e9rieure aux types pr\u00e9c\u00e9dents, capable de transf\u00e9rer \u00e0 la fois la chaleur sensible et latente avec une efficacit\u00e9 dans des conditions standard approchant 90 % pour les deux.<\/li>\n<\/ul>\n<p>[\/vc_column_text][\/vc_accordion_tab]<\/p>\n<p>[\/vc_accordion][\/vc_column][\/vc_row]<\/p>\n<p>&nbsp;<\/p>\n<p><strong><em>Chez Borealis, nous proposons une large gamme de solutions pour le <a href=\"https:\/\/borealisclima.com\/fr\/\">contr\u00f4le climatique des piscines<\/a> et les \u00e9conomies d&rsquo;\u00e9nergie<\/em><\/strong><\/p>\n<\/div>","protected":false},"excerpt":{"rendered":"<p><strong>ACE &#8211; Pompes \u00e0 chaleur pour l&rsquo;air primaire avec r\u00e9cup\u00e9ration statique<\/strong><\/p>\n<p>Les pompes \u00e0 chaleur ACE sont des unit\u00e9s autonomes sp\u00e9cialement con\u00e7ues pour le conditionnement thermique et, en option, le contr\u00f4le hygrom\u00e9trique de l&rsquo;air de ventilation primaire.<\/p>\n<p>Elles sont \u00e9quip\u00e9es d&rsquo;un double syst\u00e8me de r\u00e9cup\u00e9ration d&rsquo;\u00e9nergie (passif et actif), de compresseurs inverter et de ventilateurs EC, ce qui en fait des unit\u00e9s particuli\u00e8rement efficaces.<\/p>\n","protected":false},"featured_media":3971,"comment_status":"closed","ping_status":"closed","template":"","meta":[],"product_brand":[],"product_cat":[30],"product_tag":[58,35,113,114,121,33,115,112,119,118,120],"class_list":{"0":"post-348","1":"product","2":"type-product","3":"status-publish","4":"has-post-thumbnail","6":"product_cat-air-equipement-pneumatique","7":"product_tag-air-conditioner","8":"product_tag-air-conditioning","9":"product_tag-climate","10":"product_tag-equipment","11":"product_tag-freelance","12":"product_tag-heat-pumps","13":"product_tag-installations","14":"product_tag-machine","15":"product_tag-primary-air","16":"product_tag-thermal-conditioning","17":"product_tag-ventilation","18":"description-off","20":"first","21":"instock","22":"shipping-taxable","23":"product-type-simple"},"yoast_head":"<!-- This site is optimized with the Yoast SEO plugin v27.3 - https:\/\/yoast.com\/product\/yoast-seo-wordpress\/ -->\n<title>Pompes \u00e0 chaleur ACE - Borealis | Energie thermique<\/title>\n<meta name=\"description\" content=\"Les pompes \u00e0 chaleur ACE sont des unit\u00e9s autonomes sp\u00e9cialement con\u00e7ues pour le conditionnement thermique de l&#039;air de ventilation primaire.\" \/>\n<meta name=\"robots\" content=\"index, follow, max-snippet:-1, max-image-preview:large, max-video-preview:-1\" \/>\n<link rel=\"canonical\" href=\"https:\/\/borealisclima.com\/fr\/producto\/pompes-a-chaleur-ace\/\" \/>\n<meta property=\"og:locale\" content=\"fr_FR\" \/>\n<meta property=\"og:type\" content=\"article\" \/>\n<meta property=\"og:title\" content=\"Pompes \u00e0 chaleur ACE - Borealis | Energie thermique\" \/>\n<meta property=\"og:description\" content=\"Les pompes \u00e0 chaleur ACE sont des unit\u00e9s autonomes sp\u00e9cialement con\u00e7ues pour le conditionnement thermique de l&#039;air de ventilation primaire.\" \/>\n<meta property=\"og:url\" content=\"https:\/\/borealisclima.com\/fr\/producto\/pompes-a-chaleur-ace\/\" \/>\n<meta property=\"og:site_name\" content=\"Borealis | Energie thermique\" \/>\n<meta property=\"article:modified_time\" content=\"2025-06-18T06:28:32+00:00\" \/>\n<meta property=\"og:image\" content=\"https:\/\/borealisclima.com\/fr\/wp-content\/uploads\/sites\/4\/2015\/01\/ACE-\u2013-Bombas-de-calor-para-aire-.jpg\" \/>\n\t<meta property=\"og:image:width\" content=\"2004\" \/>\n\t<meta property=\"og:image:height\" content=\"1899\" \/>\n\t<meta property=\"og:image:type\" content=\"image\/jpeg\" \/>\n<meta name=\"twitter:card\" content=\"summary_large_image\" \/>\n<meta name=\"twitter:label1\" content=\"Dur\u00e9e de lecture estim\u00e9e\" \/>\n\t<meta name=\"twitter:data1\" content=\"5 minutes\" \/>\n<script type=\"application\/ld+json\" class=\"yoast-schema-graph\">{\"@context\":\"https:\\\/\\\/schema.org\",\"@graph\":[{\"@type\":\"WebPage\",\"@id\":\"https:\\\/\\\/borealisclima.com\\\/fr\\\/producto\\\/pompes-a-chaleur-ace\\\/\",\"url\":\"https:\\\/\\\/borealisclima.com\\\/fr\\\/producto\\\/pompes-a-chaleur-ace\\\/\",\"name\":\"Pompes \u00e0 chaleur ACE - Borealis | Energie thermique\",\"isPartOf\":{\"@id\":\"https:\\\/\\\/borealisclima.com\\\/fr\\\/#website\"},\"primaryImageOfPage\":{\"@id\":\"https:\\\/\\\/borealisclima.com\\\/fr\\\/producto\\\/pompes-a-chaleur-ace\\\/#primaryimage\"},\"image\":{\"@id\":\"https:\\\/\\\/borealisclima.com\\\/fr\\\/producto\\\/pompes-a-chaleur-ace\\\/#primaryimage\"},\"thumbnailUrl\":\"https:\\\/\\\/borealisclima.com\\\/fr\\\/wp-content\\\/uploads\\\/sites\\\/4\\\/2015\\\/01\\\/ACE-\u2013-Bombas-de-calor-para-aire-.jpg\",\"datePublished\":\"2015-01-27T11:17:34+00:00\",\"dateModified\":\"2025-06-18T06:28:32+00:00\",\"description\":\"Les pompes \u00e0 chaleur ACE sont des unit\u00e9s autonomes sp\u00e9cialement con\u00e7ues pour le conditionnement thermique de l'air de ventilation primaire.\",\"breadcrumb\":{\"@id\":\"https:\\\/\\\/borealisclima.com\\\/fr\\\/producto\\\/pompes-a-chaleur-ace\\\/#breadcrumb\"},\"inLanguage\":\"fr-FR\",\"potentialAction\":[{\"@type\":\"ReadAction\",\"target\":[\"https:\\\/\\\/borealisclima.com\\\/fr\\\/producto\\\/pompes-a-chaleur-ace\\\/\"]}]},{\"@type\":\"ImageObject\",\"inLanguage\":\"fr-FR\",\"@id\":\"https:\\\/\\\/borealisclima.com\\\/fr\\\/producto\\\/pompes-a-chaleur-ace\\\/#primaryimage\",\"url\":\"https:\\\/\\\/borealisclima.com\\\/fr\\\/wp-content\\\/uploads\\\/sites\\\/4\\\/2015\\\/01\\\/ACE-\u2013-Bombas-de-calor-para-aire-.jpg\",\"contentUrl\":\"https:\\\/\\\/borealisclima.com\\\/fr\\\/wp-content\\\/uploads\\\/sites\\\/4\\\/2015\\\/01\\\/ACE-\u2013-Bombas-de-calor-para-aire-.jpg\",\"width\":2004,\"height\":1899},{\"@type\":\"BreadcrumbList\",\"@id\":\"https:\\\/\\\/borealisclima.com\\\/fr\\\/producto\\\/pompes-a-chaleur-ace\\\/#breadcrumb\",\"itemListElement\":[{\"@type\":\"ListItem\",\"position\":1,\"name\":\"Portada\",\"item\":\"https:\\\/\\\/borealisclima.com\\\/fr\\\/\"},{\"@type\":\"ListItem\",\"position\":2,\"name\":\"Magasin\",\"item\":\"https:\\\/\\\/borealisclima.com\\\/fr\\\/magasin\\\/\"},{\"@type\":\"ListItem\",\"position\":3,\"name\":\"Pompes \u00e0 chaleur ACE\"}]},{\"@type\":\"WebSite\",\"@id\":\"https:\\\/\\\/borealisclima.com\\\/fr\\\/#website\",\"url\":\"https:\\\/\\\/borealisclima.com\\\/fr\\\/\",\"name\":\"Borealis | Energie thermique\",\"description\":\"Entreprise du groupe Campos Corporaci\u00f3na\",\"potentialAction\":[{\"@type\":\"SearchAction\",\"target\":{\"@type\":\"EntryPoint\",\"urlTemplate\":\"https:\\\/\\\/borealisclima.com\\\/fr\\\/?s={search_term_string}\"},\"query-input\":{\"@type\":\"PropertyValueSpecification\",\"valueRequired\":true,\"valueName\":\"search_term_string\"}}],\"inLanguage\":\"fr-FR\"}]}<\/script>\n<!-- \/ Yoast SEO plugin. -->","yoast_head_json":{"title":"Pompes \u00e0 chaleur ACE - Borealis | Energie thermique","description":"Les pompes \u00e0 chaleur ACE sont des unit\u00e9s autonomes sp\u00e9cialement con\u00e7ues pour le conditionnement thermique de l'air de ventilation primaire.","robots":{"index":"index","follow":"follow","max-snippet":"max-snippet:-1","max-image-preview":"max-image-preview:large","max-video-preview":"max-video-preview:-1"},"canonical":"https:\/\/borealisclima.com\/fr\/producto\/pompes-a-chaleur-ace\/","og_locale":"fr_FR","og_type":"article","og_title":"Pompes \u00e0 chaleur ACE - Borealis | Energie thermique","og_description":"Les pompes \u00e0 chaleur ACE sont des unit\u00e9s autonomes sp\u00e9cialement con\u00e7ues pour le conditionnement thermique de l'air de ventilation primaire.","og_url":"https:\/\/borealisclima.com\/fr\/producto\/pompes-a-chaleur-ace\/","og_site_name":"Borealis | Energie thermique","article_modified_time":"2025-06-18T06:28:32+00:00","og_image":[{"width":2004,"height":1899,"url":"https:\/\/borealisclima.com\/fr\/wp-content\/uploads\/sites\/4\/2015\/01\/ACE-\u2013-Bombas-de-calor-para-aire-.jpg","type":"image\/jpeg"}],"twitter_card":"summary_large_image","twitter_misc":{"Dur\u00e9e de lecture estim\u00e9e":"5 minutes"},"schema":{"@context":"https:\/\/schema.org","@graph":[{"@type":"WebPage","@id":"https:\/\/borealisclima.com\/fr\/producto\/pompes-a-chaleur-ace\/","url":"https:\/\/borealisclima.com\/fr\/producto\/pompes-a-chaleur-ace\/","name":"Pompes \u00e0 chaleur ACE - Borealis | Energie thermique","isPartOf":{"@id":"https:\/\/borealisclima.com\/fr\/#website"},"primaryImageOfPage":{"@id":"https:\/\/borealisclima.com\/fr\/producto\/pompes-a-chaleur-ace\/#primaryimage"},"image":{"@id":"https:\/\/borealisclima.com\/fr\/producto\/pompes-a-chaleur-ace\/#primaryimage"},"thumbnailUrl":"https:\/\/borealisclima.com\/fr\/wp-content\/uploads\/sites\/4\/2015\/01\/ACE-\u2013-Bombas-de-calor-para-aire-.jpg","datePublished":"2015-01-27T11:17:34+00:00","dateModified":"2025-06-18T06:28:32+00:00","description":"Les pompes \u00e0 chaleur ACE sont des unit\u00e9s autonomes sp\u00e9cialement con\u00e7ues pour le conditionnement thermique de l'air de ventilation primaire.","breadcrumb":{"@id":"https:\/\/borealisclima.com\/fr\/producto\/pompes-a-chaleur-ace\/#breadcrumb"},"inLanguage":"fr-FR","potentialAction":[{"@type":"ReadAction","target":["https:\/\/borealisclima.com\/fr\/producto\/pompes-a-chaleur-ace\/"]}]},{"@type":"ImageObject","inLanguage":"fr-FR","@id":"https:\/\/borealisclima.com\/fr\/producto\/pompes-a-chaleur-ace\/#primaryimage","url":"https:\/\/borealisclima.com\/fr\/wp-content\/uploads\/sites\/4\/2015\/01\/ACE-\u2013-Bombas-de-calor-para-aire-.jpg","contentUrl":"https:\/\/borealisclima.com\/fr\/wp-content\/uploads\/sites\/4\/2015\/01\/ACE-\u2013-Bombas-de-calor-para-aire-.jpg","width":2004,"height":1899},{"@type":"BreadcrumbList","@id":"https:\/\/borealisclima.com\/fr\/producto\/pompes-a-chaleur-ace\/#breadcrumb","itemListElement":[{"@type":"ListItem","position":1,"name":"Portada","item":"https:\/\/borealisclima.com\/fr\/"},{"@type":"ListItem","position":2,"name":"Magasin","item":"https:\/\/borealisclima.com\/fr\/magasin\/"},{"@type":"ListItem","position":3,"name":"Pompes \u00e0 chaleur ACE"}]},{"@type":"WebSite","@id":"https:\/\/borealisclima.com\/fr\/#website","url":"https:\/\/borealisclima.com\/fr\/","name":"Borealis | Energie thermique","description":"Entreprise du groupe Campos Corporaci\u00f3na","potentialAction":[{"@type":"SearchAction","target":{"@type":"EntryPoint","urlTemplate":"https:\/\/borealisclima.com\/fr\/?s={search_term_string}"},"query-input":{"@type":"PropertyValueSpecification","valueRequired":true,"valueName":"search_term_string"}}],"inLanguage":"fr-FR"}]}},"_links":{"self":[{"href":"https:\/\/borealisclima.com\/fr\/wp-json\/wp\/v2\/product\/348","targetHints":{"allow":["GET"]}}],"collection":[{"href":"https:\/\/borealisclima.com\/fr\/wp-json\/wp\/v2\/product"}],"about":[{"href":"https:\/\/borealisclima.com\/fr\/wp-json\/wp\/v2\/types\/product"}],"replies":[{"embeddable":true,"href":"https:\/\/borealisclima.com\/fr\/wp-json\/wp\/v2\/comments?post=348"}],"wp:featuredmedia":[{"embeddable":true,"href":"https:\/\/borealisclima.com\/fr\/wp-json\/wp\/v2\/media\/3971"}],"wp:attachment":[{"href":"https:\/\/borealisclima.com\/fr\/wp-json\/wp\/v2\/media?parent=348"}],"wp:term":[{"taxonomy":"product_brand","embeddable":true,"href":"https:\/\/borealisclima.com\/fr\/wp-json\/wp\/v2\/product_brand?post=348"},{"taxonomy":"product_cat","embeddable":true,"href":"https:\/\/borealisclima.com\/fr\/wp-json\/wp\/v2\/product_cat?post=348"},{"taxonomy":"product_tag","embeddable":true,"href":"https:\/\/borealisclima.com\/fr\/wp-json\/wp\/v2\/product_tag?post=348"}],"curies":[{"name":"wp","href":"https:\/\/api.w.org\/{rel}","templated":true}]}}