{"id":356,"date":"2015-01-27T11:34:06","date_gmt":"2015-01-27T11:34:06","guid":{"rendered":"https:\/\/borealisclima.com\/fr\/producto\/bombas-calor-multifuncionales-hc\/"},"modified":"2025-08-01T09:46:17","modified_gmt":"2025-08-01T08:46:17","slug":"deshumidificateurs-hc-multifonctionnels","status":"publish","type":"product","link":"https:\/\/borealisclima.com\/fr\/producto\/deshumidificateurs-hc-multifonctionnels\/","title":{"rendered":"D\u00e9shumidificateurs HC multifonctionnels"},"content":{"rendered":"<p>Pompe \u00e0 chaleur multifonctionnelle capable de d\u00e9shumidifier, de chauffer l\u2019air et de chauffer l\u2019eau des piscines couvertes, r\u00e9alisant ces t\u00e2ches de mani\u00e8re autonome, simultan\u00e9e et ind\u00e9pendante. Adapt\u00e9e pour une installation aussi bien en ext\u00e9rieur qu\u2019en int\u00e9rieur.<\/p>\n<p>Structure en profil\u00e9s d\u2019aluminium anodis\u00e9 avec rupture de pont thermique et panneaux de fermeture d\u00e9montables de type sandwich, compos\u00e9s de deux feuilles d\u2019acier galvanis\u00e9 laqu\u00e9 avec une \u00e2me d\u2019isolation thermo-acoustique PIR de 45 mm d\u2019\u00e9paisseur en standard. Bac \u00e0 condensats en acier inoxydable.<\/p>\n<p>Groupe frigorifique \u00e9quip\u00e9 de compresseurs scroll sur un ou deux circuits frigorifiques. Batteries fabriqu\u00e9es en tubes de cuivre et ailettes en alliage aluminium-magn\u00e9sium r\u00e9sistantes \u00e0 la corrosion.<\/p>\n<p>\u00c9quipement compact ou avec un \u00e9vaporateur\/condenseur pour l\u2019air ext\u00e9rieur installable \u00e0 distance.<\/p>\n<p>Filtration de s\u00e9rie : G4 en retour. En option, filtres \u00e0 haute efficacit\u00e9.<\/p>\n<p>Ventilateur centrifuge avec transmission r\u00e9glable par courroies et haute pression disponible. Plug-fan en option.<\/p>\n<p>Tableau \u00e9lectrique avec d\u00e9tecteur de changement de phase, protection magn\u00e9to-thermique et disjoncteurs pour chaque moteur.<\/p>\n<p>Syst\u00e8me de contr\u00f4le proportionnel librement programmable avec \u00e9cran graphique pour installation locale ou \u00e0 distance. Menus en espagnol. \u00c9quip\u00e9 en standard d\u2019une connectivit\u00e9 IP et MODBUS. Serveur web int\u00e9gr\u00e9.<\/p>\n<p>&nbsp;<\/p>\n<p><img loading=\"lazy\" decoding=\"async\" class=\"size-full wp-image-17\" style=\"margin-right: 10px;\" src=\"https:\/\/borealisclima.com\/fr\/wp-content\/uploads\/sites\/4\/2011\/04\/pdf-icon.jpg\" alt=\"\" width=\"24\" height=\"24\" align=\"absmiddle\" border=\"0\" \/><a href=\"https:\/\/drive.google.com\/file\/d\/10AXspVYVHDRwljcV4ilpKu4J_WhuOwYd\/view?usp=drive_link\" target=\"_blank\" rel=\"noopener noreferrer\">T\u00e9l\u00e9charger le catalogue &lsquo;HC Multifonctionnel&rsquo; [PDF]<\/a><\/p>\n","protected":false},"excerpt":{"rendered":"<p><strong>HC &#8211; Pompes \u00e0 chaleur multifonctionnelles pour la d\u00e9shumidification, le contr\u00f4le climatique et le chauffage de l&rsquo;eau des piscines int\u00e9rieures<\/strong><\/p>\n<p>Une pompe \u00e0 chaleur multifonctionnelle capable de d\u00e9shumidifier, de chauffer l&rsquo;air et de chauffer l&rsquo;eau des piscines int\u00e9rieures, r\u00e9alisant ces t\u00e2ches de mani\u00e8re autonome, simultan\u00e9e et ind\u00e9pendante. Convient pour une installation \u00e0 l&rsquo;int\u00e9rieur ou \u00e0 l&rsquo;ext\u00e9rieur.<\/p>\n<p>Fabriqu\u00e9e avec des profils en aluminium anodis\u00e9 avec rupture de pont thermique et des panneaux de fermeture amovibles de type sandwich. Ces panneaux sont compos\u00e9s de deux t\u00f4les d&rsquo;acier galvanis\u00e9 laqu\u00e9 avec un noyau d&rsquo;isolation thermo-acoustique en PIR de 45 mm d&rsquo;\u00e9paisseur en standard. Comprend un bac \u00e0 condensats en acier inoxydable pour une durabilit\u00e9 et une fonctionnalit\u00e9 accrues.<\/p>\n<p>&nbsp;<\/p>\n","protected":false},"featured_media":3977,"comment_status":"closed","ping_status":"closed","template":"","meta":[],"product_brand":[],"product_cat":[29],"product_tag":[58,35,113,125,59,114,131,33,57,115,112,129,126,128],"class_list":{"0":"post-356","1":"product","2":"type-product","3":"status-publish","4":"has-post-thumbnail","6":"product_cat-deshumidificateurs-pour-piscines-interieures","7":"product_tag-air-conditioner","8":"product_tag-air-conditioning","9":"product_tag-climate","10":"product_tag-dehumidification","11":"product_tag-dehumidifiers","12":"product_tag-equipment","13":"product_tag-glass-heating","14":"product_tag-heat-pumps","15":"product_tag-indoor-swimming-pools","16":"product_tag-installations","17":"product_tag-machine","18":"product_tag-roofing","19":"product_tag-spa","20":"product_tag-swimming-pools","21":"description-off","23":"first","24":"instock","25":"shipping-taxable","26":"product-type-simple"},"yoast_head":"<!-- This site is optimized with the Yoast SEO plugin v27.3 - https:\/\/yoast.com\/product\/yoast-seo-wordpress\/ -->\n<title>D\u00e9shumidificateurs HC multifonctionnels - Borealis | Energie thermique<\/title>\n<meta name=\"description\" content=\"D\u00e9shumidificateurs multifonctionnels pour la d\u00e9shumidification, la climatisation et le chauffage des bassins de piscines int\u00e9rieures\" \/>\n<meta name=\"robots\" content=\"index, follow, max-snippet:-1, max-image-preview:large, max-video-preview:-1\" \/>\n<link rel=\"canonical\" href=\"https:\/\/borealisclima.com\/fr\/producto\/deshumidificateurs-hc-multifonctionnels\/\" \/>\n<meta property=\"og:locale\" content=\"fr_FR\" \/>\n<meta property=\"og:type\" content=\"article\" \/>\n<meta property=\"og:title\" content=\"D\u00e9shumidificateurs HC multifonctionnels - Borealis | Energie thermique\" \/>\n<meta property=\"og:description\" content=\"D\u00e9shumidificateurs multifonctionnels pour la d\u00e9shumidification, la climatisation et le chauffage des bassins de piscines int\u00e9rieures\" \/>\n<meta property=\"og:url\" content=\"https:\/\/borealisclima.com\/fr\/producto\/deshumidificateurs-hc-multifonctionnels\/\" \/>\n<meta property=\"og:site_name\" content=\"Borealis | Energie thermique\" \/>\n<meta property=\"article:modified_time\" content=\"2025-08-01T08:46:17+00:00\" \/>\n<meta property=\"og:image\" content=\"https:\/\/borealisclima.com\/fr\/wp-content\/uploads\/sites\/4\/2015\/01\/Deshumidificadoras-Multifuncionales-HC.jpg\" \/>\n\t<meta property=\"og:image:width\" content=\"2004\" \/>\n\t<meta property=\"og:image:height\" content=\"1899\" \/>\n\t<meta property=\"og:image:type\" content=\"image\/jpeg\" \/>\n<meta name=\"twitter:card\" content=\"summary_large_image\" \/>\n<meta name=\"twitter:label1\" content=\"Dur\u00e9e de lecture estim\u00e9e\" \/>\n\t<meta name=\"twitter:data1\" content=\"2 minutes\" \/>\n<script type=\"application\/ld+json\" class=\"yoast-schema-graph\">{\"@context\":\"https:\\\/\\\/schema.org\",\"@graph\":[{\"@type\":\"WebPage\",\"@id\":\"https:\\\/\\\/borealisclima.com\\\/fr\\\/producto\\\/deshumidificateurs-hc-multifonctionnels\\\/\",\"url\":\"https:\\\/\\\/borealisclima.com\\\/fr\\\/producto\\\/deshumidificateurs-hc-multifonctionnels\\\/\",\"name\":\"D\u00e9shumidificateurs HC multifonctionnels - Borealis | Energie thermique\",\"isPartOf\":{\"@id\":\"https:\\\/\\\/borealisclima.com\\\/fr\\\/#website\"},\"primaryImageOfPage\":{\"@id\":\"https:\\\/\\\/borealisclima.com\\\/fr\\\/producto\\\/deshumidificateurs-hc-multifonctionnels\\\/#primaryimage\"},\"image\":{\"@id\":\"https:\\\/\\\/borealisclima.com\\\/fr\\\/producto\\\/deshumidificateurs-hc-multifonctionnels\\\/#primaryimage\"},\"thumbnailUrl\":\"https:\\\/\\\/borealisclima.com\\\/fr\\\/wp-content\\\/uploads\\\/sites\\\/4\\\/2015\\\/01\\\/Deshumidificadoras-Multifuncionales-HC.jpg\",\"datePublished\":\"2015-01-27T11:34:06+00:00\",\"dateModified\":\"2025-08-01T08:46:17+00:00\",\"description\":\"D\u00e9shumidificateurs multifonctionnels pour la d\u00e9shumidification, la climatisation et le chauffage des bassins de piscines int\u00e9rieures\",\"breadcrumb\":{\"@id\":\"https:\\\/\\\/borealisclima.com\\\/fr\\\/producto\\\/deshumidificateurs-hc-multifonctionnels\\\/#breadcrumb\"},\"inLanguage\":\"fr-FR\",\"potentialAction\":[{\"@type\":\"ReadAction\",\"target\":[\"https:\\\/\\\/borealisclima.com\\\/fr\\\/producto\\\/deshumidificateurs-hc-multifonctionnels\\\/\"]}]},{\"@type\":\"ImageObject\",\"inLanguage\":\"fr-FR\",\"@id\":\"https:\\\/\\\/borealisclima.com\\\/fr\\\/producto\\\/deshumidificateurs-hc-multifonctionnels\\\/#primaryimage\",\"url\":\"https:\\\/\\\/borealisclima.com\\\/fr\\\/wp-content\\\/uploads\\\/sites\\\/4\\\/2015\\\/01\\\/Deshumidificadoras-Multifuncionales-HC.jpg\",\"contentUrl\":\"https:\\\/\\\/borealisclima.com\\\/fr\\\/wp-content\\\/uploads\\\/sites\\\/4\\\/2015\\\/01\\\/Deshumidificadoras-Multifuncionales-HC.jpg\",\"width\":2004,\"height\":1899},{\"@type\":\"BreadcrumbList\",\"@id\":\"https:\\\/\\\/borealisclima.com\\\/fr\\\/producto\\\/deshumidificateurs-hc-multifonctionnels\\\/#breadcrumb\",\"itemListElement\":[{\"@type\":\"ListItem\",\"position\":1,\"name\":\"Portada\",\"item\":\"https:\\\/\\\/borealisclima.com\\\/fr\\\/\"},{\"@type\":\"ListItem\",\"position\":2,\"name\":\"Magasin\",\"item\":\"https:\\\/\\\/borealisclima.com\\\/fr\\\/magasin\\\/\"},{\"@type\":\"ListItem\",\"position\":3,\"name\":\"D\u00e9shumidificateurs HC multifonctionnels\"}]},{\"@type\":\"WebSite\",\"@id\":\"https:\\\/\\\/borealisclima.com\\\/fr\\\/#website\",\"url\":\"https:\\\/\\\/borealisclima.com\\\/fr\\\/\",\"name\":\"Borealis | Energie thermique\",\"description\":\"Entreprise du groupe Campos Corporaci\u00f3na\",\"potentialAction\":[{\"@type\":\"SearchAction\",\"target\":{\"@type\":\"EntryPoint\",\"urlTemplate\":\"https:\\\/\\\/borealisclima.com\\\/fr\\\/?s={search_term_string}\"},\"query-input\":{\"@type\":\"PropertyValueSpecification\",\"valueRequired\":true,\"valueName\":\"search_term_string\"}}],\"inLanguage\":\"fr-FR\"}]}<\/script>\n<!-- \/ Yoast SEO plugin. -->","yoast_head_json":{"title":"D\u00e9shumidificateurs HC multifonctionnels - Borealis | Energie thermique","description":"D\u00e9shumidificateurs multifonctionnels pour la d\u00e9shumidification, la climatisation et le chauffage des bassins de piscines int\u00e9rieures","robots":{"index":"index","follow":"follow","max-snippet":"max-snippet:-1","max-image-preview":"max-image-preview:large","max-video-preview":"max-video-preview:-1"},"canonical":"https:\/\/borealisclima.com\/fr\/producto\/deshumidificateurs-hc-multifonctionnels\/","og_locale":"fr_FR","og_type":"article","og_title":"D\u00e9shumidificateurs HC multifonctionnels - Borealis | Energie thermique","og_description":"D\u00e9shumidificateurs multifonctionnels pour la d\u00e9shumidification, la climatisation et le chauffage des bassins de piscines int\u00e9rieures","og_url":"https:\/\/borealisclima.com\/fr\/producto\/deshumidificateurs-hc-multifonctionnels\/","og_site_name":"Borealis | Energie thermique","article_modified_time":"2025-08-01T08:46:17+00:00","og_image":[{"width":2004,"height":1899,"url":"https:\/\/borealisclima.com\/fr\/wp-content\/uploads\/sites\/4\/2015\/01\/Deshumidificadoras-Multifuncionales-HC.jpg","type":"image\/jpeg"}],"twitter_card":"summary_large_image","twitter_misc":{"Dur\u00e9e de lecture estim\u00e9e":"2 minutes"},"schema":{"@context":"https:\/\/schema.org","@graph":[{"@type":"WebPage","@id":"https:\/\/borealisclima.com\/fr\/producto\/deshumidificateurs-hc-multifonctionnels\/","url":"https:\/\/borealisclima.com\/fr\/producto\/deshumidificateurs-hc-multifonctionnels\/","name":"D\u00e9shumidificateurs HC multifonctionnels - Borealis | Energie thermique","isPartOf":{"@id":"https:\/\/borealisclima.com\/fr\/#website"},"primaryImageOfPage":{"@id":"https:\/\/borealisclima.com\/fr\/producto\/deshumidificateurs-hc-multifonctionnels\/#primaryimage"},"image":{"@id":"https:\/\/borealisclima.com\/fr\/producto\/deshumidificateurs-hc-multifonctionnels\/#primaryimage"},"thumbnailUrl":"https:\/\/borealisclima.com\/fr\/wp-content\/uploads\/sites\/4\/2015\/01\/Deshumidificadoras-Multifuncionales-HC.jpg","datePublished":"2015-01-27T11:34:06+00:00","dateModified":"2025-08-01T08:46:17+00:00","description":"D\u00e9shumidificateurs multifonctionnels pour la d\u00e9shumidification, la climatisation et le chauffage des bassins de piscines int\u00e9rieures","breadcrumb":{"@id":"https:\/\/borealisclima.com\/fr\/producto\/deshumidificateurs-hc-multifonctionnels\/#breadcrumb"},"inLanguage":"fr-FR","potentialAction":[{"@type":"ReadAction","target":["https:\/\/borealisclima.com\/fr\/producto\/deshumidificateurs-hc-multifonctionnels\/"]}]},{"@type":"ImageObject","inLanguage":"fr-FR","@id":"https:\/\/borealisclima.com\/fr\/producto\/deshumidificateurs-hc-multifonctionnels\/#primaryimage","url":"https:\/\/borealisclima.com\/fr\/wp-content\/uploads\/sites\/4\/2015\/01\/Deshumidificadoras-Multifuncionales-HC.jpg","contentUrl":"https:\/\/borealisclima.com\/fr\/wp-content\/uploads\/sites\/4\/2015\/01\/Deshumidificadoras-Multifuncionales-HC.jpg","width":2004,"height":1899},{"@type":"BreadcrumbList","@id":"https:\/\/borealisclima.com\/fr\/producto\/deshumidificateurs-hc-multifonctionnels\/#breadcrumb","itemListElement":[{"@type":"ListItem","position":1,"name":"Portada","item":"https:\/\/borealisclima.com\/fr\/"},{"@type":"ListItem","position":2,"name":"Magasin","item":"https:\/\/borealisclima.com\/fr\/magasin\/"},{"@type":"ListItem","position":3,"name":"D\u00e9shumidificateurs HC multifonctionnels"}]},{"@type":"WebSite","@id":"https:\/\/borealisclima.com\/fr\/#website","url":"https:\/\/borealisclima.com\/fr\/","name":"Borealis | Energie thermique","description":"Entreprise du groupe Campos Corporaci\u00f3na","potentialAction":[{"@type":"SearchAction","target":{"@type":"EntryPoint","urlTemplate":"https:\/\/borealisclima.com\/fr\/?s={search_term_string}"},"query-input":{"@type":"PropertyValueSpecification","valueRequired":true,"valueName":"search_term_string"}}],"inLanguage":"fr-FR"}]}},"_links":{"self":[{"href":"https:\/\/borealisclima.com\/fr\/wp-json\/wp\/v2\/product\/356","targetHints":{"allow":["GET"]}}],"collection":[{"href":"https:\/\/borealisclima.com\/fr\/wp-json\/wp\/v2\/product"}],"about":[{"href":"https:\/\/borealisclima.com\/fr\/wp-json\/wp\/v2\/types\/product"}],"replies":[{"embeddable":true,"href":"https:\/\/borealisclima.com\/fr\/wp-json\/wp\/v2\/comments?post=356"}],"wp:featuredmedia":[{"embeddable":true,"href":"https:\/\/borealisclima.com\/fr\/wp-json\/wp\/v2\/media\/3977"}],"wp:attachment":[{"href":"https:\/\/borealisclima.com\/fr\/wp-json\/wp\/v2\/media?parent=356"}],"wp:term":[{"taxonomy":"product_brand","embeddable":true,"href":"https:\/\/borealisclima.com\/fr\/wp-json\/wp\/v2\/product_brand?post=356"},{"taxonomy":"product_cat","embeddable":true,"href":"https:\/\/borealisclima.com\/fr\/wp-json\/wp\/v2\/product_cat?post=356"},{"taxonomy":"product_tag","embeddable":true,"href":"https:\/\/borealisclima.com\/fr\/wp-json\/wp\/v2\/product_tag?post=356"}],"curies":[{"name":"wp","href":"https:\/\/api.w.org\/{rel}","templated":true}]}}