{"id":358,"date":"2015-01-26T11:37:52","date_gmt":"2015-01-26T11:37:52","guid":{"rendered":"https:\/\/borealisclima.com\/fr\/producto\/bombas-calor-alta-eficiencia-hrr\/"},"modified":"2025-08-01T08:32:53","modified_gmt":"2025-08-01T07:32:53","slug":"deshumidificateurs-a-haute-efficacite-hrr","status":"publish","type":"product","link":"https:\/\/borealisclima.com\/fr\/producto\/deshumidificateurs-a-haute-efficacite-hrr\/","title":{"rendered":"D\u00e9shumidificateurs \u00e0 haute efficacit\u00e9 HRR"},"content":{"rendered":"<div class=\"wpb-content-wrapper\"><h1>D\u00e9shumidificateurs HRR pour piscines moyennes \u00e0 grandes<\/h1>\n<p>Unit\u00e9 de d\u00e9shumidification\/climatisation \u00e0 haute efficacit\u00e9 con\u00e7ue pour les piscines int\u00e9rieures de taille moyenne et grande, adapt\u00e9e \u00e0 une installation en ext\u00e9rieur ou en int\u00e9rieur. Elle est \u00e9quip\u00e9e d&rsquo;un syst\u00e8me de r\u00e9frig\u00e9ration r\u00e9g\u00e9n\u00e9ratif avec un double \u00e9changeur de chaleur air-air statique, offrant une efficacit\u00e9 sup\u00e9rieure \u00e0 80 %.<\/p>\n<p>Structure r\u00e9alis\u00e9e avec des profils en aluminium anodis\u00e9 avec rupture de pont thermique et panneaux de fermeture amovibles de type sandwich, compos\u00e9s de deux feuilles d&rsquo;acier galvanis\u00e9 laqu\u00e9 avec un noyau d&rsquo;isolation thermo-acoustique en PIR, d&rsquo;une \u00e9paisseur standard de 45 mm. Bac \u00e0 condensats en acier inoxydable.<\/p>\n<p>Unit\u00e9 frigorifique \u00e9quip\u00e9e de compresseurs scroll dans un ou plusieurs circuits frigorifiques. Batteries r\u00e9alis\u00e9es avec des tubes en cuivre et des ailettes en alliage aluminium-magn\u00e9sium r\u00e9sistantes \u00e0 la corrosion. Batterie de support standard pour chaudi\u00e8re avec vanne \u00e0 deux ou trois voies, int\u00e9gr\u00e9e au syst\u00e8me de contr\u00f4le.<\/p>\n<p>Double \u00e9changeur de chaleur air-air en aluminium avec rev\u00eatement \u00e9poxy polym\u00e9ris\u00e9 au four, sp\u00e9cialement con\u00e7u pour une utilisation dans les piscines int\u00e9rieures.<\/p>\n<p>Ventilateurs EC plug-fan standard avec r\u00e9gulation int\u00e9gr\u00e9e de la pression et du d\u00e9bit dans le syst\u00e8me de contr\u00f4le de l&rsquo;unit\u00e9.<\/p>\n<p>Les unit\u00e9s HRR sont livr\u00e9es en standard avec une section de m\u00e9lange \u00e0 trois registres et un ventilateur de reprise. Les ventilateurs de reprise et de soufflage sont tous deux de type EC plug-fan.<\/p>\n<p>Filtration standard : F8 en soufflage et G4 en reprise et prise d&rsquo;air ext\u00e9rieur.<\/p>\n<p>Tableau \u00e9quip\u00e9 d&rsquo;un interrupteur principal et des protections correspondantes pour chaque moteur.<\/p>\n<p>Syst\u00e8me de contr\u00f4le proportionnel librement programmable avec affichage graphique pour une installation locale ou \u00e0 distance. Menus en espagnol. Connectivit\u00e9 IP et MODBUS standard. Serveur web int\u00e9gr\u00e9.<\/p>\n<p>&nbsp;<\/p>\n<p>[vc_row margin_top=\u00a0\u00bb50px\u00a0\u00bb][vc_column][vc_accordion top_margin=\u00a0\u00bbpage_margin_top\u00a0\u00bb title_size=\u00a0\u00bbh3&Prime; style=\u00a0\u00bb3&Prime; active_tab=\u00a0\u00bbfalse\u00a0\u00bb]<\/p>\n<p>[vc_accordion_tab title=\u00a0\u00bbUNIT\u00c9S AVEC D\u00c9SHUMIDIFICATION PASSIVE ET ACTIVE\u00a0\u00bb tab_id=\u00a0\u00bb1621736-1-75&Prime;][vc_column_text]<br \/>\nCe sont des pompes \u00e0 chaleur air-air \u00e0 d\u00e9tente directe avec r\u00e9cup\u00e9ration d&rsquo;\u00e9nergie statique et frigorifique via un circuit r\u00e9g\u00e9n\u00e9ratif. Les unit\u00e9s HRR se caract\u00e9risent par leur capacit\u00e9 \u00e0 d\u00e9shumidifier gr\u00e2ce \u00e0 trois syst\u00e8mes diff\u00e9rents et compl\u00e9mentaires : d\u00e9shumidification par r\u00e9frig\u00e9ration (active), \u00e9change thermique dans les \u00e9changeurs de chaleur et renouvellement avec de l&rsquo;air ext\u00e9rieur. La combinaison de ces trois syst\u00e8mes offre une grande capacit\u00e9 de s\u00e9chage avec une consommation minimale.<br \/>\n[\/vc_column_text][\/vc_accordion_tab][vc_accordion_tab title=\u00a0\u00bbD\u00c9SHUMIDIFICATION PAR R\u00c9FRIG\u00c9RATION, AUSSI GARANTIE\u00a0\u00bb tab_id=\u00a0\u00bb16211736-1-75&Prime;][vc_column_text]<br \/>\nBien que ces machines puissent d\u00e9shumidifier par s\u00e9chage libre avec de l&rsquo;air ext\u00e9rieur, leur capacit\u00e9 de d\u00e9shumidification par r\u00e9frig\u00e9ration et recirculation d\u00e9passe largement celle des autres unit\u00e9s concurrentes, garantissant un s\u00e9chage efficace dans n&rsquo;importe quelle localisation g\u00e9ographique et condition climatique.<br \/>\n[\/vc_column_text][\/vc_accordion_tab][vc_accordion_tab title=\u00a0\u00bbPOMPE \u00c0 CHALEUR PLUS PUISSANTE ET PERFORMANTE\u00a0\u00bb tab_id=\u00a0\u00bb16219436-1-75&Prime;][vc_column_text]<br \/>\nDe plus, et tout aussi important, il convient de noter que la disposition des \u00e9l\u00e9ments du circuit frigorifique HRR est con\u00e7ue pour maximiser les performances de la pompe \u00e0 chaleur int\u00e9gr\u00e9e, car l&rsquo;\u00e9vaporateur fonctionne presque exclusivement avec de la chaleur latente. Cela signifie que la capacit\u00e9 de chauffage nette fournie par l&rsquo;unit\u00e9 est bien sup\u00e9rieure \u00e0 celle de tout d\u00e9shumidificateur conventionnel, permettant de r\u00e9duire consid\u00e9rablement les co\u00fbts de chauffage.<br \/>\n[\/vc_column_text][\/vc_accordion_tab][vc_accordion_tab title=\u00a0\u00bb\u00c9CHANGEURS DE CHALEUR AVEC UNE EFFICACIT\u00c9 DE PLUS DE 80 %\u00a0\u00bb tab_id=\u00a0\u00bb21941736-1-75&Prime;][vc_column_text]<br \/>\nLes d\u00e9shumidificateurs HRR de Borealis sont \u00e9quip\u00e9s d&rsquo;un double \u00e9changeur air-air avec des efficacit\u00e9s certifi\u00e9es Eurovent d\u00e9passant 90 % dans des conditions hivernales standard. Prot\u00e9g\u00e9s contre la corrosion gr\u00e2ce \u00e0 un rev\u00eatement \u00e9poxy polym\u00e9ris\u00e9 au four de haute qualit\u00e9, ces \u00e9changeurs sont sp\u00e9cialement con\u00e7us pour une utilisation en milieu de piscine et fabriqu\u00e9s par l&rsquo;une des entreprises les plus prestigieuses d&rsquo;Europe.<br \/>\n[\/vc_column_text][\/vc_accordion_tab][vc_accordion_tab title=\u00a0\u00bbFILTRATION\u00a0\u00bb tab_id=\u00a0\u00bb162194173-75&Prime;][vc_column_text]<br \/>\nNos unit\u00e9s HRR sont standardement pr\u00e9par\u00e9es pour int\u00e9grer une filtration haute efficacit\u00e9 dans chacun des circuits d&rsquo;air. En standard, elles sont \u00e9quip\u00e9es d&rsquo;une filtration R.I.T.E., comprenant des filtres F8 en soufflage. En option, et sans besoin d&rsquo;ajouter des modules suppl\u00e9mentaires ou de modifier les \u00e9l\u00e9ments m\u00e9caniques de la machine, une filtration de plus haute efficacit\u00e9 peut \u00eatre install\u00e9e.<br \/>\n[\/vc_column_text][\/vc_accordion_tab][vc_accordion_tab title=\u00a0\u00bbCONTR\u00d4LE ENTI\u00c8REMENT COMMUNICABLE\u00a0\u00bb tab_id=\u00a0\u00bb16241736-1-75&Prime;][vc_column_text]<\/p>\n<p>Les unit\u00e9s HRR sont livr\u00e9es en standard avec le contr\u00f4le iPro, programm\u00e9 par Borealis pour cette application sp\u00e9cifique. iPro est un mat\u00e9riel fabriqu\u00e9 par le groupe Emerson avec un contr\u00f4le proportionnel int\u00e9gr\u00e9, une communication IP et MODBUS. Il inclut un serveur web avec une page o\u00f9 les param\u00e8tres de fonctionnement de la machine peuvent \u00eatre consult\u00e9s et modifi\u00e9s. Il peut \u00eatre directement connect\u00e9 au routeur du b\u00e2timent avec seulement le c\u00e2ble de connexion requis, permettant une surveillance depuis n&rsquo;importe quel ordinateur ou appareil mobile (t\u00e9l\u00e9phone, tablette, etc.)<\/p>\n<p>Le logiciel est con\u00e7u et mis en \u0153uvre par Borealis, nous permettant un contr\u00f4le total du processus et des am\u00e9liorations continues rapides gr\u00e2ce aux mises \u00e0 jour.<\/p>\n<p>Les pompes \u00e0 chaleur d\u00e9shumidificatrices HRR de Borealis sont des machines con\u00e7ues autour de l&rsquo;efficacit\u00e9 \u00e9nerg\u00e9tique : atteindre des performances maximales avec une consommation d&rsquo;\u00e9nergie minimale. Elles sont \u00e9galement con\u00e7ues pour \u00eatre durables et permettre un entretien facile et \u00e9conomique.<\/p>\n<p>[\/vc_column_text][\/vc_accordion_tab]<\/p>\n<p>[\/vc_accordion][\/vc_column][\/vc_row]<\/p>\n<p>&nbsp;<\/p>\n<p><img loading=\"lazy\" decoding=\"async\" class=\" size-full wp-image-17\" style=\"margin-right: 10px;\" src=\"https:\/\/borealisclima.com\/fr\/wp-content\/uploads\/sites\/4\/2011\/04\/pdf-icon.jpg\" alt=\"\" width=\"24\" height=\"24\" align=\"absmiddle\" border=\"0\" \/><a href=\"https:\/\/drive.google.com\/file\/d\/1QsOK1RhdIUj6zSa4y_saHY_ICDhDVnlk\/view?usp=drive_link\" target=\"_blank\" rel=\"noopener noreferrer\">T\u00e9l\u00e9charger le catalogue &lsquo;\u00c9quipements HRR Haute Efficacit\u00e9&rsquo; [PDF]<\/a><\/p>\n<p>&nbsp;<\/p>\n<\/div>","protected":false},"excerpt":{"rendered":"<p><strong>HRR &#8211; Pompes \u00e0 chaleur d\u00e9shumidificatrices \u00e0 haute efficacit\u00e9 pour piscines int\u00e9rieures<\/strong><\/p>\n<p>La gamme Borealis HRR se compose d&rsquo;unit\u00e9s de climatisation d\u00e9shumidificatrices pour piscines int\u00e9rieures, utilisant une combinaison de syst\u00e8mes de d\u00e9shumidification passive et active pour atteindre une efficacit\u00e9 \u00e9nerg\u00e9tique maximale.<\/p>\n","protected":false},"featured_media":3974,"comment_status":"closed","ping_status":"closed","template":"","meta":[],"product_brand":[],"product_cat":[29],"product_tag":[58,35,113,125,59,114,33,57,115,112,126,128],"class_list":{"0":"post-358","1":"product","2":"type-product","3":"status-publish","4":"has-post-thumbnail","6":"product_cat-deshumidificateurs-pour-piscines-interieures","7":"product_tag-air-conditioner","8":"product_tag-air-conditioning","9":"product_tag-climate","10":"product_tag-dehumidification","11":"product_tag-dehumidifiers","12":"product_tag-equipment","13":"product_tag-heat-pumps","14":"product_tag-indoor-swimming-pools","15":"product_tag-installations","16":"product_tag-machine","17":"product_tag-spa","18":"product_tag-swimming-pools","19":"description-off","21":"first","22":"instock","23":"shipping-taxable","24":"product-type-simple"},"yoast_head":"<!-- This site is optimized with the Yoast SEO plugin v27.3 - https:\/\/yoast.com\/product\/yoast-seo-wordpress\/ -->\n<title>D\u00e9shumidificateurs \u00e0 haute efficacit\u00e9 HRR - Borealis | Energie thermique<\/title>\n<meta name=\"description\" content=\"D\u00e9shumidificateurs \u00e0 haute efficacit\u00e9 pour les piscines int\u00e9rieures de taille moyenne \u00e0 grande. Pompe \u00e0 chaleur plus puissante et plus performante.\" \/>\n<meta name=\"robots\" content=\"index, follow, max-snippet:-1, max-image-preview:large, max-video-preview:-1\" \/>\n<link rel=\"canonical\" href=\"https:\/\/borealisclima.com\/fr\/producto\/deshumidificateurs-a-haute-efficacite-hrr\/\" \/>\n<meta property=\"og:locale\" content=\"fr_FR\" \/>\n<meta property=\"og:type\" content=\"article\" \/>\n<meta property=\"og:title\" content=\"D\u00e9shumidificateurs \u00e0 haute efficacit\u00e9 HRR - Borealis | Energie thermique\" \/>\n<meta property=\"og:description\" content=\"D\u00e9shumidificateurs \u00e0 haute efficacit\u00e9 pour les piscines int\u00e9rieures de taille moyenne \u00e0 grande. Pompe \u00e0 chaleur plus puissante et plus performante.\" \/>\n<meta property=\"og:url\" content=\"https:\/\/borealisclima.com\/fr\/producto\/deshumidificateurs-a-haute-efficacite-hrr\/\" \/>\n<meta property=\"og:site_name\" content=\"Borealis | Energie thermique\" \/>\n<meta property=\"article:modified_time\" content=\"2025-08-01T07:32:53+00:00\" \/>\n<meta property=\"og:image\" content=\"https:\/\/borealisclima.com\/fr\/wp-content\/uploads\/sites\/4\/2015\/01\/Deshumidificadoras-alta-eficiencia-HRR.jpg\" \/>\n\t<meta property=\"og:image:width\" content=\"2004\" \/>\n\t<meta property=\"og:image:height\" content=\"1899\" \/>\n\t<meta property=\"og:image:type\" content=\"image\/jpeg\" \/>\n<meta name=\"twitter:card\" content=\"summary_large_image\" \/>\n<meta name=\"twitter:label1\" content=\"Dur\u00e9e de lecture estim\u00e9e\" \/>\n\t<meta name=\"twitter:data1\" content=\"5 minutes\" \/>\n<script type=\"application\/ld+json\" class=\"yoast-schema-graph\">{\"@context\":\"https:\\\/\\\/schema.org\",\"@graph\":[{\"@type\":\"WebPage\",\"@id\":\"https:\\\/\\\/borealisclima.com\\\/fr\\\/producto\\\/deshumidificateurs-a-haute-efficacite-hrr\\\/\",\"url\":\"https:\\\/\\\/borealisclima.com\\\/fr\\\/producto\\\/deshumidificateurs-a-haute-efficacite-hrr\\\/\",\"name\":\"D\u00e9shumidificateurs \u00e0 haute efficacit\u00e9 HRR - Borealis | Energie thermique\",\"isPartOf\":{\"@id\":\"https:\\\/\\\/borealisclima.com\\\/fr\\\/#website\"},\"primaryImageOfPage\":{\"@id\":\"https:\\\/\\\/borealisclima.com\\\/fr\\\/producto\\\/deshumidificateurs-a-haute-efficacite-hrr\\\/#primaryimage\"},\"image\":{\"@id\":\"https:\\\/\\\/borealisclima.com\\\/fr\\\/producto\\\/deshumidificateurs-a-haute-efficacite-hrr\\\/#primaryimage\"},\"thumbnailUrl\":\"https:\\\/\\\/borealisclima.com\\\/fr\\\/wp-content\\\/uploads\\\/sites\\\/4\\\/2015\\\/01\\\/Deshumidificadoras-alta-eficiencia-HRR.jpg\",\"datePublished\":\"2015-01-26T11:37:52+00:00\",\"dateModified\":\"2025-08-01T07:32:53+00:00\",\"description\":\"D\u00e9shumidificateurs \u00e0 haute efficacit\u00e9 pour les piscines int\u00e9rieures de taille moyenne \u00e0 grande. Pompe \u00e0 chaleur plus puissante et plus performante.\",\"breadcrumb\":{\"@id\":\"https:\\\/\\\/borealisclima.com\\\/fr\\\/producto\\\/deshumidificateurs-a-haute-efficacite-hrr\\\/#breadcrumb\"},\"inLanguage\":\"fr-FR\",\"potentialAction\":[{\"@type\":\"ReadAction\",\"target\":[\"https:\\\/\\\/borealisclima.com\\\/fr\\\/producto\\\/deshumidificateurs-a-haute-efficacite-hrr\\\/\"]}]},{\"@type\":\"ImageObject\",\"inLanguage\":\"fr-FR\",\"@id\":\"https:\\\/\\\/borealisclima.com\\\/fr\\\/producto\\\/deshumidificateurs-a-haute-efficacite-hrr\\\/#primaryimage\",\"url\":\"https:\\\/\\\/borealisclima.com\\\/fr\\\/wp-content\\\/uploads\\\/sites\\\/4\\\/2015\\\/01\\\/Deshumidificadoras-alta-eficiencia-HRR.jpg\",\"contentUrl\":\"https:\\\/\\\/borealisclima.com\\\/fr\\\/wp-content\\\/uploads\\\/sites\\\/4\\\/2015\\\/01\\\/Deshumidificadoras-alta-eficiencia-HRR.jpg\",\"width\":2004,\"height\":1899},{\"@type\":\"BreadcrumbList\",\"@id\":\"https:\\\/\\\/borealisclima.com\\\/fr\\\/producto\\\/deshumidificateurs-a-haute-efficacite-hrr\\\/#breadcrumb\",\"itemListElement\":[{\"@type\":\"ListItem\",\"position\":1,\"name\":\"Portada\",\"item\":\"https:\\\/\\\/borealisclima.com\\\/fr\\\/\"},{\"@type\":\"ListItem\",\"position\":2,\"name\":\"Magasin\",\"item\":\"https:\\\/\\\/borealisclima.com\\\/fr\\\/magasin\\\/\"},{\"@type\":\"ListItem\",\"position\":3,\"name\":\"D\u00e9shumidificateurs \u00e0 haute efficacit\u00e9 HRR\"}]},{\"@type\":\"WebSite\",\"@id\":\"https:\\\/\\\/borealisclima.com\\\/fr\\\/#website\",\"url\":\"https:\\\/\\\/borealisclima.com\\\/fr\\\/\",\"name\":\"Borealis | Energie thermique\",\"description\":\"Entreprise du groupe Campos Corporaci\u00f3na\",\"potentialAction\":[{\"@type\":\"SearchAction\",\"target\":{\"@type\":\"EntryPoint\",\"urlTemplate\":\"https:\\\/\\\/borealisclima.com\\\/fr\\\/?s={search_term_string}\"},\"query-input\":{\"@type\":\"PropertyValueSpecification\",\"valueRequired\":true,\"valueName\":\"search_term_string\"}}],\"inLanguage\":\"fr-FR\"}]}<\/script>\n<!-- \/ Yoast SEO plugin. -->","yoast_head_json":{"title":"D\u00e9shumidificateurs \u00e0 haute efficacit\u00e9 HRR - Borealis | Energie thermique","description":"D\u00e9shumidificateurs \u00e0 haute efficacit\u00e9 pour les piscines int\u00e9rieures de taille moyenne \u00e0 grande. Pompe \u00e0 chaleur plus puissante et plus performante.","robots":{"index":"index","follow":"follow","max-snippet":"max-snippet:-1","max-image-preview":"max-image-preview:large","max-video-preview":"max-video-preview:-1"},"canonical":"https:\/\/borealisclima.com\/fr\/producto\/deshumidificateurs-a-haute-efficacite-hrr\/","og_locale":"fr_FR","og_type":"article","og_title":"D\u00e9shumidificateurs \u00e0 haute efficacit\u00e9 HRR - Borealis | Energie thermique","og_description":"D\u00e9shumidificateurs \u00e0 haute efficacit\u00e9 pour les piscines int\u00e9rieures de taille moyenne \u00e0 grande. Pompe \u00e0 chaleur plus puissante et plus performante.","og_url":"https:\/\/borealisclima.com\/fr\/producto\/deshumidificateurs-a-haute-efficacite-hrr\/","og_site_name":"Borealis | Energie thermique","article_modified_time":"2025-08-01T07:32:53+00:00","og_image":[{"width":2004,"height":1899,"url":"https:\/\/borealisclima.com\/fr\/wp-content\/uploads\/sites\/4\/2015\/01\/Deshumidificadoras-alta-eficiencia-HRR.jpg","type":"image\/jpeg"}],"twitter_card":"summary_large_image","twitter_misc":{"Dur\u00e9e de lecture estim\u00e9e":"5 minutes"},"schema":{"@context":"https:\/\/schema.org","@graph":[{"@type":"WebPage","@id":"https:\/\/borealisclima.com\/fr\/producto\/deshumidificateurs-a-haute-efficacite-hrr\/","url":"https:\/\/borealisclima.com\/fr\/producto\/deshumidificateurs-a-haute-efficacite-hrr\/","name":"D\u00e9shumidificateurs \u00e0 haute efficacit\u00e9 HRR - Borealis | Energie thermique","isPartOf":{"@id":"https:\/\/borealisclima.com\/fr\/#website"},"primaryImageOfPage":{"@id":"https:\/\/borealisclima.com\/fr\/producto\/deshumidificateurs-a-haute-efficacite-hrr\/#primaryimage"},"image":{"@id":"https:\/\/borealisclima.com\/fr\/producto\/deshumidificateurs-a-haute-efficacite-hrr\/#primaryimage"},"thumbnailUrl":"https:\/\/borealisclima.com\/fr\/wp-content\/uploads\/sites\/4\/2015\/01\/Deshumidificadoras-alta-eficiencia-HRR.jpg","datePublished":"2015-01-26T11:37:52+00:00","dateModified":"2025-08-01T07:32:53+00:00","description":"D\u00e9shumidificateurs \u00e0 haute efficacit\u00e9 pour les piscines int\u00e9rieures de taille moyenne \u00e0 grande. Pompe \u00e0 chaleur plus puissante et plus performante.","breadcrumb":{"@id":"https:\/\/borealisclima.com\/fr\/producto\/deshumidificateurs-a-haute-efficacite-hrr\/#breadcrumb"},"inLanguage":"fr-FR","potentialAction":[{"@type":"ReadAction","target":["https:\/\/borealisclima.com\/fr\/producto\/deshumidificateurs-a-haute-efficacite-hrr\/"]}]},{"@type":"ImageObject","inLanguage":"fr-FR","@id":"https:\/\/borealisclima.com\/fr\/producto\/deshumidificateurs-a-haute-efficacite-hrr\/#primaryimage","url":"https:\/\/borealisclima.com\/fr\/wp-content\/uploads\/sites\/4\/2015\/01\/Deshumidificadoras-alta-eficiencia-HRR.jpg","contentUrl":"https:\/\/borealisclima.com\/fr\/wp-content\/uploads\/sites\/4\/2015\/01\/Deshumidificadoras-alta-eficiencia-HRR.jpg","width":2004,"height":1899},{"@type":"BreadcrumbList","@id":"https:\/\/borealisclima.com\/fr\/producto\/deshumidificateurs-a-haute-efficacite-hrr\/#breadcrumb","itemListElement":[{"@type":"ListItem","position":1,"name":"Portada","item":"https:\/\/borealisclima.com\/fr\/"},{"@type":"ListItem","position":2,"name":"Magasin","item":"https:\/\/borealisclima.com\/fr\/magasin\/"},{"@type":"ListItem","position":3,"name":"D\u00e9shumidificateurs \u00e0 haute efficacit\u00e9 HRR"}]},{"@type":"WebSite","@id":"https:\/\/borealisclima.com\/fr\/#website","url":"https:\/\/borealisclima.com\/fr\/","name":"Borealis | Energie thermique","description":"Entreprise du groupe Campos Corporaci\u00f3na","potentialAction":[{"@type":"SearchAction","target":{"@type":"EntryPoint","urlTemplate":"https:\/\/borealisclima.com\/fr\/?s={search_term_string}"},"query-input":{"@type":"PropertyValueSpecification","valueRequired":true,"valueName":"search_term_string"}}],"inLanguage":"fr-FR"}]}},"_links":{"self":[{"href":"https:\/\/borealisclima.com\/fr\/wp-json\/wp\/v2\/product\/358","targetHints":{"allow":["GET"]}}],"collection":[{"href":"https:\/\/borealisclima.com\/fr\/wp-json\/wp\/v2\/product"}],"about":[{"href":"https:\/\/borealisclima.com\/fr\/wp-json\/wp\/v2\/types\/product"}],"replies":[{"embeddable":true,"href":"https:\/\/borealisclima.com\/fr\/wp-json\/wp\/v2\/comments?post=358"}],"wp:featuredmedia":[{"embeddable":true,"href":"https:\/\/borealisclima.com\/fr\/wp-json\/wp\/v2\/media\/3974"}],"wp:attachment":[{"href":"https:\/\/borealisclima.com\/fr\/wp-json\/wp\/v2\/media?parent=358"}],"wp:term":[{"taxonomy":"product_brand","embeddable":true,"href":"https:\/\/borealisclima.com\/fr\/wp-json\/wp\/v2\/product_brand?post=358"},{"taxonomy":"product_cat","embeddable":true,"href":"https:\/\/borealisclima.com\/fr\/wp-json\/wp\/v2\/product_cat?post=358"},{"taxonomy":"product_tag","embeddable":true,"href":"https:\/\/borealisclima.com\/fr\/wp-json\/wp\/v2\/product_tag?post=358"}],"curies":[{"name":"wp","href":"https:\/\/api.w.org\/{rel}","templated":true}]}}