{"id":4151,"date":"2024-04-12T09:47:00","date_gmt":"2024-04-12T09:47:00","guid":{"rendered":"https:\/\/borealisclima.com\/fr\/?post_type=product&#038;p=4151"},"modified":"2024-11-28T10:38:58","modified_gmt":"2024-11-28T09:38:58","slug":"ed-heat-pumps-air-water-heat-pumps-for-production-of-to-c-s-and-high-temperature-heating-services","status":"publish","type":"product","link":"https:\/\/borealisclima.com\/fr\/producto\/ed-heat-pumps-air-water-heat-pumps-for-production-of-to-c-s-and-high-temperature-heating-services\/","title":{"rendered":"ED &#8211; Pompes \u00e0 chaleur air\/eau pour la production d&rsquo;eau chaude sanitaire et les services de chauffage \u00e0 haute temp\u00e9rature"},"content":{"rendered":"<div class=\"wpb-content-wrapper\"><p>Les principales caract\u00e9ristiques de la gamme sont :<\/p>\n<ul>\n<li>Unit\u00e9s capables de fournir de l&rsquo;eau \u00e0 75 \u00b0C m\u00eame avec des temp\u00e9ratures de -10 \u00b0C et moins.<\/li>\n<li>Con\u00e7ues avec comme principes cl\u00e9s la robustesse, la fiabilit\u00e9 et des co\u00fbts de maintenance r\u00e9duits.<\/li>\n<li>R\u00e9frig\u00e9rant R1243ze, HFO avec un GWP proche de z\u00e9ro, ce qui signifie pratiquement sans \u00e9missions de CO2 et donc une viabilit\u00e9 \u00e0 long terme sur le march\u00e9.<\/li>\n<li>Compresseurs semi-herm\u00e9tiques durables.<\/li>\n<li>\u00c9changeurs compos\u00e9s de tubes en cuivre et d\u2019ailettes en aluminium avec traitement anti-corrosion.<\/li>\n<li>Circuit frigorifique dans un compartiment ferm\u00e9 et isol\u00e9 pour le prot\u00e9ger de l&rsquo;usure li\u00e9e aux intemp\u00e9ries et \u00e9viter les pertes de chaleur.<\/li>\n<li>Composants et circuits facilement r\u00e9parables et \u00e9conomiques \u00e0 entretenir.<\/li>\n<li>\u00c9changeur de chaleur \u00e0 plaques bras\u00e9es en acier inoxydable.<\/li>\n<\/ul>\n<p><a class=\"dt-pswp-item\" href=\"https:\/\/borealisclima.com\/fr\/wp-content\/uploads\/sites\/4\/2024\/04\/ED_Imagen1.jpg\" data-dt-img-description=\"\" data-large_image_width=\"298\" data-large_image_height=\"223\"><img loading=\"lazy\" decoding=\"async\" class=\"aligncenter wp-image-4155\" src=\"https:\/\/borealisclima.com\/fr\/wp-content\/uploads\/sites\/4\/2024\/04\/ED_Imagen1.jpg\" alt=\"\" width=\"298\" height=\"223\" \/><\/a><\/p>\n<ul>\n<li>Contr\u00f4le de la pression d&rsquo;\u00e9vaporation par variation continue de la vitesse du ventilateur (EC).<\/li>\n<li>Contr\u00f4le \u00e9lectronique avec communication Modbus et IP (permet une gestion \u00e0 distance gratuite via un navigateur web) et un affichage montable \u00e0 distance avec messages en langage naturel. Stocke les donn\u00e9es historiques sur le fonctionnement de la machine et les alertes.<\/li>\n<li>D\u00e9bitm\u00e8tre num\u00e9rique int\u00e9gr\u00e9 au contr\u00f4le \u00e9lectronique, permettant de v\u00e9rifier le bon d\u00e9bit d&rsquo;eau \u00e0 tout moment.<\/li>\n<\/ul>\n<p><a class=\"dt-pswp-item\" href=\"https:\/\/borealisclima.com\/fr\/wp-content\/uploads\/sites\/4\/2024\/04\/ED_Imagen2.jpg\" data-dt-img-description=\"\" data-large_image_width=\"236\" data-large_image_height=\"171\"><img loading=\"lazy\" decoding=\"async\" class=\"aligncenter wp-image-4156\" src=\"https:\/\/borealisclima.com\/fr\/wp-content\/uploads\/sites\/4\/2024\/04\/ED_Imagen2.jpg\" alt=\"\" width=\"298\" height=\"216\" \/><\/a><\/p>\n<p>Versions avec modulation m\u00e9canique de puissance (d\u00e9charge des cylindres) et inverseur, avec modulation continue par variation de fr\u00e9quence.<\/p>\n<p>&nbsp;<\/p>\n<p>[vc_row margin_top=\u00a0\u00bb50px\u00a0\u00bb][vc_column][vc_accordion top_margin=\u00a0\u00bbpage_margin_top\u00a0\u00bb title_size=\u00a0\u00bbh3&Prime; style=\u00a0\u00bb3&Prime; active_tab=\u00a0\u00bbfalse\u00a0\u00bb]<\/p>\n<p>[vc_accordion_tab title=\u00a0\u00bbLA POMPE \u00c0 CHALEUR, UN \u00c9L\u00c9MENT CL\u00c9 DANS LA LUTTE CONTRE LE CHANGEMENT CLIMATIQUE\u00a0\u00bb tab_id=\u00a0\u00bb1621736-1-75&Prime;][vc_column_text]<\/p>\n<p>La pompe \u00e0 chaleur joue un r\u00f4le crucial dans la d\u00e9carbonisation des activit\u00e9s humaines et la lutte contre le changement climatique pour trois raisons. Premi\u00e8rement, elle utilise la chaleur provenant de sources renouvelables, comme l&rsquo;atmosph\u00e8re et le sol, qui proviennent en fin de compte du soleil. Deuxi\u00e8mement, l&rsquo;\u00e9nergie alimentant les pompes \u00e0 chaleur ne provient pas \u00e0 100 % de combustibles fossiles, contrairement aux syst\u00e8mes de chauffage traditionnels ; l\u2019\u00e9lectricit\u00e9 \u00ab z\u00e9ro \u00e9missions \u00bb repr\u00e9sente d\u00e9sormais plus de 75 % du total national. Troisi\u00e8mement, les pompes \u00e0 chaleur ont une efficacit\u00e9 \u00e9nerg\u00e9tique primaire nettement sup\u00e9rieure \u00e0 celle des syst\u00e8mes de chauffage traditionnels.<\/p>\n<p>Leur efficacit\u00e9 dans la production et le transfert de chaleur fait des pompes \u00e0 chaleur une alternative essentielle pour des syst\u00e8mes de chauffage et de refroidissement plus durables. Encourager leur utilisation nous fait progresser vers un avenir \u00e9nerg\u00e9tique plus propre et plus r\u00e9silient, r\u00e9duisant notre d\u00e9pendance aux combustibles fossiles et att\u00e9nuant le changement climatique. Ainsi, l&rsquo;adoption g\u00e9n\u00e9ralis\u00e9e des pompes \u00e0 chaleur est une \u00e9tape fondamentale vers une production d&rsquo;\u00e9nergie plus verte et responsable.<\/p>\n<p>[\/vc_column_text][\/vc_accordion_tab][vc_accordion_tab title=\u00a0\u00bbLE BESOIN DE POMPES \u00c0 CHALEUR HAUTE TEMP\u00c9RATURE\u00a0\u00bb tab_id=\u00a0\u00bb16211736-1-75&Prime;][vc_column_text]<\/p>\n<p>La disponibilit\u00e9 et le faible co\u00fbt des syst\u00e8mes de chauffage traditionnels ont frein\u00e9 le d\u00e9veloppement des pompes \u00e0 chaleur haute temp\u00e9rature, capables de produire de l&rsquo;eau \u00e0 des temp\u00e9ratures comprises entre 55 et 75 \u00b0C (et au-del\u00e0). Cependant, la prise de conscience croissante de la situation climatique de la plan\u00e8te et la n\u00e9cessit\u00e9 de r\u00e9duire les \u00e9missions de gaz \u00e0 effet de serre, en particulier le CO2, ont conduit au d\u00e9veloppement de ces machines pour r\u00e9pondre aux besoins domestiques, commerciaux et industriels en production d&rsquo;ECS et autres services de chauffage.<\/p>\n<p>[\/vc_column_text][\/vc_accordion_tab]<\/p>\n<p>[\/vc_accordion][\/vc_column][\/vc_row]<\/p>\n<p>&nbsp;<\/p>\n<p>&nbsp;<\/p>\n<\/div>","protected":false},"excerpt":{"rendered":"<p>Les pompes \u00e0 chaleur air-eau Borealis ED sont sp\u00e9cialement con\u00e7ues pour la production d&rsquo;eau haute temp\u00e9rature, entre 55 et 75 \u00b0C, et pour les applications suivantes :<\/p>\n<ul>\n<li>Production d&rsquo;eau chaude sanitaire (ECS).<\/li>\n<li>Circuits de chauffage dans des installations \u00e0 4 tuyaux.<\/li>\n<li>Chauffage haute temp\u00e9rature avec faibles d\u00e9bits et \u0394T \u00e9lev\u00e9, adapt\u00e9 m\u00eame aux radiateurs.<\/li>\n<li>Applications industrielles.<\/li>\n<li>Etc.<\/li>\n<\/ul>\n","protected":false},"featured_media":4152,"comment_status":"closed","ping_status":"closed","template":"","meta":[],"product_brand":[],"product_cat":[63],"product_tag":[177,142,33,37,178,179],"class_list":{"0":"post-4151","1":"product","2":"type-product","3":"status-publish","4":"has-post-thumbnail","6":"product_cat-pompes-a-chaleur-air-eau","7":"product_tag-a-c-s-production","8":"product_tag-air-water","9":"product_tag-heat-pumps","10":"product_tag-heating2","11":"product_tag-high-temperature","12":"product_tag-industrial-uses","13":"description-off","15":"first","16":"instock","17":"shipping-taxable","18":"product-type-simple"},"yoast_head":"<!-- This site is optimized with the Yoast SEO plugin v27.3 - https:\/\/yoast.com\/product\/yoast-seo-wordpress\/ -->\n<title>Pompes \u00e0 chaleur air\/eau pour le chauffage des piscines | EBH<\/title>\n<meta name=\"description\" content=\"Les pompes \u00e0 chaleur Borealis EBH sont sp\u00e9cialement con\u00e7ues pour chauffer l&#039;eau des piscines, int\u00e9rieures ou ext\u00e9rieures.\" \/>\n<meta name=\"robots\" content=\"index, follow, max-snippet:-1, max-image-preview:large, max-video-preview:-1\" \/>\n<link rel=\"canonical\" href=\"https:\/\/borealisclima.com\/fr\/producto\/ed-heat-pumps-air-water-heat-pumps-for-production-of-to-c-s-and-high-temperature-heating-services\/\" \/>\n<meta property=\"og:locale\" content=\"fr_FR\" \/>\n<meta property=\"og:type\" content=\"article\" \/>\n<meta property=\"og:title\" content=\"Pompes \u00e0 chaleur air\/eau pour le chauffage des piscines | EBH\" \/>\n<meta property=\"og:description\" content=\"Les pompes \u00e0 chaleur Borealis EBH sont sp\u00e9cialement con\u00e7ues pour chauffer l&#039;eau des piscines, int\u00e9rieures ou ext\u00e9rieures.\" \/>\n<meta property=\"og:url\" content=\"https:\/\/borealisclima.com\/fr\/producto\/ed-heat-pumps-air-water-heat-pumps-for-production-of-to-c-s-and-high-temperature-heating-services\/\" \/>\n<meta property=\"og:site_name\" content=\"Borealis | Energie thermique\" \/>\n<meta property=\"article:modified_time\" content=\"2024-11-28T09:38:58+00:00\" \/>\n<meta property=\"og:image\" content=\"https:\/\/borealisclima.com\/fr\/wp-content\/uploads\/sites\/4\/2024\/04\/ECC-fondo-blanco-e1713776502236.jpg\" \/>\n\t<meta property=\"og:image:width\" content=\"1500\" \/>\n\t<meta property=\"og:image:height\" content=\"1467\" \/>\n\t<meta property=\"og:image:type\" content=\"image\/jpeg\" \/>\n<meta name=\"twitter:card\" content=\"summary_large_image\" \/>\n<meta name=\"twitter:label1\" content=\"Dur\u00e9e de lecture estim\u00e9e\" \/>\n\t<meta name=\"twitter:data1\" content=\"3 minutes\" \/>\n<script type=\"application\/ld+json\" class=\"yoast-schema-graph\">{\"@context\":\"https:\\\/\\\/schema.org\",\"@graph\":[{\"@type\":\"WebPage\",\"@id\":\"https:\\\/\\\/borealisclima.com\\\/fr\\\/producto\\\/ed-heat-pumps-air-water-heat-pumps-for-production-of-to-c-s-and-high-temperature-heating-services\\\/\",\"url\":\"https:\\\/\\\/borealisclima.com\\\/fr\\\/producto\\\/ed-heat-pumps-air-water-heat-pumps-for-production-of-to-c-s-and-high-temperature-heating-services\\\/\",\"name\":\"Pompes \u00e0 chaleur air\\\/eau pour le chauffage des piscines | EBH\",\"isPartOf\":{\"@id\":\"https:\\\/\\\/borealisclima.com\\\/fr\\\/#website\"},\"primaryImageOfPage\":{\"@id\":\"https:\\\/\\\/borealisclima.com\\\/fr\\\/producto\\\/ed-heat-pumps-air-water-heat-pumps-for-production-of-to-c-s-and-high-temperature-heating-services\\\/#primaryimage\"},\"image\":{\"@id\":\"https:\\\/\\\/borealisclima.com\\\/fr\\\/producto\\\/ed-heat-pumps-air-water-heat-pumps-for-production-of-to-c-s-and-high-temperature-heating-services\\\/#primaryimage\"},\"thumbnailUrl\":\"https:\\\/\\\/borealisclima.com\\\/fr\\\/wp-content\\\/uploads\\\/sites\\\/4\\\/2024\\\/04\\\/ECC-fondo-blanco-e1713776502236.jpg\",\"datePublished\":\"2024-04-12T09:47:00+00:00\",\"dateModified\":\"2024-11-28T09:38:58+00:00\",\"description\":\"Les pompes \u00e0 chaleur Borealis EBH sont sp\u00e9cialement con\u00e7ues pour chauffer l'eau des piscines, int\u00e9rieures ou ext\u00e9rieures.\",\"breadcrumb\":{\"@id\":\"https:\\\/\\\/borealisclima.com\\\/fr\\\/producto\\\/ed-heat-pumps-air-water-heat-pumps-for-production-of-to-c-s-and-high-temperature-heating-services\\\/#breadcrumb\"},\"inLanguage\":\"fr-FR\",\"potentialAction\":[{\"@type\":\"ReadAction\",\"target\":[\"https:\\\/\\\/borealisclima.com\\\/fr\\\/producto\\\/ed-heat-pumps-air-water-heat-pumps-for-production-of-to-c-s-and-high-temperature-heating-services\\\/\"]}]},{\"@type\":\"ImageObject\",\"inLanguage\":\"fr-FR\",\"@id\":\"https:\\\/\\\/borealisclima.com\\\/fr\\\/producto\\\/ed-heat-pumps-air-water-heat-pumps-for-production-of-to-c-s-and-high-temperature-heating-services\\\/#primaryimage\",\"url\":\"https:\\\/\\\/borealisclima.com\\\/fr\\\/wp-content\\\/uploads\\\/sites\\\/4\\\/2024\\\/04\\\/ECC-fondo-blanco-e1713776502236.jpg\",\"contentUrl\":\"https:\\\/\\\/borealisclima.com\\\/fr\\\/wp-content\\\/uploads\\\/sites\\\/4\\\/2024\\\/04\\\/ECC-fondo-blanco-e1713776502236.jpg\",\"width\":1500,\"height\":1467},{\"@type\":\"BreadcrumbList\",\"@id\":\"https:\\\/\\\/borealisclima.com\\\/fr\\\/producto\\\/ed-heat-pumps-air-water-heat-pumps-for-production-of-to-c-s-and-high-temperature-heating-services\\\/#breadcrumb\",\"itemListElement\":[{\"@type\":\"ListItem\",\"position\":1,\"name\":\"Portada\",\"item\":\"https:\\\/\\\/borealisclima.com\\\/fr\\\/\"},{\"@type\":\"ListItem\",\"position\":2,\"name\":\"Magasin\",\"item\":\"https:\\\/\\\/borealisclima.com\\\/fr\\\/magasin\\\/\"},{\"@type\":\"ListItem\",\"position\":3,\"name\":\"ED &#8211; Pompes \u00e0 chaleur air\\\/eau pour la production d&rsquo;eau chaude sanitaire et les services de chauffage \u00e0 haute temp\u00e9rature\"}]},{\"@type\":\"WebSite\",\"@id\":\"https:\\\/\\\/borealisclima.com\\\/fr\\\/#website\",\"url\":\"https:\\\/\\\/borealisclima.com\\\/fr\\\/\",\"name\":\"Borealis | Energie thermique\",\"description\":\"Entreprise du groupe Campos Corporaci\u00f3na\",\"potentialAction\":[{\"@type\":\"SearchAction\",\"target\":{\"@type\":\"EntryPoint\",\"urlTemplate\":\"https:\\\/\\\/borealisclima.com\\\/fr\\\/?s={search_term_string}\"},\"query-input\":{\"@type\":\"PropertyValueSpecification\",\"valueRequired\":true,\"valueName\":\"search_term_string\"}}],\"inLanguage\":\"fr-FR\"}]}<\/script>\n<!-- \/ Yoast SEO plugin. -->","yoast_head_json":{"title":"Pompes \u00e0 chaleur air\/eau pour le chauffage des piscines | EBH","description":"Les pompes \u00e0 chaleur Borealis EBH sont sp\u00e9cialement con\u00e7ues pour chauffer l'eau des piscines, int\u00e9rieures ou ext\u00e9rieures.","robots":{"index":"index","follow":"follow","max-snippet":"max-snippet:-1","max-image-preview":"max-image-preview:large","max-video-preview":"max-video-preview:-1"},"canonical":"https:\/\/borealisclima.com\/fr\/producto\/ed-heat-pumps-air-water-heat-pumps-for-production-of-to-c-s-and-high-temperature-heating-services\/","og_locale":"fr_FR","og_type":"article","og_title":"Pompes \u00e0 chaleur air\/eau pour le chauffage des piscines | EBH","og_description":"Les pompes \u00e0 chaleur Borealis EBH sont sp\u00e9cialement con\u00e7ues pour chauffer l'eau des piscines, int\u00e9rieures ou ext\u00e9rieures.","og_url":"https:\/\/borealisclima.com\/fr\/producto\/ed-heat-pumps-air-water-heat-pumps-for-production-of-to-c-s-and-high-temperature-heating-services\/","og_site_name":"Borealis | Energie thermique","article_modified_time":"2024-11-28T09:38:58+00:00","og_image":[{"width":1500,"height":1467,"url":"https:\/\/borealisclima.com\/fr\/wp-content\/uploads\/sites\/4\/2024\/04\/ECC-fondo-blanco-e1713776502236.jpg","type":"image\/jpeg"}],"twitter_card":"summary_large_image","twitter_misc":{"Dur\u00e9e de lecture estim\u00e9e":"3 minutes"},"schema":{"@context":"https:\/\/schema.org","@graph":[{"@type":"WebPage","@id":"https:\/\/borealisclima.com\/fr\/producto\/ed-heat-pumps-air-water-heat-pumps-for-production-of-to-c-s-and-high-temperature-heating-services\/","url":"https:\/\/borealisclima.com\/fr\/producto\/ed-heat-pumps-air-water-heat-pumps-for-production-of-to-c-s-and-high-temperature-heating-services\/","name":"Pompes \u00e0 chaleur air\/eau pour le chauffage des piscines | EBH","isPartOf":{"@id":"https:\/\/borealisclima.com\/fr\/#website"},"primaryImageOfPage":{"@id":"https:\/\/borealisclima.com\/fr\/producto\/ed-heat-pumps-air-water-heat-pumps-for-production-of-to-c-s-and-high-temperature-heating-services\/#primaryimage"},"image":{"@id":"https:\/\/borealisclima.com\/fr\/producto\/ed-heat-pumps-air-water-heat-pumps-for-production-of-to-c-s-and-high-temperature-heating-services\/#primaryimage"},"thumbnailUrl":"https:\/\/borealisclima.com\/fr\/wp-content\/uploads\/sites\/4\/2024\/04\/ECC-fondo-blanco-e1713776502236.jpg","datePublished":"2024-04-12T09:47:00+00:00","dateModified":"2024-11-28T09:38:58+00:00","description":"Les pompes \u00e0 chaleur Borealis EBH sont sp\u00e9cialement con\u00e7ues pour chauffer l'eau des piscines, int\u00e9rieures ou ext\u00e9rieures.","breadcrumb":{"@id":"https:\/\/borealisclima.com\/fr\/producto\/ed-heat-pumps-air-water-heat-pumps-for-production-of-to-c-s-and-high-temperature-heating-services\/#breadcrumb"},"inLanguage":"fr-FR","potentialAction":[{"@type":"ReadAction","target":["https:\/\/borealisclima.com\/fr\/producto\/ed-heat-pumps-air-water-heat-pumps-for-production-of-to-c-s-and-high-temperature-heating-services\/"]}]},{"@type":"ImageObject","inLanguage":"fr-FR","@id":"https:\/\/borealisclima.com\/fr\/producto\/ed-heat-pumps-air-water-heat-pumps-for-production-of-to-c-s-and-high-temperature-heating-services\/#primaryimage","url":"https:\/\/borealisclima.com\/fr\/wp-content\/uploads\/sites\/4\/2024\/04\/ECC-fondo-blanco-e1713776502236.jpg","contentUrl":"https:\/\/borealisclima.com\/fr\/wp-content\/uploads\/sites\/4\/2024\/04\/ECC-fondo-blanco-e1713776502236.jpg","width":1500,"height":1467},{"@type":"BreadcrumbList","@id":"https:\/\/borealisclima.com\/fr\/producto\/ed-heat-pumps-air-water-heat-pumps-for-production-of-to-c-s-and-high-temperature-heating-services\/#breadcrumb","itemListElement":[{"@type":"ListItem","position":1,"name":"Portada","item":"https:\/\/borealisclima.com\/fr\/"},{"@type":"ListItem","position":2,"name":"Magasin","item":"https:\/\/borealisclima.com\/fr\/magasin\/"},{"@type":"ListItem","position":3,"name":"ED &#8211; Pompes \u00e0 chaleur air\/eau pour la production d&rsquo;eau chaude sanitaire et les services de chauffage \u00e0 haute temp\u00e9rature"}]},{"@type":"WebSite","@id":"https:\/\/borealisclima.com\/fr\/#website","url":"https:\/\/borealisclima.com\/fr\/","name":"Borealis | Energie thermique","description":"Entreprise du groupe Campos Corporaci\u00f3na","potentialAction":[{"@type":"SearchAction","target":{"@type":"EntryPoint","urlTemplate":"https:\/\/borealisclima.com\/fr\/?s={search_term_string}"},"query-input":{"@type":"PropertyValueSpecification","valueRequired":true,"valueName":"search_term_string"}}],"inLanguage":"fr-FR"}]}},"_links":{"self":[{"href":"https:\/\/borealisclima.com\/fr\/wp-json\/wp\/v2\/product\/4151","targetHints":{"allow":["GET"]}}],"collection":[{"href":"https:\/\/borealisclima.com\/fr\/wp-json\/wp\/v2\/product"}],"about":[{"href":"https:\/\/borealisclima.com\/fr\/wp-json\/wp\/v2\/types\/product"}],"replies":[{"embeddable":true,"href":"https:\/\/borealisclima.com\/fr\/wp-json\/wp\/v2\/comments?post=4151"}],"wp:featuredmedia":[{"embeddable":true,"href":"https:\/\/borealisclima.com\/fr\/wp-json\/wp\/v2\/media\/4152"}],"wp:attachment":[{"href":"https:\/\/borealisclima.com\/fr\/wp-json\/wp\/v2\/media?parent=4151"}],"wp:term":[{"taxonomy":"product_brand","embeddable":true,"href":"https:\/\/borealisclima.com\/fr\/wp-json\/wp\/v2\/product_brand?post=4151"},{"taxonomy":"product_cat","embeddable":true,"href":"https:\/\/borealisclima.com\/fr\/wp-json\/wp\/v2\/product_cat?post=4151"},{"taxonomy":"product_tag","embeddable":true,"href":"https:\/\/borealisclima.com\/fr\/wp-json\/wp\/v2\/product_tag?post=4151"}],"curies":[{"name":"wp","href":"https:\/\/api.w.org\/{rel}","templated":true}]}}