{"id":4182,"date":"2024-05-13T08:56:32","date_gmt":"2024-05-13T08:56:32","guid":{"rendered":"https:\/\/borealisclima.com\/fr\/?post_type=product&#038;p=4182"},"modified":"2025-06-18T07:34:16","modified_gmt":"2025-06-18T06:34:16","slug":"deshumidificateurs-a-dessiccation-hdr","status":"publish","type":"product","link":"https:\/\/borealisclima.com\/fr\/producto\/deshumidificateurs-a-dessiccation-hdr\/","title":{"rendered":"D\u00e9shumidificateurs \u00e0 dessiccation HDR"},"content":{"rendered":"<div class=\"wpb-content-wrapper\"><p>Les caract\u00e9ristiques distinctives de la s\u00e9rie HDR de d\u00e9shumidificateurs \u00e0 rotor \u00e0 dessiccant Borealis sont les suivantes :<\/p>\n<ul>\n<li>Options multiples de s\u00e9lection et de personnalisation pour chaque cas et client.<\/li>\n<li>Structure fabriqu\u00e9e avec des profils en aluminium anodis\u00e9 avec rupture de pont thermique et panneaux de fermeture amovibles de type sandwich compos\u00e9s de deux t\u00f4les d&rsquo;acier galvanis\u00e9 laqu\u00e9 avec un noyau d&rsquo;isolation thermo-acoustique en PIR de 45 mm d&rsquo;\u00e9paisseur en standard. Int\u00e9rieur des panneaux laqu\u00e9. Bac \u00e0 condensats en acier inoxydable.<\/li>\n<li>Ventilateurs plug-fan de s\u00e9rie dans les flux d&rsquo;air de traitement et de r\u00e9activation.<\/li>\n<li>R\u00e9activation avec vapeur, eau chaude, \u00e9lectrique ou batterie de pompe \u00e0 chaleur.<\/li>\n<li>Batteries de pr\u00e9-refroidissement et\/ou de post-refroidissement en option dans le circuit de production, soit de type hydraulique soit \u00e0 expansion directe.<\/li>\n<li>Filtration G4 de s\u00e9rie dans les deux circuits d&rsquo;air. En option, filtres \u00e0 plus haute efficacit\u00e9 (type M, type F, etc.).<\/li>\n<li>Panneau de contr\u00f4le et de protection \u00e9lectrique complet.<\/li>\n<li>R\u00e9gulation \u00e9lectronique par microprocesseur librement programmable. Commande \u00e0 distance ou int\u00e9gr\u00e9e avec grand \u00e9cran LCD \u00e9clair\u00e9, s\u00e9lecteurs de consigne, modes de fonctionnement et calendrier. Stockage des donn\u00e9es historiques. Connexion Web et MODBUS de s\u00e9rie. Programmation personnalis\u00e9e en option.<\/li>\n<\/ul>\n<p>&nbsp;<\/p>\n<p>[vc_row margin_top=\u00a0\u00bb50px\u00a0\u00bb][vc_column][vc_accordion top_margin=\u00a0\u00bbpage_margin_top\u00a0\u00bb title_size=\u00a0\u00bbh3&Prime; style=\u00a0\u00bb3&Prime; active_tab=\u00a0\u00bbfalse\u00a0\u00bb]<\/p>\n<p>[vc_accordion_tab title=\u00a0\u00bbSECTEURS D&rsquo;APPLICATION\u00a0\u00bb tab_id=\u00a0\u00bb1621736-1-75&Prime;][vc_column_text]<\/p>\n<p>Les d\u00e9shumidificateurs \u00e0 rotor \u00e0 dessiccant sont couramment utilis\u00e9s dans des applications o\u00f9 les \u00e9quipements de r\u00e9frig\u00e9ration ne peuvent pas \u00eatre employ\u00e9s, principalement parce que les conditions de temp\u00e9rature et d&rsquo;humidit\u00e9 requises ne permettent pas ce syst\u00e8me de d\u00e9shumidification par condensation, notamment \u00e0 basse temp\u00e9rature o\u00f9 l&rsquo;accumulation de glace se produit sur les batteries de r\u00e9frig\u00e9ration, entra\u00eenant une interruption des processus.<\/p>\n<p>Les rotors \u00e0 dessiccant sont couramment utilis\u00e9s dans les industries manufacturi\u00e8res, agroalimentaires ou chimiques, y compris pharmaceutiques, pour pr\u00e9venir la corrosion, prot\u00e9ger contre la condensation (et la formation de glace qui en r\u00e9sulte dans les chambres froides), \u00e9viter la formation de moisissures ou de champignons, traiter le syndrome des b\u00e2timents malsains, r\u00e9aliser divers processus industriels n\u00e9cessitant un contr\u00f4le de l&rsquo;humidit\u00e9, traiter l&rsquo;air dans les salles blanches ou g\u00e9rer les processus de production alimentaire tels que la fabrication de confiseries et de glaces, etc.<\/p>\n<p>En g\u00e9n\u00e9ral, ils sont utilis\u00e9s pour des processus n\u00e9cessitant un s\u00e9chage efficace et o\u00f9 la d\u00e9shumidification bas\u00e9e sur la r\u00e9frig\u00e9ration n&rsquo;est pas adapt\u00e9e.<\/p>\n<p>&nbsp;<\/p>\n<p>[\/vc_column_text][\/vc_accordion_tab][vc_accordion_tab title=\u00a0\u00bbPRINCIPES TECHNOLOGIQUES\u00a0\u00bb tab_id=\u00a0\u00bb16211736-1-75&Prime;][vc_column_text]<\/p>\n<ul>\n<li>Les d\u00e9shumidificateurs \u00e0 dessiccant fonctionnent par adsorption plut\u00f4t que par refroidissement pour \u00e9liminer l&rsquo;humidit\u00e9 de l&rsquo;air.<\/li>\n<li>L&rsquo;adsorption consiste \u00e0 capturer l&rsquo;humidit\u00e9 \u00e0 la surface d&rsquo;un solide ou d&rsquo;un liquide, appel\u00e9 sorbant.<\/li>\n<li>Les d\u00e9shumidificateurs \u00e0 rotor \u00e0 dessiccant utilisent des sorbants tels que le gel de silice ou les tamis mol\u00e9culaires sur une structure circulaire en nid d&rsquo;abeille.<\/li>\n<li>De nombreux mat\u00e9riaux solides peuvent attirer l&rsquo;humidit\u00e9, mais les dessiccants commerciaux ont une capacit\u00e9 d&rsquo;absorption beaucoup plus \u00e9lev\u00e9e, jusqu&rsquo;\u00e0 10 000 % de leur poids sec.<\/li>\n<li>Dans les d\u00e9shumidificateurs \u00e0 rotor \u00e0 dessiccant, il existe deux flux d&rsquo;air ind\u00e9pendants :\n<ul>\n<li><strong>Air de traitement<\/strong> : entre charg\u00e9 d&rsquo;humidit\u00e9 et sort sec.<\/li>\n<li><strong>Air de r\u00e9activation<\/strong> : est chauff\u00e9 pour r\u00e9g\u00e9n\u00e9rer le gel de silice, lib\u00e9rant l&rsquo;humidit\u00e9 du rotor.<\/li>\n<\/ul>\n<\/li>\n<li>L&rsquo;air de traitement conditionne l&rsquo;espace souhait\u00e9, tandis que l&rsquo;air de r\u00e9activation est expuls\u00e9 \u00e0 l&rsquo;ext\u00e9rieur de la zone de traitement.<\/li>\n<\/ul>\n<p>&nbsp;<\/p>\n<p><img loading=\"lazy\" decoding=\"async\" class=\"aligncenter\" src=\"https:\/\/borealisclima.com\/fr\/wp-content\/uploads\/sites\/4\/2024\/11\/5_HDR_FR.jpg\" width=\"456\" height=\"326\" \/><\/p>\n<p>[\/vc_column_text][\/vc_accordion_tab]<\/p>\n<p>[\/vc_accordion][\/vc_column][\/vc_row]<\/p>\n<p>&nbsp;<\/p>\n<p>&nbsp;<\/p>\n<\/div>","protected":false},"excerpt":{"rendered":"<p>La gamme de d\u00e9shumidificateurs \u00e0 rotor d\u00e9shydratant Borealis HDR comprend une grande vari\u00e9t\u00e9 de solutions con\u00e7ues pour la d\u00e9shumidification et le traitement de l&rsquo;air dans les processus industriels, commerciaux ou de conditionnement d&rsquo;air avanc\u00e9s.<\/p>\n<p>Les unit\u00e9s HDR utilisent la technologie \u00e9prouv\u00e9e du rotor d\u00e9shydratant, am\u00e9lior\u00e9e pour int\u00e9grer diff\u00e9rents syst\u00e8mes de r\u00e9activation du rotor (vapeur, eau chaude, expansion directe, etc.) et des options de traitement de l&rsquo;air suppl\u00e9mentaires pour compl\u00e9ter la d\u00e9shumidification (post-refroidissement, post-chauffage, etc.).<\/p>\n<p>La flexibilit\u00e9 de fabrication qui caract\u00e9rise Borealis nous permet d&rsquo;adapter les fonctionnalit\u00e9s de nos \u00e9quipements aux besoins du client, et les unit\u00e9s HDR ne font pas exception.<\/p>\n","protected":false},"featured_media":4480,"comment_status":"closed","ping_status":"closed","template":"","meta":[],"product_brand":[],"product_cat":[182],"product_tag":[59,180,134,181,179],"class_list":{"0":"post-4182","1":"product","2":"type-product","3":"status-publish","4":"has-post-thumbnail","6":"product_cat-deshumidificateurs-industriels","7":"product_tag-dehumidifiers","8":"product_tag-impeller","9":"product_tag-industrial","10":"product_tag-industrial-processes","11":"product_tag-industrial-uses","12":"description-off","14":"first","15":"instock","16":"shipping-taxable","17":"product-type-simple"},"yoast_head":"<!-- This site is optimized with the Yoast SEO plugin v27.3 - https:\/\/yoast.com\/product\/yoast-seo-wordpress\/ -->\n<title>Pompes \u00e0 chaleur air\/eau pour le chauffage des piscines | EBH<\/title>\n<meta name=\"description\" content=\"Les pompes \u00e0 chaleur Borealis EBH sont sp\u00e9cialement con\u00e7ues pour chauffer l&#039;eau des piscines, int\u00e9rieures ou ext\u00e9rieures.\" \/>\n<meta name=\"robots\" content=\"index, follow, max-snippet:-1, max-image-preview:large, max-video-preview:-1\" \/>\n<link rel=\"canonical\" href=\"https:\/\/borealisclima.com\/fr\/producto\/deshumidificateurs-a-dessiccation-hdr\/\" \/>\n<meta property=\"og:locale\" content=\"fr_FR\" \/>\n<meta property=\"og:type\" content=\"article\" \/>\n<meta property=\"og:title\" content=\"Pompes \u00e0 chaleur air\/eau pour le chauffage des piscines | EBH\" \/>\n<meta property=\"og:description\" content=\"Les pompes \u00e0 chaleur Borealis EBH sont sp\u00e9cialement con\u00e7ues pour chauffer l&#039;eau des piscines, int\u00e9rieures ou ext\u00e9rieures.\" \/>\n<meta property=\"og:url\" content=\"https:\/\/borealisclima.com\/fr\/producto\/deshumidificateurs-a-dessiccation-hdr\/\" \/>\n<meta property=\"og:site_name\" content=\"Borealis | Energie thermique\" \/>\n<meta property=\"article:modified_time\" content=\"2025-06-18T06:34:16+00:00\" \/>\n<meta property=\"og:image\" content=\"https:\/\/borealisclima.com\/fr\/wp-content\/uploads\/sites\/4\/2024\/05\/HDR-R0.jpg\" \/>\n\t<meta property=\"og:image:width\" content=\"960\" \/>\n\t<meta property=\"og:image:height\" content=\"795\" \/>\n\t<meta property=\"og:image:type\" content=\"image\/jpeg\" \/>\n<meta name=\"twitter:card\" content=\"summary_large_image\" \/>\n<meta name=\"twitter:label1\" content=\"Dur\u00e9e de lecture estim\u00e9e\" \/>\n\t<meta name=\"twitter:data1\" content=\"4 minutes\" \/>\n<script type=\"application\/ld+json\" class=\"yoast-schema-graph\">{\"@context\":\"https:\\\/\\\/schema.org\",\"@graph\":[{\"@type\":\"WebPage\",\"@id\":\"https:\\\/\\\/borealisclima.com\\\/fr\\\/producto\\\/deshumidificateurs-a-dessiccation-hdr\\\/\",\"url\":\"https:\\\/\\\/borealisclima.com\\\/fr\\\/producto\\\/deshumidificateurs-a-dessiccation-hdr\\\/\",\"name\":\"Pompes \u00e0 chaleur air\\\/eau pour le chauffage des piscines | EBH\",\"isPartOf\":{\"@id\":\"https:\\\/\\\/borealisclima.com\\\/fr\\\/#website\"},\"primaryImageOfPage\":{\"@id\":\"https:\\\/\\\/borealisclima.com\\\/fr\\\/producto\\\/deshumidificateurs-a-dessiccation-hdr\\\/#primaryimage\"},\"image\":{\"@id\":\"https:\\\/\\\/borealisclima.com\\\/fr\\\/producto\\\/deshumidificateurs-a-dessiccation-hdr\\\/#primaryimage\"},\"thumbnailUrl\":\"https:\\\/\\\/borealisclima.com\\\/fr\\\/wp-content\\\/uploads\\\/sites\\\/4\\\/2024\\\/05\\\/HDR-R0.jpg\",\"datePublished\":\"2024-05-13T08:56:32+00:00\",\"dateModified\":\"2025-06-18T06:34:16+00:00\",\"description\":\"Les pompes \u00e0 chaleur Borealis EBH sont sp\u00e9cialement con\u00e7ues pour chauffer l'eau des piscines, int\u00e9rieures ou ext\u00e9rieures.\",\"breadcrumb\":{\"@id\":\"https:\\\/\\\/borealisclima.com\\\/fr\\\/producto\\\/deshumidificateurs-a-dessiccation-hdr\\\/#breadcrumb\"},\"inLanguage\":\"fr-FR\",\"potentialAction\":[{\"@type\":\"ReadAction\",\"target\":[\"https:\\\/\\\/borealisclima.com\\\/fr\\\/producto\\\/deshumidificateurs-a-dessiccation-hdr\\\/\"]}]},{\"@type\":\"ImageObject\",\"inLanguage\":\"fr-FR\",\"@id\":\"https:\\\/\\\/borealisclima.com\\\/fr\\\/producto\\\/deshumidificateurs-a-dessiccation-hdr\\\/#primaryimage\",\"url\":\"https:\\\/\\\/borealisclima.com\\\/fr\\\/wp-content\\\/uploads\\\/sites\\\/4\\\/2024\\\/05\\\/HDR-R0.jpg\",\"contentUrl\":\"https:\\\/\\\/borealisclima.com\\\/fr\\\/wp-content\\\/uploads\\\/sites\\\/4\\\/2024\\\/05\\\/HDR-R0.jpg\",\"width\":960,\"height\":795},{\"@type\":\"BreadcrumbList\",\"@id\":\"https:\\\/\\\/borealisclima.com\\\/fr\\\/producto\\\/deshumidificateurs-a-dessiccation-hdr\\\/#breadcrumb\",\"itemListElement\":[{\"@type\":\"ListItem\",\"position\":1,\"name\":\"Portada\",\"item\":\"https:\\\/\\\/borealisclima.com\\\/fr\\\/\"},{\"@type\":\"ListItem\",\"position\":2,\"name\":\"Magasin\",\"item\":\"https:\\\/\\\/borealisclima.com\\\/fr\\\/magasin\\\/\"},{\"@type\":\"ListItem\",\"position\":3,\"name\":\"D\u00e9shumidificateurs \u00e0 dessiccation HDR\"}]},{\"@type\":\"WebSite\",\"@id\":\"https:\\\/\\\/borealisclima.com\\\/fr\\\/#website\",\"url\":\"https:\\\/\\\/borealisclima.com\\\/fr\\\/\",\"name\":\"Borealis | Energie thermique\",\"description\":\"Entreprise du groupe Campos Corporaci\u00f3na\",\"potentialAction\":[{\"@type\":\"SearchAction\",\"target\":{\"@type\":\"EntryPoint\",\"urlTemplate\":\"https:\\\/\\\/borealisclima.com\\\/fr\\\/?s={search_term_string}\"},\"query-input\":{\"@type\":\"PropertyValueSpecification\",\"valueRequired\":true,\"valueName\":\"search_term_string\"}}],\"inLanguage\":\"fr-FR\"}]}<\/script>\n<!-- \/ Yoast SEO plugin. -->","yoast_head_json":{"title":"Pompes \u00e0 chaleur air\/eau pour le chauffage des piscines | EBH","description":"Les pompes \u00e0 chaleur Borealis EBH sont sp\u00e9cialement con\u00e7ues pour chauffer l'eau des piscines, int\u00e9rieures ou ext\u00e9rieures.","robots":{"index":"index","follow":"follow","max-snippet":"max-snippet:-1","max-image-preview":"max-image-preview:large","max-video-preview":"max-video-preview:-1"},"canonical":"https:\/\/borealisclima.com\/fr\/producto\/deshumidificateurs-a-dessiccation-hdr\/","og_locale":"fr_FR","og_type":"article","og_title":"Pompes \u00e0 chaleur air\/eau pour le chauffage des piscines | EBH","og_description":"Les pompes \u00e0 chaleur Borealis EBH sont sp\u00e9cialement con\u00e7ues pour chauffer l'eau des piscines, int\u00e9rieures ou ext\u00e9rieures.","og_url":"https:\/\/borealisclima.com\/fr\/producto\/deshumidificateurs-a-dessiccation-hdr\/","og_site_name":"Borealis | Energie thermique","article_modified_time":"2025-06-18T06:34:16+00:00","og_image":[{"width":960,"height":795,"url":"https:\/\/borealisclima.com\/fr\/wp-content\/uploads\/sites\/4\/2024\/05\/HDR-R0.jpg","type":"image\/jpeg"}],"twitter_card":"summary_large_image","twitter_misc":{"Dur\u00e9e de lecture estim\u00e9e":"4 minutes"},"schema":{"@context":"https:\/\/schema.org","@graph":[{"@type":"WebPage","@id":"https:\/\/borealisclima.com\/fr\/producto\/deshumidificateurs-a-dessiccation-hdr\/","url":"https:\/\/borealisclima.com\/fr\/producto\/deshumidificateurs-a-dessiccation-hdr\/","name":"Pompes \u00e0 chaleur air\/eau pour le chauffage des piscines | EBH","isPartOf":{"@id":"https:\/\/borealisclima.com\/fr\/#website"},"primaryImageOfPage":{"@id":"https:\/\/borealisclima.com\/fr\/producto\/deshumidificateurs-a-dessiccation-hdr\/#primaryimage"},"image":{"@id":"https:\/\/borealisclima.com\/fr\/producto\/deshumidificateurs-a-dessiccation-hdr\/#primaryimage"},"thumbnailUrl":"https:\/\/borealisclima.com\/fr\/wp-content\/uploads\/sites\/4\/2024\/05\/HDR-R0.jpg","datePublished":"2024-05-13T08:56:32+00:00","dateModified":"2025-06-18T06:34:16+00:00","description":"Les pompes \u00e0 chaleur Borealis EBH sont sp\u00e9cialement con\u00e7ues pour chauffer l'eau des piscines, int\u00e9rieures ou ext\u00e9rieures.","breadcrumb":{"@id":"https:\/\/borealisclima.com\/fr\/producto\/deshumidificateurs-a-dessiccation-hdr\/#breadcrumb"},"inLanguage":"fr-FR","potentialAction":[{"@type":"ReadAction","target":["https:\/\/borealisclima.com\/fr\/producto\/deshumidificateurs-a-dessiccation-hdr\/"]}]},{"@type":"ImageObject","inLanguage":"fr-FR","@id":"https:\/\/borealisclima.com\/fr\/producto\/deshumidificateurs-a-dessiccation-hdr\/#primaryimage","url":"https:\/\/borealisclima.com\/fr\/wp-content\/uploads\/sites\/4\/2024\/05\/HDR-R0.jpg","contentUrl":"https:\/\/borealisclima.com\/fr\/wp-content\/uploads\/sites\/4\/2024\/05\/HDR-R0.jpg","width":960,"height":795},{"@type":"BreadcrumbList","@id":"https:\/\/borealisclima.com\/fr\/producto\/deshumidificateurs-a-dessiccation-hdr\/#breadcrumb","itemListElement":[{"@type":"ListItem","position":1,"name":"Portada","item":"https:\/\/borealisclima.com\/fr\/"},{"@type":"ListItem","position":2,"name":"Magasin","item":"https:\/\/borealisclima.com\/fr\/magasin\/"},{"@type":"ListItem","position":3,"name":"D\u00e9shumidificateurs \u00e0 dessiccation HDR"}]},{"@type":"WebSite","@id":"https:\/\/borealisclima.com\/fr\/#website","url":"https:\/\/borealisclima.com\/fr\/","name":"Borealis | Energie thermique","description":"Entreprise du groupe Campos Corporaci\u00f3na","potentialAction":[{"@type":"SearchAction","target":{"@type":"EntryPoint","urlTemplate":"https:\/\/borealisclima.com\/fr\/?s={search_term_string}"},"query-input":{"@type":"PropertyValueSpecification","valueRequired":true,"valueName":"search_term_string"}}],"inLanguage":"fr-FR"}]}},"_links":{"self":[{"href":"https:\/\/borealisclima.com\/fr\/wp-json\/wp\/v2\/product\/4182","targetHints":{"allow":["GET"]}}],"collection":[{"href":"https:\/\/borealisclima.com\/fr\/wp-json\/wp\/v2\/product"}],"about":[{"href":"https:\/\/borealisclima.com\/fr\/wp-json\/wp\/v2\/types\/product"}],"replies":[{"embeddable":true,"href":"https:\/\/borealisclima.com\/fr\/wp-json\/wp\/v2\/comments?post=4182"}],"wp:featuredmedia":[{"embeddable":true,"href":"https:\/\/borealisclima.com\/fr\/wp-json\/wp\/v2\/media\/4480"}],"wp:attachment":[{"href":"https:\/\/borealisclima.com\/fr\/wp-json\/wp\/v2\/media?parent=4182"}],"wp:term":[{"taxonomy":"product_brand","embeddable":true,"href":"https:\/\/borealisclima.com\/fr\/wp-json\/wp\/v2\/product_brand?post=4182"},{"taxonomy":"product_cat","embeddable":true,"href":"https:\/\/borealisclima.com\/fr\/wp-json\/wp\/v2\/product_cat?post=4182"},{"taxonomy":"product_tag","embeddable":true,"href":"https:\/\/borealisclima.com\/fr\/wp-json\/wp\/v2\/product_tag?post=4182"}],"curies":[{"name":"wp","href":"https:\/\/api.w.org\/{rel}","templated":true}]}}