{"id":4813,"date":"2025-04-08T09:48:38","date_gmt":"2025-04-08T08:48:38","guid":{"rendered":"https:\/\/borealisclima.com\/fr\/?post_type=product&#038;p=4813"},"modified":"2025-06-26T12:05:11","modified_gmt":"2025-06-26T11:05:11","slug":"climatiseurs-deshumidificateurs-a-haut-rendement-pour-piscines-couvertes-du-crc","status":"publish","type":"product","link":"https:\/\/borealisclima.com\/fr\/producto\/climatiseurs-deshumidificateurs-a-haut-rendement-pour-piscines-couvertes-du-crc\/","title":{"rendered":"D\u00e9shumidificateurs autonomes HRC"},"content":{"rendered":"<div class=\"wpb-content-wrapper\"><p>[vc_row margin_top=\u00a0\u00bb50px\u00a0\u00bb][vc_column][vc_accordion top_margin=\u00a0\u00bbpage_margin_top\u00a0\u00bb title_size=\u00a0\u00bbh3&Prime; style=\u00a0\u00bb3&Prime; active_tab=\u00a0\u00bbfalse\u00a0\u00bb]<br \/>\n[vc_accordion_tab title=\u00a0\u00bbQUELS SONT LES USAGES DES UNIT\u00c9S HRC\u00a0\u00bb tab_id=\u00a0\u00bb1621736-1-75&Prime;][vc_column_text]<br \/>\nLes unit\u00e9s HRC sont con\u00e7ues pour le conditionnement thermique, hygrom\u00e9trique et sanitaire de l&rsquo;air dans les enceintes de piscines int\u00e9rieures.<br \/>\nLes unit\u00e9s HRC se caract\u00e9risent par leur autonomie totale tout au long du processus de d\u00e9shumidification et de chauffage de l&rsquo;enceinte de la piscine int\u00e9rieure, et n&rsquo;ont pas besoin de syst\u00e8mes thermiques auxiliaires ou d&rsquo;autres pompes \u00e0 chaleur de soutien pour accomplir leur fonction.<\/p>\n<p>&nbsp;<\/p>\n<p>Les unit\u00e9s HRC sont capables d&rsquo;accomplir leur fonction de d\u00e9shumidification \u00e0 travers trois syst\u00e8mes diff\u00e9rents et compl\u00e9mentaires :<br \/>\na) r\u00e9frig\u00e9ration via son \u00e9vaporateur ; b) \u00e9change de chaleur dans les r\u00e9cup\u00e9rateurs, et c) remplacement par de l&rsquo;air ext\u00e9rieur. La coop\u00e9ration des trois syst\u00e8mes offre une grande capacit\u00e9 de s\u00e9chage avec une consommation minimale.<\/p>\n<p>&nbsp;<\/p>\n<p>De plus, et aussi important que ce qui pr\u00e9c\u00e8de, il convient de noter que la disposition des \u00e9l\u00e9ments internes de l&rsquo;HRC est con\u00e7ue pour maximiser les performances, car l&rsquo;\u00e9vaporateur fonctionne principalement avec de la chaleur latente.<br \/>\nCe sont des machines con\u00e7ues autour de l&rsquo;efficacit\u00e9 thermique : obtenir des performances maximales avec une consommation d&rsquo;\u00e9nergie minimale. Elles ont \u00e9galement \u00e9t\u00e9 con\u00e7ues pour \u00eatre durables et faciles \u00e0 entretenir \u00e0 un co\u00fbt raisonnable.<\/p>\n<p>[\/vc_column_text][\/vc_accordion_tab][vc_accordion_tab title=\u00a0\u00bbBESOIN D&rsquo;UNE APPROCHE PLUS EFFICACE POUR LA D\u00c9SHUMIDIFICATION DES PISCINES INT\u00c9RIEURES\u00a0\u00bb tab_id=\u00a0\u00bb16211736-1-75&Prime;][vc_column_text]<\/p>\n<h4>La piscine int\u00e9rieure, un b\u00e2timent \u00e0 consommation \u00e9nerg\u00e9tique particuli\u00e8rement \u00e9lev\u00e9e<\/h4>\n<p>Comme les exploitants de piscines int\u00e9rieures le savent tr\u00e8s bien, le co\u00fbt \u00e9nerg\u00e9tique de ce type d&rsquo;installations est tr\u00e8s \u00e9lev\u00e9. Les besoins annuels en \u00e9nergie d&rsquo;une piscine municipale typique, par exemple, sont d&rsquo;environ un million de kilowattheures, ce qui \u00e9quivaut \u00e0 la consommation \u00e9nerg\u00e9tique de 100 foyers typiques.<br \/>\nContrairement \u00e0 ce qui peut sembler au premier abord, le poste de d\u00e9pense le plus important dans ces \u00e9tablissements est le chauffage de l&rsquo;air, et non le chauffage de l&rsquo;eau ou la d\u00e9shumidification. Cela a du sens : un grand espace, g\u00e9n\u00e9ralement avec une grande surface vitr\u00e9e et \u00e0 une temp\u00e9rature de 28 \u00e0 30 \u00b0C, pr\u00e9sente des pertes hivernales tr\u00e8s \u00e9lev\u00e9es.<\/p>\n<p>&nbsp;<\/p>\n<p><img loading=\"lazy\" decoding=\"async\" class=\"aligncenter\" src=\"https:\/\/borealisclima.com\/fr\/wp-content\/uploads\/sites\/4\/2025\/04\/energia-anual-consumida.webp\" width=\"858\" height=\"257\" \/><\/p>\n<p>&nbsp;<\/p>\n<p>D&rsquo;autre part, l&rsquo;abandon progressif des syst\u00e8mes de chauffage \u00e0 combustion au profit de ceux bas\u00e9s sur les pompes \u00e0 chaleur est in\u00e9luctable. L&rsquo;\u00e9lectricit\u00e9, qu&rsquo;elle soit g\u00e9n\u00e9r\u00e9e par des technologies actuelles (centrales thermiques, nucl\u00e9aires ou renouvelables) ou futures (r\u00e9acteurs \u00e0 fusion, hydrog\u00e8ne), est destin\u00e9e \u00e0 devenir la seule source d&rsquo;\u00e9nergie du futur dans le domaine du conditionnement d&rsquo;air.<\/p>\n<p>&nbsp;<\/p>\n<p>L&rsquo;approche de Borealis au probl\u00e8me du contr\u00f4le climatique des piscines int\u00e9rieures a toujours \u00e9t\u00e9 ax\u00e9e sur l&rsquo;obtention de l&rsquo;efficacit\u00e9 globale la plus \u00e9lev\u00e9e possible. Borealis a \u00e9t\u00e9 pionnier dans notre pays en int\u00e9grant des syst\u00e8mes frigorifiques r\u00e9g\u00e9n\u00e9ratifs dans les pompes \u00e0 chaleur d\u00e9shumidifiantes, r\u00e9alisant des \u00e9conomies de plus de 35 % par rapport \u00e0 la technologie pr\u00e9c\u00e9dente. De m\u00eame, le syst\u00e8me de d\u00e9shumidification gratuite par injection d&rsquo;air ext\u00e9rieur est pr\u00e9sent dans les gammes Borealis depuis des d\u00e9cennies.<\/p>\n<p>&nbsp;<\/p>\n<p>Maintenant, Borealis franchit une nouvelle \u00e9tape dans le domaine de l&rsquo;efficacit\u00e9 \u00e9nerg\u00e9tique en lan\u00e7ant la gamme HRC de d\u00e9shumidificateurs autonomes, o\u00f9 l&rsquo;efficacit\u00e9 s&rsquo;\u00e9tend \u00e0 l&rsquo;unit\u00e9 de r\u00e9frig\u00e9ration en int\u00e9grant une pompe \u00e0 chaleur d\u00e9di\u00e9e au chauffage de l&rsquo;enceinte de la piscine et \u00e0 la d\u00e9shumidification active. De cette mani\u00e8re, <strong>les unit\u00e9s HRC ont \u00e9t\u00e9 con\u00e7ues comme des machines autonomes haute efficacit\u00e9 sp\u00e9cialis\u00e9es dans le contr\u00f4le climatique des piscines int\u00e9rieures<\/strong>, et pr\u00e9sentent les principales caract\u00e9ristiques suivantes :<\/p>\n<ul>\n<li>Pompe \u00e0 chaleur int\u00e9gr\u00e9e, qui fournit l&rsquo;\u00e9nergie thermique pour le contr\u00f4le climatique de l&rsquo;enceinte de la piscine.<\/li>\n<li>Une section de traitement de l&rsquo;air fabriqu\u00e9e selon la norme UNE-EN 1886, c&rsquo;est-\u00e0-dire avec les m\u00eames param\u00e8tres que les climatiseurs.<\/li>\n<li>Un syst\u00e8me de d\u00e9shumidification passive par s\u00e9chage gratuit, mais aussi une section de d\u00e9shumidification active effectu\u00e9e par un \u00e9vaporateur, aliment\u00e9 par la pompe \u00e0 chaleur int\u00e9gr\u00e9e.<\/li>\n<li>Un \u00e9changeur de chaleur air-air haute performance (plus de 73 % conforme \u00e0 ErP 2018) qui r\u00e9cup\u00e8re non seulement l&rsquo;\u00e9nergie de l&rsquo;air extrait avec une efficacit\u00e9 tr\u00e8s \u00e9lev\u00e9e, mais joue \u00e9galement un r\u00f4le actif dans la d\u00e9shumidification, comme d\u00e9crit ci-dessous.<\/li>\n<li>Une disposition des \u00e9l\u00e9ments du syst\u00e8me qui optimise les performances de l&rsquo;unit\u00e9, en maximisant le fonctionnement en mode chaleur latente de la batterie frigorifique.<\/li>\n<li>Un circuit d&rsquo;air qui permet un flux optimal d&rsquo;air souffl\u00e9, de retour, de recyclage et d&rsquo;air ext\u00e9rieur dans chaque situation (recyclage total, partiel, ouverture compl\u00e8te&#8230;).<\/li>\n<li>Un syst\u00e8me de contr\u00f4le parfaitement int\u00e9gr\u00e9 responsable de maintenir l&rsquo;\u00e9quilibre des diverses fonctions de l&rsquo;unit\u00e9 dans chaque condition climatique et \u00e0 chaque point de fonctionnement.<\/li>\n<\/ul>\n<p><img loading=\"lazy\" decoding=\"async\" class=\"aligncenter\" src=\"https:\/\/borealisclima.com\/wp-content\/uploads\/2025\/03\/Dossier-HRC-R1.jpeg\" width=\"683\" height=\"341\" \/><\/p>\n<p>&nbsp;<\/p>\n<p>&nbsp;<\/p>\n<p>[\/vc_column_text][\/vc_accordion_tab][vc_accordion_tab title=\u00a0\u00bbQUELS \u00c9L\u00c9MENTS COMPOSENT UNE UNIT\u00c9 HRC\u00a0\u00bb tab_id=\u00a0\u00bb16219436-1-75&Prime;][vc_column_text]<\/p>\n<p><img loading=\"lazy\" decoding=\"async\" class=\"aligncenter\" src=\"https:\/\/borealisclima.com\/fr\/wp-content\/uploads\/sites\/4\/2025\/04\/tabla.webp\" width=\"761\" height=\"786\" \/><\/p>\n<p>&nbsp;<\/p>\n<p><img loading=\"lazy\" decoding=\"async\" class=\"aligncenter\" src=\"https:\/\/borealisclima.com\/fr\/wp-content\/uploads\/sites\/4\/2025\/04\/SCR-20250409-otqj.png\" width=\"550\" height=\"248\" \/><\/p>\n<p>&nbsp;<\/p>\n<p>Les unit\u00e9s HRC, comme tout l&rsquo;\u00e9quipement fabriqu\u00e9 par Borealis, peuvent \u00eatre personnalis\u00e9es avec les \u00e9l\u00e9ments requis par le client, \u00e0 condition qu&rsquo;ils puissent \u00eatre install\u00e9s techniquement. D&rsquo;autres possibilit\u00e9s non d\u00e9crites pr\u00e9c\u00e9demment incluent :<\/p>\n<ul>\n<li>Construction modulaire au lieu de compacte.<\/li>\n<li>D\u00e9bit et pression disponibles dans le circuit int\u00e9rieur diff\u00e9rents des standards.<\/li>\n<li>Tension diff\u00e9rente des standards.<\/li>\n<li>Int\u00e9gration dans des syst\u00e8mes de contr\u00f4le diff\u00e9rents des standards.<\/li>\n<li>Etc.<\/li>\n<\/ul>\n<p>[\/vc_column_text][\/vc_accordion_tab][vc_accordion_tab title=\u00a0\u00bbSYST\u00c8MES DE CONTR\u00d4LE\u00a0\u00bb tab_id=\u00a0\u00bb21941736-1-75&Prime;][vc_column_text]<br \/>\nLes unit\u00e9s HRC sont livr\u00e9es de s\u00e9rie avec un contr\u00f4le iPro, programm\u00e9 directement par Borealis pour cette application sp\u00e9cifique.<\/p>\n<p>&nbsp;<\/p>\n<p style=\"padding-left: 200px;\"><a class=\"dt-pswp-item\" href=\"https:\/\/borealisclima.com\/wp-content\/uploads\/2025\/03\/img86.jpg\" data-dt-img-description=\"\" data-large_image_width=\"200\" data-large_image_height=\"154\"><img loading=\"lazy\" decoding=\"async\" class=\"size-full wp-image-4341 alignleft\" src=\"https:\/\/borealisclima.com\/wp-content\/uploads\/2025\/03\/img86.jpg\" alt=\"\" width=\"200\" height=\"154\" \/><\/a><a class=\"dt-pswp-item\" href=\"https:\/\/borealisclima.com\/wp-content\/uploads\/2025\/03\/img87.jpg\" data-dt-img-description=\"\" data-large_image_width=\"319\" data-large_image_height=\"209\"><img loading=\"lazy\" decoding=\"async\" class=\"size-medium wp-image-4342 alignnone\" src=\"https:\/\/borealisclima.com\/wp-content\/uploads\/2025\/03\/img87-300x197.jpg\" alt=\"\" width=\"300\" height=\"197\" \/><\/a><\/p>\n<p>&nbsp;<\/p>\n<p>L&rsquo;iPro est un mat\u00e9riel fabriqu\u00e9 par le groupe Emerson avec contr\u00f4le proportionnel et communication IP et MODBUS int\u00e9gr\u00e9e. Il int\u00e8gre un serveur web avec une page o\u00f9 les param\u00e8tres de fonctionnement de la machine peuvent \u00eatre consult\u00e9s et modifi\u00e9s directement. Il peut \u00eatre connect\u00e9 directement au routeur du b\u00e2timent sans aucun co\u00fbt suppl\u00e9mentaire autre que le c\u00e2ble de connexion et peut \u00eatre surveill\u00e9 \u00e0 partir de n&rsquo;importe quel ordinateur ou appareil mobile (t\u00e9l\u00e9phone, tablette, etc.)<\/p>\n<p>&nbsp;<\/p>\n<p>Le logiciel est con\u00e7u et impl\u00e9ment\u00e9 sur mesure par Borealis, nous permettant un contr\u00f4le total du processus et permettant des am\u00e9liorations et mises \u00e0 jour continues et agiles. De plus, il inclut un enregistrement des param\u00e8tres de fonctionnement utiles pour diagnostiquer d&rsquo;\u00e9ventuelles pannes.<\/p>\n<p>&nbsp;<\/p>\n<p>L&rsquo;\u00e9lectronique contr\u00f4le :<\/p>\n<ul>\n<li>La temp\u00e9rature et l&rsquo;humidit\u00e9 int\u00e9rieures de l&rsquo;enceinte.<\/li>\n<li>Le fonctionnement de l&rsquo;unit\u00e9 de r\u00e9frig\u00e9ration.<\/li>\n<li>Le d\u00e9bit minimum d&rsquo;air ext\u00e9rieur et celui utilis\u00e9 pour la d\u00e9shumidification par remplacement avec de l&rsquo;air ext\u00e9rieur via des lectures d&rsquo;humidit\u00e9 absolue.<\/li>\n<li>Les priorit\u00e9s de fonctionnement de l&rsquo;air ext\u00e9rieur &#8211; s\u00e9chage par batteries &#8211; s\u00e9chage par \u00e9change crois\u00e9 dans les r\u00e9cup\u00e9rateurs.<\/li>\n<li>Le contr\u00f4le constant du d\u00e9bit des ventilateurs, en variant en fonction du niveau de salet\u00e9 des filtres avec une alarme de filtre sale programmable.<\/li>\n<li>Bypass du r\u00e9cup\u00e9rateur pour le refroidissement gratuit.<\/li>\n<li>Calendrier et horaire de fonctionnement.<\/li>\n<li>Modes de fonctionnement personnalisables par le client.<\/li>\n<li>Etc.<\/li>\n<\/ul>\n<p>[\/vc_column_text][\/vc_accordion_tab]<br \/>\n[\/vc_accordion][\/vc_column][\/vc_row]<\/p>\n<p><img loading=\"lazy\" decoding=\"async\" class=\"alignnone size-full wp-image-17\" src=\"https:\/\/borealisclima.com\/wp-content\/uploads\/2011\/04\/pdf-icon.jpg\" alt=\"pdf-icon\" width=\"24\" height=\"24\" \/>\u00a0 \u00a0 \u00a0<a href=\"https:\/\/drive.google.com\/file\/d\/1XkxWVsRDwsRvbEq80lfjnMSlns_Osdws\/view?usp=drive_link\">T\u00e9l\u00e9charger le catalogue | Unit\u00e9s HRC | Climatiseurs d\u00e9shumidificateurs haute efficacit\u00e9 pour piscines int\u00e9rieures<\/a><\/p>\n<p><strong><em>Chez Borealis, nous pouvons vous offrir une large gamme de solutions et <a href=\"https:\/\/borealisclima.com\/\">d&rsquo;\u00e9quipements pour le contr\u00f4le climatique des piscines<\/a> et les \u00e9conomies d&rsquo;\u00e9nergie<\/em><\/strong><\/p>\n<\/div>","protected":false},"excerpt":{"rendered":"<p><strong>HRC &#8211; Climatiseurs d\u00e9shumidificateurs autonomes \u00e0 haut rendement pour piscines int\u00e9rieures <\/strong><\/p>\n<p>Les climatiseurs HRC de Borealis sont des pompes \u00e0 chaleur autonomes con\u00e7ues pour \u00eatre utilis\u00e9es comme climatiseurs d\u00e9shumidificateurs pour piscines int\u00e9rieures.<\/p>\n<p>Ces appareils se composent d&rsquo;une unit\u00e9 de refroidissement par pompe \u00e0 chaleur coupl\u00e9e \u00e0 une unit\u00e9 de traitement de l&rsquo;air \u00e0 r\u00e9cup\u00e9ration d&rsquo;\u00e9nergie statique et \u00e0 haut rendement. La section de traitement de l&rsquo;air est \u00e9quip\u00e9e d&rsquo;un syst\u00e8me de r\u00e9g\u00e9n\u00e9ration pour le r\u00e9cup\u00e9rateur et le circuit de la batterie. Les unit\u00e9s HRC comprennent un syst\u00e8me de contr\u00f4le programmable complet, personnalisable par l&rsquo;utilisateur, avec communication Modbus et IP.<\/p>\n","protected":false},"featured_media":4816,"comment_status":"closed","ping_status":"closed","template":"","meta":[],"product_brand":[],"product_cat":[29],"product_tag":[],"class_list":{"0":"post-4813","1":"product","2":"type-product","3":"status-publish","4":"has-post-thumbnail","6":"product_cat-deshumidificateurs-pour-piscines-interieures","7":"description-off","9":"first","10":"instock","11":"shipping-taxable","12":"product-type-simple"},"yoast_head":"<!-- This site is optimized with the Yoast SEO plugin v27.3 - https:\/\/yoast.com\/product\/yoast-seo-wordpress\/ -->\n<title>D\u00e9shumidificateurs autonomes HRC - Borealis | Energie thermique<\/title>\n<meta name=\"robots\" content=\"index, follow, max-snippet:-1, max-image-preview:large, max-video-preview:-1\" \/>\n<link rel=\"canonical\" href=\"https:\/\/borealisclima.com\/fr\/producto\/climatiseurs-deshumidificateurs-a-haut-rendement-pour-piscines-couvertes-du-crc\/\" \/>\n<meta property=\"og:locale\" content=\"fr_FR\" \/>\n<meta property=\"og:type\" content=\"article\" \/>\n<meta property=\"og:title\" content=\"D\u00e9shumidificateurs autonomes HRC - Borealis | Energie thermique\" \/>\n<meta property=\"og:description\" content=\"HRC - Climatiseurs d\u00e9shumidificateurs autonomes \u00e0 haut rendement pour piscines int\u00e9rieures   Les climatiseurs HRC de Borealis sont des pompes \u00e0 chaleur autonomes con\u00e7ues pour \u00eatre utilis\u00e9es comme climatiseurs d\u00e9shumidificateurs pour piscines int\u00e9rieures.  Ces appareils se composent d&#039;une unit\u00e9 de refroidissement par pompe \u00e0 chaleur coupl\u00e9e \u00e0 une unit\u00e9 de traitement de l&#039;air \u00e0 r\u00e9cup\u00e9ration d&#039;\u00e9nergie statique et \u00e0 haut rendement. La section de traitement de l&#039;air est \u00e9quip\u00e9e d&#039;un syst\u00e8me de r\u00e9g\u00e9n\u00e9ration pour le r\u00e9cup\u00e9rateur et le circuit de la batterie. Les unit\u00e9s HRC comprennent un syst\u00e8me de contr\u00f4le programmable complet, personnalisable par l&#039;utilisateur, avec communication Modbus et IP.\" \/>\n<meta property=\"og:url\" content=\"https:\/\/borealisclima.com\/fr\/producto\/climatiseurs-deshumidificateurs-a-haut-rendement-pour-piscines-couvertes-du-crc\/\" \/>\n<meta property=\"og:site_name\" content=\"Borealis | Energie thermique\" \/>\n<meta property=\"article:modified_time\" content=\"2025-06-26T11:05:11+00:00\" \/>\n<meta property=\"og:image\" content=\"https:\/\/borealisclima.com\/fr\/wp-content\/uploads\/sites\/4\/2025\/04\/HRC2.jpg\" \/>\n\t<meta property=\"og:image:width\" content=\"1430\" \/>\n\t<meta property=\"og:image:height\" content=\"859\" \/>\n\t<meta property=\"og:image:type\" content=\"image\/jpeg\" \/>\n<meta name=\"twitter:card\" content=\"summary_large_image\" \/>\n<meta name=\"twitter:label1\" content=\"Dur\u00e9e de lecture estim\u00e9e\" \/>\n\t<meta name=\"twitter:data1\" content=\"8 minutes\" \/>\n<script type=\"application\/ld+json\" class=\"yoast-schema-graph\">{\"@context\":\"https:\\\/\\\/schema.org\",\"@graph\":[{\"@type\":\"WebPage\",\"@id\":\"https:\\\/\\\/borealisclima.com\\\/fr\\\/producto\\\/climatiseurs-deshumidificateurs-a-haut-rendement-pour-piscines-couvertes-du-crc\\\/\",\"url\":\"https:\\\/\\\/borealisclima.com\\\/fr\\\/producto\\\/climatiseurs-deshumidificateurs-a-haut-rendement-pour-piscines-couvertes-du-crc\\\/\",\"name\":\"D\u00e9shumidificateurs autonomes HRC - Borealis | Energie thermique\",\"isPartOf\":{\"@id\":\"https:\\\/\\\/borealisclima.com\\\/fr\\\/#website\"},\"primaryImageOfPage\":{\"@id\":\"https:\\\/\\\/borealisclima.com\\\/fr\\\/producto\\\/climatiseurs-deshumidificateurs-a-haut-rendement-pour-piscines-couvertes-du-crc\\\/#primaryimage\"},\"image\":{\"@id\":\"https:\\\/\\\/borealisclima.com\\\/fr\\\/producto\\\/climatiseurs-deshumidificateurs-a-haut-rendement-pour-piscines-couvertes-du-crc\\\/#primaryimage\"},\"thumbnailUrl\":\"https:\\\/\\\/borealisclima.com\\\/fr\\\/wp-content\\\/uploads\\\/sites\\\/4\\\/2025\\\/04\\\/HRC2.jpg\",\"datePublished\":\"2025-04-08T08:48:38+00:00\",\"dateModified\":\"2025-06-26T11:05:11+00:00\",\"breadcrumb\":{\"@id\":\"https:\\\/\\\/borealisclima.com\\\/fr\\\/producto\\\/climatiseurs-deshumidificateurs-a-haut-rendement-pour-piscines-couvertes-du-crc\\\/#breadcrumb\"},\"inLanguage\":\"fr-FR\",\"potentialAction\":[{\"@type\":\"ReadAction\",\"target\":[\"https:\\\/\\\/borealisclima.com\\\/fr\\\/producto\\\/climatiseurs-deshumidificateurs-a-haut-rendement-pour-piscines-couvertes-du-crc\\\/\"]}]},{\"@type\":\"ImageObject\",\"inLanguage\":\"fr-FR\",\"@id\":\"https:\\\/\\\/borealisclima.com\\\/fr\\\/producto\\\/climatiseurs-deshumidificateurs-a-haut-rendement-pour-piscines-couvertes-du-crc\\\/#primaryimage\",\"url\":\"https:\\\/\\\/borealisclima.com\\\/fr\\\/wp-content\\\/uploads\\\/sites\\\/4\\\/2025\\\/04\\\/HRC2.jpg\",\"contentUrl\":\"https:\\\/\\\/borealisclima.com\\\/fr\\\/wp-content\\\/uploads\\\/sites\\\/4\\\/2025\\\/04\\\/HRC2.jpg\",\"width\":1430,\"height\":859},{\"@type\":\"BreadcrumbList\",\"@id\":\"https:\\\/\\\/borealisclima.com\\\/fr\\\/producto\\\/climatiseurs-deshumidificateurs-a-haut-rendement-pour-piscines-couvertes-du-crc\\\/#breadcrumb\",\"itemListElement\":[{\"@type\":\"ListItem\",\"position\":1,\"name\":\"Portada\",\"item\":\"https:\\\/\\\/borealisclima.com\\\/fr\\\/\"},{\"@type\":\"ListItem\",\"position\":2,\"name\":\"Magasin\",\"item\":\"https:\\\/\\\/borealisclima.com\\\/fr\\\/magasin\\\/\"},{\"@type\":\"ListItem\",\"position\":3,\"name\":\"D\u00e9shumidificateurs autonomes HRC\"}]},{\"@type\":\"WebSite\",\"@id\":\"https:\\\/\\\/borealisclima.com\\\/fr\\\/#website\",\"url\":\"https:\\\/\\\/borealisclima.com\\\/fr\\\/\",\"name\":\"Borealis | Energie thermique\",\"description\":\"Entreprise du groupe Campos Corporaci\u00f3na\",\"potentialAction\":[{\"@type\":\"SearchAction\",\"target\":{\"@type\":\"EntryPoint\",\"urlTemplate\":\"https:\\\/\\\/borealisclima.com\\\/fr\\\/?s={search_term_string}\"},\"query-input\":{\"@type\":\"PropertyValueSpecification\",\"valueRequired\":true,\"valueName\":\"search_term_string\"}}],\"inLanguage\":\"fr-FR\"}]}<\/script>\n<!-- \/ Yoast SEO plugin. -->","yoast_head_json":{"title":"D\u00e9shumidificateurs autonomes HRC - Borealis | Energie thermique","robots":{"index":"index","follow":"follow","max-snippet":"max-snippet:-1","max-image-preview":"max-image-preview:large","max-video-preview":"max-video-preview:-1"},"canonical":"https:\/\/borealisclima.com\/fr\/producto\/climatiseurs-deshumidificateurs-a-haut-rendement-pour-piscines-couvertes-du-crc\/","og_locale":"fr_FR","og_type":"article","og_title":"D\u00e9shumidificateurs autonomes HRC - Borealis | Energie thermique","og_description":"HRC - Climatiseurs d\u00e9shumidificateurs autonomes \u00e0 haut rendement pour piscines int\u00e9rieures   Les climatiseurs HRC de Borealis sont des pompes \u00e0 chaleur autonomes con\u00e7ues pour \u00eatre utilis\u00e9es comme climatiseurs d\u00e9shumidificateurs pour piscines int\u00e9rieures.  Ces appareils se composent d'une unit\u00e9 de refroidissement par pompe \u00e0 chaleur coupl\u00e9e \u00e0 une unit\u00e9 de traitement de l'air \u00e0 r\u00e9cup\u00e9ration d'\u00e9nergie statique et \u00e0 haut rendement. La section de traitement de l'air est \u00e9quip\u00e9e d'un syst\u00e8me de r\u00e9g\u00e9n\u00e9ration pour le r\u00e9cup\u00e9rateur et le circuit de la batterie. Les unit\u00e9s HRC comprennent un syst\u00e8me de contr\u00f4le programmable complet, personnalisable par l'utilisateur, avec communication Modbus et IP.","og_url":"https:\/\/borealisclima.com\/fr\/producto\/climatiseurs-deshumidificateurs-a-haut-rendement-pour-piscines-couvertes-du-crc\/","og_site_name":"Borealis | Energie thermique","article_modified_time":"2025-06-26T11:05:11+00:00","og_image":[{"width":1430,"height":859,"url":"https:\/\/borealisclima.com\/fr\/wp-content\/uploads\/sites\/4\/2025\/04\/HRC2.jpg","type":"image\/jpeg"}],"twitter_card":"summary_large_image","twitter_misc":{"Dur\u00e9e de lecture estim\u00e9e":"8 minutes"},"schema":{"@context":"https:\/\/schema.org","@graph":[{"@type":"WebPage","@id":"https:\/\/borealisclima.com\/fr\/producto\/climatiseurs-deshumidificateurs-a-haut-rendement-pour-piscines-couvertes-du-crc\/","url":"https:\/\/borealisclima.com\/fr\/producto\/climatiseurs-deshumidificateurs-a-haut-rendement-pour-piscines-couvertes-du-crc\/","name":"D\u00e9shumidificateurs autonomes HRC - Borealis | Energie thermique","isPartOf":{"@id":"https:\/\/borealisclima.com\/fr\/#website"},"primaryImageOfPage":{"@id":"https:\/\/borealisclima.com\/fr\/producto\/climatiseurs-deshumidificateurs-a-haut-rendement-pour-piscines-couvertes-du-crc\/#primaryimage"},"image":{"@id":"https:\/\/borealisclima.com\/fr\/producto\/climatiseurs-deshumidificateurs-a-haut-rendement-pour-piscines-couvertes-du-crc\/#primaryimage"},"thumbnailUrl":"https:\/\/borealisclima.com\/fr\/wp-content\/uploads\/sites\/4\/2025\/04\/HRC2.jpg","datePublished":"2025-04-08T08:48:38+00:00","dateModified":"2025-06-26T11:05:11+00:00","breadcrumb":{"@id":"https:\/\/borealisclima.com\/fr\/producto\/climatiseurs-deshumidificateurs-a-haut-rendement-pour-piscines-couvertes-du-crc\/#breadcrumb"},"inLanguage":"fr-FR","potentialAction":[{"@type":"ReadAction","target":["https:\/\/borealisclima.com\/fr\/producto\/climatiseurs-deshumidificateurs-a-haut-rendement-pour-piscines-couvertes-du-crc\/"]}]},{"@type":"ImageObject","inLanguage":"fr-FR","@id":"https:\/\/borealisclima.com\/fr\/producto\/climatiseurs-deshumidificateurs-a-haut-rendement-pour-piscines-couvertes-du-crc\/#primaryimage","url":"https:\/\/borealisclima.com\/fr\/wp-content\/uploads\/sites\/4\/2025\/04\/HRC2.jpg","contentUrl":"https:\/\/borealisclima.com\/fr\/wp-content\/uploads\/sites\/4\/2025\/04\/HRC2.jpg","width":1430,"height":859},{"@type":"BreadcrumbList","@id":"https:\/\/borealisclima.com\/fr\/producto\/climatiseurs-deshumidificateurs-a-haut-rendement-pour-piscines-couvertes-du-crc\/#breadcrumb","itemListElement":[{"@type":"ListItem","position":1,"name":"Portada","item":"https:\/\/borealisclima.com\/fr\/"},{"@type":"ListItem","position":2,"name":"Magasin","item":"https:\/\/borealisclima.com\/fr\/magasin\/"},{"@type":"ListItem","position":3,"name":"D\u00e9shumidificateurs autonomes HRC"}]},{"@type":"WebSite","@id":"https:\/\/borealisclima.com\/fr\/#website","url":"https:\/\/borealisclima.com\/fr\/","name":"Borealis | Energie thermique","description":"Entreprise du groupe Campos Corporaci\u00f3na","potentialAction":[{"@type":"SearchAction","target":{"@type":"EntryPoint","urlTemplate":"https:\/\/borealisclima.com\/fr\/?s={search_term_string}"},"query-input":{"@type":"PropertyValueSpecification","valueRequired":true,"valueName":"search_term_string"}}],"inLanguage":"fr-FR"}]}},"_links":{"self":[{"href":"https:\/\/borealisclima.com\/fr\/wp-json\/wp\/v2\/product\/4813","targetHints":{"allow":["GET"]}}],"collection":[{"href":"https:\/\/borealisclima.com\/fr\/wp-json\/wp\/v2\/product"}],"about":[{"href":"https:\/\/borealisclima.com\/fr\/wp-json\/wp\/v2\/types\/product"}],"replies":[{"embeddable":true,"href":"https:\/\/borealisclima.com\/fr\/wp-json\/wp\/v2\/comments?post=4813"}],"wp:featuredmedia":[{"embeddable":true,"href":"https:\/\/borealisclima.com\/fr\/wp-json\/wp\/v2\/media\/4816"}],"wp:attachment":[{"href":"https:\/\/borealisclima.com\/fr\/wp-json\/wp\/v2\/media?parent=4813"}],"wp:term":[{"taxonomy":"product_brand","embeddable":true,"href":"https:\/\/borealisclima.com\/fr\/wp-json\/wp\/v2\/product_brand?post=4813"},{"taxonomy":"product_cat","embeddable":true,"href":"https:\/\/borealisclima.com\/fr\/wp-json\/wp\/v2\/product_cat?post=4813"},{"taxonomy":"product_tag","embeddable":true,"href":"https:\/\/borealisclima.com\/fr\/wp-json\/wp\/v2\/product_tag?post=4813"}],"curies":[{"name":"wp","href":"https:\/\/api.w.org\/{rel}","templated":true}]}}