{"id":4833,"date":"2025-05-19T09:53:58","date_gmt":"2025-05-19T08:53:58","guid":{"rendered":"https:\/\/borealisclima.com\/fr\/?post_type=product&#038;p=4833"},"modified":"2025-05-19T09:53:58","modified_gmt":"2025-05-19T08:53:58","slug":"roe-recuperateurs-denergie-verticaux-avec-echangeur-rotatif","status":"publish","type":"product","link":"https:\/\/borealisclima.com\/fr\/producto\/roe-recuperateurs-denergie-verticaux-avec-echangeur-rotatif\/","title":{"rendered":"ROE &#8211; R\u00e9cup\u00e9rateurs d\u2019\u00e9nergie verticaux avec \u00e9changeur rotatif"},"content":{"rendered":"<div class=\"wpb-content-wrapper\"><p>[vc_row margin_top=\u00a0\u00bb50px\u00a0\u00bb][vc_column][vc_column_text css=\u00a0\u00bb\u00a0\u00bb]Disponible en trois variantes :<\/p>\n<ul>\n<li>ROE-020<\/li>\n<li>ROE-038<\/li>\n<li>ROE-050<\/li>\n<\/ul>\n<p class=\"\" data-start=\"502\" data-end=\"876\">Ils sont \u00e9quip\u00e9s de <strong data-start=\"522\" data-end=\"582\">\u00e9changeurs rotatifs enthalpiques \u00e0 haute efficacit\u00e9<\/strong> (rendement \u00e0 sec jusqu&rsquo;\u00e0 81,5 %), de ventilateurs EC plug-fan \u00e0 roue libre et d\u2019un syst\u00e8me complet de contr\u00f4le \u00e9lectronique avec connectivit\u00e9 MODBUS. La gamme comprend plusieurs mod\u00e8les avec des d\u00e9bits allant de 2 000 \u00e0 5 000 m\u00b3\/h, s\u2019adaptant \u00e0 diff\u00e9rentes configurations et besoins d\u2019installation.<\/p>\n<p class=\"\" data-start=\"878\" data-end=\"1132\">Leur structure robuste, leur isolation thermique et acoustique, leur filtration haute performance et leurs options de contr\u00f4le avanc\u00e9 en font une solution efficace.<\/p>\n<p>[\/vc_column_text][\/vc_column][\/vc_row][vc_row margin_top=\u00a0\u00bb70px\u00a0\u00bb][vc_column][vc_column_text css=\u00a0\u00bb\u00a0\u00bb]<img loading=\"lazy\" decoding=\"async\" class=\" size-full wp-image-17\" src=\"https:\/\/borealisclima.com\/wp-content\/uploads\/2011\/04\/pdf-icon.jpg\" alt=\"\" width=\"24\" height=\"24\" align=\"absmiddle\" border=\"0\" \/> <a href=\"https:\/\/drive.google.com\/file\/d\/1WsYMCFZxeRjlymBohDTciL0tW11USpJK\/view?usp=drive_link\">T\u00e9l\u00e9charger le catalogue &lsquo;ROE &#8211; R\u00e9cup\u00e9rateurs d\u2019\u00e9nergie verticaux avec \u00e9changeur rotatif Borealis&rsquo;<\/a>[\/vc_column_text][\/vc_column][\/vc_row]<\/p>\n<\/div>","protected":false},"excerpt":{"rendered":"<h3>ROE &#8211; R\u00e9cup\u00e9rateurs d\u2019\u00e9nergie verticaux avec \u00e9changeur rotatif<\/h3>\n<p><em>R\u00e9cup\u00e9rateurs d\u2019\u00e9nergie avec \u00e9changeur rotatif<\/em><\/p>\n<p>Les unit\u00e9s Borealis ROE sont des r\u00e9cup\u00e9rateurs d\u2019\u00e9nergie compacts \u00e0 conception verticale, sp\u00e9cialement con\u00e7us pour optimiser l\u2019efficacit\u00e9 \u00e9nerg\u00e9tique des syst\u00e8mes de ventilation et de climatisation gr\u00e2ce \u00e0 la r\u00e9cup\u00e9ration de la chaleur de l\u2019air extrait.<\/p>\n<p>&nbsp;<\/p>\n","protected":false},"featured_media":4834,"comment_status":"closed","ping_status":"closed","template":"","meta":[],"product_brand":[],"product_cat":[176],"product_tag":[],"class_list":{"0":"post-4833","1":"product","2":"type-product","3":"status-publish","4":"has-post-thumbnail","6":"product_cat-climatiseurs-et-recuperateurs","7":"description-off","9":"first","10":"instock","11":"shipping-taxable","12":"product-type-simple"},"yoast_head":"<!-- This site is optimized with the Yoast SEO plugin v27.3 - https:\/\/yoast.com\/product\/yoast-seo-wordpress\/ -->\n<title>ROE R\u00e9cup\u00e9rateurs d\u2019\u00e9nergie verticaux | Borealis<\/title>\n<meta name=\"description\" content=\"Gamme de centrales de traitement d\u2019air avec de nombreuses options d\u2019int\u00e9gration et de conception, tant pour les composants standards que pour les options.\" \/>\n<meta name=\"robots\" content=\"index, follow, max-snippet:-1, max-image-preview:large, max-video-preview:-1\" \/>\n<link rel=\"canonical\" href=\"https:\/\/borealisclima.com\/fr\/producto\/roe-recuperateurs-denergie-verticaux-avec-echangeur-rotatif\/\" \/>\n<meta property=\"og:locale\" content=\"fr_FR\" \/>\n<meta property=\"og:type\" content=\"article\" \/>\n<meta property=\"og:title\" content=\"ROE R\u00e9cup\u00e9rateurs d\u2019\u00e9nergie verticaux | Borealis\" \/>\n<meta property=\"og:description\" content=\"Gamme de centrales de traitement d\u2019air avec de nombreuses options d\u2019int\u00e9gration et de conception, tant pour les composants standards que pour les options.\" \/>\n<meta property=\"og:url\" content=\"https:\/\/borealisclima.com\/fr\/producto\/roe-recuperateurs-denergie-verticaux-avec-echangeur-rotatif\/\" \/>\n<meta property=\"og:site_name\" content=\"Borealis | Energie thermique\" \/>\n<meta property=\"og:image\" content=\"https:\/\/borealisclima.com\/fr\/wp-content\/uploads\/sites\/4\/2025\/05\/1-1.jpg\" \/>\n\t<meta property=\"og:image:width\" content=\"1476\" \/>\n\t<meta property=\"og:image:height\" content=\"886\" \/>\n\t<meta property=\"og:image:type\" content=\"image\/jpeg\" \/>\n<meta name=\"twitter:card\" content=\"summary_large_image\" \/>\n<meta name=\"twitter:label1\" content=\"Dur\u00e9e de lecture estim\u00e9e\" \/>\n\t<meta name=\"twitter:data1\" content=\"1 minute\" \/>\n<script type=\"application\/ld+json\" class=\"yoast-schema-graph\">{\"@context\":\"https:\\\/\\\/schema.org\",\"@graph\":[{\"@type\":\"WebPage\",\"@id\":\"https:\\\/\\\/borealisclima.com\\\/fr\\\/producto\\\/roe-recuperateurs-denergie-verticaux-avec-echangeur-rotatif\\\/\",\"url\":\"https:\\\/\\\/borealisclima.com\\\/fr\\\/producto\\\/roe-recuperateurs-denergie-verticaux-avec-echangeur-rotatif\\\/\",\"name\":\"ROE R\u00e9cup\u00e9rateurs d\u2019\u00e9nergie verticaux | Borealis\",\"isPartOf\":{\"@id\":\"https:\\\/\\\/borealisclima.com\\\/fr\\\/#website\"},\"primaryImageOfPage\":{\"@id\":\"https:\\\/\\\/borealisclima.com\\\/fr\\\/producto\\\/roe-recuperateurs-denergie-verticaux-avec-echangeur-rotatif\\\/#primaryimage\"},\"image\":{\"@id\":\"https:\\\/\\\/borealisclima.com\\\/fr\\\/producto\\\/roe-recuperateurs-denergie-verticaux-avec-echangeur-rotatif\\\/#primaryimage\"},\"thumbnailUrl\":\"https:\\\/\\\/borealisclima.com\\\/fr\\\/wp-content\\\/uploads\\\/sites\\\/4\\\/2025\\\/05\\\/1-1.jpg\",\"datePublished\":\"2025-05-19T08:53:58+00:00\",\"description\":\"Gamme de centrales de traitement d\u2019air avec de nombreuses options d\u2019int\u00e9gration et de conception, tant pour les composants standards que pour les options.\",\"breadcrumb\":{\"@id\":\"https:\\\/\\\/borealisclima.com\\\/fr\\\/producto\\\/roe-recuperateurs-denergie-verticaux-avec-echangeur-rotatif\\\/#breadcrumb\"},\"inLanguage\":\"fr-FR\",\"potentialAction\":[{\"@type\":\"ReadAction\",\"target\":[\"https:\\\/\\\/borealisclima.com\\\/fr\\\/producto\\\/roe-recuperateurs-denergie-verticaux-avec-echangeur-rotatif\\\/\"]}]},{\"@type\":\"ImageObject\",\"inLanguage\":\"fr-FR\",\"@id\":\"https:\\\/\\\/borealisclima.com\\\/fr\\\/producto\\\/roe-recuperateurs-denergie-verticaux-avec-echangeur-rotatif\\\/#primaryimage\",\"url\":\"https:\\\/\\\/borealisclima.com\\\/fr\\\/wp-content\\\/uploads\\\/sites\\\/4\\\/2025\\\/05\\\/1-1.jpg\",\"contentUrl\":\"https:\\\/\\\/borealisclima.com\\\/fr\\\/wp-content\\\/uploads\\\/sites\\\/4\\\/2025\\\/05\\\/1-1.jpg\",\"width\":1476,\"height\":886},{\"@type\":\"BreadcrumbList\",\"@id\":\"https:\\\/\\\/borealisclima.com\\\/fr\\\/producto\\\/roe-recuperateurs-denergie-verticaux-avec-echangeur-rotatif\\\/#breadcrumb\",\"itemListElement\":[{\"@type\":\"ListItem\",\"position\":1,\"name\":\"Portada\",\"item\":\"https:\\\/\\\/borealisclima.com\\\/fr\\\/\"},{\"@type\":\"ListItem\",\"position\":2,\"name\":\"Magasin\",\"item\":\"https:\\\/\\\/borealisclima.com\\\/fr\\\/magasin\\\/\"},{\"@type\":\"ListItem\",\"position\":3,\"name\":\"ROE &#8211; R\u00e9cup\u00e9rateurs d\u2019\u00e9nergie verticaux avec \u00e9changeur rotatif\"}]},{\"@type\":\"WebSite\",\"@id\":\"https:\\\/\\\/borealisclima.com\\\/fr\\\/#website\",\"url\":\"https:\\\/\\\/borealisclima.com\\\/fr\\\/\",\"name\":\"Borealis | Energie thermique\",\"description\":\"Entreprise du groupe Campos Corporaci\u00f3na\",\"potentialAction\":[{\"@type\":\"SearchAction\",\"target\":{\"@type\":\"EntryPoint\",\"urlTemplate\":\"https:\\\/\\\/borealisclima.com\\\/fr\\\/?s={search_term_string}\"},\"query-input\":{\"@type\":\"PropertyValueSpecification\",\"valueRequired\":true,\"valueName\":\"search_term_string\"}}],\"inLanguage\":\"fr-FR\"}]}<\/script>\n<!-- \/ Yoast SEO plugin. -->","yoast_head_json":{"title":"ROE R\u00e9cup\u00e9rateurs d\u2019\u00e9nergie verticaux | Borealis","description":"Gamme de centrales de traitement d\u2019air avec de nombreuses options d\u2019int\u00e9gration et de conception, tant pour les composants standards que pour les options.","robots":{"index":"index","follow":"follow","max-snippet":"max-snippet:-1","max-image-preview":"max-image-preview:large","max-video-preview":"max-video-preview:-1"},"canonical":"https:\/\/borealisclima.com\/fr\/producto\/roe-recuperateurs-denergie-verticaux-avec-echangeur-rotatif\/","og_locale":"fr_FR","og_type":"article","og_title":"ROE R\u00e9cup\u00e9rateurs d\u2019\u00e9nergie verticaux | Borealis","og_description":"Gamme de centrales de traitement d\u2019air avec de nombreuses options d\u2019int\u00e9gration et de conception, tant pour les composants standards que pour les options.","og_url":"https:\/\/borealisclima.com\/fr\/producto\/roe-recuperateurs-denergie-verticaux-avec-echangeur-rotatif\/","og_site_name":"Borealis | Energie thermique","og_image":[{"width":1476,"height":886,"url":"https:\/\/borealisclima.com\/fr\/wp-content\/uploads\/sites\/4\/2025\/05\/1-1.jpg","type":"image\/jpeg"}],"twitter_card":"summary_large_image","twitter_misc":{"Dur\u00e9e de lecture estim\u00e9e":"1 minute"},"schema":{"@context":"https:\/\/schema.org","@graph":[{"@type":"WebPage","@id":"https:\/\/borealisclima.com\/fr\/producto\/roe-recuperateurs-denergie-verticaux-avec-echangeur-rotatif\/","url":"https:\/\/borealisclima.com\/fr\/producto\/roe-recuperateurs-denergie-verticaux-avec-echangeur-rotatif\/","name":"ROE R\u00e9cup\u00e9rateurs d\u2019\u00e9nergie verticaux | Borealis","isPartOf":{"@id":"https:\/\/borealisclima.com\/fr\/#website"},"primaryImageOfPage":{"@id":"https:\/\/borealisclima.com\/fr\/producto\/roe-recuperateurs-denergie-verticaux-avec-echangeur-rotatif\/#primaryimage"},"image":{"@id":"https:\/\/borealisclima.com\/fr\/producto\/roe-recuperateurs-denergie-verticaux-avec-echangeur-rotatif\/#primaryimage"},"thumbnailUrl":"https:\/\/borealisclima.com\/fr\/wp-content\/uploads\/sites\/4\/2025\/05\/1-1.jpg","datePublished":"2025-05-19T08:53:58+00:00","description":"Gamme de centrales de traitement d\u2019air avec de nombreuses options d\u2019int\u00e9gration et de conception, tant pour les composants standards que pour les options.","breadcrumb":{"@id":"https:\/\/borealisclima.com\/fr\/producto\/roe-recuperateurs-denergie-verticaux-avec-echangeur-rotatif\/#breadcrumb"},"inLanguage":"fr-FR","potentialAction":[{"@type":"ReadAction","target":["https:\/\/borealisclima.com\/fr\/producto\/roe-recuperateurs-denergie-verticaux-avec-echangeur-rotatif\/"]}]},{"@type":"ImageObject","inLanguage":"fr-FR","@id":"https:\/\/borealisclima.com\/fr\/producto\/roe-recuperateurs-denergie-verticaux-avec-echangeur-rotatif\/#primaryimage","url":"https:\/\/borealisclima.com\/fr\/wp-content\/uploads\/sites\/4\/2025\/05\/1-1.jpg","contentUrl":"https:\/\/borealisclima.com\/fr\/wp-content\/uploads\/sites\/4\/2025\/05\/1-1.jpg","width":1476,"height":886},{"@type":"BreadcrumbList","@id":"https:\/\/borealisclima.com\/fr\/producto\/roe-recuperateurs-denergie-verticaux-avec-echangeur-rotatif\/#breadcrumb","itemListElement":[{"@type":"ListItem","position":1,"name":"Portada","item":"https:\/\/borealisclima.com\/fr\/"},{"@type":"ListItem","position":2,"name":"Magasin","item":"https:\/\/borealisclima.com\/fr\/magasin\/"},{"@type":"ListItem","position":3,"name":"ROE &#8211; R\u00e9cup\u00e9rateurs d\u2019\u00e9nergie verticaux avec \u00e9changeur rotatif"}]},{"@type":"WebSite","@id":"https:\/\/borealisclima.com\/fr\/#website","url":"https:\/\/borealisclima.com\/fr\/","name":"Borealis | Energie thermique","description":"Entreprise du groupe Campos Corporaci\u00f3na","potentialAction":[{"@type":"SearchAction","target":{"@type":"EntryPoint","urlTemplate":"https:\/\/borealisclima.com\/fr\/?s={search_term_string}"},"query-input":{"@type":"PropertyValueSpecification","valueRequired":true,"valueName":"search_term_string"}}],"inLanguage":"fr-FR"}]}},"_links":{"self":[{"href":"https:\/\/borealisclima.com\/fr\/wp-json\/wp\/v2\/product\/4833","targetHints":{"allow":["GET"]}}],"collection":[{"href":"https:\/\/borealisclima.com\/fr\/wp-json\/wp\/v2\/product"}],"about":[{"href":"https:\/\/borealisclima.com\/fr\/wp-json\/wp\/v2\/types\/product"}],"replies":[{"embeddable":true,"href":"https:\/\/borealisclima.com\/fr\/wp-json\/wp\/v2\/comments?post=4833"}],"wp:featuredmedia":[{"embeddable":true,"href":"https:\/\/borealisclima.com\/fr\/wp-json\/wp\/v2\/media\/4834"}],"wp:attachment":[{"href":"https:\/\/borealisclima.com\/fr\/wp-json\/wp\/v2\/media?parent=4833"}],"wp:term":[{"taxonomy":"product_brand","embeddable":true,"href":"https:\/\/borealisclima.com\/fr\/wp-json\/wp\/v2\/product_brand?post=4833"},{"taxonomy":"product_cat","embeddable":true,"href":"https:\/\/borealisclima.com\/fr\/wp-json\/wp\/v2\/product_cat?post=4833"},{"taxonomy":"product_tag","embeddable":true,"href":"https:\/\/borealisclima.com\/fr\/wp-json\/wp\/v2\/product_tag?post=4833"}],"curies":[{"name":"wp","href":"https:\/\/api.w.org\/{rel}","templated":true}]}}