{"id":564,"date":"2016-07-28T08:55:09","date_gmt":"2016-07-28T08:55:09","guid":{"rendered":"https:\/\/borealisclima.com\/fr\/?post_type=product&#038;p=564"},"modified":"2025-06-26T12:42:57","modified_gmt":"2025-06-26T11:42:57","slug":"ebh-pompes-a-chaleur-air-eau","status":"publish","type":"product","link":"https:\/\/borealisclima.com\/fr\/producto\/ebh-pompes-a-chaleur-air-eau\/","title":{"rendered":"EBH &#8211; Pompes \u00e0 chaleur air\/eau pour le chauffage des piscines"},"content":{"rendered":"<div class=\"wpb-content-wrapper\"><p>Pompe \u00e0 chaleur air-eau haute performance sp\u00e9cialement con\u00e7ue pour le chauffage de l&rsquo;eau des piscines.<\/p>\n<p>Structure r\u00e9alis\u00e9e avec des profils en acier laqu\u00e9 au four. L&rsquo;enceinte pour les compartiments du condenseur et du compresseur est construite avec des profils en aluminium et des panneaux de fermeture en acier galvanis\u00e9 laqu\u00e9 avec une isolation thermo-acoustique interne.<\/p>\n<p>Unit\u00e9 frigorifique \u00e9quip\u00e9e de compresseurs scroll sur un ou deux circuits frigorifiques, selon le mod\u00e8le. \u00c9changeurs compos\u00e9s de tubes en cuivre et d\u2019ailettes en alliage aluminium-magn\u00e9sium r\u00e9sistantes \u00e0 la corrosion. Condenseurs \u00e0 tube en titane avec bo\u00eetier en PVC pour un flux d&rsquo;eau de piscine direct, offrant une faible perte de charge.<\/p>\n<p>Bo\u00eetier ind\u00e9pendant permettant l\u2019installation des condenseurs \u00e0 distance, cr\u00e9ant une unit\u00e9 split (compresseur moteur + condenseurs).<\/p>\n<p>Ventilateurs axiaux silencieux et performants avec variateur de fr\u00e9quence. Contr\u00f4le de la pression de condensation par variation continue du d\u00e9bit.<\/p>\n<p>Tableau \u00e9lectrique avec d\u00e9tecteur de s\u00e9quence de phases, protection thermique-magn\u00e9tique et disjoncteurs pour chaque moteur.<\/p>\n<p>Contr\u00f4le num\u00e9rique direct via PLC avec \u00e9cran de commande montable \u00e0 distance, \u00e9quip\u00e9 de la communication Modbus et IP, et d\u2019un serveur web int\u00e9gr\u00e9 pour le contr\u00f4le depuis un r\u00e9seau domestique.<\/p>\n<p>[vc_row margin_top=\u00a0\u00bb50px\u00a0\u00bb][vc_column][vc_accordion top_margin=\u00a0\u00bbpage_margin_top\u00a0\u00bb title_size=\u00a0\u00bbh3&Prime; style=\u00a0\u00bb3&Prime; active_tab=\u00a0\u00bbfalse\u00a0\u00bb]<\/p>\n<p>[vc_accordion_tab title=\u00a0\u00bbCARACT\u00c9RISTIQUES\u00a0\u00bb tab_id=\u00a0\u00bb1621736-1-75&Prime;][vc_column_text]<br \/>\nLes pompes \u00e0 chaleur Borealis EBH sont sp\u00e9cifiquement con\u00e7ues pour chauffer l&rsquo;eau des piscines, qu&rsquo;elles soient int\u00e9rieures ou ext\u00e9rieures. Ces unit\u00e9s sont optimis\u00e9es pour offrir une efficacit\u00e9 maximale dans cette fonction, avec des COP standards d\u2019environ 5 et des valeurs SPF nettement sup\u00e9rieures \u00e0 2,5 dans n\u2019importe quelle zone climatique espagnole.<br \/>\n[\/vc_column_text][\/vc_accordion_tab][vc_accordion_tab title=\u00a0\u00bb\u00c9CHANGEURS DE CHALEUR\u00a0\u00bb tab_id=\u00a0\u00bb16211736-1-75&Prime;][vc_column_text]<\/p>\n<p>Les \u00e9changeurs de chaleur \u00e0 tube et calandre (condenseurs) des unit\u00e9s EBH sont fabriqu\u00e9s en titane + PVC, garantissant une durabilit\u00e9 optimale. Ce type d&rsquo;\u00e9changeur permet un flux direct d&rsquo;eau de piscine, \u00e9liminant la n\u00e9cessit\u00e9 de syst\u00e8mes primaires-secondaires dans le circuit de chauffage.<\/p>\n<p>Ces \u00e9changeurs prennent \u00e9galement en charge des d\u00e9bits d&rsquo;eau \u00e9lev\u00e9s, rendant souvent inutile le recours \u00e0 un bypass dans le circuit de filtration.<\/p>\n<p>[\/vc_column_text][\/vc_accordion_tab][vc_accordion_tab title=\u00a0\u00bbCONDENSEURS\u00a0\u00bb tab_id=\u00a0\u00bb16219436-1-75&Prime;][vc_column_text]<br \/>\nLa conception des unit\u00e9s EBH permet l&rsquo;installation \u00e0 distance des condenseurs dans une enceinte s\u00e9par\u00e9e. Cela permet d&rsquo;installer l&rsquo;unit\u00e9 compresseur moteur \u00e0 l&rsquo;ext\u00e9rieur, tandis que les condenseurs peuvent \u00eatre plac\u00e9s pr\u00e8s du syst\u00e8me de filtration de la piscine au sous-sol.<\/p>\n<p>[\/vc_column_text][\/vc_accordion_tab][vc_accordion_tab title=\u00a0\u00bbVENTILATEURS\u00a0\u00bb tab_id=\u00a0\u00bb21941736-1-75&Prime;][vc_column_text]<br \/>\nLes pompes \u00e0 chaleur Borealis EBH sont \u00e9quip\u00e9es de ventilateurs axiaux silencieux avec un variateur de fr\u00e9quence int\u00e9gr\u00e9, permettant un contr\u00f4le continu de la pression de condensation. En option, elles peuvent \u00eatre \u00e9quip\u00e9es de ventilateurs centrifuges plug-fan (version EBC, disponible sur demande).<\/p>\n<p>[\/vc_column_text][\/vc_accordion_tab][vc_accordion_tab title=\u00a0\u00bbCONTR\u00d4LE COMPLET ET COMMUNICABLE\u00a0\u00bb tab_id=\u00a0\u00bb162194173-75&Prime;][vc_column_text]<br \/>\nLes unit\u00e9s EBH sont livr\u00e9es en standard avec un contr\u00f4le iPro, programm\u00e9 par Borealis pour cette application sp\u00e9cifique, int\u00e9grant une communication IP et MODBUS. Elles incluent un serveur web avec une page o\u00f9 les param\u00e8tres de fonctionnement peuvent \u00eatre consult\u00e9s et modifi\u00e9s. Elles peuvent \u00eatre connect\u00e9es directement au routeur du b\u00e2timent, avec seulement le c\u00e2ble de connexion requis, et surveill\u00e9es depuis n&rsquo;importe quel ordinateur ou appareil mobile (t\u00e9l\u00e9phone, tablette, etc.).<\/p>\n<p>[\/vc_column_text][\/vc_accordion_tab]<\/p>\n<p>[\/vc_accordion][\/vc_column][\/vc_row]<\/p>\n<p><strong><a href=\"https:\/\/borealisclima.com\/fr\/wp-content\/uploads\/sites\/4\/2024\/11\/ENEBH-\u2013-Air-to-water-heat-pumps-for-heating-swimming-pools.pdf\" target=\"_blank\" rel=\"noopener noreferrer\"><img loading=\"lazy\" decoding=\"async\" class=\" size-full wp-image-17\" src=\"https:\/\/borealisclima.com\/wp-content\/uploads\/2011\/04\/pdf-icon.jpg\" alt=\"\" width=\"24\" height=\"24\" align=\"absmiddle\" border=\"0\" data-pagespeed-url-hash=\"3718654986\" \/><\/a><\/strong>\u00a0<a href=\"https:\/\/drive.google.com\/file\/d\/17S8UCuDGZhRN_pcOd39D4uX6kxG5T9Lk\/view?usp=drive_link\" target=\"_blank\" rel=\"noopener noreferrer\">T\u00e9l\u00e9charger le catalogue \u00ab\u00a0Pompes \u00e0 chaleur air-eau EBH pour le chauffage des piscines\u00a0\u00bb [PDF]<\/a><\/p>\n<\/div>","protected":false},"excerpt":{"rendered":"<p>Les pompes \u00e0 chaleur Borealis EBH sont sp\u00e9cialement con\u00e7ues pour chauffer l&rsquo;eau des piscines, int\u00e9rieures ou ext\u00e9rieures.<\/p>\n<p>Elles sont optimis\u00e9es pour obtenir les meilleures performances dans cette fonction. C&rsquo;est pourquoi le COP dans des conditions standard est d&rsquo;environ 5 et le SPF est bien sup\u00e9rieur \u00e0 2,5 dans n&rsquo;importe quelle zone climatique espagnole.<\/p>\n","protected":false},"featured_media":3978,"comment_status":"closed","ping_status":"closed","template":"","meta":[],"product_brand":[],"product_cat":[63],"product_tag":[142,33,37,129,126,128,141],"class_list":{"0":"post-564","1":"product","2":"type-product","3":"status-publish","4":"has-post-thumbnail","6":"product_cat-pompes-a-chaleur-air-eau","7":"product_tag-air-water","8":"product_tag-heat-pumps","9":"product_tag-heating2","10":"product_tag-roofing","11":"product_tag-spa","12":"product_tag-swimming-pools","13":"product_tag-uncovered","14":"description-off","16":"first","17":"instock","18":"shipping-taxable","19":"product-type-simple"},"yoast_head":"<!-- This site is optimized with the Yoast SEO plugin v27.3 - https:\/\/yoast.com\/product\/yoast-seo-wordpress\/ -->\n<title>Pompes \u00e0 chaleur air\/eau pour le chauffage des piscines | EBH<\/title>\n<meta name=\"description\" content=\"Les pompes \u00e0 chaleur Borealis EBH sont sp\u00e9cialement con\u00e7ues pour chauffer l&#039;eau des piscines, int\u00e9rieures ou ext\u00e9rieures.\" \/>\n<meta name=\"robots\" content=\"index, follow, max-snippet:-1, max-image-preview:large, max-video-preview:-1\" \/>\n<link rel=\"canonical\" href=\"https:\/\/borealisclima.com\/fr\/producto\/ebh-pompes-a-chaleur-air-eau\/\" \/>\n<meta property=\"og:locale\" content=\"fr_FR\" \/>\n<meta property=\"og:type\" content=\"article\" \/>\n<meta property=\"og:title\" content=\"Pompes \u00e0 chaleur air\/eau pour le chauffage des piscines | EBH\" \/>\n<meta property=\"og:description\" content=\"Les pompes \u00e0 chaleur Borealis EBH sont sp\u00e9cialement con\u00e7ues pour chauffer l&#039;eau des piscines, int\u00e9rieures ou ext\u00e9rieures.\" \/>\n<meta property=\"og:url\" content=\"https:\/\/borealisclima.com\/fr\/producto\/ebh-pompes-a-chaleur-air-eau\/\" \/>\n<meta property=\"og:site_name\" content=\"Borealis | Energie thermique\" \/>\n<meta property=\"article:modified_time\" content=\"2025-06-26T11:42:57+00:00\" \/>\n<meta property=\"og:image\" content=\"https:\/\/borealisclima.com\/fr\/wp-content\/uploads\/sites\/4\/2016\/07\/EBH-\u2013-Bombas-de-calor-aire-agua-para-calentamiento-de-piscinas.jpg\" \/>\n\t<meta property=\"og:image:width\" content=\"2004\" \/>\n\t<meta property=\"og:image:height\" content=\"1899\" \/>\n\t<meta property=\"og:image:type\" content=\"image\/jpeg\" \/>\n<meta name=\"twitter:card\" content=\"summary_large_image\" \/>\n<meta name=\"twitter:label1\" content=\"Dur\u00e9e de lecture estim\u00e9e\" \/>\n\t<meta name=\"twitter:data1\" content=\"3 minutes\" \/>\n<script type=\"application\/ld+json\" class=\"yoast-schema-graph\">{\"@context\":\"https:\\\/\\\/schema.org\",\"@graph\":[{\"@type\":\"WebPage\",\"@id\":\"https:\\\/\\\/borealisclima.com\\\/fr\\\/producto\\\/ebh-pompes-a-chaleur-air-eau\\\/\",\"url\":\"https:\\\/\\\/borealisclima.com\\\/fr\\\/producto\\\/ebh-pompes-a-chaleur-air-eau\\\/\",\"name\":\"Pompes \u00e0 chaleur air\\\/eau pour le chauffage des piscines | EBH\",\"isPartOf\":{\"@id\":\"https:\\\/\\\/borealisclima.com\\\/fr\\\/#website\"},\"primaryImageOfPage\":{\"@id\":\"https:\\\/\\\/borealisclima.com\\\/fr\\\/producto\\\/ebh-pompes-a-chaleur-air-eau\\\/#primaryimage\"},\"image\":{\"@id\":\"https:\\\/\\\/borealisclima.com\\\/fr\\\/producto\\\/ebh-pompes-a-chaleur-air-eau\\\/#primaryimage\"},\"thumbnailUrl\":\"https:\\\/\\\/borealisclima.com\\\/fr\\\/wp-content\\\/uploads\\\/sites\\\/4\\\/2016\\\/07\\\/EBH-\u2013-Bombas-de-calor-aire-agua-para-calentamiento-de-piscinas.jpg\",\"datePublished\":\"2016-07-28T08:55:09+00:00\",\"dateModified\":\"2025-06-26T11:42:57+00:00\",\"description\":\"Les pompes \u00e0 chaleur Borealis EBH sont sp\u00e9cialement con\u00e7ues pour chauffer l'eau des piscines, int\u00e9rieures ou ext\u00e9rieures.\",\"breadcrumb\":{\"@id\":\"https:\\\/\\\/borealisclima.com\\\/fr\\\/producto\\\/ebh-pompes-a-chaleur-air-eau\\\/#breadcrumb\"},\"inLanguage\":\"fr-FR\",\"potentialAction\":[{\"@type\":\"ReadAction\",\"target\":[\"https:\\\/\\\/borealisclima.com\\\/fr\\\/producto\\\/ebh-pompes-a-chaleur-air-eau\\\/\"]}]},{\"@type\":\"ImageObject\",\"inLanguage\":\"fr-FR\",\"@id\":\"https:\\\/\\\/borealisclima.com\\\/fr\\\/producto\\\/ebh-pompes-a-chaleur-air-eau\\\/#primaryimage\",\"url\":\"https:\\\/\\\/borealisclima.com\\\/fr\\\/wp-content\\\/uploads\\\/sites\\\/4\\\/2016\\\/07\\\/EBH-\u2013-Bombas-de-calor-aire-agua-para-calentamiento-de-piscinas.jpg\",\"contentUrl\":\"https:\\\/\\\/borealisclima.com\\\/fr\\\/wp-content\\\/uploads\\\/sites\\\/4\\\/2016\\\/07\\\/EBH-\u2013-Bombas-de-calor-aire-agua-para-calentamiento-de-piscinas.jpg\",\"width\":2004,\"height\":1899},{\"@type\":\"BreadcrumbList\",\"@id\":\"https:\\\/\\\/borealisclima.com\\\/fr\\\/producto\\\/ebh-pompes-a-chaleur-air-eau\\\/#breadcrumb\",\"itemListElement\":[{\"@type\":\"ListItem\",\"position\":1,\"name\":\"Portada\",\"item\":\"https:\\\/\\\/borealisclima.com\\\/fr\\\/\"},{\"@type\":\"ListItem\",\"position\":2,\"name\":\"Magasin\",\"item\":\"https:\\\/\\\/borealisclima.com\\\/fr\\\/magasin\\\/\"},{\"@type\":\"ListItem\",\"position\":3,\"name\":\"EBH &#8211; Pompes \u00e0 chaleur air\\\/eau pour le chauffage des piscines\"}]},{\"@type\":\"WebSite\",\"@id\":\"https:\\\/\\\/borealisclima.com\\\/fr\\\/#website\",\"url\":\"https:\\\/\\\/borealisclima.com\\\/fr\\\/\",\"name\":\"Borealis | Energie thermique\",\"description\":\"Entreprise du groupe Campos Corporaci\u00f3na\",\"potentialAction\":[{\"@type\":\"SearchAction\",\"target\":{\"@type\":\"EntryPoint\",\"urlTemplate\":\"https:\\\/\\\/borealisclima.com\\\/fr\\\/?s={search_term_string}\"},\"query-input\":{\"@type\":\"PropertyValueSpecification\",\"valueRequired\":true,\"valueName\":\"search_term_string\"}}],\"inLanguage\":\"fr-FR\"}]}<\/script>\n<!-- \/ Yoast SEO plugin. -->","yoast_head_json":{"title":"Pompes \u00e0 chaleur air\/eau pour le chauffage des piscines | EBH","description":"Les pompes \u00e0 chaleur Borealis EBH sont sp\u00e9cialement con\u00e7ues pour chauffer l'eau des piscines, int\u00e9rieures ou ext\u00e9rieures.","robots":{"index":"index","follow":"follow","max-snippet":"max-snippet:-1","max-image-preview":"max-image-preview:large","max-video-preview":"max-video-preview:-1"},"canonical":"https:\/\/borealisclima.com\/fr\/producto\/ebh-pompes-a-chaleur-air-eau\/","og_locale":"fr_FR","og_type":"article","og_title":"Pompes \u00e0 chaleur air\/eau pour le chauffage des piscines | EBH","og_description":"Les pompes \u00e0 chaleur Borealis EBH sont sp\u00e9cialement con\u00e7ues pour chauffer l'eau des piscines, int\u00e9rieures ou ext\u00e9rieures.","og_url":"https:\/\/borealisclima.com\/fr\/producto\/ebh-pompes-a-chaleur-air-eau\/","og_site_name":"Borealis | Energie thermique","article_modified_time":"2025-06-26T11:42:57+00:00","og_image":[{"width":2004,"height":1899,"url":"https:\/\/borealisclima.com\/fr\/wp-content\/uploads\/sites\/4\/2016\/07\/EBH-\u2013-Bombas-de-calor-aire-agua-para-calentamiento-de-piscinas.jpg","type":"image\/jpeg"}],"twitter_card":"summary_large_image","twitter_misc":{"Dur\u00e9e de lecture estim\u00e9e":"3 minutes"},"schema":{"@context":"https:\/\/schema.org","@graph":[{"@type":"WebPage","@id":"https:\/\/borealisclima.com\/fr\/producto\/ebh-pompes-a-chaleur-air-eau\/","url":"https:\/\/borealisclima.com\/fr\/producto\/ebh-pompes-a-chaleur-air-eau\/","name":"Pompes \u00e0 chaleur air\/eau pour le chauffage des piscines | EBH","isPartOf":{"@id":"https:\/\/borealisclima.com\/fr\/#website"},"primaryImageOfPage":{"@id":"https:\/\/borealisclima.com\/fr\/producto\/ebh-pompes-a-chaleur-air-eau\/#primaryimage"},"image":{"@id":"https:\/\/borealisclima.com\/fr\/producto\/ebh-pompes-a-chaleur-air-eau\/#primaryimage"},"thumbnailUrl":"https:\/\/borealisclima.com\/fr\/wp-content\/uploads\/sites\/4\/2016\/07\/EBH-\u2013-Bombas-de-calor-aire-agua-para-calentamiento-de-piscinas.jpg","datePublished":"2016-07-28T08:55:09+00:00","dateModified":"2025-06-26T11:42:57+00:00","description":"Les pompes \u00e0 chaleur Borealis EBH sont sp\u00e9cialement con\u00e7ues pour chauffer l'eau des piscines, int\u00e9rieures ou ext\u00e9rieures.","breadcrumb":{"@id":"https:\/\/borealisclima.com\/fr\/producto\/ebh-pompes-a-chaleur-air-eau\/#breadcrumb"},"inLanguage":"fr-FR","potentialAction":[{"@type":"ReadAction","target":["https:\/\/borealisclima.com\/fr\/producto\/ebh-pompes-a-chaleur-air-eau\/"]}]},{"@type":"ImageObject","inLanguage":"fr-FR","@id":"https:\/\/borealisclima.com\/fr\/producto\/ebh-pompes-a-chaleur-air-eau\/#primaryimage","url":"https:\/\/borealisclima.com\/fr\/wp-content\/uploads\/sites\/4\/2016\/07\/EBH-\u2013-Bombas-de-calor-aire-agua-para-calentamiento-de-piscinas.jpg","contentUrl":"https:\/\/borealisclima.com\/fr\/wp-content\/uploads\/sites\/4\/2016\/07\/EBH-\u2013-Bombas-de-calor-aire-agua-para-calentamiento-de-piscinas.jpg","width":2004,"height":1899},{"@type":"BreadcrumbList","@id":"https:\/\/borealisclima.com\/fr\/producto\/ebh-pompes-a-chaleur-air-eau\/#breadcrumb","itemListElement":[{"@type":"ListItem","position":1,"name":"Portada","item":"https:\/\/borealisclima.com\/fr\/"},{"@type":"ListItem","position":2,"name":"Magasin","item":"https:\/\/borealisclima.com\/fr\/magasin\/"},{"@type":"ListItem","position":3,"name":"EBH &#8211; Pompes \u00e0 chaleur air\/eau pour le chauffage des piscines"}]},{"@type":"WebSite","@id":"https:\/\/borealisclima.com\/fr\/#website","url":"https:\/\/borealisclima.com\/fr\/","name":"Borealis | Energie thermique","description":"Entreprise du groupe Campos Corporaci\u00f3na","potentialAction":[{"@type":"SearchAction","target":{"@type":"EntryPoint","urlTemplate":"https:\/\/borealisclima.com\/fr\/?s={search_term_string}"},"query-input":{"@type":"PropertyValueSpecification","valueRequired":true,"valueName":"search_term_string"}}],"inLanguage":"fr-FR"}]}},"_links":{"self":[{"href":"https:\/\/borealisclima.com\/fr\/wp-json\/wp\/v2\/product\/564","targetHints":{"allow":["GET"]}}],"collection":[{"href":"https:\/\/borealisclima.com\/fr\/wp-json\/wp\/v2\/product"}],"about":[{"href":"https:\/\/borealisclima.com\/fr\/wp-json\/wp\/v2\/types\/product"}],"replies":[{"embeddable":true,"href":"https:\/\/borealisclima.com\/fr\/wp-json\/wp\/v2\/comments?post=564"}],"wp:featuredmedia":[{"embeddable":true,"href":"https:\/\/borealisclima.com\/fr\/wp-json\/wp\/v2\/media\/3978"}],"wp:attachment":[{"href":"https:\/\/borealisclima.com\/fr\/wp-json\/wp\/v2\/media?parent=564"}],"wp:term":[{"taxonomy":"product_brand","embeddable":true,"href":"https:\/\/borealisclima.com\/fr\/wp-json\/wp\/v2\/product_brand?post=564"},{"taxonomy":"product_cat","embeddable":true,"href":"https:\/\/borealisclima.com\/fr\/wp-json\/wp\/v2\/product_cat?post=564"},{"taxonomy":"product_tag","embeddable":true,"href":"https:\/\/borealisclima.com\/fr\/wp-json\/wp\/v2\/product_tag?post=564"}],"curies":[{"name":"wp","href":"https:\/\/api.w.org\/{rel}","templated":true}]}}