{"id":942,"date":"2019-02-22T11:03:04","date_gmt":"2019-02-22T11:03:04","guid":{"rendered":"https:\/\/borealisclima.com\/fr\/?post_type=product&#038;p=942"},"modified":"2025-08-01T08:31:53","modified_gmt":"2025-08-01T07:31:53","slug":"deshumidificateurs-haute-efficacite-hru","status":"publish","type":"product","link":"https:\/\/borealisclima.com\/fr\/producto\/deshumidificateurs-haute-efficacite-hru\/","title":{"rendered":"D\u00e9shumidificateurs \u00e0 haut rendement HRU"},"content":{"rendered":"<div class=\"wpb-content-wrapper\"><p>Unit\u00e9 de d\u00e9shumidification\/climatisation \u00e0 haute efficacit\u00e9 pour piscines int\u00e9rieures moyennes et grandes, adapt\u00e9e \u00e0 une installation en ext\u00e9rieur ou en int\u00e9rieur. Elles consomment entre 35 % et 60 % de moins que les pompes \u00e0 chaleur d\u00e9shumidificatrices traditionnelles gr\u00e2ce \u00e0 leur circuit frigorifique r\u00e9g\u00e9n\u00e9ratif.<\/p>\n<p>Structure r\u00e9alis\u00e9e avec des profils en aluminium anodis\u00e9 avec rupture de pont thermique et panneaux de fermeture amovibles de type sandwich compos\u00e9s de deux feuilles d&rsquo;acier galvanis\u00e9 laqu\u00e9 avec un noyau d&rsquo;isolation thermo-acoustique en PIR, d&rsquo;une \u00e9paisseur standard de 45 mm. Int\u00e9rieur des panneaux laqu\u00e9. Bac \u00e0 condensats en acier inoxydable.<\/p>\n<p>Unit\u00e9 frigorifique \u00e9quip\u00e9e de compresseurs scroll dans un ou plusieurs circuits frigorifiques. Batteries r\u00e9alis\u00e9es avec des tubes en cuivre et des ailettes en alliage aluminium-magn\u00e9sium r\u00e9sistantes \u00e0 la corrosion. Batterie de support standard pour chaudi\u00e8re avec vanne \u00e0 deux ou trois voies, int\u00e9gr\u00e9e au syst\u00e8me de contr\u00f4le.<\/p>\n<p>\u00c9changeur de chaleur air-air en aluminium avec rev\u00eatement \u00e9poxy polym\u00e9ris\u00e9 au four, sp\u00e9cialement con\u00e7u pour une utilisation dans les piscines int\u00e9rieures.<\/p>\n<p>Ventilateurs EC plug-fan avec r\u00e9gulation de pression et de d\u00e9bit int\u00e9gr\u00e9e au contr\u00f4le de l&rsquo;unit\u00e9 en standard.<\/p>\n<p>Les unit\u00e9s HRU sont \u00e9quip\u00e9es en standard d&rsquo;une section de m\u00e9lange \u00e0 trois registres avec ventilateur de reprise. Les ventilateurs de reprise et de soufflage sont tous deux des EC plug-fans.<\/p>\n<p>Filtration standard F8 en soufflage et G4 en reprise et prise d&rsquo;air ext\u00e9rieur.<\/p>\n<p>Panneau de commande avec interrupteur principal et protections adapt\u00e9es pour chaque moteur.<\/p>\n<p>Syst\u00e8me de contr\u00f4le proportionnel, librement programmable avec affichage graphique pour une installation locale ou \u00e0 distance. Menus en espagnol. Connectivit\u00e9 IP et MODBUS standard. Serveur web int\u00e9gr\u00e9.<\/p>\n<p>[vc_row margin_top=\u00a0\u00bb50px\u00a0\u00bb][vc_column][vc_accordion top_margin=\u00a0\u00bbpage_margin_top\u00a0\u00bb title_size=\u00a0\u00bbh3&Prime; style=\u00a0\u00bb3&Prime; active_tab=\u00a0\u00bbfalse\u00a0\u00bb]<\/p>\n<p>[vc_accordion_tab title=\u00a0\u00bbUNIT\u00c9S AVEC D\u00c9SHUMIDIFICATION PASSIVE ET ACTIVE\u00a0\u00bb tab_id=\u00a0\u00bb1621736-1-75&Prime;][vc_column_text]<\/p>\n<p>Ce sont des pompes \u00e0 chaleur air-air \u00e0 d\u00e9tente directe avec r\u00e9cup\u00e9ration d&rsquo;\u00e9nergie statique et frigorifique via leur circuit r\u00e9g\u00e9n\u00e9ratif. Les unit\u00e9s HRU peuvent effectuer leur fonction de d\u00e9shumidification gr\u00e2ce \u00e0 trois syst\u00e8mes diff\u00e9rents et compl\u00e9mentaires : d\u00e9shumidification par r\u00e9frig\u00e9ration (active), \u00e9change thermique dans les \u00e9changeurs de chaleur et remplacement d&rsquo;air avec de l&rsquo;air ext\u00e9rieur. La coop\u00e9ration de ces trois syst\u00e8mes offre une grande capacit\u00e9 de s\u00e9chage avec une consommation d&rsquo;\u00e9nergie minimale.<\/p>\n<p>[\/vc_column_text][\/vc_accordion_tab][vc_accordion_tab title=\u00a0\u00bbD\u00c9SHUMIDIFICATION PAR R\u00c9FRIG\u00c9RATION, AUSSI GARANTIE\u00a0\u00bb tab_id=\u00a0\u00bb16211736-1-75&Prime;][vc_column_text]<\/p>\n<p>Bien que ces machines puissent d\u00e9shumidifier en utilisant le s\u00e9chage gratuit avec de l&rsquo;air ext\u00e9rieur, leur capacit\u00e9 de d\u00e9shumidification par r\u00e9frig\u00e9ration et recirculation d\u00e9passe largement celle des autres unit\u00e9s concurrentes, garantissant un s\u00e9chage efficace dans n&rsquo;importe quelle localisation g\u00e9ographique et condition climatique.<\/p>\n<p>[\/vc_column_text][\/vc_accordion_tab][vc_accordion_tab title=\u00a0\u00bbPOMPE \u00c0 CHALEUR PLUS PUISSANTE ET PERFORMANTE\u00a0\u00bb tab_id=\u00a0\u00bb16219436-1-75&Prime;][vc_column_text]<\/p>\n<p>De plus, et tout aussi important, la disposition des \u00e9l\u00e9ments dans le circuit frigorifique HRU est con\u00e7ue pour maximiser les performances de la pompe \u00e0 chaleur int\u00e9gr\u00e9e, car l&rsquo;\u00e9vaporateur fonctionne presque exclusivement avec de la chaleur latente. Cela signifie que la puissance de chauffage nette fournie par la machine est bien sup\u00e9rieure \u00e0 celle de tout d\u00e9shumidificateur conventionnel, permettant de r\u00e9duire consid\u00e9rablement les co\u00fbts de chauffage.<\/p>\n<p>[\/vc_column_text][\/vc_accordion_tab][vc_accordion_tab title=\u00a0\u00bbFILTRATION\u00a0\u00bb tab_id=\u00a0\u00bb162194173-75&Prime;][vc_column_text]<\/p>\n<p>Nos unit\u00e9s HRU sont pr\u00eates \u00e0 int\u00e9grer une filtration haute efficacit\u00e9 dans chacun des circuits d&rsquo;air en standard. Elles sont \u00e9quip\u00e9es d&rsquo;une filtration R.I.T.E., comprenant des filtres F8 en soufflage. En option, et sans besoin d&rsquo;ajouter des modules suppl\u00e9mentaires ou de modifier des \u00e9l\u00e9ments m\u00e9caniques de la machine, une filtration de plus haute efficacit\u00e9 peut \u00eatre install\u00e9e.<\/p>\n<p>[\/vc_column_text][\/vc_accordion_tab][vc_accordion_tab title=\u00a0\u00bbCONTR\u00d4LE COMPLET ET COMMUNICABLE\u00a0\u00bb tab_id=\u00a0\u00bb16241736-1-75&Prime;][vc_column_text]<\/p>\n<p>Les unit\u00e9s HRU sont \u00e9quip\u00e9es en standard du contr\u00f4le iPro, programm\u00e9 par Borealis pour cette application sp\u00e9cifique. Le iPro est un mat\u00e9riel fabriqu\u00e9 par le groupe Emerson avec contr\u00f4le proportionnel et communication IP et MODBUS int\u00e9gr\u00e9e. Il int\u00e8gre un serveur web avec une page o\u00f9 les param\u00e8tres de fonctionnement de la machine peuvent \u00eatre consult\u00e9s et modifi\u00e9s. Il peut \u00eatre connect\u00e9 directement au routeur du b\u00e2timent, avec seulement le c\u00e2ble de connexion requis, et surveill\u00e9 depuis n&rsquo;importe quel ordinateur ou appareil mobile (t\u00e9l\u00e9phone, tablette, etc.)<\/p>\n<p>Le logiciel est con\u00e7u et mis en \u0153uvre sur mesure par Borealis, nous permettant un contr\u00f4le total du processus et une am\u00e9lioration continue rapide gr\u00e2ce aux mises \u00e0 jour.<\/p>\n<p>Les pompes \u00e0 chaleur d\u00e9shumidificatrices HRU de Borealis sont con\u00e7ues avec l&rsquo;efficacit\u00e9 \u00e9nerg\u00e9tique au c\u0153ur : atteindre des performances maximales avec une consommation d&rsquo;\u00e9nergie minimale. Elles sont \u00e9galement con\u00e7ues pour \u00eatre durables et faciles \u00e0 entretenir de mani\u00e8re rentable.<\/p>\n<p>[\/vc_column_text][\/vc_accordion_tab]<\/p>\n<p>[\/vc_accordion][\/vc_column][\/vc_row]<\/p>\n<p>&nbsp;<\/p>\n<p><img loading=\"lazy\" decoding=\"async\" class=\" size-full wp-image-17\" src=\"https:\/\/borealisclima.com\/fr\/wp-content\/uploads\/sites\/4\/2011\/04\/pdf-icon.jpg\" alt=\"\" width=\"24\" height=\"24\" align=\"absmiddle\" border=\"0\" \/><a href=\"https:\/\/drive.google.com\/file\/d\/1Z1ogllEwfZNxsN5ykMVtfWi2RstAbO_l\/view?usp=drive_link\" target=\"_blank\" rel=\"noopener noreferrer\">T\u00e9l\u00e9charger le catalogue &lsquo;D\u00e9shumidificateurs HRU Haute Efficacit\u00e9&rsquo; [PDF]<\/a><\/p>\n<p>&nbsp;<\/p>\n<\/div>","protected":false},"excerpt":{"rendered":"<p><strong>HRU \u2013 Pompes \u00e0 chaleur horizontales autonomes \u00e0 haute efficacit\u00e9<\/strong><\/p>\n<p>La gamme Borealis HRU se compose de <a href=\"https:\/\/borealisclima.com\/fr\/categoria-producto\/deshumidificateurs-pour-piscines-interieures\/\">d\u00e9shumidificateurs pour piscines int\u00e9rieures<\/a> utilisant une combinaison de syst\u00e8mes de d\u00e9shumidification passive et active pour atteindre une efficacit\u00e9 \u00e9nerg\u00e9tique maximale.<\/p>\n","protected":false},"featured_media":3973,"comment_status":"closed","ping_status":"closed","template":"","meta":[],"product_brand":[],"product_cat":[29],"product_tag":[58,35,113,125,59,130,114,33,57,115,112,129,126,128],"class_list":{"0":"post-942","1":"product","2":"type-product","3":"status-publish","4":"has-post-thumbnail","6":"product_cat-deshumidificateurs-pour-piscines-interieures","7":"product_tag-air-conditioner","8":"product_tag-air-conditioning","9":"product_tag-climate","10":"product_tag-dehumidification","11":"product_tag-dehumidifiers","12":"product_tag-energy-efficiency","13":"product_tag-equipment","14":"product_tag-heat-pumps","15":"product_tag-indoor-swimming-pools","16":"product_tag-installations","17":"product_tag-machine","18":"product_tag-roofing","19":"product_tag-spa","20":"product_tag-swimming-pools","21":"description-off","23":"first","24":"instock","25":"shipping-taxable","26":"product-type-simple"},"yoast_head":"<!-- This site is optimized with the Yoast SEO plugin v27.3 - https:\/\/yoast.com\/product\/yoast-seo-wordpress\/ -->\n<title>D\u00e9shumidificateurs \u00e0 haut rendement HRU | D\u00e9shumidificateurs d&#039;air<\/title>\n<meta name=\"description\" content=\"D\u00e9shumidificateurs \u00e0 haute efficacit\u00e9 pour les piscines int\u00e9rieures de moyenne et grande taille. \u00c9quipement de d\u00e9shumidification passive et active : D\u00e9shumidificateurs d&#039;air.\" \/>\n<meta name=\"robots\" content=\"index, follow, max-snippet:-1, max-image-preview:large, max-video-preview:-1\" \/>\n<link rel=\"canonical\" href=\"https:\/\/borealisclima.com\/fr\/producto\/deshumidificateurs-haute-efficacite-hru\/\" \/>\n<meta property=\"og:locale\" content=\"fr_FR\" \/>\n<meta property=\"og:type\" content=\"article\" \/>\n<meta property=\"og:title\" content=\"D\u00e9shumidificateurs \u00e0 haut rendement HRU | D\u00e9shumidificateurs d&#039;air\" \/>\n<meta property=\"og:description\" content=\"D\u00e9shumidificateurs \u00e0 haute efficacit\u00e9 pour les piscines int\u00e9rieures de moyenne et grande taille. \u00c9quipement de d\u00e9shumidification passive et active : D\u00e9shumidificateurs d&#039;air.\" \/>\n<meta property=\"og:url\" content=\"https:\/\/borealisclima.com\/fr\/producto\/deshumidificateurs-haute-efficacite-hru\/\" \/>\n<meta property=\"og:site_name\" content=\"Borealis | Energie thermique\" \/>\n<meta property=\"article:modified_time\" content=\"2025-08-01T07:31:53+00:00\" \/>\n<meta property=\"og:image\" content=\"https:\/\/borealisclima.com\/fr\/wp-content\/uploads\/sites\/4\/2019\/02\/Deshumidificadoras-de-alta-eficiencia-HRU.jpg\" \/>\n\t<meta property=\"og:image:width\" content=\"2004\" \/>\n\t<meta property=\"og:image:height\" content=\"1899\" \/>\n\t<meta property=\"og:image:type\" content=\"image\/jpeg\" \/>\n<meta name=\"twitter:card\" content=\"summary_large_image\" \/>\n<meta name=\"twitter:label1\" content=\"Dur\u00e9e de lecture estim\u00e9e\" \/>\n\t<meta name=\"twitter:data1\" content=\"4 minutes\" \/>\n<script type=\"application\/ld+json\" class=\"yoast-schema-graph\">{\"@context\":\"https:\\\/\\\/schema.org\",\"@graph\":[{\"@type\":\"WebPage\",\"@id\":\"https:\\\/\\\/borealisclima.com\\\/fr\\\/producto\\\/deshumidificateurs-haute-efficacite-hru\\\/\",\"url\":\"https:\\\/\\\/borealisclima.com\\\/fr\\\/producto\\\/deshumidificateurs-haute-efficacite-hru\\\/\",\"name\":\"D\u00e9shumidificateurs \u00e0 haut rendement HRU | D\u00e9shumidificateurs d'air\",\"isPartOf\":{\"@id\":\"https:\\\/\\\/borealisclima.com\\\/fr\\\/#website\"},\"primaryImageOfPage\":{\"@id\":\"https:\\\/\\\/borealisclima.com\\\/fr\\\/producto\\\/deshumidificateurs-haute-efficacite-hru\\\/#primaryimage\"},\"image\":{\"@id\":\"https:\\\/\\\/borealisclima.com\\\/fr\\\/producto\\\/deshumidificateurs-haute-efficacite-hru\\\/#primaryimage\"},\"thumbnailUrl\":\"https:\\\/\\\/borealisclima.com\\\/fr\\\/wp-content\\\/uploads\\\/sites\\\/4\\\/2019\\\/02\\\/Deshumidificadoras-de-alta-eficiencia-HRU.jpg\",\"datePublished\":\"2019-02-22T11:03:04+00:00\",\"dateModified\":\"2025-08-01T07:31:53+00:00\",\"description\":\"D\u00e9shumidificateurs \u00e0 haute efficacit\u00e9 pour les piscines int\u00e9rieures de moyenne et grande taille. \u00c9quipement de d\u00e9shumidification passive et active : D\u00e9shumidificateurs d'air.\",\"breadcrumb\":{\"@id\":\"https:\\\/\\\/borealisclima.com\\\/fr\\\/producto\\\/deshumidificateurs-haute-efficacite-hru\\\/#breadcrumb\"},\"inLanguage\":\"fr-FR\",\"potentialAction\":[{\"@type\":\"ReadAction\",\"target\":[\"https:\\\/\\\/borealisclima.com\\\/fr\\\/producto\\\/deshumidificateurs-haute-efficacite-hru\\\/\"]}]},{\"@type\":\"ImageObject\",\"inLanguage\":\"fr-FR\",\"@id\":\"https:\\\/\\\/borealisclima.com\\\/fr\\\/producto\\\/deshumidificateurs-haute-efficacite-hru\\\/#primaryimage\",\"url\":\"https:\\\/\\\/borealisclima.com\\\/fr\\\/wp-content\\\/uploads\\\/sites\\\/4\\\/2019\\\/02\\\/Deshumidificadoras-de-alta-eficiencia-HRU.jpg\",\"contentUrl\":\"https:\\\/\\\/borealisclima.com\\\/fr\\\/wp-content\\\/uploads\\\/sites\\\/4\\\/2019\\\/02\\\/Deshumidificadoras-de-alta-eficiencia-HRU.jpg\",\"width\":2004,\"height\":1899},{\"@type\":\"BreadcrumbList\",\"@id\":\"https:\\\/\\\/borealisclima.com\\\/fr\\\/producto\\\/deshumidificateurs-haute-efficacite-hru\\\/#breadcrumb\",\"itemListElement\":[{\"@type\":\"ListItem\",\"position\":1,\"name\":\"Portada\",\"item\":\"https:\\\/\\\/borealisclima.com\\\/fr\\\/\"},{\"@type\":\"ListItem\",\"position\":2,\"name\":\"Magasin\",\"item\":\"https:\\\/\\\/borealisclima.com\\\/fr\\\/magasin\\\/\"},{\"@type\":\"ListItem\",\"position\":3,\"name\":\"D\u00e9shumidificateurs \u00e0 haut rendement HRU\"}]},{\"@type\":\"WebSite\",\"@id\":\"https:\\\/\\\/borealisclima.com\\\/fr\\\/#website\",\"url\":\"https:\\\/\\\/borealisclima.com\\\/fr\\\/\",\"name\":\"Borealis | Energie thermique\",\"description\":\"Entreprise du groupe Campos Corporaci\u00f3na\",\"potentialAction\":[{\"@type\":\"SearchAction\",\"target\":{\"@type\":\"EntryPoint\",\"urlTemplate\":\"https:\\\/\\\/borealisclima.com\\\/fr\\\/?s={search_term_string}\"},\"query-input\":{\"@type\":\"PropertyValueSpecification\",\"valueRequired\":true,\"valueName\":\"search_term_string\"}}],\"inLanguage\":\"fr-FR\"}]}<\/script>\n<!-- \/ Yoast SEO plugin. -->","yoast_head_json":{"title":"D\u00e9shumidificateurs \u00e0 haut rendement HRU | D\u00e9shumidificateurs d'air","description":"D\u00e9shumidificateurs \u00e0 haute efficacit\u00e9 pour les piscines int\u00e9rieures de moyenne et grande taille. \u00c9quipement de d\u00e9shumidification passive et active : D\u00e9shumidificateurs d'air.","robots":{"index":"index","follow":"follow","max-snippet":"max-snippet:-1","max-image-preview":"max-image-preview:large","max-video-preview":"max-video-preview:-1"},"canonical":"https:\/\/borealisclima.com\/fr\/producto\/deshumidificateurs-haute-efficacite-hru\/","og_locale":"fr_FR","og_type":"article","og_title":"D\u00e9shumidificateurs \u00e0 haut rendement HRU | D\u00e9shumidificateurs d'air","og_description":"D\u00e9shumidificateurs \u00e0 haute efficacit\u00e9 pour les piscines int\u00e9rieures de moyenne et grande taille. \u00c9quipement de d\u00e9shumidification passive et active : D\u00e9shumidificateurs d'air.","og_url":"https:\/\/borealisclima.com\/fr\/producto\/deshumidificateurs-haute-efficacite-hru\/","og_site_name":"Borealis | Energie thermique","article_modified_time":"2025-08-01T07:31:53+00:00","og_image":[{"width":2004,"height":1899,"url":"https:\/\/borealisclima.com\/fr\/wp-content\/uploads\/sites\/4\/2019\/02\/Deshumidificadoras-de-alta-eficiencia-HRU.jpg","type":"image\/jpeg"}],"twitter_card":"summary_large_image","twitter_misc":{"Dur\u00e9e de lecture estim\u00e9e":"4 minutes"},"schema":{"@context":"https:\/\/schema.org","@graph":[{"@type":"WebPage","@id":"https:\/\/borealisclima.com\/fr\/producto\/deshumidificateurs-haute-efficacite-hru\/","url":"https:\/\/borealisclima.com\/fr\/producto\/deshumidificateurs-haute-efficacite-hru\/","name":"D\u00e9shumidificateurs \u00e0 haut rendement HRU | D\u00e9shumidificateurs d'air","isPartOf":{"@id":"https:\/\/borealisclima.com\/fr\/#website"},"primaryImageOfPage":{"@id":"https:\/\/borealisclima.com\/fr\/producto\/deshumidificateurs-haute-efficacite-hru\/#primaryimage"},"image":{"@id":"https:\/\/borealisclima.com\/fr\/producto\/deshumidificateurs-haute-efficacite-hru\/#primaryimage"},"thumbnailUrl":"https:\/\/borealisclima.com\/fr\/wp-content\/uploads\/sites\/4\/2019\/02\/Deshumidificadoras-de-alta-eficiencia-HRU.jpg","datePublished":"2019-02-22T11:03:04+00:00","dateModified":"2025-08-01T07:31:53+00:00","description":"D\u00e9shumidificateurs \u00e0 haute efficacit\u00e9 pour les piscines int\u00e9rieures de moyenne et grande taille. \u00c9quipement de d\u00e9shumidification passive et active : D\u00e9shumidificateurs d'air.","breadcrumb":{"@id":"https:\/\/borealisclima.com\/fr\/producto\/deshumidificateurs-haute-efficacite-hru\/#breadcrumb"},"inLanguage":"fr-FR","potentialAction":[{"@type":"ReadAction","target":["https:\/\/borealisclima.com\/fr\/producto\/deshumidificateurs-haute-efficacite-hru\/"]}]},{"@type":"ImageObject","inLanguage":"fr-FR","@id":"https:\/\/borealisclima.com\/fr\/producto\/deshumidificateurs-haute-efficacite-hru\/#primaryimage","url":"https:\/\/borealisclima.com\/fr\/wp-content\/uploads\/sites\/4\/2019\/02\/Deshumidificadoras-de-alta-eficiencia-HRU.jpg","contentUrl":"https:\/\/borealisclima.com\/fr\/wp-content\/uploads\/sites\/4\/2019\/02\/Deshumidificadoras-de-alta-eficiencia-HRU.jpg","width":2004,"height":1899},{"@type":"BreadcrumbList","@id":"https:\/\/borealisclima.com\/fr\/producto\/deshumidificateurs-haute-efficacite-hru\/#breadcrumb","itemListElement":[{"@type":"ListItem","position":1,"name":"Portada","item":"https:\/\/borealisclima.com\/fr\/"},{"@type":"ListItem","position":2,"name":"Magasin","item":"https:\/\/borealisclima.com\/fr\/magasin\/"},{"@type":"ListItem","position":3,"name":"D\u00e9shumidificateurs \u00e0 haut rendement HRU"}]},{"@type":"WebSite","@id":"https:\/\/borealisclima.com\/fr\/#website","url":"https:\/\/borealisclima.com\/fr\/","name":"Borealis | Energie thermique","description":"Entreprise du groupe Campos Corporaci\u00f3na","potentialAction":[{"@type":"SearchAction","target":{"@type":"EntryPoint","urlTemplate":"https:\/\/borealisclima.com\/fr\/?s={search_term_string}"},"query-input":{"@type":"PropertyValueSpecification","valueRequired":true,"valueName":"search_term_string"}}],"inLanguage":"fr-FR"}]}},"_links":{"self":[{"href":"https:\/\/borealisclima.com\/fr\/wp-json\/wp\/v2\/product\/942","targetHints":{"allow":["GET"]}}],"collection":[{"href":"https:\/\/borealisclima.com\/fr\/wp-json\/wp\/v2\/product"}],"about":[{"href":"https:\/\/borealisclima.com\/fr\/wp-json\/wp\/v2\/types\/product"}],"replies":[{"embeddable":true,"href":"https:\/\/borealisclima.com\/fr\/wp-json\/wp\/v2\/comments?post=942"}],"wp:featuredmedia":[{"embeddable":true,"href":"https:\/\/borealisclima.com\/fr\/wp-json\/wp\/v2\/media\/3973"}],"wp:attachment":[{"href":"https:\/\/borealisclima.com\/fr\/wp-json\/wp\/v2\/media?parent=942"}],"wp:term":[{"taxonomy":"product_brand","embeddable":true,"href":"https:\/\/borealisclima.com\/fr\/wp-json\/wp\/v2\/product_brand?post=942"},{"taxonomy":"product_cat","embeddable":true,"href":"https:\/\/borealisclima.com\/fr\/wp-json\/wp\/v2\/product_cat?post=942"},{"taxonomy":"product_tag","embeddable":true,"href":"https:\/\/borealisclima.com\/fr\/wp-json\/wp\/v2\/product_tag?post=942"}],"curies":[{"name":"wp","href":"https:\/\/api.w.org\/{rel}","templated":true}]}}